{"id":322114,"date":"2023-01-26T02:32:09","date_gmt":"2023-01-26T05:32:09","guid":{"rendered":"https:\/\/www.ing.uc.cl\/mecanica-y-metalurgica\/?page_id=322114"},"modified":"2023-07-28T12:08:32","modified_gmt":"2023-07-28T16:08:32","slug":"herramientas-docentes","status":"publish","type":"page","link":"https:\/\/www.ing.uc.cl\/mecanica-y-metalurgica\/programas\/herramientas-docentes\/","title":{"rendered":"Herramientas Docentes"},"content":{"rendered":"<p><strong>Para m\u00e1s informaci\u00f3n, c\u00f3mo obtener,<\/strong> consultar la <a href=\"https:\/\/informatica.uc.cl\/licencias\">siguiente<\/a> p\u00e1gina.<\/p>\n<p>En nuestros programas de estudio, brindamos a nuestros alumnos una amplia gama de software de car\u00e1cter formativo e investigativo que les permite desarrollarse de manera integral. Nuestra unidad educativa se enorgullece de contar con una serie de licencias que hacen posible esta experiencia enriquecedora.<\/p>\n<p>Estos programas de software est\u00e1n seleccionados para apoyar y potenciar el aprendizaje de nuestros alumnos en diferentes \u00e1reas del conocimiento. Cada licencia ofrece herramientas especializadas que fomentan la creatividad, el pensamiento cr\u00edtico y la resoluci\u00f3n de problemas, preparando a nuestros estudiantes para los desaf\u00edos del mundo actual.<\/p>\n<p class=\"x_x_elementToProof\" data-ogsc=\"rgb(0, 0, 0)\">Las licencias m\u00e1s utilizadas:<\/p>\n<div class=\"x_x_elementToProof\" data-ogsc=\"rgb(0, 0, 0)\">\n<ul data-ogsc=\"\">\n<li data-ogsc=\"\"><span data-ogsc=\"\">Matlab.<br \/>\n<\/span><\/li>\n<li data-ogsc=\"\"><span data-ogsc=\"\">Microsoft Suite.<\/span><\/li>\n<li data-ogsc=\"rgb(0, 0, 0)\">\n<div data-ogsc=\"\"><span data-ogsc=\"\"><span class=\"x_x_ContentPasted3\" data-ogsc=\"rgb(0, 0, 0)\" data-ogsb=\"rgb(255, 255, 255)\">Autodesk; Autocad, Autodesk CFD, Inventor, Fusion 360&#8230;<\/span><\/span><\/div>\n<\/li>\n<li data-ogsc=\"rgb(0, 0, 0)\">\n<div data-ogsc=\"\"><span data-ogsc=\"\"><span class=\"x_x_ContentPasted3\" data-ogsc=\"rgb(0, 0, 0)\" data-ogsb=\"rgb(255, 255, 255)\"><span class=\"x_x_ContentPasted4\" data-ogsc=\"rgb(0, 0, 0)\" data-ogsb=\"rgb(255, 255, 255)\">TRNSYS.<\/span><\/span><\/span><\/div>\n<\/li>\n<li data-ogsc=\"rgb(0, 0, 0)\">\n<div data-ogsc=\"\"><span data-ogsc=\"\"><span class=\"x_x_ContentPasted3\" data-ogsc=\"rgb(0, 0, 0)\" data-ogsb=\"rgb(255, 255, 255)\"><span class=\"x_x_ContentPasted4\" data-ogsc=\"rgb(0, 0, 0)\" data-ogsb=\"rgb(255, 255, 255)\">ASPEN One.<\/span><\/span><\/span><\/div>\n<\/li>\n<\/ul>\n<p data-ogsc=\"rgb(0, 0, 0)\"><span data-ogsc=\"\"><span class=\"x_x_ContentPasted3\" data-ogsc=\"rgb(0, 0, 0)\" data-ogsb=\"rgb(255, 255, 255)\"><span class=\"x_x_ContentPasted4\" data-ogsc=\"rgb(0, 0, 0)\" data-ogsb=\"rgb(255, 255, 255)\">Licencias OpenSource:<\/span><\/span><\/span><\/p>\n<div data-ogsc=\"rgb(0, 0, 0)\">\n<ul data-ogsc=\"\">\n<li data-ogsc=\"rgb(0, 0, 0)\"><span data-ogsc=\"\"><span class=\"x_x_ContentPasted3\" data-ogsc=\"rgb(0, 0, 0)\" data-ogsb=\"rgb(255, 255, 255)\"><span class=\"x_x_ContentPasted4\" data-ogsc=\"rgb(0, 0, 0)\" data-ogsb=\"rgb(255, 255, 255)\">OpenFOAM.<\/span><\/span><\/span><\/li>\n<li data-ogsc=\"rgb(0, 0, 0)\"><span data-ogsc=\"\"><span class=\"x_x_ContentPasted3\" data-ogsc=\"rgb(0, 0, 0)\" data-ogsb=\"rgb(255, 255, 255)\"><span class=\"x_x_ContentPasted4\" data-ogsc=\"rgb(0, 0, 0)\" data-ogsb=\"rgb(255, 255, 255)\">DWSIM.<\/span><\/span><\/span><\/li>\n<li data-ogsc=\"rgb(0, 0, 0)\"><span data-ogsc=\"\"><span class=\"x_x_ContentPasted3\" data-ogsc=\"rgb(0, 0, 0)\" data-ogsb=\"rgb(255, 255, 255)\"><span class=\"x_x_ContentPasted4\" data-ogsc=\"rgb(0, 0, 0)\" data-ogsb=\"rgb(255, 255, 255)\">System Advisor Model.<\/span><\/span><\/span><\/li>\n<li data-ogsc=\"rgb(0, 0, 0)\"><span data-ogsc=\"\"><span class=\"x_x_ContentPasted3\" data-ogsc=\"rgb(0, 0, 0)\" data-ogsb=\"rgb(255, 255, 255)\"><span class=\"x_x_ContentPasted4\" data-ogsc=\"rgb(0, 0, 0)\" data-ogsb=\"rgb(255, 255, 255)\">Mucho desarrollo en Python.<\/span><\/span><\/span><\/li>\n<li data-ogsc=\"rgb(0, 0, 0)\">Open Modelica.<\/li>\n<\/ul>\n<\/div>\n<\/div>\n<p><strong>Para m\u00e1s informaci\u00f3n, c\u00f3mo obtener,<\/strong> consultar la <a href=\"https:\/\/informatica.uc.cl\/licencias\">siguiente<\/a> p\u00e1gina.<\/p>\n","protected":false},"excerpt":{"rendered":"<p>Para m\u00e1s informaci\u00f3n, c\u00f3mo obtener, consultar la siguiente p\u00e1gina. En nuestros programas de estudio, brindamos a nuestros alumnos una amplia gama de software de car\u00e1cter formativo e investigativo que les permite desarrollarse de manera integral. Nuestra unidad educativa se enorgullece de contar con una serie de licencias que hacen posible esta experiencia enriquecedora. Estos programas [&hellip;]<\/p>\n","protected":false},"author":34,"featured_media":0,"parent":324,"menu_order":0,"comment_status":"closed","ping_status":"closed","template":"","meta":{"_acf_changed":false,"footnotes":""},"class_list":["post-322114","page","type-page","status-publish","hentry"],"acf":[],"yoast_head":"<!-- This site is optimized with the Yoast SEO plugin v26.9 - https:\/\/yoast.com\/product\/yoast-seo-wordpress\/ -->\n<title>Herramientas Docentes - Departamento de Ingenier\u00eda de Mec\u00e1nica y Metal\u00fargica<\/title>\n<meta name=\"robots\" content=\"index, follow, max-snippet:-1, max-image-preview:large, max-video-preview:-1\" \/>\n<link rel=\"canonical\" href=\"https:\/\/www.ing.uc.cl\/mecanica-y-metalurgica\/programas\/herramientas-docentes\/\" \/>\n<meta property=\"og:locale\" content=\"es_ES\" \/>\n<meta property=\"og:type\" content=\"article\" \/>\n<meta property=\"og:title\" content=\"Herramientas Docentes - Departamento de Ingenier\u00eda de Mec\u00e1nica y Metal\u00fargica\" \/>\n<meta property=\"og:description\" content=\"Para m\u00e1s informaci\u00f3n, c\u00f3mo obtener, consultar la siguiente p\u00e1gina. En nuestros programas de estudio, brindamos a nuestros alumnos una amplia gama de software de car\u00e1cter formativo e investigativo que les permite desarrollarse de manera integral. Nuestra unidad educativa se enorgullece de contar con una serie de licencias que hacen posible esta experiencia enriquecedora. Estos programas [&hellip;]\" \/>\n<meta property=\"og:url\" content=\"https:\/\/www.ing.uc.cl\/mecanica-y-metalurgica\/programas\/herramientas-docentes\/\" \/>\n<meta property=\"og:site_name\" content=\"Departamento de Ingenier\u00eda de Mec\u00e1nica y Metal\u00fargica\" \/>\n<meta property=\"article:publisher\" content=\"https:\/\/www.facebook.com\/EscueladeIngenieriaUniversidadCatolica\/\" \/>\n<meta property=\"article:modified_time\" content=\"2023-07-28T16:08:32+00:00\" \/>\n<meta name=\"twitter:card\" content=\"summary_large_image\" \/>\n<meta name=\"twitter:site\" content=\"@ingenieriaUC\" \/>\n<script type=\"application\/ld+json\" class=\"yoast-schema-graph\">{\"@context\":\"https:\/\/schema.org\",\"@graph\":[{\"@type\":\"WebPage\",\"@id\":\"https:\/\/www.ing.uc.cl\/mecanica-y-metalurgica\/programas\/herramientas-docentes\/\",\"url\":\"https:\/\/www.ing.uc.cl\/mecanica-y-metalurgica\/programas\/herramientas-docentes\/\",\"name\":\"Herramientas Docentes - Departamento de Ingenier\u00eda de Mec\u00e1nica y Metal\u00fargica\",\"isPartOf\":{\"@id\":\"https:\/\/www.ing.uc.cl\/mecanica-y-metalurgica\/#website\"},\"datePublished\":\"2023-01-26T05:32:09+00:00\",\"dateModified\":\"2023-07-28T16:08:32+00:00\",\"breadcrumb\":{\"@id\":\"https:\/\/www.ing.uc.cl\/mecanica-y-metalurgica\/programas\/herramientas-docentes\/#breadcrumb\"},\"inLanguage\":\"es\",\"potentialAction\":[{\"@type\":\"ReadAction\",\"target\":[\"https:\/\/www.ing.uc.cl\/mecanica-y-metalurgica\/programas\/herramientas-docentes\/\"]}]},{\"@type\":\"BreadcrumbList\",\"@id\":\"https:\/\/www.ing.uc.cl\/mecanica-y-metalurgica\/programas\/herramientas-docentes\/#breadcrumb\",\"itemListElement\":[{\"@type\":\"ListItem\",\"position\":1,\"name\":\"Home\",\"item\":\"https:\/\/www.ing.uc.cl\/mecanica-y-metalurgica\/\"},{\"@type\":\"ListItem\",\"position\":2,\"name\":\"Programas\",\"item\":\"https:\/\/www.ing.uc.cl\/mecanica-y-metalurgica\/programas\/\"},{\"@type\":\"ListItem\",\"position\":3,\"name\":\"Herramientas Docentes\"}]},{\"@type\":\"WebSite\",\"@id\":\"https:\/\/www.ing.uc.cl\/mecanica-y-metalurgica\/#website\",\"url\":\"https:\/\/www.ing.uc.cl\/mecanica-y-metalurgica\/\",\"name\":\"Departamento de Ingenier\u00eda de Mec\u00e1nica y Metal\u00fargica\",\"description\":\"Ingenier\u00eda UC\",\"potentialAction\":[{\"@type\":\"SearchAction\",\"target\":{\"@type\":\"EntryPoint\",\"urlTemplate\":\"https:\/\/www.ing.uc.cl\/mecanica-y-metalurgica\/?s={search_term_string}\"},\"query-input\":{\"@type\":\"PropertyValueSpecification\",\"valueRequired\":true,\"valueName\":\"search_term_string\"}}],\"inLanguage\":\"es\"}]}<\/script>\n<!-- \/ Yoast SEO plugin. -->","yoast_head_json":{"title":"Herramientas Docentes - Departamento de Ingenier\u00eda de Mec\u00e1nica y Metal\u00fargica","robots":{"index":"index","follow":"follow","max-snippet":"max-snippet:-1","max-image-preview":"max-image-preview:large","max-video-preview":"max-video-preview:-1"},"canonical":"https:\/\/www.ing.uc.cl\/mecanica-y-metalurgica\/programas\/herramientas-docentes\/","og_locale":"es_ES","og_type":"article","og_title":"Herramientas Docentes - Departamento de Ingenier\u00eda de Mec\u00e1nica y Metal\u00fargica","og_description":"Para m\u00e1s informaci\u00f3n, c\u00f3mo obtener, consultar la siguiente p\u00e1gina. En nuestros programas de estudio, brindamos a nuestros alumnos una amplia gama de software de car\u00e1cter formativo e investigativo que les permite desarrollarse de manera integral. Nuestra unidad educativa se enorgullece de contar con una serie de licencias que hacen posible esta experiencia enriquecedora. Estos programas [&hellip;]","og_url":"https:\/\/www.ing.uc.cl\/mecanica-y-metalurgica\/programas\/herramientas-docentes\/","og_site_name":"Departamento de Ingenier\u00eda de Mec\u00e1nica y Metal\u00fargica","article_publisher":"https:\/\/www.facebook.com\/EscueladeIngenieriaUniversidadCatolica\/","article_modified_time":"2023-07-28T16:08:32+00:00","twitter_card":"summary_large_image","twitter_site":"@ingenieriaUC","schema":{"@context":"https:\/\/schema.org","@graph":[{"@type":"WebPage","@id":"https:\/\/www.ing.uc.cl\/mecanica-y-metalurgica\/programas\/herramientas-docentes\/","url":"https:\/\/www.ing.uc.cl\/mecanica-y-metalurgica\/programas\/herramientas-docentes\/","name":"Herramientas Docentes - Departamento de Ingenier\u00eda de Mec\u00e1nica y Metal\u00fargica","isPartOf":{"@id":"https:\/\/www.ing.uc.cl\/mecanica-y-metalurgica\/#website"},"datePublished":"2023-01-26T05:32:09+00:00","dateModified":"2023-07-28T16:08:32+00:00","breadcrumb":{"@id":"https:\/\/www.ing.uc.cl\/mecanica-y-metalurgica\/programas\/herramientas-docentes\/#breadcrumb"},"inLanguage":"es","potentialAction":[{"@type":"ReadAction","target":["https:\/\/www.ing.uc.cl\/mecanica-y-metalurgica\/programas\/herramientas-docentes\/"]}]},{"@type":"BreadcrumbList","@id":"https:\/\/www.ing.uc.cl\/mecanica-y-metalurgica\/programas\/herramientas-docentes\/#breadcrumb","itemListElement":[{"@type":"ListItem","position":1,"name":"Home","item":"https:\/\/www.ing.uc.cl\/mecanica-y-metalurgica\/"},{"@type":"ListItem","position":2,"name":"Programas","item":"https:\/\/www.ing.uc.cl\/mecanica-y-metalurgica\/programas\/"},{"@type":"ListItem","position":3,"name":"Herramientas Docentes"}]},{"@type":"WebSite","@id":"https:\/\/www.ing.uc.cl\/mecanica-y-metalurgica\/#website","url":"https:\/\/www.ing.uc.cl\/mecanica-y-metalurgica\/","name":"Departamento de Ingenier\u00eda de Mec\u00e1nica y Metal\u00fargica","description":"Ingenier\u00eda UC","potentialAction":[{"@type":"SearchAction","target":{"@type":"EntryPoint","urlTemplate":"https:\/\/www.ing.uc.cl\/mecanica-y-metalurgica\/?s={search_term_string}"},"query-input":{"@type":"PropertyValueSpecification","valueRequired":true,"valueName":"search_term_string"}}],"inLanguage":"es"}]}},"_links":{"self":[{"href":"https:\/\/www.ing.uc.cl\/mecanica-y-metalurgica\/wp-json\/wp\/v2\/pages\/322114","targetHints":{"allow":["GET"]}}],"collection":[{"href":"https:\/\/www.ing.uc.cl\/mecanica-y-metalurgica\/wp-json\/wp\/v2\/pages"}],"about":[{"href":"https:\/\/www.ing.uc.cl\/mecanica-y-metalurgica\/wp-json\/wp\/v2\/types\/page"}],"author":[{"embeddable":true,"href":"https:\/\/www.ing.uc.cl\/mecanica-y-metalurgica\/wp-json\/wp\/v2\/users\/34"}],"replies":[{"embeddable":true,"href":"https:\/\/www.ing.uc.cl\/mecanica-y-metalurgica\/wp-json\/wp\/v2\/comments?post=322114"}],"version-history":[{"count":1,"href":"https:\/\/www.ing.uc.cl\/mecanica-y-metalurgica\/wp-json\/wp\/v2\/pages\/322114\/revisions"}],"predecessor-version":[{"id":322515,"href":"https:\/\/www.ing.uc.cl\/mecanica-y-metalurgica\/wp-json\/wp\/v2\/pages\/322114\/revisions\/322515"}],"up":[{"embeddable":true,"href":"https:\/\/www.ing.uc.cl\/mecanica-y-metalurgica\/wp-json\/wp\/v2\/pages\/324"}],"wp:attachment":[{"href":"https:\/\/www.ing.uc.cl\/mecanica-y-metalurgica\/wp-json\/wp\/v2\/media?parent=322114"}],"curies":[{"name":"wp","href":"https:\/\/api.w.org\/{rel}","templated":true}]}}