{"id":322198,"date":"2023-05-21T23:56:23","date_gmt":"2023-05-22T03:56:23","guid":{"rendered":"https:\/\/www.ing.uc.cl\/mecanica-y-metalurgica\/?page_id=322198"},"modified":"2024-06-12T01:27:00","modified_gmt":"2024-06-12T05:27:00","slug":"condor-motorsports","status":"publish","type":"page","link":"https:\/\/www.ing.uc.cl\/mecanica-y-metalurgica\/estudiantes\/condor-motorsports\/","title":{"rendered":"C\u00f3ndor Motorsports"},"content":{"rendered":"<div  class=\"lgc-column lgc-grid-parent lgc-grid-50 lgc-tablet-grid-50 lgc-mobile-grid-100 lgc-equal-heights \"><div  class=\"inside-grid-column\">\n<h2>Qui\u00e9nes somos<\/h2>\n<p>C\u00f3ndor Motorsports es un grupo estudiantil, que est\u00e1 compuesto por m\u00e1s de 90 estudiantes de ingenier\u00eda mec\u00e1nica, el\u00e9ctrica, industrial y otras disciplinas, que fue fundado para llevar la emoci\u00f3n de los deportes de motor a los estudiantes de la UC. Surgido de la necesidad de proyectos y experiencias que van m\u00e1s all\u00e1 de la sala de clases, respondemos a la falta de tales oportunidades promoviendo la formaci\u00f3n de estudiantes desde las etapas m\u00e1s tempranas de su educaci\u00f3n.<\/p>\n<ul>\n<li><a href=\"https:\/\/www.linkedin.com\/company\/condor-motorsports-chile\">Linkedin<\/a>.<\/li>\n<li><a href=\"https:\/\/www.instagram.com\/condor_motorsports\/\">Instargam<\/a>.<\/li>\n<li>tgastudillo@uc.cl<\/li>\n<\/ul>\n<p><\/p><\/div><\/div><div  class=\"lgc-column lgc-grid-parent lgc-grid-50 lgc-tablet-grid-50 lgc-mobile-grid-100 lgc-equal-heights \"><div  class=\"inside-grid-column\">\n<p>&nbsp;<\/p>\n<p><img loading=\"lazy\" decoding=\"async\" class=\"aligncenter wp-image-322593 size-full\" src=\"https:\/\/www.ing.uc.cl\/mecanica-y-metalurgica\/wp-content\/uploads\/2024\/06\/LOGO-CONDOR-2024-V-TRANSPARENTE.png\" alt=\"\" width=\"223\" height=\"247\" srcset=\"https:\/\/www.ing.uc.cl\/mecanica-y-metalurgica\/wp-content\/uploads\/2024\/06\/LOGO-CONDOR-2024-V-TRANSPARENTE.png 223w, https:\/\/www.ing.uc.cl\/mecanica-y-metalurgica\/wp-content\/uploads\/2024\/06\/LOGO-CONDOR-2024-V-TRANSPARENTE-175x194.png 175w\" sizes=\"auto, (max-width: 223px) 100vw, 223px\" \/><\/p>\n<p><\/p><\/div><\/div>\n<h3 style=\"text-align: center;\"><a href=\"https:\/\/condormotorsports.cl\" target=\"_blank\" rel=\"noopener\">\u00a1Visita nuestra plataforma web!<\/a><\/h3>\n<h2 style=\"text-align: center;\">Nuestros proyectos<\/h2>\n<div  class=\"lgc-column lgc-grid-parent lgc-grid-50 lgc-tablet-grid-50 lgc-mobile-grid-100 lgc-equal-heights \"><div  class=\"inside-grid-column\">\n<h3 style=\"text-align: center;\">F\u00f3rmula SAE Student<\/h3>\n<p><\/p><\/div><\/div><div  class=\"lgc-column lgc-grid-parent lgc-grid-50 lgc-tablet-grid-50 lgc-mobile-grid-100 lgc-equal-heights \"><div  class=\"inside-grid-column\">\n<h3 style=\"text-align: center;\">Monaco Energy Boat Challenge<\/h3>\n<p><\/p><\/div><\/div>\n<div  class=\"lgc-column lgc-grid-parent lgc-grid-50 lgc-tablet-grid-50 lgc-mobile-grid-100 lgc-equal-heights \"><div  class=\"inside-grid-column\">\n<p>Formula SAE es una competencia de dise\u00f1o estudiantil organizada por SAE International desde 1980. En este desaf\u00edo, equipos de estudiantes desarrollan prototipos de autom\u00f3viles de carreras tipo F\u00f3rmula para una empresa ficticia, evaluados por su potencial de producci\u00f3n. La competencia promueve la resoluci\u00f3n de problemas ingeniosos.<\/p>\n<p>Nos encontramos trabajando en el desarrollo de nuestro primer veh\u00edculo monoplaza el\u00e9ctrico para participar esta competencia.<\/p>\n<p><\/p><\/div><\/div><div  class=\"lgc-column lgc-grid-parent lgc-grid-50 lgc-tablet-grid-50 lgc-mobile-grid-100 lgc-equal-heights \"><div  class=\"inside-grid-column\">\n<p>Lanzada en 2018 por el Yacht Club de M\u00f3naco, los organizadores suministran a los equipos el mismo casco (hull) de catamar\u00e1n y el desaf\u00edo para los equipos es dise\u00f1ar el cockpit y el sistema de propulsi\u00f3n m\u00e1s eficiente y duradero utilizando fuentes renovables de energ\u00eda alternativa, limitadas a una cantidad espec\u00edfica de energ\u00eda (m\u00e1x. 10 kWh almacenados a bordo).<\/p>\n<p>Fuimos invitados a participar a esta competencia y esperamos que esto siente las bases para continuar participando.<\/p>\n<p style=\"text-align: center;\"><span style=\"font-size: 20px;\"><strong><a href=\"https:\/\/energyboatchallenge.com\/challenge\/participants\/energy-class\/the-line-up-2024\/#cond\">Entry list 2024<\/a><\/strong><\/span><\/p>\n<p><\/p><\/div><\/div>\n<div  class=\"lgc-column lgc-grid-parent lgc-grid-50 lgc-tablet-grid-50 lgc-mobile-grid-100 lgc-equal-heights \"><div  class=\"inside-grid-column\">\n<p><img loading=\"lazy\" decoding=\"async\" class=\"aligncenter wp-image-322571 \" src=\"https:\/\/dev-icm.ing.puc.cl\/wp-content\/uploads\/2024\/03\/image-asset-300x198.png\" alt=\"\" width=\"388\" height=\"256\" \/><\/p>\n<p><img loading=\"lazy\" decoding=\"async\" class=\"aligncenter wp-image-322575 \" src=\"https:\/\/dev-icm.ing.puc.cl\/wp-content\/uploads\/2024\/03\/FSAlpeAdria2022-1-scaled-1-e1710712141246.jpg\" alt=\"\" width=\"500\" height=\"349\" \/><\/p>\n<p><\/p><\/div><\/div><div  class=\"lgc-column lgc-grid-parent lgc-grid-50 lgc-tablet-grid-50 lgc-mobile-grid-100 lgc-equal-heights \"><div  class=\"inside-grid-column\">\n<p><img loading=\"lazy\" decoding=\"async\" class=\"aligncenter wp-image-322573 \" src=\"https:\/\/dev-icm.ing.puc.cl\/wp-content\/uploads\/2024\/03\/Affiche-Monaco-Energy-Boat-Challenge-2024-734x1024.jpg\" alt=\"\" width=\"500\" height=\"697\" \/><\/p>\n<p><\/p><\/div><\/div>\n<h2>Nuestros Sponsors<\/h2>\n<h3 style=\"text-align: center;\"><strong>Gold<\/strong><\/h3>\n<p><img loading=\"lazy\" decoding=\"async\" class=\"aligncenter wp-image-322569 size-medium\" src=\"https:\/\/www.ing.uc.cl\/mecanica-y-metalurgica\/wp-content\/uploads\/2024\/05\/EP-logo-EN-1-300x191.png\" alt=\"\" width=\"300\" height=\"191\" srcset=\"https:\/\/www.ing.uc.cl\/mecanica-y-metalurgica\/wp-content\/uploads\/2024\/05\/EP-logo-EN-1-300x191.png 300w, https:\/\/www.ing.uc.cl\/mecanica-y-metalurgica\/wp-content\/uploads\/2024\/05\/EP-logo-EN-1-304x194.png 304w, https:\/\/www.ing.uc.cl\/mecanica-y-metalurgica\/wp-content\/uploads\/2024\/05\/EP-logo-EN-1.png 717w\" sizes=\"auto, (max-width: 300px) 100vw, 300px\" \/><\/p>\n<h3 style=\"text-align: center;\"><strong>Silver<\/strong><\/h3>\n<div  class=\"lgc-column lgc-grid-parent lgc-grid-50 lgc-tablet-grid-50 lgc-mobile-grid-100 lgc-equal-heights \"><div  class=\"inside-grid-column\">\n<p><img loading=\"lazy\" decoding=\"async\" class=\"aligncenter wp-image-322573 size-medium\" src=\"https:\/\/www.ing.uc.cl\/mecanica-y-metalurgica\/wp-content\/uploads\/2024\/05\/Solbian-1200-x-675-e1715615083534-300x77.png\" alt=\"\" width=\"300\" height=\"77\" srcset=\"https:\/\/www.ing.uc.cl\/mecanica-y-metalurgica\/wp-content\/uploads\/2024\/05\/Solbian-1200-x-675-e1715615083534-300x77.png 300w, https:\/\/www.ing.uc.cl\/mecanica-y-metalurgica\/wp-content\/uploads\/2024\/05\/Solbian-1200-x-675-e1715615083534-1024x263.png 1024w, https:\/\/www.ing.uc.cl\/mecanica-y-metalurgica\/wp-content\/uploads\/2024\/05\/Solbian-1200-x-675-e1715615083534-768x197.png 768w, https:\/\/www.ing.uc.cl\/mecanica-y-metalurgica\/wp-content\/uploads\/2024\/05\/Solbian-1200-x-675-e1715615083534-756x194.png 756w, https:\/\/www.ing.uc.cl\/mecanica-y-metalurgica\/wp-content\/uploads\/2024\/05\/Solbian-1200-x-675-e1715615083534.png 1200w\" sizes=\"auto, (max-width: 300px) 100vw, 300px\" \/><\/p>\n<p><\/p><\/div><\/div><div  class=\"lgc-column lgc-grid-parent lgc-grid-50 lgc-tablet-grid-50 lgc-mobile-grid-100 lgc-equal-heights \"><div  class=\"inside-grid-column\">\n<p><img loading=\"lazy\" decoding=\"async\" class=\"aligncenter wp-image-322571\" src=\"https:\/\/www.ing.uc.cl\/mecanica-y-metalurgica\/wp-content\/uploads\/2024\/05\/Logo-RDT-300x35.jpg\" alt=\"\" width=\"338\" height=\"40\" srcset=\"https:\/\/www.ing.uc.cl\/mecanica-y-metalurgica\/wp-content\/uploads\/2024\/05\/Logo-RDT-300x35.jpg 300w, https:\/\/www.ing.uc.cl\/mecanica-y-metalurgica\/wp-content\/uploads\/2024\/05\/Logo-RDT-1024x121.jpg 1024w, https:\/\/www.ing.uc.cl\/mecanica-y-metalurgica\/wp-content\/uploads\/2024\/05\/Logo-RDT-768x91.jpg 768w, https:\/\/www.ing.uc.cl\/mecanica-y-metalurgica\/wp-content\/uploads\/2024\/05\/Logo-RDT-1200x142.jpg 1200w, https:\/\/www.ing.uc.cl\/mecanica-y-metalurgica\/wp-content\/uploads\/2024\/05\/Logo-RDT.jpg 1260w\" sizes=\"auto, (max-width: 338px) 100vw, 338px\" \/><\/p>\n<p><\/p><\/div><\/div>\n<h3 style=\"text-align: center;\">Bronce<\/h3>\n<p><a href=\"https:\/\/www.easycomposites.co.uk\/\"><img loading=\"lazy\" decoding=\"async\" class=\"aligncenter wp-image-322575\" src=\"https:\/\/www.ing.uc.cl\/mecanica-y-metalurgica\/wp-content\/uploads\/2024\/05\/logo-4a2acc14e3f285ae0d75a4f45953f5d9-150x150.png\" alt=\"\" width=\"201\" height=\"71\" srcset=\"https:\/\/www.ing.uc.cl\/mecanica-y-metalurgica\/wp-content\/uploads\/2024\/05\/logo-4a2acc14e3f285ae0d75a4f45953f5d9-300x106.png 300w, https:\/\/www.ing.uc.cl\/mecanica-y-metalurgica\/wp-content\/uploads\/2024\/05\/logo-4a2acc14e3f285ae0d75a4f45953f5d9-549x194.png 549w, https:\/\/www.ing.uc.cl\/mecanica-y-metalurgica\/wp-content\/uploads\/2024\/05\/logo-4a2acc14e3f285ae0d75a4f45953f5d9.png 668w\" sizes=\"auto, (max-width: 201px) 100vw, 201px\" \/><\/a><\/p>\n","protected":false},"excerpt":{"rendered":"<p>\u00a1Visita nuestra plataforma web! Nuestros proyectos Nuestros Sponsors Gold Silver Bronce<\/p>\n","protected":false},"author":34,"featured_media":0,"parent":320857,"menu_order":0,"comment_status":"closed","ping_status":"closed","template":"","meta":{"_acf_changed":false,"footnotes":""},"class_list":["post-322198","page","type-page","status-publish","hentry"],"acf":[],"yoast_head":"<!-- This site is optimized with the Yoast SEO plugin v26.9 - https:\/\/yoast.com\/product\/yoast-seo-wordpress\/ -->\n<title>C\u00f3ndor Motorsports - Departamento de Ingenier\u00eda de Mec\u00e1nica y Metal\u00fargica<\/title>\n<meta name=\"robots\" content=\"index, follow, max-snippet:-1, max-image-preview:large, max-video-preview:-1\" \/>\n<link rel=\"canonical\" href=\"https:\/\/www.ing.uc.cl\/mecanica-y-metalurgica\/estudiantes\/condor-motorsports\/\" \/>\n<meta property=\"og:locale\" content=\"es_ES\" \/>\n<meta property=\"og:type\" content=\"article\" \/>\n<meta property=\"og:title\" content=\"C\u00f3ndor Motorsports - Departamento de Ingenier\u00eda de Mec\u00e1nica y Metal\u00fargica\" \/>\n<meta property=\"og:description\" content=\"\u00a1Visita nuestra plataforma web! Nuestros proyectos Nuestros Sponsors Gold Silver Bronce\" \/>\n<meta property=\"og:url\" content=\"https:\/\/www.ing.uc.cl\/mecanica-y-metalurgica\/estudiantes\/condor-motorsports\/\" \/>\n<meta property=\"og:site_name\" content=\"Departamento de Ingenier\u00eda de Mec\u00e1nica y Metal\u00fargica\" \/>\n<meta property=\"article:publisher\" content=\"https:\/\/www.facebook.com\/EscueladeIngenieriaUniversidadCatolica\/\" \/>\n<meta property=\"article:modified_time\" content=\"2024-06-12T05:27:00+00:00\" \/>\n<meta name=\"twitter:card\" content=\"summary_large_image\" \/>\n<meta name=\"twitter:site\" content=\"@ingenieriaUC\" \/>\n<script type=\"application\/ld+json\" class=\"yoast-schema-graph\">{\"@context\":\"https:\/\/schema.org\",\"@graph\":[{\"@type\":\"WebPage\",\"@id\":\"https:\/\/www.ing.uc.cl\/mecanica-y-metalurgica\/estudiantes\/condor-motorsports\/\",\"url\":\"https:\/\/www.ing.uc.cl\/mecanica-y-metalurgica\/estudiantes\/condor-motorsports\/\",\"name\":\"C\u00f3ndor Motorsports - Departamento de Ingenier\u00eda de Mec\u00e1nica y Metal\u00fargica\",\"isPartOf\":{\"@id\":\"https:\/\/www.ing.uc.cl\/mecanica-y-metalurgica\/#website\"},\"primaryImageOfPage\":{\"@id\":\"https:\/\/www.ing.uc.cl\/mecanica-y-metalurgica\/estudiantes\/condor-motorsports\/#primaryimage\"},\"image\":{\"@id\":\"https:\/\/www.ing.uc.cl\/mecanica-y-metalurgica\/estudiantes\/condor-motorsports\/#primaryimage\"},\"thumbnailUrl\":\"https:\/\/www.ing.uc.cl\/mecanica-y-metalurgica\/wp-content\/uploads\/2024\/06\/LOGO-CONDOR-2024-V-TRANSPARENTE.png\",\"datePublished\":\"2023-05-22T03:56:23+00:00\",\"dateModified\":\"2024-06-12T05:27:00+00:00\",\"breadcrumb\":{\"@id\":\"https:\/\/www.ing.uc.cl\/mecanica-y-metalurgica\/estudiantes\/condor-motorsports\/#breadcrumb\"},\"inLanguage\":\"es\",\"potentialAction\":[{\"@type\":\"ReadAction\",\"target\":[\"https:\/\/www.ing.uc.cl\/mecanica-y-metalurgica\/estudiantes\/condor-motorsports\/\"]}]},{\"@type\":\"ImageObject\",\"inLanguage\":\"es\",\"@id\":\"https:\/\/www.ing.uc.cl\/mecanica-y-metalurgica\/estudiantes\/condor-motorsports\/#primaryimage\",\"url\":\"https:\/\/www.ing.uc.cl\/mecanica-y-metalurgica\/wp-content\/uploads\/2024\/06\/LOGO-CONDOR-2024-V-TRANSPARENTE.png\",\"contentUrl\":\"https:\/\/www.ing.uc.cl\/mecanica-y-metalurgica\/wp-content\/uploads\/2024\/06\/LOGO-CONDOR-2024-V-TRANSPARENTE.png\",\"width\":223,\"height\":247},{\"@type\":\"BreadcrumbList\",\"@id\":\"https:\/\/www.ing.uc.cl\/mecanica-y-metalurgica\/estudiantes\/condor-motorsports\/#breadcrumb\",\"itemListElement\":[{\"@type\":\"ListItem\",\"position\":1,\"name\":\"Home\",\"item\":\"https:\/\/www.ing.uc.cl\/mecanica-y-metalurgica\/\"},{\"@type\":\"ListItem\",\"position\":2,\"name\":\"Estudiantes\",\"item\":\"https:\/\/www.ing.uc.cl\/mecanica-y-metalurgica\/estudiantes\/\"},{\"@type\":\"ListItem\",\"position\":3,\"name\":\"C\u00f3ndor Racing Team\"}]},{\"@type\":\"WebSite\",\"@id\":\"https:\/\/www.ing.uc.cl\/mecanica-y-metalurgica\/#website\",\"url\":\"https:\/\/www.ing.uc.cl\/mecanica-y-metalurgica\/\",\"name\":\"Departamento de Ingenier\u00eda de Mec\u00e1nica y Metal\u00fargica\",\"description\":\"Ingenier\u00eda UC\",\"potentialAction\":[{\"@type\":\"SearchAction\",\"target\":{\"@type\":\"EntryPoint\",\"urlTemplate\":\"https:\/\/www.ing.uc.cl\/mecanica-y-metalurgica\/?s={search_term_string}\"},\"query-input\":{\"@type\":\"PropertyValueSpecification\",\"valueRequired\":true,\"valueName\":\"search_term_string\"}}],\"inLanguage\":\"es\"}]}<\/script>\n<!-- \/ Yoast SEO plugin. -->","yoast_head_json":{"title":"C\u00f3ndor Motorsports - Departamento de Ingenier\u00eda de Mec\u00e1nica y Metal\u00fargica","robots":{"index":"index","follow":"follow","max-snippet":"max-snippet:-1","max-image-preview":"max-image-preview:large","max-video-preview":"max-video-preview:-1"},"canonical":"https:\/\/www.ing.uc.cl\/mecanica-y-metalurgica\/estudiantes\/condor-motorsports\/","og_locale":"es_ES","og_type":"article","og_title":"C\u00f3ndor Motorsports - Departamento de Ingenier\u00eda de Mec\u00e1nica y Metal\u00fargica","og_description":"\u00a1Visita nuestra plataforma web! Nuestros proyectos Nuestros Sponsors Gold Silver Bronce","og_url":"https:\/\/www.ing.uc.cl\/mecanica-y-metalurgica\/estudiantes\/condor-motorsports\/","og_site_name":"Departamento de Ingenier\u00eda de Mec\u00e1nica y Metal\u00fargica","article_publisher":"https:\/\/www.facebook.com\/EscueladeIngenieriaUniversidadCatolica\/","article_modified_time":"2024-06-12T05:27:00+00:00","twitter_card":"summary_large_image","twitter_site":"@ingenieriaUC","schema":{"@context":"https:\/\/schema.org","@graph":[{"@type":"WebPage","@id":"https:\/\/www.ing.uc.cl\/mecanica-y-metalurgica\/estudiantes\/condor-motorsports\/","url":"https:\/\/www.ing.uc.cl\/mecanica-y-metalurgica\/estudiantes\/condor-motorsports\/","name":"C\u00f3ndor Motorsports - Departamento de Ingenier\u00eda de Mec\u00e1nica y Metal\u00fargica","isPartOf":{"@id":"https:\/\/www.ing.uc.cl\/mecanica-y-metalurgica\/#website"},"primaryImageOfPage":{"@id":"https:\/\/www.ing.uc.cl\/mecanica-y-metalurgica\/estudiantes\/condor-motorsports\/#primaryimage"},"image":{"@id":"https:\/\/www.ing.uc.cl\/mecanica-y-metalurgica\/estudiantes\/condor-motorsports\/#primaryimage"},"thumbnailUrl":"https:\/\/www.ing.uc.cl\/mecanica-y-metalurgica\/wp-content\/uploads\/2024\/06\/LOGO-CONDOR-2024-V-TRANSPARENTE.png","datePublished":"2023-05-22T03:56:23+00:00","dateModified":"2024-06-12T05:27:00+00:00","breadcrumb":{"@id":"https:\/\/www.ing.uc.cl\/mecanica-y-metalurgica\/estudiantes\/condor-motorsports\/#breadcrumb"},"inLanguage":"es","potentialAction":[{"@type":"ReadAction","target":["https:\/\/www.ing.uc.cl\/mecanica-y-metalurgica\/estudiantes\/condor-motorsports\/"]}]},{"@type":"ImageObject","inLanguage":"es","@id":"https:\/\/www.ing.uc.cl\/mecanica-y-metalurgica\/estudiantes\/condor-motorsports\/#primaryimage","url":"https:\/\/www.ing.uc.cl\/mecanica-y-metalurgica\/wp-content\/uploads\/2024\/06\/LOGO-CONDOR-2024-V-TRANSPARENTE.png","contentUrl":"https:\/\/www.ing.uc.cl\/mecanica-y-metalurgica\/wp-content\/uploads\/2024\/06\/LOGO-CONDOR-2024-V-TRANSPARENTE.png","width":223,"height":247},{"@type":"BreadcrumbList","@id":"https:\/\/www.ing.uc.cl\/mecanica-y-metalurgica\/estudiantes\/condor-motorsports\/#breadcrumb","itemListElement":[{"@type":"ListItem","position":1,"name":"Home","item":"https:\/\/www.ing.uc.cl\/mecanica-y-metalurgica\/"},{"@type":"ListItem","position":2,"name":"Estudiantes","item":"https:\/\/www.ing.uc.cl\/mecanica-y-metalurgica\/estudiantes\/"},{"@type":"ListItem","position":3,"name":"C\u00f3ndor Racing Team"}]},{"@type":"WebSite","@id":"https:\/\/www.ing.uc.cl\/mecanica-y-metalurgica\/#website","url":"https:\/\/www.ing.uc.cl\/mecanica-y-metalurgica\/","name":"Departamento de Ingenier\u00eda de Mec\u00e1nica y Metal\u00fargica","description":"Ingenier\u00eda UC","potentialAction":[{"@type":"SearchAction","target":{"@type":"EntryPoint","urlTemplate":"https:\/\/www.ing.uc.cl\/mecanica-y-metalurgica\/?s={search_term_string}"},"query-input":{"@type":"PropertyValueSpecification","valueRequired":true,"valueName":"search_term_string"}}],"inLanguage":"es"}]}},"_links":{"self":[{"href":"https:\/\/www.ing.uc.cl\/mecanica-y-metalurgica\/wp-json\/wp\/v2\/pages\/322198","targetHints":{"allow":["GET"]}}],"collection":[{"href":"https:\/\/www.ing.uc.cl\/mecanica-y-metalurgica\/wp-json\/wp\/v2\/pages"}],"about":[{"href":"https:\/\/www.ing.uc.cl\/mecanica-y-metalurgica\/wp-json\/wp\/v2\/types\/page"}],"author":[{"embeddable":true,"href":"https:\/\/www.ing.uc.cl\/mecanica-y-metalurgica\/wp-json\/wp\/v2\/users\/34"}],"replies":[{"embeddable":true,"href":"https:\/\/www.ing.uc.cl\/mecanica-y-metalurgica\/wp-json\/wp\/v2\/comments?post=322198"}],"version-history":[{"count":14,"href":"https:\/\/www.ing.uc.cl\/mecanica-y-metalurgica\/wp-json\/wp\/v2\/pages\/322198\/revisions"}],"predecessor-version":[{"id":322589,"href":"https:\/\/www.ing.uc.cl\/mecanica-y-metalurgica\/wp-json\/wp\/v2\/pages\/322198\/revisions\/322589"}],"up":[{"embeddable":true,"href":"https:\/\/www.ing.uc.cl\/mecanica-y-metalurgica\/wp-json\/wp\/v2\/pages\/320857"}],"wp:attachment":[{"href":"https:\/\/www.ing.uc.cl\/mecanica-y-metalurgica\/wp-json\/wp\/v2\/media?parent=322198"}],"curies":[{"name":"wp","href":"https:\/\/api.w.org\/{rel}","templated":true}]}}