{"id":323,"date":"2016-12-01T14:42:44","date_gmt":"2016-12-01T18:42:44","guid":{"rendered":"http:\/\/agenciadev01.info\/lab\/inguc.cl\/?post_type=bloques&#038;p=323"},"modified":"2023-07-03T10:13:34","modified_gmt":"2023-07-03T14:13:34","slug":"investigacion","status":"publish","type":"page","link":"https:\/\/www.ing.uc.cl\/mecanica-y-metalurgica\/investigacion\/","title":{"rendered":"Investigaci\u00f3n"},"content":{"rendered":"","protected":false},"excerpt":{"rendered":"","protected":false},"author":33,"featured_media":0,"parent":0,"menu_order":0,"comment_status":"closed","ping_status":"closed","template":"template-bloques.php","meta":{"_acf_changed":false,"footnotes":""},"class_list":["post-323","page","type-page","status-publish","hentry"],"acf":[],"yoast_head":"<!-- This site is optimized with the Yoast SEO plugin v26.9 - https:\/\/yoast.com\/product\/yoast-seo-wordpress\/ -->\n<title>Investigaci\u00f3n - Departamento de Ingenier\u00eda de Mec\u00e1nica y Metal\u00fargica<\/title>\n<meta name=\"description\" content=\"Las l\u00edneas de investigaci\u00f3n y docencia en el departamento de ingenier\u00eda mec\u00e1nica y metal\u00fargica.\" \/>\n<meta name=\"robots\" content=\"index, follow, max-snippet:-1, max-image-preview:large, max-video-preview:-1\" \/>\n<link rel=\"canonical\" href=\"https:\/\/www.ing.uc.cl\/mecanica-y-metalurgica\/investigacion\/\" \/>\n<meta property=\"og:locale\" content=\"es_ES\" \/>\n<meta property=\"og:type\" content=\"article\" \/>\n<meta property=\"og:title\" content=\"Investigaci\u00f3n - Departamento de Ingenier\u00eda de Mec\u00e1nica y Metal\u00fargica\" \/>\n<meta property=\"og:description\" content=\"Las l\u00edneas de investigaci\u00f3n y docencia en el departamento de ingenier\u00eda mec\u00e1nica y metal\u00fargica.\" \/>\n<meta property=\"og:url\" content=\"https:\/\/www.ing.uc.cl\/mecanica-y-metalurgica\/investigacion\/\" \/>\n<meta property=\"og:site_name\" content=\"Departamento de Ingenier\u00eda de Mec\u00e1nica y Metal\u00fargica\" \/>\n<meta property=\"article:publisher\" content=\"https:\/\/www.facebook.com\/EscueladeIngenieriaUniversidadCatolica\/\" \/>\n<meta property=\"article:modified_time\" content=\"2023-07-03T14:13:34+00:00\" \/>\n<meta property=\"og:image\" content=\"https:\/\/www.ing.uc.cl\/mecanica-y-metalurgica\/wp-content\/uploads\/2022\/08\/DSC01065-300x200.jpg\" \/>\n<meta name=\"twitter:card\" content=\"summary_large_image\" \/>\n<meta name=\"twitter:site\" content=\"@ingenieriaUC\" \/>\n<meta name=\"twitter:label1\" content=\"Tiempo de lectura\" \/>\n\t<meta name=\"twitter:data1\" content=\"1 minuto\" \/>\n<script type=\"application\/ld+json\" class=\"yoast-schema-graph\">{\"@context\":\"https:\/\/schema.org\",\"@graph\":[{\"@type\":\"WebPage\",\"@id\":\"https:\/\/www.ing.uc.cl\/mecanica-y-metalurgica\/investigacion\/\",\"url\":\"https:\/\/www.ing.uc.cl\/mecanica-y-metalurgica\/investigacion\/\",\"name\":\"Investigaci\u00f3n - Departamento de Ingenier\u00eda de Mec\u00e1nica y Metal\u00fargica\",\"isPartOf\":{\"@id\":\"https:\/\/www.ing.uc.cl\/mecanica-y-metalurgica\/#website\"},\"datePublished\":\"2016-12-01T18:42:44+00:00\",\"dateModified\":\"2023-07-03T14:13:34+00:00\",\"description\":\"Las l\u00edneas de investigaci\u00f3n y docencia en el departamento de ingenier\u00eda mec\u00e1nica y metal\u00fargica.\",\"breadcrumb\":{\"@id\":\"https:\/\/www.ing.uc.cl\/mecanica-y-metalurgica\/investigacion\/#breadcrumb\"},\"inLanguage\":\"es\",\"potentialAction\":[{\"@type\":\"ReadAction\",\"target\":[\"https:\/\/www.ing.uc.cl\/mecanica-y-metalurgica\/investigacion\/\"]}]},{\"@type\":\"BreadcrumbList\",\"@id\":\"https:\/\/www.ing.uc.cl\/mecanica-y-metalurgica\/investigacion\/#breadcrumb\",\"itemListElement\":[{\"@type\":\"ListItem\",\"position\":1,\"name\":\"Home\",\"item\":\"https:\/\/www.ing.uc.cl\/mecanica-y-metalurgica\/\"},{\"@type\":\"ListItem\",\"position\":2,\"name\":\"Investigaci\u00f3n\"}]},{\"@type\":\"WebSite\",\"@id\":\"https:\/\/www.ing.uc.cl\/mecanica-y-metalurgica\/#website\",\"url\":\"https:\/\/www.ing.uc.cl\/mecanica-y-metalurgica\/\",\"name\":\"Departamento de Ingenier\u00eda de Mec\u00e1nica y Metal\u00fargica\",\"description\":\"Ingenier\u00eda UC\",\"potentialAction\":[{\"@type\":\"SearchAction\",\"target\":{\"@type\":\"EntryPoint\",\"urlTemplate\":\"https:\/\/www.ing.uc.cl\/mecanica-y-metalurgica\/?s={search_term_string}\"},\"query-input\":{\"@type\":\"PropertyValueSpecification\",\"valueRequired\":true,\"valueName\":\"search_term_string\"}}],\"inLanguage\":\"es\"}]}<\/script>\n<!-- \/ Yoast SEO plugin. -->","yoast_head_json":{"title":"Investigaci\u00f3n - Departamento de Ingenier\u00eda de Mec\u00e1nica y Metal\u00fargica","description":"Las l\u00edneas de investigaci\u00f3n y docencia en el departamento de ingenier\u00eda mec\u00e1nica y metal\u00fargica.","robots":{"index":"index","follow":"follow","max-snippet":"max-snippet:-1","max-image-preview":"max-image-preview:large","max-video-preview":"max-video-preview:-1"},"canonical":"https:\/\/www.ing.uc.cl\/mecanica-y-metalurgica\/investigacion\/","og_locale":"es_ES","og_type":"article","og_title":"Investigaci\u00f3n - Departamento de Ingenier\u00eda de Mec\u00e1nica y Metal\u00fargica","og_description":"Las l\u00edneas de investigaci\u00f3n y docencia en el departamento de ingenier\u00eda mec\u00e1nica y metal\u00fargica.","og_url":"https:\/\/www.ing.uc.cl\/mecanica-y-metalurgica\/investigacion\/","og_site_name":"Departamento de Ingenier\u00eda de Mec\u00e1nica y Metal\u00fargica","article_publisher":"https:\/\/www.facebook.com\/EscueladeIngenieriaUniversidadCatolica\/","article_modified_time":"2023-07-03T14:13:34+00:00","og_image":[{"url":"https:\/\/www.ing.uc.cl\/mecanica-y-metalurgica\/wp-content\/uploads\/2022\/08\/DSC01065-300x200.jpg","type":"","width":"","height":""}],"twitter_card":"summary_large_image","twitter_site":"@ingenieriaUC","twitter_misc":{"Tiempo de lectura":"1 minuto"},"schema":{"@context":"https:\/\/schema.org","@graph":[{"@type":"WebPage","@id":"https:\/\/www.ing.uc.cl\/mecanica-y-metalurgica\/investigacion\/","url":"https:\/\/www.ing.uc.cl\/mecanica-y-metalurgica\/investigacion\/","name":"Investigaci\u00f3n - Departamento de Ingenier\u00eda de Mec\u00e1nica y Metal\u00fargica","isPartOf":{"@id":"https:\/\/www.ing.uc.cl\/mecanica-y-metalurgica\/#website"},"datePublished":"2016-12-01T18:42:44+00:00","dateModified":"2023-07-03T14:13:34+00:00","description":"Las l\u00edneas de investigaci\u00f3n y docencia en el departamento de ingenier\u00eda mec\u00e1nica y metal\u00fargica.","breadcrumb":{"@id":"https:\/\/www.ing.uc.cl\/mecanica-y-metalurgica\/investigacion\/#breadcrumb"},"inLanguage":"es","potentialAction":[{"@type":"ReadAction","target":["https:\/\/www.ing.uc.cl\/mecanica-y-metalurgica\/investigacion\/"]}]},{"@type":"BreadcrumbList","@id":"https:\/\/www.ing.uc.cl\/mecanica-y-metalurgica\/investigacion\/#breadcrumb","itemListElement":[{"@type":"ListItem","position":1,"name":"Home","item":"https:\/\/www.ing.uc.cl\/mecanica-y-metalurgica\/"},{"@type":"ListItem","position":2,"name":"Investigaci\u00f3n"}]},{"@type":"WebSite","@id":"https:\/\/www.ing.uc.cl\/mecanica-y-metalurgica\/#website","url":"https:\/\/www.ing.uc.cl\/mecanica-y-metalurgica\/","name":"Departamento de Ingenier\u00eda de Mec\u00e1nica y Metal\u00fargica","description":"Ingenier\u00eda UC","potentialAction":[{"@type":"SearchAction","target":{"@type":"EntryPoint","urlTemplate":"https:\/\/www.ing.uc.cl\/mecanica-y-metalurgica\/?s={search_term_string}"},"query-input":{"@type":"PropertyValueSpecification","valueRequired":true,"valueName":"search_term_string"}}],"inLanguage":"es"}]}},"_links":{"self":[{"href":"https:\/\/www.ing.uc.cl\/mecanica-y-metalurgica\/wp-json\/wp\/v2\/pages\/323","targetHints":{"allow":["GET"]}}],"collection":[{"href":"https:\/\/www.ing.uc.cl\/mecanica-y-metalurgica\/wp-json\/wp\/v2\/pages"}],"about":[{"href":"https:\/\/www.ing.uc.cl\/mecanica-y-metalurgica\/wp-json\/wp\/v2\/types\/page"}],"author":[{"embeddable":true,"href":"https:\/\/www.ing.uc.cl\/mecanica-y-metalurgica\/wp-json\/wp\/v2\/users\/33"}],"replies":[{"embeddable":true,"href":"https:\/\/www.ing.uc.cl\/mecanica-y-metalurgica\/wp-json\/wp\/v2\/comments?post=323"}],"version-history":[{"count":1,"href":"https:\/\/www.ing.uc.cl\/mecanica-y-metalurgica\/wp-json\/wp\/v2\/pages\/323\/revisions"}],"predecessor-version":[{"id":322449,"href":"https:\/\/www.ing.uc.cl\/mecanica-y-metalurgica\/wp-json\/wp\/v2\/pages\/323\/revisions\/322449"}],"wp:attachment":[{"href":"https:\/\/www.ing.uc.cl\/mecanica-y-metalurgica\/wp-json\/wp\/v2\/media?parent=323"}],"curies":[{"name":"wp","href":"https:\/\/api.w.org\/{rel}","templated":true}]}}