{"id":50163,"date":"2017-07-18T14:28:11","date_gmt":"2017-07-18T18:28:11","guid":{"rendered":"http:\/\/www3.ing.uc.cl\/?post_type=bloques&#038;p=50163\/"},"modified":"2023-07-28T11:50:15","modified_gmt":"2023-07-28T15:50:15","slug":"delegados","status":"publish","type":"page","link":"https:\/\/www.ing.uc.cl\/mecanica-y-metalurgica\/estudiantes\/delegados\/","title":{"rendered":"Delegados"},"content":{"rendered":"<div  class=\"lgc-column lgc-grid-parent lgc-grid-65 lgc-tablet-grid-65 lgc-mobile-grid-100 lgc-equal-heights \"><div  class=\"inside-grid-column\">\n<h3><em>Delegado Postgrado 2023<\/em><\/h3>\n<p><strong>M. Sc. Ignacio Calder\u00f3n<\/strong><\/p>\n<p style=\"text-align: justify;\">Ignacio es Ingeniero Civil Mec\u00e1nico y Mag\u00edster en Ciencias de la Ingenier\u00eda de la PUC. Actualmente se encuentra desarrollando sus estudios de Doctorado en Ciencias de la Ingenier\u00eda menci\u00f3n Mec\u00e1nica en la misma casa de estudios. Sus \u00e1reas de inter\u00e9s son la fluidodin\u00e1mica computacional (CFD), combusti\u00f3n y transferencia de calor, temas acorde a sus tesis doctoral la cual se basa en la Simulaci\u00f3n Num\u00e9rica de Incendios en Compartimentos de Madera.<\/p>\n<p style=\"text-align: justify;\">Este es su segundo per\u00edodo como delegado de Posgrado del departamento de Ing. Mec\u00e1nica y Metal\u00fargica. Tiene gran experiencia en ayudant\u00edas, dado que ha realizado m\u00e1s de 20 de ellas en la Escuela de Ingenier\u00eda.<\/p>\n<p><\/p><\/div><\/div><div  class=\"lgc-column lgc-grid-parent lgc-grid-35 lgc-tablet-grid-35 lgc-mobile-grid-100 lgc-equal-heights \"><div  class=\"inside-grid-column\">\n<p>&nbsp;<\/p>\n<p>&nbsp;<\/p>\n<p><img loading=\"lazy\" decoding=\"async\" class=\"aligncenter wp-image-322236 size-medium\" src=\"https:\/\/www.ing.uc.cl\/mecanica-y-metalurgica\/wp-content\/uploads\/2023\/05\/1659668074697-e1684938254780-240x300.jpeg\" alt=\"\" width=\"240\" height=\"300\" srcset=\"https:\/\/www.ing.uc.cl\/mecanica-y-metalurgica\/wp-content\/uploads\/2023\/05\/1659668074697-e1684938254780-240x300.jpeg 240w, https:\/\/www.ing.uc.cl\/mecanica-y-metalurgica\/wp-content\/uploads\/2023\/05\/1659668074697-e1684938254780-155x194.jpeg 155w, https:\/\/www.ing.uc.cl\/mecanica-y-metalurgica\/wp-content\/uploads\/2023\/05\/1659668074697-e1684938254780.jpeg 640w\" sizes=\"auto, (max-width: 240px) 100vw, 240px\" \/><\/p>\n<p><\/p><\/div><\/div>\n<div  class=\"lgc-column lgc-grid-parent lgc-grid-65 lgc-tablet-grid-65 lgc-mobile-grid-100 lgc-equal-heights \"><div  class=\"inside-grid-column\">\n<h3><em>Delegado Pregrado 2023<\/em><\/h3>\n<p><strong>Tom\u00e1s Astudillo Inostroza<\/strong><\/p>\n<div class=\"flex flex-grow flex-col gap-3\">\n<div class=\"min-h-[20px] flex flex-col items-start gap-4 whitespace-pre-wrap break-words\">\n<div class=\"markdown prose w-full break-words dark:prose-invert light\">\n<p>Tom\u00e1s es un estudiante de cuarto a\u00f1o de Ingenier\u00eda Mec\u00e1nica en la Pontificia Universidad Cat\u00f3lica de Chile. Ha participado en proyectos de dise\u00f1o y optimizaci\u00f3n, incluyendo el desarrollo de un cono anti-viento en ISA Intervial para el programa \u00abSin L\u00edmites\u00bb y la colaboraci\u00f3n en el Proyecto Libre Hub dise\u00f1ando implementos de laboratorio de licencia abierta. Este a\u00f1o fue elegido como representante de los estudiantes de Ingenier\u00eda Mec\u00e1nica. Tom\u00e1s es el capit\u00e1n y fundador de C\u00f3ndor Racing Team; una organizaci\u00f3n estudiantil dedicada a la construcci\u00f3n de un veh\u00edculo monoplaza el\u00e9ctrico tipo F\u00f3rmula 1 para competir en la F\u00f3rmula SAE El\u00e9ctrica. Y cofundador de Advanced Propulsion Systems (APS), el cual se enfoca en la investigaci\u00f3n y desarrollo de tecnolog\u00edas de propulsi\u00f3n aeroespacial a nivel estudiantil. Con habilidades en dise\u00f1o, manufactura, programaci\u00f3n y un inter\u00e9s en energ\u00eda, dise\u00f1o mec\u00e1nico, mecatr\u00f3nica, mec\u00e1nica de fluidos y aeron\u00e1utica, Tom\u00e1s busca contribuir con soluciones innovadoras en estas \u00e1reas.<\/p>\n<\/div>\n<\/div>\n<\/div>\n<p><\/p><\/div><\/div><div  class=\"lgc-column lgc-grid-parent lgc-grid-35 lgc-tablet-grid-35 lgc-mobile-grid-100 lgc-equal-heights \"><div  class=\"inside-grid-column\">\n<p>&nbsp;<\/p>\n<p>&nbsp;<\/p>\n<p><img loading=\"lazy\" decoding=\"async\" class=\"aligncenter size-medium wp-image-322200\" src=\"https:\/\/www.ing.uc.cl\/mecanica-y-metalurgica\/wp-content\/uploads\/2023\/05\/tomas-1-scaled-e1684938180217-240x300.jpg\" alt=\"\" width=\"240\" height=\"300\" srcset=\"https:\/\/www.ing.uc.cl\/mecanica-y-metalurgica\/wp-content\/uploads\/2023\/05\/tomas-1-scaled-e1684938180217-240x300.jpg 240w, https:\/\/www.ing.uc.cl\/mecanica-y-metalurgica\/wp-content\/uploads\/2023\/05\/tomas-1-scaled-e1684938180217-818x1024.jpg 818w, https:\/\/www.ing.uc.cl\/mecanica-y-metalurgica\/wp-content\/uploads\/2023\/05\/tomas-1-scaled-e1684938180217-768x961.jpg 768w, https:\/\/www.ing.uc.cl\/mecanica-y-metalurgica\/wp-content\/uploads\/2023\/05\/tomas-1-scaled-e1684938180217-155x194.jpg 155w, https:\/\/www.ing.uc.cl\/mecanica-y-metalurgica\/wp-content\/uploads\/2023\/05\/tomas-1-scaled-e1684938180217-639x800.jpg 639w, https:\/\/www.ing.uc.cl\/mecanica-y-metalurgica\/wp-content\/uploads\/2023\/05\/tomas-1-scaled-e1684938180217.jpg 902w\" sizes=\"auto, (max-width: 240px) 100vw, 240px\" \/><\/p>\n<p><\/p><\/div><\/div>\n","protected":false},"excerpt":{"rendered":"","protected":false},"author":33,"featured_media":0,"parent":320857,"menu_order":0,"comment_status":"closed","ping_status":"closed","template":"","meta":{"_acf_changed":false,"footnotes":""},"class_list":["post-50163","page","type-page","status-publish","hentry"],"acf":[],"yoast_head":"<!-- This site is optimized with the Yoast SEO plugin v26.9 - https:\/\/yoast.com\/product\/yoast-seo-wordpress\/ -->\n<title>Delegados - Departamento de Ingenier\u00eda de Mec\u00e1nica y Metal\u00fargica<\/title>\n<meta name=\"robots\" content=\"index, follow, max-snippet:-1, max-image-preview:large, max-video-preview:-1\" \/>\n<link rel=\"canonical\" href=\"https:\/\/www.ing.uc.cl\/mecanica-y-metalurgica\/estudiantes\/delegados\/\" \/>\n<meta property=\"og:locale\" content=\"es_ES\" \/>\n<meta property=\"og:type\" content=\"article\" \/>\n<meta property=\"og:title\" content=\"Delegados - Departamento de Ingenier\u00eda de Mec\u00e1nica y Metal\u00fargica\" \/>\n<meta property=\"og:url\" content=\"https:\/\/www.ing.uc.cl\/mecanica-y-metalurgica\/estudiantes\/delegados\/\" \/>\n<meta property=\"og:site_name\" content=\"Departamento de Ingenier\u00eda de Mec\u00e1nica y Metal\u00fargica\" \/>\n<meta property=\"article:publisher\" content=\"https:\/\/www.facebook.com\/EscueladeIngenieriaUniversidadCatolica\/\" \/>\n<meta property=\"article:modified_time\" content=\"2023-07-28T15:50:15+00:00\" \/>\n<meta property=\"og:image\" content=\"https:\/\/www.ing.uc.cl\/mecanica-y-metalurgica\/wp-content\/uploads\/2023\/05\/tomas-scaled-e1684689003324-225x300.jpg\" \/>\n<meta name=\"twitter:card\" content=\"summary_large_image\" \/>\n<meta name=\"twitter:site\" content=\"@ingenieriaUC\" \/>\n<meta name=\"twitter:label1\" content=\"Tiempo de lectura\" \/>\n\t<meta name=\"twitter:data1\" content=\"2 minutos\" \/>\n<script type=\"application\/ld+json\" class=\"yoast-schema-graph\">{\"@context\":\"https:\/\/schema.org\",\"@graph\":[{\"@type\":\"WebPage\",\"@id\":\"https:\/\/www.ing.uc.cl\/mecanica-y-metalurgica\/estudiantes\/delegados\/\",\"url\":\"https:\/\/www.ing.uc.cl\/mecanica-y-metalurgica\/estudiantes\/delegados\/\",\"name\":\"Delegados - Departamento de Ingenier\u00eda de Mec\u00e1nica y Metal\u00fargica\",\"isPartOf\":{\"@id\":\"https:\/\/www.ing.uc.cl\/mecanica-y-metalurgica\/#website\"},\"primaryImageOfPage\":{\"@id\":\"https:\/\/www.ing.uc.cl\/mecanica-y-metalurgica\/estudiantes\/delegados\/#primaryimage\"},\"image\":{\"@id\":\"https:\/\/www.ing.uc.cl\/mecanica-y-metalurgica\/estudiantes\/delegados\/#primaryimage\"},\"thumbnailUrl\":\"https:\/\/www.ing.uc.cl\/mecanica-y-metalurgica\/wp-content\/uploads\/2023\/05\/1659668074697-e1684938254780-240x300.jpeg\",\"datePublished\":\"2017-07-18T18:28:11+00:00\",\"dateModified\":\"2023-07-28T15:50:15+00:00\",\"breadcrumb\":{\"@id\":\"https:\/\/www.ing.uc.cl\/mecanica-y-metalurgica\/estudiantes\/delegados\/#breadcrumb\"},\"inLanguage\":\"es\",\"potentialAction\":[{\"@type\":\"ReadAction\",\"target\":[\"https:\/\/www.ing.uc.cl\/mecanica-y-metalurgica\/estudiantes\/delegados\/\"]}]},{\"@type\":\"ImageObject\",\"inLanguage\":\"es\",\"@id\":\"https:\/\/www.ing.uc.cl\/mecanica-y-metalurgica\/estudiantes\/delegados\/#primaryimage\",\"url\":\"https:\/\/www.ing.uc.cl\/mecanica-y-metalurgica\/wp-content\/uploads\/2023\/05\/1659668074697-e1684938254780-240x300.jpeg\",\"contentUrl\":\"https:\/\/www.ing.uc.cl\/mecanica-y-metalurgica\/wp-content\/uploads\/2023\/05\/1659668074697-e1684938254780-240x300.jpeg\"},{\"@type\":\"BreadcrumbList\",\"@id\":\"https:\/\/www.ing.uc.cl\/mecanica-y-metalurgica\/estudiantes\/delegados\/#breadcrumb\",\"itemListElement\":[{\"@type\":\"ListItem\",\"position\":1,\"name\":\"Home\",\"item\":\"https:\/\/www.ing.uc.cl\/mecanica-y-metalurgica\/\"},{\"@type\":\"ListItem\",\"position\":2,\"name\":\"Estudiantes\",\"item\":\"https:\/\/www.ing.uc.cl\/mecanica-y-metalurgica\/estudiantes\/\"},{\"@type\":\"ListItem\",\"position\":3,\"name\":\"Delegados\"}]},{\"@type\":\"WebSite\",\"@id\":\"https:\/\/www.ing.uc.cl\/mecanica-y-metalurgica\/#website\",\"url\":\"https:\/\/www.ing.uc.cl\/mecanica-y-metalurgica\/\",\"name\":\"Departamento de Ingenier\u00eda de Mec\u00e1nica y Metal\u00fargica\",\"description\":\"Ingenier\u00eda UC\",\"potentialAction\":[{\"@type\":\"SearchAction\",\"target\":{\"@type\":\"EntryPoint\",\"urlTemplate\":\"https:\/\/www.ing.uc.cl\/mecanica-y-metalurgica\/?s={search_term_string}\"},\"query-input\":{\"@type\":\"PropertyValueSpecification\",\"valueRequired\":true,\"valueName\":\"search_term_string\"}}],\"inLanguage\":\"es\"}]}<\/script>\n<!-- \/ Yoast SEO plugin. -->","yoast_head_json":{"title":"Delegados - Departamento de Ingenier\u00eda de Mec\u00e1nica y Metal\u00fargica","robots":{"index":"index","follow":"follow","max-snippet":"max-snippet:-1","max-image-preview":"max-image-preview:large","max-video-preview":"max-video-preview:-1"},"canonical":"https:\/\/www.ing.uc.cl\/mecanica-y-metalurgica\/estudiantes\/delegados\/","og_locale":"es_ES","og_type":"article","og_title":"Delegados - Departamento de Ingenier\u00eda de Mec\u00e1nica y Metal\u00fargica","og_url":"https:\/\/www.ing.uc.cl\/mecanica-y-metalurgica\/estudiantes\/delegados\/","og_site_name":"Departamento de Ingenier\u00eda de Mec\u00e1nica y Metal\u00fargica","article_publisher":"https:\/\/www.facebook.com\/EscueladeIngenieriaUniversidadCatolica\/","article_modified_time":"2023-07-28T15:50:15+00:00","og_image":[{"url":"https:\/\/www.ing.uc.cl\/mecanica-y-metalurgica\/wp-content\/uploads\/2023\/05\/tomas-scaled-e1684689003324-225x300.jpg","type":"","width":"","height":""}],"twitter_card":"summary_large_image","twitter_site":"@ingenieriaUC","twitter_misc":{"Tiempo de lectura":"2 minutos"},"schema":{"@context":"https:\/\/schema.org","@graph":[{"@type":"WebPage","@id":"https:\/\/www.ing.uc.cl\/mecanica-y-metalurgica\/estudiantes\/delegados\/","url":"https:\/\/www.ing.uc.cl\/mecanica-y-metalurgica\/estudiantes\/delegados\/","name":"Delegados - Departamento de Ingenier\u00eda de Mec\u00e1nica y Metal\u00fargica","isPartOf":{"@id":"https:\/\/www.ing.uc.cl\/mecanica-y-metalurgica\/#website"},"primaryImageOfPage":{"@id":"https:\/\/www.ing.uc.cl\/mecanica-y-metalurgica\/estudiantes\/delegados\/#primaryimage"},"image":{"@id":"https:\/\/www.ing.uc.cl\/mecanica-y-metalurgica\/estudiantes\/delegados\/#primaryimage"},"thumbnailUrl":"https:\/\/www.ing.uc.cl\/mecanica-y-metalurgica\/wp-content\/uploads\/2023\/05\/1659668074697-e1684938254780-240x300.jpeg","datePublished":"2017-07-18T18:28:11+00:00","dateModified":"2023-07-28T15:50:15+00:00","breadcrumb":{"@id":"https:\/\/www.ing.uc.cl\/mecanica-y-metalurgica\/estudiantes\/delegados\/#breadcrumb"},"inLanguage":"es","potentialAction":[{"@type":"ReadAction","target":["https:\/\/www.ing.uc.cl\/mecanica-y-metalurgica\/estudiantes\/delegados\/"]}]},{"@type":"ImageObject","inLanguage":"es","@id":"https:\/\/www.ing.uc.cl\/mecanica-y-metalurgica\/estudiantes\/delegados\/#primaryimage","url":"https:\/\/www.ing.uc.cl\/mecanica-y-metalurgica\/wp-content\/uploads\/2023\/05\/1659668074697-e1684938254780-240x300.jpeg","contentUrl":"https:\/\/www.ing.uc.cl\/mecanica-y-metalurgica\/wp-content\/uploads\/2023\/05\/1659668074697-e1684938254780-240x300.jpeg"},{"@type":"BreadcrumbList","@id":"https:\/\/www.ing.uc.cl\/mecanica-y-metalurgica\/estudiantes\/delegados\/#breadcrumb","itemListElement":[{"@type":"ListItem","position":1,"name":"Home","item":"https:\/\/www.ing.uc.cl\/mecanica-y-metalurgica\/"},{"@type":"ListItem","position":2,"name":"Estudiantes","item":"https:\/\/www.ing.uc.cl\/mecanica-y-metalurgica\/estudiantes\/"},{"@type":"ListItem","position":3,"name":"Delegados"}]},{"@type":"WebSite","@id":"https:\/\/www.ing.uc.cl\/mecanica-y-metalurgica\/#website","url":"https:\/\/www.ing.uc.cl\/mecanica-y-metalurgica\/","name":"Departamento de Ingenier\u00eda de Mec\u00e1nica y Metal\u00fargica","description":"Ingenier\u00eda UC","potentialAction":[{"@type":"SearchAction","target":{"@type":"EntryPoint","urlTemplate":"https:\/\/www.ing.uc.cl\/mecanica-y-metalurgica\/?s={search_term_string}"},"query-input":{"@type":"PropertyValueSpecification","valueRequired":true,"valueName":"search_term_string"}}],"inLanguage":"es"}]}},"_links":{"self":[{"href":"https:\/\/www.ing.uc.cl\/mecanica-y-metalurgica\/wp-json\/wp\/v2\/pages\/50163","targetHints":{"allow":["GET"]}}],"collection":[{"href":"https:\/\/www.ing.uc.cl\/mecanica-y-metalurgica\/wp-json\/wp\/v2\/pages"}],"about":[{"href":"https:\/\/www.ing.uc.cl\/mecanica-y-metalurgica\/wp-json\/wp\/v2\/types\/page"}],"author":[{"embeddable":true,"href":"https:\/\/www.ing.uc.cl\/mecanica-y-metalurgica\/wp-json\/wp\/v2\/users\/33"}],"replies":[{"embeddable":true,"href":"https:\/\/www.ing.uc.cl\/mecanica-y-metalurgica\/wp-json\/wp\/v2\/comments?post=50163"}],"version-history":[{"count":4,"href":"https:\/\/www.ing.uc.cl\/mecanica-y-metalurgica\/wp-json\/wp\/v2\/pages\/50163\/revisions"}],"predecessor-version":[{"id":322508,"href":"https:\/\/www.ing.uc.cl\/mecanica-y-metalurgica\/wp-json\/wp\/v2\/pages\/50163\/revisions\/322508"}],"up":[{"embeddable":true,"href":"https:\/\/www.ing.uc.cl\/mecanica-y-metalurgica\/wp-json\/wp\/v2\/pages\/320857"}],"wp:attachment":[{"href":"https:\/\/www.ing.uc.cl\/mecanica-y-metalurgica\/wp-json\/wp\/v2\/media?parent=50163"}],"curies":[{"name":"wp","href":"https:\/\/api.w.org\/{rel}","templated":true}]}}