{"id":1060,"date":"2020-08-12T20:15:55","date_gmt":"2020-08-12T23:15:55","guid":{"rendered":"https:\/\/www.ing.uc.cl\/mineria\/?page_id=1060"},"modified":"2025-05-20T14:13:50","modified_gmt":"2025-05-20T17:13:50","slug":"cuerpo-docente","status":"publish","type":"page","link":"https:\/\/www.ing.uc.cl\/mineria\/departamento\/cuerpo-docente\/","title":{"rendered":"Historia"},"content":{"rendered":"\t\t<div data-elementor-type=\"wp-page\" data-elementor-id=\"1060\" class=\"elementor elementor-1060\">\n\t\t\t\t\t\t<section class=\"elementor-section elementor-top-section elementor-element elementor-element-a631723 elementor-section-boxed elementor-section-height-default elementor-section-height-default wpr-particle-no wpr-jarallax-no wpr-parallax-no wpr-sticky-section-no wpr-equal-height-no\" data-id=\"a631723\" data-element_type=\"section\" data-e-type=\"section\">\n\t\t\t\t\t\t<div class=\"elementor-container elementor-column-gap-default\">\n\t\t\t\t\t<div class=\"elementor-column elementor-col-100 elementor-top-column elementor-element elementor-element-140e682\" data-id=\"140e682\" data-element_type=\"column\" data-e-type=\"column\">\n\t\t\t<div class=\"elementor-widget-wrap elementor-element-populated\">\n\t\t\t\t\t\t<div class=\"elementor-element elementor-element-d5086ee elementor-widget elementor-widget-html\" data-id=\"d5086ee\" data-element_type=\"widget\" data-e-type=\"widget\" data-widget_type=\"html.default\">\n\t\t\t\t<div class=\"elementor-widget-container\">\n\t\t\t\t\t<div class=\"uc-title panel-widget-style\"><div>\r\n<div class=\"siteorigin-widget-tinymce textwidget\">\r\n\t<h3>Historia<\/h3>\r\n<\/div>\r\n<\/div><\/div>\t\t\t\t<\/div>\n\t\t\t\t<\/div>\n\t\t\t\t<div class=\"elementor-element elementor-element-5bd5090 elementor-widget elementor-widget-image\" data-id=\"5bd5090\" data-element_type=\"widget\" data-e-type=\"widget\" data-widget_type=\"image.default\">\n\t\t\t\t<div class=\"elementor-widget-container\">\n\t\t\t\t\t\t\t\t\t\t\t\t\t\t\t<img fetchpriority=\"high\" decoding=\"async\" width=\"768\" height=\"352\" src=\"https:\/\/www.ing.uc.cl\/mineria\/wp-content\/uploads\/2025\/05\/HistoriaDim.png\" class=\"attachment-large size-large wp-image-1737\" alt=\"\" srcset=\"https:\/\/www.ing.uc.cl\/mineria\/wp-content\/uploads\/2025\/05\/HistoriaDim.png 768w, https:\/\/www.ing.uc.cl\/mineria\/wp-content\/uploads\/2025\/05\/HistoriaDim-300x138.png 300w\" sizes=\"(max-width: 768px) 100vw, 768px\" title=\"\">\t\t\t\t\t\t\t\t\t\t\t\t\t\t\t<\/div>\n\t\t\t\t<\/div>\n\t\t\t\t<div class=\"elementor-element elementor-element-61b607f elementor-widget elementor-widget-text-editor\" data-id=\"61b607f\" data-element_type=\"widget\" data-e-type=\"widget\" data-widget_type=\"text-editor.default\">\n\t\t\t\t<div class=\"elementor-widget-container\">\n\t\t\t\t\t\t\t\t\t<p>Hace 28 a\u00f1os, en 1993, luego de una solicitud del Decano Juan Enrique Coeymans se cre\u00f3 el \u00e1rea de Miner\u00eda en nuestra universidad, con el fin de formar alumnos expertos en este \u00e1mbito, cada vez m\u00e1s requerido en el mercado laboral de la \u00e9poca.<\/p><p>Dos a\u00f1os m\u00e1s tarde, en el 1994 se crean casi simult\u00e1neamente el Programa de Especializaci\u00f3n en Miner\u00eda, tanto para las carreras de Ingenier\u00eda Civil como de Ingenier\u00eda Civil Industrial y tambi\u00e9n se inaugura el Centro de Miner\u00eda.<\/p><p>En 1996 el Curr\u00edculo de ambas carreras se hizo m\u00e1s ambicioso y por ende requer\u00eda adem\u00e1s de los cuatro profesores de jornada completa del Centro, a profesores externos, y poco a poco empieza a crecer nuestra unidad.<\/p><p>En el 2002 se crea el Programa de Investigaci\u00f3n en Econom\u00eda de Minerales de la Pontificia Universidad Cat\u00f3lica de Chile, en \u00e9l participan varios profesores de las Facultades de Ingenier\u00eda, de Ciencias Econ\u00f3micas y Administrativas y de Agronom\u00eda<\/p><p>El 4 de noviembre del 2011 dimos el gran paso, y nace formalmente el Departamento de Ingenier\u00eda de Miner\u00eda de la UC, continuando con los programas de formaci\u00f3n en pregrado y postgrado, as\u00ed como investigaci\u00f3n, en el \u00e1rea de miner\u00eda<\/p><p><strong>Actualmente, el Departamento de Ingenier\u00eda de Miner\u00eda cuenta con un equipo acad\u00e9mico de 10 profesores de jornada completa, 7 docentes jornada parcial, reconocidos a nivel nacional e internacional, en el que se combinan conocimiento y experiencia en docencia, investigaci\u00f3n, innovaci\u00f3n, contando con m\u00e1s de 130 alumnos de pregrado y 15 alumnos de postgrado.<\/strong><\/p><p><strong>Nuestra visi\u00f3n es ser referentes mundiales en la formaci\u00f3n de ingenieros e ingenieras, generando\u00a0<\/strong><strong>de conocimiento e innovaci\u00f3n para la industria minera, posicion\u00e1ndonos como un articulador de Ingenier\u00eda UC en temas de miner\u00eda, con una aproximaci\u00f3n multidisciplinaria, focalizada en la sustentabilidad del sector minero y su aporte al desarrollo de la sociedad.<\/strong><\/p>\t\t\t\t\t\t\t\t<\/div>\n\t\t\t\t<\/div>\n\t\t\t\t\t<\/div>\n\t\t<\/div>\n\t\t\t\t\t<\/div>\n\t\t<\/section>\n\t\t\t\t<\/div>\n\t\t","protected":false},"excerpt":{"rendered":"<p>Historia Hace 28 a\u00f1os, en 1993, luego de una solicitud del Decano Juan Enrique Coeymans se cre\u00f3 el \u00e1rea de Miner\u00eda en nuestra universidad, con el fin de formar alumnos expertos en este \u00e1mbito, cada vez m\u00e1s requerido en el mercado laboral de la \u00e9poca. Dos a\u00f1os m\u00e1s tarde, en el 1994 se crean casi simult\u00e1neamente el Programa de Especializaci\u00f3n en Miner\u00eda, tanto para las carreras de Ingenier\u00eda Civil como de Ingenier\u00eda Civil Industrial y tambi\u00e9n se inaugura el Centro de Miner\u00eda. En 1996 el Curr\u00edculo de ambas carreras se hizo m\u00e1s ambicioso y por ende requer\u00eda adem\u00e1s de los cuatro profesores de jornada completa del Centro, a profesores externos, y poco a poco empieza a crecer nuestra unidad. En el 2002 se crea el Programa de Investigaci\u00f3n en Econom\u00eda de Minerales de la Pontificia Universidad Cat\u00f3lica de Chile, en \u00e9l participan varios profesores de las Facultades de Ingenier\u00eda, de Ciencias Econ\u00f3micas y Administrativas y de Agronom\u00eda El 4 de noviembre del 2011 dimos el gran paso, y nace formalmente el Departamento de Ingenier\u00eda de Miner\u00eda de la UC, continuando con los programas de formaci\u00f3n en pregrado y postgrado, as\u00ed como investigaci\u00f3n, en el \u00e1rea de miner\u00eda Actualmente, el Departamento de Ingenier\u00eda de Miner\u00eda cuenta con un equipo acad\u00e9mico de 10 profesores de jornada completa, 7 docentes jornada parcial, reconocidos a nivel nacional e internacional, en el que se combinan conocimiento y experiencia en docencia, investigaci\u00f3n, innovaci\u00f3n, contando con m\u00e1s de 130 alumnos de pregrado y 15 alumnos de postgrado. Nuestra visi\u00f3n es ser referentes mundiales en la formaci\u00f3n de ingenieros e ingenieras, generando\u00a0de conocimiento e innovaci\u00f3n para la industria minera, posicion\u00e1ndonos como un articulador de Ingenier\u00eda UC en temas de miner\u00eda, con una aproximaci\u00f3n multidisciplinaria, focalizada en la sustentabilidad del sector minero y su aporte al desarrollo de la sociedad.<\/p>\n","protected":false},"author":4,"featured_media":0,"parent":772,"menu_order":0,"comment_status":"closed","ping_status":"closed","template":"","meta":{"_acf_changed":false,"site-sidebar-layout":"no-sidebar","site-content-layout":"page-builder","ast-site-content-layout":"full-width-container","site-content-style":"default","site-sidebar-style":"default","ast-global-header-display":"","ast-banner-title-visibility":"","ast-main-header-display":"","ast-hfb-above-header-display":"","ast-hfb-below-header-display":"","ast-hfb-mobile-header-display":"","site-post-title":"disabled","ast-breadcrumbs-content":"","ast-featured-img":"disabled","footer-sml-layout":"","ast-disable-related-posts":"","theme-transparent-header-meta":"default","adv-header-id-meta":"","stick-header-meta":"","header-above-stick-meta":"","header-main-stick-meta":"","header-below-stick-meta":"","astra-migrate-meta-layouts":"set","ast-page-background-enabled":"default","ast-page-background-meta":{"desktop":{"background-color":"","background-image":"","background-repeat":"repeat","background-position":"center center","background-size":"auto","background-attachment":"scroll","background-type":"","background-media":"","overlay-type":"","overlay-color":"","overlay-opacity":"","overlay-gradient":""},"tablet":{"background-color":"","background-image":"","background-repeat":"repeat","background-position":"center center","background-size":"auto","background-attachment":"scroll","background-type":"","background-media":"","overlay-type":"","overlay-color":"","overlay-opacity":"","overlay-gradient":""},"mobile":{"background-color":"","background-image":"","background-repeat":"repeat","background-position":"center center","background-size":"auto","background-attachment":"scroll","background-type":"","background-media":"","overlay-type":"","overlay-color":"","overlay-opacity":"","overlay-gradient":""}},"ast-content-background-meta":{"desktop":{"background-color":"var(--ast-global-color-5)","background-image":"","background-repeat":"repeat","background-position":"center center","background-size":"auto","background-attachment":"scroll","background-type":"","background-media":"","overlay-type":"","overlay-color":"","overlay-opacity":"","overlay-gradient":""},"tablet":{"background-color":"var(--ast-global-color-5)","background-image":"","background-repeat":"repeat","background-position":"center center","background-size":"auto","background-attachment":"scroll","background-type":"","background-media":"","overlay-type":"","overlay-color":"","overlay-opacity":"","overlay-gradient":""},"mobile":{"background-color":"var(--ast-global-color-5)","background-image":"","background-repeat":"repeat","background-position":"center center","background-size":"auto","background-attachment":"scroll","background-type":"","background-media":"","overlay-type":"","overlay-color":"","overlay-opacity":"","overlay-gradient":""}},"footnotes":""},"class_list":["post-1060","page","type-page","status-publish","hentry"],"acf":[],"rttpg_featured_image_url":null,"rttpg_author":{"display_name":"Francisco H","author_link":"https:\/\/www.ing.uc.cl\/mineria\/author\/fherreros\/"},"rttpg_comment":0,"rttpg_category":null,"rttpg_excerpt":"Historia Hace 28 a\u00f1os, en 1993, luego de una solicitud del Decano Juan Enrique Coeymans se cre\u00f3 el \u00e1rea de Miner\u00eda en nuestra universidad, con el fin de formar alumnos expertos en este \u00e1mbito, cada vez m\u00e1s requerido en el mercado laboral de la \u00e9poca. Dos a\u00f1os m\u00e1s tarde, en el 1994 se crean casi&hellip;","_links":{"self":[{"href":"https:\/\/www.ing.uc.cl\/mineria\/wp-json\/wp\/v2\/pages\/1060","targetHints":{"allow":["GET"]}}],"collection":[{"href":"https:\/\/www.ing.uc.cl\/mineria\/wp-json\/wp\/v2\/pages"}],"about":[{"href":"https:\/\/www.ing.uc.cl\/mineria\/wp-json\/wp\/v2\/types\/page"}],"author":[{"embeddable":true,"href":"https:\/\/www.ing.uc.cl\/mineria\/wp-json\/wp\/v2\/users\/4"}],"replies":[{"embeddable":true,"href":"https:\/\/www.ing.uc.cl\/mineria\/wp-json\/wp\/v2\/comments?post=1060"}],"version-history":[{"count":7,"href":"https:\/\/www.ing.uc.cl\/mineria\/wp-json\/wp\/v2\/pages\/1060\/revisions"}],"predecessor-version":[{"id":1740,"href":"https:\/\/www.ing.uc.cl\/mineria\/wp-json\/wp\/v2\/pages\/1060\/revisions\/1740"}],"up":[{"embeddable":true,"href":"https:\/\/www.ing.uc.cl\/mineria\/wp-json\/wp\/v2\/pages\/772"}],"wp:attachment":[{"href":"https:\/\/www.ing.uc.cl\/mineria\/wp-json\/wp\/v2\/media?parent=1060"}],"curies":[{"name":"wp","href":"https:\/\/api.w.org\/{rel}","templated":true}]}}