{"id":10944,"date":"2025-05-26T11:33:52","date_gmt":"2025-05-26T14:33:52","guid":{"rendered":"https:\/\/www.ing.uc.cl\/mineria\/?page_id=10944"},"modified":"2025-10-09T19:26:09","modified_gmt":"2025-10-09T22:26:09","slug":"magister-en-ciencias-de-la-ingenieria","status":"publish","type":"page","link":"https:\/\/www.ing.uc.cl\/mineria\/postgrado\/magister-en-ciencias-de-la-ingenieria\/","title":{"rendered":"Mag\u00edster en Ciencias de la Ingenier\u00eda"},"content":{"rendered":"\t\t<div data-elementor-type=\"wp-page\" data-elementor-id=\"10944\" class=\"elementor elementor-10944\">\n\t\t\t\t\t\t<section class=\"elementor-section elementor-top-section elementor-element elementor-element-97bb23c elementor-section-boxed elementor-section-height-default elementor-section-height-default wpr-particle-no wpr-jarallax-no wpr-parallax-no wpr-sticky-section-no wpr-equal-height-no\" data-id=\"97bb23c\" data-element_type=\"section\" data-e-type=\"section\">\n\t\t\t\t\t\t<div class=\"elementor-container elementor-column-gap-default\">\n\t\t\t\t\t<div class=\"elementor-column elementor-col-100 elementor-top-column elementor-element elementor-element-2b51714\" data-id=\"2b51714\" data-element_type=\"column\" data-e-type=\"column\">\n\t\t\t<div class=\"elementor-widget-wrap elementor-element-populated\">\n\t\t\t\t\t\t<div class=\"elementor-element elementor-element-821c56f elementor-widget elementor-widget-html\" data-id=\"821c56f\" data-element_type=\"widget\" data-e-type=\"widget\" data-widget_type=\"html.default\">\n\t\t\t\t<div class=\"elementor-widget-container\">\n\t\t\t\t\t<div class=\"uc-title panel-widget-style\"><div>\r\n<div class=\"siteorigin-widget-tinymce textwidget\">\r\n\t<h3>Mag\u00edster en Ciencias de la Ingenier\u00eda<\/h3>\r\n<\/div>\r\n<\/div><\/div>\t\t\t\t<\/div>\n\t\t\t\t<\/div>\n\t\t\t\t<div class=\"elementor-element elementor-element-a18c4bf elementor-widget elementor-widget-image\" data-id=\"a18c4bf\" data-element_type=\"widget\" data-e-type=\"widget\" data-widget_type=\"image.default\">\n\t\t\t\t<div class=\"elementor-widget-container\">\n\t\t\t\t\t\t\t\t\t\t\t\t\t\t\t<img fetchpriority=\"high\" decoding=\"async\" width=\"1024\" height=\"353\" src=\"https:\/\/www.ing.uc.cl\/mineria\/wp-content\/uploads\/2025\/05\/cobrebanner-2600x897-min-1-1024x353.png\" class=\"attachment-large size-large wp-image-10935\" alt=\"\" srcset=\"https:\/\/www.ing.uc.cl\/mineria\/wp-content\/uploads\/2025\/05\/cobrebanner-2600x897-min-1-1024x353.png 1024w, https:\/\/www.ing.uc.cl\/mineria\/wp-content\/uploads\/2025\/05\/cobrebanner-2600x897-min-1-300x104.png 300w, https:\/\/www.ing.uc.cl\/mineria\/wp-content\/uploads\/2025\/05\/cobrebanner-2600x897-min-1-768x265.png 768w, https:\/\/www.ing.uc.cl\/mineria\/wp-content\/uploads\/2025\/05\/cobrebanner-2600x897-min-1-1536x530.png 1536w, https:\/\/www.ing.uc.cl\/mineria\/wp-content\/uploads\/2025\/05\/cobrebanner-2600x897-min-1-2048x707.png 2048w\" sizes=\"(max-width: 1024px) 100vw, 1024px\" title=\"\">\t\t\t\t\t\t\t\t\t\t\t\t\t\t\t<\/div>\n\t\t\t\t<\/div>\n\t\t\t\t<div class=\"elementor-element elementor-element-e5c13e1 elementor-widget elementor-widget-text-editor\" data-id=\"e5c13e1\" data-element_type=\"widget\" data-e-type=\"widget\" data-widget_type=\"text-editor.default\">\n\t\t\t\t<div class=\"elementor-widget-container\">\n\t\t\t\t\t\t\t\t\t<p>El objetivo general del Programa de Mag\u00edster en Ciencias de la Ingenier\u00eda es iniciar en la formaci\u00f3n en investigaci\u00f3n en ciencias y tecnolog\u00eda a profesionales para capacitarlos en la resoluci\u00f3n de problemas de relevancia en algunas de las l\u00edneas de investigaci\u00f3n que desarrollan los acad\u00e9micos del Programa en esta \u00c1rea e incluye como actividad formativa la realizaci\u00f3n de una tesis.<br \/>Permite a sus egresados desarrollarse profesionalmente en la industria, continuar con un doctorado o generar un emprendimiento cient\u00edfico-tecnol\u00f3gico.<br \/>Los graduados del Mag\u00edster en Ciencias de la Ingenier\u00eda en esta \u00e1rea profundizan sus conocimientos en todos los aspectos de gesti\u00f3n, econom\u00eda y operaciones relacionados con la miner\u00eda. Son capaces de desarrollar investigaciones para resolver los problemas de la explotaci\u00f3n de minerales, la gesti\u00f3n de empresas mineras, coordinaci\u00f3n de operaciones mineras y funcionamiento de las maquinarias utilizadas en este sector.<\/p>\t\t\t\t\t\t\t\t<\/div>\n\t\t\t\t<\/div>\n\t\t\t\t<div class=\"elementor-element elementor-element-42ddec6 elementor-widget elementor-widget-html\" data-id=\"42ddec6\" data-element_type=\"widget\" data-e-type=\"widget\" data-widget_type=\"html.default\">\n\t\t\t\t<div class=\"elementor-widget-container\">\n\t\t\t\t\t<div class=\"uc-title panel-widget-style\"><div>\r\n<div class=\"siteorigin-widget-tinymce textwidget\">\r\n\t<h3>L\u00edneas de Investigaci\u00f3n<\/h3>\r\n<\/div>\r\n<\/div><\/div>\t\t\t\t<\/div>\n\t\t\t\t<\/div>\n\t\t\t\t<div class=\"elementor-element elementor-element-bb263a6 elementor-widget elementor-widget-elementskit-accordion\" data-id=\"bb263a6\" data-element_type=\"widget\" data-e-type=\"widget\" data-widget_type=\"elementskit-accordion.default\">\n\t\t\t\t<div class=\"elementor-widget-container\">\n\t\t\t\t\t<div class=\"ekit-wid-con\" >\n        <div class=\"elementskit-accordion accoedion-primary\" id=\"accordion-69f04727a1793\">\n\n            \n                <div class=\"elementskit-card active\">\n                    <div class=\"elementskit-card-header\" id=\"primaryHeading-0-bb263a6\">\n                        <a href=\"#collapse-37f991f69f04727a1793\" class=\"ekit-accordion--toggler elementskit-btn-link collapsed\" data-ekit-toggle=\"collapse\" data-target=\"#Collapse-37f991f69f04727a1793\" aria-expanded=\"true\" aria-controls=\"Collapse-37f991f69f04727a1793\">\n                            \n                            <span class=\"ekit-accordion-title\">Desarrollo Minero y Miner\u00eda Sustentable<\/span>\n\n                            \n                                <div class=\"ekit_accordion_icon_group\">\n                                    <div class=\"ekit_accordion_normal_icon\">\n                                        <!-- Normal Icon -->\n\t\t\t\t\t\t\t\t\t\t<i class=\"icon icon-down-arrow1\"><\/i>                                    <\/div>\n\n                                    <div class=\"ekit_accordion_active_icon\">\n                                        <!-- Active Icon -->\n\t\t\t\t\t\t\t\t\t\t<i class=\"icon icon-up-arrow\"><\/i>                                    <\/div>\n                                <\/div>\n\n                            \n                                                    <\/a>\n                    <\/div>\n\n                    <div id=\"Collapse-37f991f69f04727a1793\" class=\" show collapse\" aria-labelledby=\"primaryHeading-0-bb263a6\" data-parent=\"#accordion-69f04727a1793\">\n\n                        <div class=\"elementskit-card-body ekit-accordion--content\">\n                            <p>En esta l\u00ednea de investigaci\u00f3n se busca abordar temas en el l\u00edmite del conocimiento que respondan a los desaf\u00edos que impone el desarrollo sustentable de la industria y que requieren investigaci\u00f3n cient\u00edfica y desarrollo de aplicaciones tecnol\u00f3gicas para abordarlos. Se incluyen \u00e1mbitos tales como nuevos m\u00e9todos de exploraci\u00f3n de recursos y distritos mineros, nuevos m\u00e9todos de mapeo geol\u00f3gico e interpretaci\u00f3n geol\u00f3gica, dise\u00f1o de minas con incorporaci\u00f3n temprana de indicadores de sustentabilidad, incorporaci\u00f3n de fuentes de energ\u00edas renovables no convencionales, an\u00e1lisis de Ciclo de vida en la l\u00ednea de producci\u00f3n minera del pa\u00eds, desarrollo de procesos de transformaci\u00f3n y purificaci\u00f3n que reduzcan-reciclen-reutilicen, estudio de una transici\u00f3n de la industria hacia el hidr\u00f3geno y la econom\u00eda circular, entre otros.<\/p>                        <\/div>\n\n                    <\/div>\n\n                <\/div><!-- .elementskit-card END -->\n\n                \n                <div class=\"elementskit-card \">\n                    <div class=\"elementskit-card-header\" id=\"primaryHeading-1-bb263a6\">\n                        <a href=\"#collapse-0097d1169f04727a1793\" class=\"ekit-accordion--toggler elementskit-btn-link collapsed\" data-ekit-toggle=\"collapse\" data-target=\"#Collapse-0097d1169f04727a1793\" aria-expanded=\"false\" aria-controls=\"Collapse-0097d1169f04727a1793\">\n                            \n                            <span class=\"ekit-accordion-title\">Optimizaci\u00f3n de Procesos y Miner\u00eda Inteligente<\/span>\n\n                            \n                                <div class=\"ekit_accordion_icon_group\">\n                                    <div class=\"ekit_accordion_normal_icon\">\n                                        <!-- Normal Icon -->\n\t\t\t\t\t\t\t\t\t\t<i class=\"icon icon-down-arrow1\"><\/i>                                    <\/div>\n\n                                    <div class=\"ekit_accordion_active_icon\">\n                                        <!-- Active Icon -->\n\t\t\t\t\t\t\t\t\t\t<i class=\"icon icon-up-arrow\"><\/i>                                    <\/div>\n                                <\/div>\n\n                            \n                                                    <\/a>\n                    <\/div>\n\n                    <div id=\"Collapse-0097d1169f04727a1793\" class=\" collapse\" aria-labelledby=\"primaryHeading-1-bb263a6\" data-parent=\"#accordion-69f04727a1793\">\n\n                        <div class=\"elementskit-card-body ekit-accordion--content\">\n                            <p>En esta l\u00ednea de investigaci\u00f3n se busca abordar desaf\u00edos asociados a la productividad de la industria estudiando en profundidad las etapas claves en la l\u00ednea de producci\u00f3n y sus indicadores de desempe\u00f1o considerando actividades propias de la industria que van desde la explotaci\u00f3n del mineral hasta el transporte de material a puerto. Dichas etapas propias de la industria (ej: perforaci\u00f3n, tronadura, cargu\u00edo, transporte, chancado, molienda, flotaci\u00f3n, manejo de relaves, espesamiento, filtraci\u00f3n, lixiviaci\u00f3n, extracci\u00f3n por solventes, electro-obtenci\u00f3n) son estudiadas para mejorar su gesti\u00f3n o desarrollar soluciones tecnol\u00f3gicas que se basen en la instrumentaci\u00f3n, monitoreo, modelamiento y control optimizado.<\/p>                        <\/div>\n\n                    <\/div>\n\n                <\/div><!-- .elementskit-card END -->\n\n                                        <\/div>\n    <\/div>\t\t\t\t<\/div>\n\t\t\t\t<\/div>\n\t\t\t\t<div class=\"elementor-element elementor-element-c6d774b elementor-widget elementor-widget-text-editor\" data-id=\"c6d774b\" data-element_type=\"widget\" data-e-type=\"widget\" data-widget_type=\"text-editor.default\">\n\t\t\t\t<div class=\"elementor-widget-container\">\n\t\t\t\t\t\t\t\t\t<p>El Mag\u00edster \u00e1rea Miner\u00eda, responde a la misi\u00f3n de la Universidad, proporcionando una educaci\u00f3n de excelencia, iniciando en la investigaci\u00f3n a profesionales con las competencias que les permitan desempe\u00f1arse en una sociedad global y en aquellos \u00e1mbitos que el pa\u00eds requiere dentro del campo de la Ingenier\u00eda aplicada a la Industria Minera. Asimismo, ayuda al fortalecimiento de la capacidad de realizar investigaciones cient\u00edfico-tecnol\u00f3gicas que permitan expandir el conocimiento en este campo a trav\u00e9s de publicaciones nacionales e internacionales, y realizando proyectos de investigaci\u00f3n que favorezcan tanto el trabajo en redes, como la captaci\u00f3n de personas destacadas del concierto internacional y la incorporaci\u00f3n de est\u00e1ndares globales a las tareas locales.<\/p><p>Actualmente, el Mag\u00edster en Ciencias de la Ingenier\u00eda, \u00e1rea Ingenier\u00eda de Miner\u00eda fue acreditado por la Comisi\u00f3n Nacional de Acreditaci\u00f3n por un periodo de 5 a\u00f1os. Reconocimiento a la excelencia en docencia e investigaci\u00f3n de calidad.<\/p>\t\t\t\t\t\t\t\t<\/div>\n\t\t\t\t<\/div>\n\t\t\t\t<div class=\"elementor-element elementor-element-3d13bf6 elementor-widget elementor-widget-image\" data-id=\"3d13bf6\" data-element_type=\"widget\" data-e-type=\"widget\" data-widget_type=\"image.default\">\n\t\t\t\t<div class=\"elementor-widget-container\">\n\t\t\t\t\t\t\t\t\t\t\t\t\t\t\t<img decoding=\"async\" width=\"1024\" height=\"417\" src=\"https:\/\/www.ing.uc.cl\/mineria\/wp-content\/uploads\/2025\/05\/publicacion-PAGINAWEB-MAGISTERMINERIA-UC-02-1024x417-1.jpg\" class=\"attachment-large size-large wp-image-10946\" alt=\"\" srcset=\"https:\/\/www.ing.uc.cl\/mineria\/wp-content\/uploads\/2025\/05\/publicacion-PAGINAWEB-MAGISTERMINERIA-UC-02-1024x417-1.jpg 1024w, https:\/\/www.ing.uc.cl\/mineria\/wp-content\/uploads\/2025\/05\/publicacion-PAGINAWEB-MAGISTERMINERIA-UC-02-1024x417-1-300x122.jpg 300w, https:\/\/www.ing.uc.cl\/mineria\/wp-content\/uploads\/2025\/05\/publicacion-PAGINAWEB-MAGISTERMINERIA-UC-02-1024x417-1-768x313.jpg 768w\" sizes=\"(max-width: 1024px) 100vw, 1024px\" title=\"\">\t\t\t\t\t\t\t\t\t\t\t\t\t\t\t<\/div>\n\t\t\t\t<\/div>\n\t\t\t\t<div class=\"elementor-element elementor-element-689c2cc elementor-shape-rounded elementor-grid-0 e-grid-align-center elementor-widget elementor-widget-social-icons\" data-id=\"689c2cc\" data-element_type=\"widget\" data-e-type=\"widget\" data-widget_type=\"social-icons.default\">\n\t\t\t\t<div class=\"elementor-widget-container\">\n\t\t\t\t\t\t\t<div class=\"elementor-social-icons-wrapper elementor-grid\">\n\t\t\t\t\t\t\t<span class=\"elementor-grid-item\">\n\t\t\t\t\t<a class=\"elementor-icon elementor-social-icon elementor-social-icon-linkedin elementor-repeater-item-9642dda\" href=\"https:\/\/www.linkedin.com\/in\/mag%C3%ADsterminer%C3%ADauc\/\" target=\"_blank\" rel=\"noopener\">\n\t\t\t\t\t\t<span class=\"elementor-screen-only\">Linkedin<\/span>\n\t\t\t\t\t\t<i aria-hidden=\"true\" class=\"fab fa-linkedin\"><\/i>\t\t\t\t\t<\/a>\n\t\t\t\t<\/span>\n\t\t\t\t\t<\/div>\n\t\t\t\t\t\t<\/div>\n\t\t\t\t<\/div>\n\t\t\t\t\t<\/div>\n\t\t<\/div>\n\t\t\t\t\t<\/div>\n\t\t<\/section>\n\t\t\t\t<section class=\"elementor-section elementor-top-section elementor-element elementor-element-e8442e2 elementor-section-boxed elementor-section-height-default elementor-section-height-default wpr-particle-no wpr-jarallax-no wpr-parallax-no wpr-sticky-section-no wpr-equal-height-no\" data-id=\"e8442e2\" data-element_type=\"section\" data-e-type=\"section\">\n\t\t\t\t\t\t<div class=\"elementor-container elementor-column-gap-default\">\n\t\t\t\t\t<div class=\"elementor-column elementor-col-50 elementor-top-column elementor-element elementor-element-2d83d3b\" data-id=\"2d83d3b\" data-element_type=\"column\" data-e-type=\"column\">\n\t\t\t<div class=\"elementor-widget-wrap elementor-element-populated\">\n\t\t\t\t\t\t<div class=\"elementor-element elementor-element-c6e2782 elementor-widget elementor-widget-text-editor\" data-id=\"c6e2782\" data-element_type=\"widget\" data-e-type=\"widget\" data-widget_type=\"text-editor.default\">\n\t\t\t\t<div class=\"elementor-widget-container\">\n\t\t\t\t\t\t\t\t\t<p><span data-olk-copy-source=\"MessageBody\">Para m\u00e1s informaci\u00f3n sobre el programa de Doctorado<\/span><\/p>\t\t\t\t\t\t\t\t<\/div>\n\t\t\t\t<\/div>\n\t\t\t\t\t<\/div>\n\t\t<\/div>\n\t\t\t\t<div class=\"elementor-column elementor-col-50 elementor-top-column elementor-element elementor-element-edf9fa4\" data-id=\"edf9fa4\" data-element_type=\"column\" data-e-type=\"column\">\n\t\t\t<div class=\"elementor-widget-wrap elementor-element-populated\">\n\t\t\t\t\t\t<div class=\"elementor-element elementor-element-2634338 elementor-align-center elementor-widget elementor-widget-button\" data-id=\"2634338\" data-element_type=\"widget\" data-e-type=\"widget\" data-widget_type=\"button.default\">\n\t\t\t\t<div class=\"elementor-widget-container\">\n\t\t\t\t\t\t\t\t\t<div class=\"elementor-button-wrapper\">\n\t\t\t\t\t<a class=\"elementor-button elementor-button-link elementor-size-sm\" href=\"https:\/\/www.ing.uc.cl\/programas-de-estudio\/postgrado\/magister-ciencias-la-ingenieria\/\">\n\t\t\t\t\t\t<span class=\"elementor-button-content-wrapper\">\n\t\t\t\t\t\t\t\t\t<span class=\"elementor-button-text\">Ingresar aqu\u00ed<\/span>\n\t\t\t\t\t<\/span>\n\t\t\t\t\t<\/a>\n\t\t\t\t<\/div>\n\t\t\t\t\t\t\t\t<\/div>\n\t\t\t\t<\/div>\n\t\t\t\t\t<\/div>\n\t\t<\/div>\n\t\t\t\t\t<\/div>\n\t\t<\/section>\n\t\t\t\t<\/div>\n\t\t","protected":false},"excerpt":{"rendered":"<p>Mag\u00edster en Ciencias de la Ingenier\u00eda El objetivo general del Programa de Mag\u00edster en Ciencias de la Ingenier\u00eda es iniciar en la formaci\u00f3n en investigaci\u00f3n en ciencias y tecnolog\u00eda a profesionales para capacitarlos en la resoluci\u00f3n de problemas de relevancia en algunas de las l\u00edneas de investigaci\u00f3n que desarrollan los acad\u00e9micos del Programa en esta \u00c1rea e incluye como actividad formativa la realizaci\u00f3n de una tesis.Permite a sus egresados desarrollarse profesionalmente en la industria, continuar con un doctorado o generar un emprendimiento cient\u00edfico-tecnol\u00f3gico.Los graduados del Mag\u00edster en Ciencias de la Ingenier\u00eda en esta \u00e1rea profundizan sus conocimientos en todos los aspectos de gesti\u00f3n, econom\u00eda y operaciones relacionados con la miner\u00eda. Son capaces de desarrollar investigaciones para resolver los problemas de la explotaci\u00f3n de minerales, la gesti\u00f3n de empresas mineras, coordinaci\u00f3n de operaciones mineras y funcionamiento de las maquinarias utilizadas en este sector. L\u00edneas de Investigaci\u00f3n Desarrollo Minero y Miner\u00eda Sustentable En esta l\u00ednea de investigaci\u00f3n se busca abordar temas en el l\u00edmite del conocimiento que respondan a los desaf\u00edos que impone el desarrollo sustentable de la industria y que requieren investigaci\u00f3n cient\u00edfica y desarrollo de aplicaciones tecnol\u00f3gicas para abordarlos. Se incluyen \u00e1mbitos tales como nuevos m\u00e9todos de exploraci\u00f3n de recursos y distritos mineros, nuevos m\u00e9todos de mapeo geol\u00f3gico e interpretaci\u00f3n geol\u00f3gica, dise\u00f1o de minas con incorporaci\u00f3n temprana de indicadores de sustentabilidad, incorporaci\u00f3n de fuentes de energ\u00edas renovables no convencionales, an\u00e1lisis de Ciclo de vida en la l\u00ednea de producci\u00f3n minera del pa\u00eds, desarrollo de procesos de transformaci\u00f3n y purificaci\u00f3n que reduzcan-reciclen-reutilicen, estudio de una transici\u00f3n de la industria hacia el hidr\u00f3geno y la econom\u00eda circular, entre otros. Optimizaci\u00f3n de Procesos y Miner\u00eda Inteligente En esta l\u00ednea de investigaci\u00f3n se busca abordar desaf\u00edos asociados a la productividad de la industria estudiando en profundidad las etapas claves en la l\u00ednea de producci\u00f3n y sus indicadores de desempe\u00f1o considerando actividades propias de la industria que van desde la explotaci\u00f3n del mineral hasta el transporte de material a puerto. Dichas etapas propias de la industria (ej: perforaci\u00f3n, tronadura, cargu\u00edo, transporte, chancado, molienda, flotaci\u00f3n, manejo de relaves, espesamiento, filtraci\u00f3n, lixiviaci\u00f3n, extracci\u00f3n por solventes, electro-obtenci\u00f3n) son estudiadas para mejorar su gesti\u00f3n o desarrollar soluciones tecnol\u00f3gicas que se basen en la instrumentaci\u00f3n, monitoreo, modelamiento y control optimizado. El Mag\u00edster \u00e1rea Miner\u00eda, responde a la misi\u00f3n de la Universidad, proporcionando una educaci\u00f3n de excelencia, iniciando en la investigaci\u00f3n a profesionales con las competencias que les permitan desempe\u00f1arse en una sociedad global y en aquellos \u00e1mbitos que el pa\u00eds requiere dentro del campo de la Ingenier\u00eda aplicada a la Industria Minera. Asimismo, ayuda al fortalecimiento de la capacidad de realizar investigaciones cient\u00edfico-tecnol\u00f3gicas que permitan expandir el conocimiento en este campo a trav\u00e9s de publicaciones nacionales e internacionales, y realizando proyectos de investigaci\u00f3n que favorezcan tanto el trabajo en redes, como la captaci\u00f3n de personas destacadas del concierto internacional y la incorporaci\u00f3n de est\u00e1ndares globales a las tareas locales. Actualmente, el Mag\u00edster en Ciencias de la Ingenier\u00eda, \u00e1rea Ingenier\u00eda de Miner\u00eda fue acreditado por la Comisi\u00f3n Nacional de Acreditaci\u00f3n por un periodo de 5 a\u00f1os. Reconocimiento a la excelencia en docencia e investigaci\u00f3n de calidad. Linkedin Para m\u00e1s informaci\u00f3n sobre el programa de Doctorado Ingresar aqu\u00ed<\/p>\n","protected":false},"author":5,"featured_media":0,"parent":10931,"menu_order":0,"comment_status":"closed","ping_status":"closed","template":"","meta":{"_acf_changed":false,"site-sidebar-layout":"no-sidebar","site-content-layout":"page-builder","ast-site-content-layout":"full-width-container","site-content-style":"default","site-sidebar-style":"default","ast-global-header-display":"","ast-banner-title-visibility":"","ast-main-header-display":"","ast-hfb-above-header-display":"","ast-hfb-below-header-display":"","ast-hfb-mobile-header-display":"","site-post-title":"disabled","ast-breadcrumbs-content":"","ast-featured-img":"disabled","footer-sml-layout":"","ast-disable-related-posts":"","theme-transparent-header-meta":"","adv-header-id-meta":"","stick-header-meta":"","header-above-stick-meta":"","header-main-stick-meta":"","header-below-stick-meta":"","astra-migrate-meta-layouts":"set","ast-page-background-enabled":"default","ast-page-background-meta":{"desktop":{"background-color":"","background-image":"","background-repeat":"repeat","background-position":"center center","background-size":"auto","background-attachment":"scroll","background-type":"","background-media":"","overlay-type":"","overlay-color":"","overlay-opacity":"","overlay-gradient":""},"tablet":{"background-color":"","background-image":"","background-repeat":"repeat","background-position":"center center","background-size":"auto","background-attachment":"scroll","background-type":"","background-media":"","overlay-type":"","overlay-color":"","overlay-opacity":"","overlay-gradient":""},"mobile":{"background-color":"","background-image":"","background-repeat":"repeat","background-position":"center center","background-size":"auto","background-attachment":"scroll","background-type":"","background-media":"","overlay-type":"","overlay-color":"","overlay-opacity":"","overlay-gradient":""}},"ast-content-background-meta":{"desktop":{"background-color":"var(--ast-global-color-5)","background-image":"","background-repeat":"repeat","background-position":"center center","background-size":"auto","background-attachment":"scroll","background-type":"","background-media":"","overlay-type":"","overlay-color":"","overlay-opacity":"","overlay-gradient":""},"tablet":{"background-color":"var(--ast-global-color-5)","background-image":"","background-repeat":"repeat","background-position":"center center","background-size":"auto","background-attachment":"scroll","background-type":"","background-media":"","overlay-type":"","overlay-color":"","overlay-opacity":"","overlay-gradient":""},"mobile":{"background-color":"var(--ast-global-color-5)","background-image":"","background-repeat":"repeat","background-position":"center center","background-size":"auto","background-attachment":"scroll","background-type":"","background-media":"","overlay-type":"","overlay-color":"","overlay-opacity":"","overlay-gradient":""}},"footnotes":""},"class_list":["post-10944","page","type-page","status-publish","hentry"],"acf":[],"rttpg_featured_image_url":null,"rttpg_author":{"display_name":"Pipe Aliaga","author_link":"https:\/\/www.ing.uc.cl\/mineria\/author\/fealiaga\/"},"rttpg_comment":0,"rttpg_category":null,"rttpg_excerpt":"Mag\u00edster en Ciencias de la Ingenier\u00eda El objetivo general del Programa de Mag\u00edster en Ciencias de la Ingenier\u00eda es iniciar en la formaci\u00f3n en investigaci\u00f3n en ciencias y tecnolog\u00eda a profesionales para capacitarlos en la resoluci\u00f3n de problemas de relevancia en algunas de las l\u00edneas de investigaci\u00f3n que desarrollan los acad\u00e9micos del Programa en esta&hellip;","_links":{"self":[{"href":"https:\/\/www.ing.uc.cl\/mineria\/wp-json\/wp\/v2\/pages\/10944","targetHints":{"allow":["GET"]}}],"collection":[{"href":"https:\/\/www.ing.uc.cl\/mineria\/wp-json\/wp\/v2\/pages"}],"about":[{"href":"https:\/\/www.ing.uc.cl\/mineria\/wp-json\/wp\/v2\/types\/page"}],"author":[{"embeddable":true,"href":"https:\/\/www.ing.uc.cl\/mineria\/wp-json\/wp\/v2\/users\/5"}],"replies":[{"embeddable":true,"href":"https:\/\/www.ing.uc.cl\/mineria\/wp-json\/wp\/v2\/comments?post=10944"}],"version-history":[{"count":11,"href":"https:\/\/www.ing.uc.cl\/mineria\/wp-json\/wp\/v2\/pages\/10944\/revisions"}],"predecessor-version":[{"id":11414,"href":"https:\/\/www.ing.uc.cl\/mineria\/wp-json\/wp\/v2\/pages\/10944\/revisions\/11414"}],"up":[{"embeddable":true,"href":"https:\/\/www.ing.uc.cl\/mineria\/wp-json\/wp\/v2\/pages\/10931"}],"wp:attachment":[{"href":"https:\/\/www.ing.uc.cl\/mineria\/wp-json\/wp\/v2\/media?parent=10944"}],"curies":[{"name":"wp","href":"https:\/\/api.w.org\/{rel}","templated":true}]}}