{"id":10961,"date":"2025-05-26T11:54:14","date_gmt":"2025-05-26T14:54:14","guid":{"rendered":"https:\/\/www.ing.uc.cl\/mineria\/?page_id=10961"},"modified":"2025-10-09T19:28:47","modified_gmt":"2025-10-09T22:28:47","slug":"educacion-profesional","status":"publish","type":"page","link":"https:\/\/www.ing.uc.cl\/mineria\/educacion-profesional\/","title":{"rendered":"Educaci\u00f3n Profesional"},"content":{"rendered":"\t\t<div data-elementor-type=\"wp-page\" data-elementor-id=\"10961\" class=\"elementor elementor-10961\">\n\t\t\t\t\t\t<section class=\"elementor-section elementor-top-section elementor-element elementor-element-2bbac15 elementor-section-boxed elementor-section-height-default elementor-section-height-default wpr-particle-no wpr-jarallax-no wpr-parallax-no wpr-sticky-section-no wpr-equal-height-no\" data-id=\"2bbac15\" data-element_type=\"section\" data-e-type=\"section\">\n\t\t\t\t\t\t<div class=\"elementor-container elementor-column-gap-default\">\n\t\t\t\t\t<div class=\"elementor-column elementor-col-100 elementor-top-column elementor-element elementor-element-0cf8c74\" data-id=\"0cf8c74\" data-element_type=\"column\" data-e-type=\"column\">\n\t\t\t<div class=\"elementor-widget-wrap elementor-element-populated\">\n\t\t\t\t\t\t<div class=\"elementor-element elementor-element-09a2c36 elementor-widget elementor-widget-html\" data-id=\"09a2c36\" data-element_type=\"widget\" data-e-type=\"widget\" data-widget_type=\"html.default\">\n\t\t\t\t<div class=\"elementor-widget-container\">\n\t\t\t\t\t<div class=\"uc-title panel-widget-style\">\r\n<div class=\"siteorigin-widget-tinymce textwidget\">\r\n<h3>Educaci\u00f3n Profesional<\/h3>\r\n<\/div>\r\n<\/div>\t\t\t\t<\/div>\n\t\t\t\t<\/div>\n\t\t\t\t\t<\/div>\n\t\t<\/div>\n\t\t\t\t\t<\/div>\n\t\t<\/section>\n\t\t\t\t<section class=\"elementor-section elementor-top-section elementor-element elementor-element-b6a9e04 elementor-section-boxed elementor-section-height-default elementor-section-height-default wpr-particle-no wpr-jarallax-no wpr-parallax-no wpr-sticky-section-no wpr-equal-height-no\" data-id=\"b6a9e04\" data-element_type=\"section\" data-e-type=\"section\">\n\t\t\t\t\t\t<div class=\"elementor-container elementor-column-gap-default\">\n\t\t\t\t\t<div class=\"elementor-column elementor-col-100 elementor-top-column elementor-element elementor-element-d4e4424\" data-id=\"d4e4424\" data-element_type=\"column\" data-e-type=\"column\">\n\t\t\t<div class=\"elementor-widget-wrap elementor-element-populated\">\n\t\t\t\t\t\t<div class=\"elementor-element elementor-element-46b5e04 wpr-flip-box-animation-flip wpr-flip-box-animation-3d-yes wpr-flip-box-anim-direction-right wpr-flip-box-front-align-center wpr-flip-box-back-align-center elementor-widget elementor-widget-wpr-flip-box\" data-id=\"46b5e04\" data-element_type=\"widget\" data-e-type=\"widget\" data-widget_type=\"wpr-flip-box.default\">\n\t\t\t\t<div class=\"elementor-widget-container\">\n\t\t\t\t\t\t\t\t\n\t\t<div class=\"wpr-flip-box\" data-trigger=\"hover\">\n\t\t\t\n\t\t\t<div class=\"wpr-flip-box-item wpr-flip-box-front wpr-anim-timing-ease-default\">\n\n\t\t\t\t<div class=\"wpr-flip-box-overlay\"><\/div>\n\n\t\t\t\t<div class=\"wpr-flip-box-content\">\n\t\t\t\t\t\n\t\t\t\t\t\t\t\t\t\t\n\t\t\t\t\t\t\t\t\t\t\t<h3 class=\"wpr-flip-box-title\">Diplomado en Desarrollo Sostenible en la Industria Minera<\/h3>\n\t\t\t\t\t\n\t\t\t\t\t\t\n\n\t\t\t\t\t\t\n\n\t\t\t\t<\/div>\n\t\t\t<\/div>\n\n\t\t\t<div class=\"wpr-flip-box-item wpr-flip-box-back wpr-anim-timing-ease-default\">\n\n\t\t\t\t<div class=\"wpr-flip-box-overlay\"><\/div>\n\t\t\t\t\n\t\t\t\t<div class=\"wpr-flip-box-content\">\n\t\t\t\t\t\n\t\t\t\t\t\t\t\t\t\t<a class=\"wpr-flip-box-link\" href=\"#\"><\/a>\t\n\t\t\t\t\t\n\t\t\t\t\t\t\t\t\t\t\n\t\t\t\t\t\t\t\t\t\t\t<h3 class=\"wpr-flip-box-title\">\n\t\t\t\t\t\t\tDiplomado en Desarrollo Sostenible en la Industria Minera\t\t\t\t\t\t<\/h3>\n\t\t\t\t\t\n\t\t\t\t\t\t\t\t\t\t\t<div class=\"wpr-flip-box-description\"><p><span lang=\"EN-US\">Implementa pol\u00edticas y estrategias de gesti\u00f3n y cumplimiento ambiental, desarrollo de proyectos sostenibles, an\u00e1lisis de ciclo de vida, manejo de residuos y emisiones, planes de cierre de minas, econom\u00eda circular, relaciones comunitarias y con autoridades, dise\u00f1o de indicadores de impacto social, valor compartido, evaluaci\u00f3n de ESG y acciones para lograr la carbono neutralidad en la industria minera.<\/span><\/p><p>Para m\u00e1s informaci\u00f3n ingresar\u00a0<a href=\"https:\/\/educacionprofesional.ing.uc.cl\/?diplomado=diplomado-en-desarrollo-sostenible-en-la-industria-minera\" target=\"_blank\" rel=\"noopener\">AQU\u00cd<\/a><\/p><\/div>\t\t\t\t\t\t\n\t\t\t\t\t\t\n\n\t\t\t\t\t\t\n\n\t\t\t\t<\/div>\n\t\t\t<\/div>\n\t\t<\/div>\n\n\t\t\t\t\t\t<\/div>\n\t\t\t\t<\/div>\n\t\t\t\t<div class=\"elementor-element elementor-element-7d9a2fd wpr-flip-box-animation-flip wpr-flip-box-animation-3d-yes wpr-flip-box-anim-direction-right wpr-flip-box-front-align-center wpr-flip-box-back-align-center elementor-widget elementor-widget-wpr-flip-box\" data-id=\"7d9a2fd\" data-element_type=\"widget\" data-e-type=\"widget\" data-widget_type=\"wpr-flip-box.default\">\n\t\t\t\t<div class=\"elementor-widget-container\">\n\t\t\t\t\t\t\t\t\n\t\t<div class=\"wpr-flip-box\" data-trigger=\"hover\">\n\t\t\t\n\t\t\t<div class=\"wpr-flip-box-item wpr-flip-box-front wpr-anim-timing-ease-default\">\n\n\t\t\t\t<div class=\"wpr-flip-box-overlay\"><\/div>\n\n\t\t\t\t<div class=\"wpr-flip-box-content\">\n\t\t\t\t\t\n\t\t\t\t\t\t\t\t\t\t\n\t\t\t\t\t\t\t\t\t\t\t<h3 class=\"wpr-flip-box-title\">Diplomado en Teconolog\u00edas del Hidr\u00f3geno<\/h3>\n\t\t\t\t\t\n\t\t\t\t\t\t\n\n\t\t\t\t\t\t\n\n\t\t\t\t<\/div>\n\t\t\t<\/div>\n\n\t\t\t<div class=\"wpr-flip-box-item wpr-flip-box-back wpr-anim-timing-ease-default\">\n\n\t\t\t\t<div class=\"wpr-flip-box-overlay\"><\/div>\n\t\t\t\t\n\t\t\t\t<div class=\"wpr-flip-box-content\">\n\t\t\t\t\t\n\t\t\t\t\t\t\t\t\t\t<a class=\"wpr-flip-box-link\" href=\"#\"><\/a>\t\n\t\t\t\t\t\n\t\t\t\t\t\t\t\t\t\t\n\t\t\t\t\t\t\t\t\t\t\t<h3 class=\"wpr-flip-box-title\">\n\t\t\t\t\t\t\tDiplomado en Teconolog\u00edas del Hidr\u00f3geno\t\t\t\t\t\t<\/h3>\n\t\t\t\t\t\n\t\t\t\t\t\t\t\t\t\t\t<div class=\"wpr-flip-box-description\"><p>El Diplomado en Tecnolog\u00edas del Hidr\u00f3geno permitir\u00e1 a los estudiantes conocer cada una de las etapas de la cadena de valor del hidr\u00f3geno. Este diplomado se enfocar\u00e1 en las tecnolog\u00edas m\u00e1s promisorias para la generaci\u00f3n y uso del hidr\u00f3geno. Especialmente, se enfoca en tecnolog\u00edas habilitantes para la econom\u00eda del hidr\u00f3geno en particular, tales como sectores industriales con necesidades de reducci\u00f3n de emisiones, operaciones donde el hidr\u00f3geno se volver\u00e1 competitivo (equipos con alta autonom\u00eda, largas distancias de transporte, y grandes cargas), y usos residenciales atractivos por la disponibilidad de recurso. Tambi\u00e9n, se abarcar\u00e1n las competencias asociadas a la generaci\u00f3n de hidr\u00f3geno verde, al acondicionamiento en medios de transporte terrestre y marino, usos en miner\u00eda, transporte de carga, y en el desarrollo de la infraestructura necesaria para realizar estas actividades.<\/p><p>Para m\u00e1s informaci\u00f3n ingresar\u00a0<a href=\"https:\/\/educacionprofesional.ing.uc.cl\/?diplomado=diplomado-en-tecnologias-del-hidrogeno\" target=\"_blank\" rel=\"noopener\">AQU\u00cd<\/a><\/p><\/div>\t\t\t\t\t\t\n\t\t\t\t\t\t\n\n\t\t\t\t\t\t\n\n\t\t\t\t<\/div>\n\t\t\t<\/div>\n\t\t<\/div>\n\n\t\t\t\t\t\t<\/div>\n\t\t\t\t<\/div>\n\t\t\t\t<div class=\"elementor-element elementor-element-373fad8 wpr-flip-box-animation-flip wpr-flip-box-animation-3d-yes wpr-flip-box-anim-direction-right wpr-flip-box-front-align-center wpr-flip-box-back-align-center elementor-widget elementor-widget-wpr-flip-box\" data-id=\"373fad8\" data-element_type=\"widget\" data-e-type=\"widget\" data-widget_type=\"wpr-flip-box.default\">\n\t\t\t\t<div class=\"elementor-widget-container\">\n\t\t\t\t\t\t\t\t\n\t\t<div class=\"wpr-flip-box\" data-trigger=\"hover\">\n\t\t\t\n\t\t\t<div class=\"wpr-flip-box-item wpr-flip-box-front wpr-anim-timing-ease-default\">\n\n\t\t\t\t<div class=\"wpr-flip-box-overlay\"><\/div>\n\n\t\t\t\t<div class=\"wpr-flip-box-content\">\n\t\t\t\t\t\n\t\t\t\t\t\t\t\t\t\t\n\t\t\t\t\t\t\t\t\t\t\t<h3 class=\"wpr-flip-box-title\">Diplomado en Gesti\u00f3n de Activos y Mantenimiento<\/h3>\n\t\t\t\t\t\n\t\t\t\t\t\t\n\n\t\t\t\t\t\t\n\n\t\t\t\t<\/div>\n\t\t\t<\/div>\n\n\t\t\t<div class=\"wpr-flip-box-item wpr-flip-box-back wpr-anim-timing-ease-default\">\n\n\t\t\t\t<div class=\"wpr-flip-box-overlay\"><\/div>\n\t\t\t\t\n\t\t\t\t<div class=\"wpr-flip-box-content\">\n\t\t\t\t\t\n\t\t\t\t\t\t\t\t\t\t<a class=\"wpr-flip-box-link\" href=\"#\"><\/a>\t\n\t\t\t\t\t\n\t\t\t\t\t\t\t\t\t\t\n\t\t\t\t\t\t\t\t\t\t\t<h3 class=\"wpr-flip-box-title\">\n\t\t\t\t\t\t\tDiplomado en Gesti\u00f3n de Activos y Mantenimiento\t\t\t\t\t\t<\/h3>\n\t\t\t\t\t\n\t\t\t\t\t\t\t\t\t\t\t<div class=\"wpr-flip-box-description\"><p>M\u00e1s de 10 a\u00f1os formando a los grandes especialistas que las industrias requieren para el \u00f3ptimo dise\u00f1o, confiabilidad operaci\u00f3n, mantenimiento, reemplazo y retiro de los activos f\u00edsicos y equipos complejos.<\/p><p>Para m\u00e1s informaci\u00f3n ingresar\u00a0<a class=\"broken_link\" href=\"https:\/\/educacionprofesional.ing.uc.cl\/?diplomado=diplomadon-en-gestion-de-activos-fisicos-y-mantenimiento\" target=\"_blank\" rel=\"noopener\">AQU\u00cd<\/a><\/p><\/div>\t\t\t\t\t\t\n\t\t\t\t\t\t\n\n\t\t\t\t\t\t\n\n\t\t\t\t<\/div>\n\t\t\t<\/div>\n\t\t<\/div>\n\n\t\t\t\t\t\t<\/div>\n\t\t\t\t<\/div>\n\t\t\t\t<div class=\"elementor-element elementor-element-a7a79e2 wpr-flip-box-animation-flip wpr-flip-box-animation-3d-yes wpr-flip-box-anim-direction-right wpr-flip-box-front-align-center wpr-flip-box-back-align-center elementor-widget elementor-widget-wpr-flip-box\" data-id=\"a7a79e2\" data-element_type=\"widget\" data-e-type=\"widget\" data-widget_type=\"wpr-flip-box.default\">\n\t\t\t\t<div class=\"elementor-widget-container\">\n\t\t\t\t\t\t\t\t\n\t\t<div class=\"wpr-flip-box\" data-trigger=\"hover\">\n\t\t\t\n\t\t\t<div class=\"wpr-flip-box-item wpr-flip-box-front wpr-anim-timing-ease-default\">\n\n\t\t\t\t<div class=\"wpr-flip-box-overlay\"><\/div>\n\n\t\t\t\t<div class=\"wpr-flip-box-content\">\n\t\t\t\t\t\n\t\t\t\t\t\t\t\t\t\t\n\t\t\t\t\t\t\t\t\t\t\t<h3 class=\"wpr-flip-box-title\">Diplomado en Gesti\u00f3n del Negocio y Operaciones Mineras<\/h3>\n\t\t\t\t\t\n\t\t\t\t\t\t\n\n\t\t\t\t\t\t\n\n\t\t\t\t<\/div>\n\t\t\t<\/div>\n\n\t\t\t<div class=\"wpr-flip-box-item wpr-flip-box-back wpr-anim-timing-ease-default\">\n\n\t\t\t\t<div class=\"wpr-flip-box-overlay\"><\/div>\n\t\t\t\t\n\t\t\t\t<div class=\"wpr-flip-box-content\">\n\t\t\t\t\t\n\t\t\t\t\t\t\t\t\t\t<a class=\"wpr-flip-box-link\" href=\"#\"><\/a>\t\n\t\t\t\t\t\n\t\t\t\t\t\t\t\t\t\t\n\t\t\t\t\t\t\t\t\t\t\t<h3 class=\"wpr-flip-box-title\">\n\t\t\t\t\t\t\tDiplomado en Gesti\u00f3n del Negocio y Operaciones Mineras\t\t\t\t\t\t<\/h3>\n\t\t\t\t\t\n\t\t\t\t\t\t\t\t\t\t\t<div class=\"wpr-flip-box-description\"><p>Ense\u00f1a a fondo la estructura de la industria minera, desde la exploraci\u00f3n hasta el procesamiento final de los productos mineros, con un especial \u00e9nfasis en proponer mejoras en la productividad y sus costos.<\/p><p>Para m\u00e1s informaci\u00f3n ingresar\u00a0<a href=\"https:\/\/educacionprofesional.ing.uc.cl\/?diplomado=diplomado-en-gestion-del-negocio-y-operaciones-mineras\" target=\"_blank\" rel=\"noopener\">AQU\u00cd<\/a><\/p><\/div>\t\t\t\t\t\t\n\t\t\t\t\t\t\n\n\t\t\t\t\t\t\n\n\t\t\t\t<\/div>\n\t\t\t<\/div>\n\t\t<\/div>\n\n\t\t\t\t\t\t<\/div>\n\t\t\t\t<\/div>\n\t\t\t\t<div class=\"elementor-element elementor-element-869b6c8 elementor-align-center elementor-widget elementor-widget-button\" data-id=\"869b6c8\" data-element_type=\"widget\" data-e-type=\"widget\" data-widget_type=\"button.default\">\n\t\t\t\t<div class=\"elementor-widget-container\">\n\t\t\t\t\t\t\t\t\t<div class=\"elementor-button-wrapper\">\n\t\t\t\t\t<a class=\"elementor-button elementor-button-link elementor-size-sm\" href=\"https:\/\/educacionprofesional.ing.uc.cl\/\" target=\"_blank\" rel=\"noopener\">\n\t\t\t\t\t\t<span class=\"elementor-button-content-wrapper\">\n\t\t\t\t\t\t\t\t\t<span class=\"elementor-button-text\">M\u00e1s Informaci\u00f3n<\/span>\n\t\t\t\t\t<\/span>\n\t\t\t\t\t<\/a>\n\t\t\t\t<\/div>\n\t\t\t\t\t\t\t\t<\/div>\n\t\t\t\t<\/div>\n\t\t\t\t\t<\/div>\n\t\t<\/div>\n\t\t\t\t\t<\/div>\n\t\t<\/section>\n\t\t\t\t<\/div>\n\t\t","protected":false},"excerpt":{"rendered":"<p>Educaci\u00f3n Profesional Diplomado en Desarrollo Sostenible en la Industria Minera Diplomado en Desarrollo Sostenible en la Industria Minera Implementa pol\u00edticas y estrategias de gesti\u00f3n y cumplimiento ambiental, desarrollo de proyectos sostenibles, an\u00e1lisis de ciclo de vida, manejo de residuos y emisiones, planes de cierre de minas, econom\u00eda circular, relaciones comunitarias y con autoridades, dise\u00f1o de indicadores de impacto social, valor compartido, evaluaci\u00f3n de ESG y acciones para lograr la carbono neutralidad en la industria minera. Para m\u00e1s informaci\u00f3n ingresar\u00a0AQU\u00cd Diplomado en Teconolog\u00edas del Hidr\u00f3geno Diplomado en Teconolog\u00edas del Hidr\u00f3geno El Diplomado en Tecnolog\u00edas del Hidr\u00f3geno permitir\u00e1 a los estudiantes conocer cada una de las etapas de la cadena de valor del hidr\u00f3geno. Este diplomado se enfocar\u00e1 en las tecnolog\u00edas m\u00e1s promisorias para la generaci\u00f3n y uso del hidr\u00f3geno. Especialmente, se enfoca en tecnolog\u00edas habilitantes para la econom\u00eda del hidr\u00f3geno en particular, tales como sectores industriales con necesidades de reducci\u00f3n de emisiones, operaciones donde el hidr\u00f3geno se volver\u00e1 competitivo (equipos con alta autonom\u00eda, largas distancias de transporte, y grandes cargas), y usos residenciales atractivos por la disponibilidad de recurso. Tambi\u00e9n, se abarcar\u00e1n las competencias asociadas a la generaci\u00f3n de hidr\u00f3geno verde, al acondicionamiento en medios de transporte terrestre y marino, usos en miner\u00eda, transporte de carga, y en el desarrollo de la infraestructura necesaria para realizar estas actividades. Para m\u00e1s informaci\u00f3n ingresar\u00a0AQU\u00cd Diplomado en Gesti\u00f3n de Activos y Mantenimiento Diplomado en Gesti\u00f3n de Activos y Mantenimiento M\u00e1s de 10 a\u00f1os formando a los grandes especialistas que las industrias requieren para el \u00f3ptimo dise\u00f1o, confiabilidad operaci\u00f3n, mantenimiento, reemplazo y retiro de los activos f\u00edsicos y equipos complejos. Para m\u00e1s informaci\u00f3n ingresar\u00a0AQU\u00cd Diplomado en Gesti\u00f3n del Negocio y Operaciones Mineras Diplomado en Gesti\u00f3n del Negocio y Operaciones Mineras Ense\u00f1a a fondo la estructura de la industria minera, desde la exploraci\u00f3n hasta el procesamiento final de los productos mineros, con un especial \u00e9nfasis en proponer mejoras en la productividad y sus costos. Para m\u00e1s informaci\u00f3n ingresar\u00a0AQU\u00cd M\u00e1s Informaci\u00f3n<\/p>\n","protected":false},"author":5,"featured_media":0,"parent":0,"menu_order":0,"comment_status":"closed","ping_status":"closed","template":"","meta":{"_acf_changed":false,"site-sidebar-layout":"no-sidebar","site-content-layout":"page-builder","ast-site-content-layout":"full-width-container","site-content-style":"default","site-sidebar-style":"default","ast-global-header-display":"","ast-banner-title-visibility":"","ast-main-header-display":"","ast-hfb-above-header-display":"","ast-hfb-below-header-display":"","ast-hfb-mobile-header-display":"","site-post-title":"disabled","ast-breadcrumbs-content":"","ast-featured-img":"disabled","footer-sml-layout":"","ast-disable-related-posts":"","theme-transparent-header-meta":"","adv-header-id-meta":"","stick-header-meta":"","header-above-stick-meta":"","header-main-stick-meta":"","header-below-stick-meta":"","astra-migrate-meta-layouts":"set","ast-page-background-enabled":"default","ast-page-background-meta":{"desktop":{"background-color":"","background-image":"","background-repeat":"repeat","background-position":"center center","background-size":"auto","background-attachment":"scroll","background-type":"","background-media":"","overlay-type":"","overlay-color":"","overlay-opacity":"","overlay-gradient":""},"tablet":{"background-color":"","background-image":"","background-repeat":"repeat","background-position":"center center","background-size":"auto","background-attachment":"scroll","background-type":"","background-media":"","overlay-type":"","overlay-color":"","overlay-opacity":"","overlay-gradient":""},"mobile":{"background-color":"","background-image":"","background-repeat":"repeat","background-position":"center center","background-size":"auto","background-attachment":"scroll","background-type":"","background-media":"","overlay-type":"","overlay-color":"","overlay-opacity":"","overlay-gradient":""}},"ast-content-background-meta":{"desktop":{"background-color":"var(--ast-global-color-5)","background-image":"","background-repeat":"repeat","background-position":"center center","background-size":"auto","background-attachment":"scroll","background-type":"","background-media":"","overlay-type":"","overlay-color":"","overlay-opacity":"","overlay-gradient":""},"tablet":{"background-color":"var(--ast-global-color-5)","background-image":"","background-repeat":"repeat","background-position":"center center","background-size":"auto","background-attachment":"scroll","background-type":"","background-media":"","overlay-type":"","overlay-color":"","overlay-opacity":"","overlay-gradient":""},"mobile":{"background-color":"var(--ast-global-color-5)","background-image":"","background-repeat":"repeat","background-position":"center center","background-size":"auto","background-attachment":"scroll","background-type":"","background-media":"","overlay-type":"","overlay-color":"","overlay-opacity":"","overlay-gradient":""}},"footnotes":""},"class_list":["post-10961","page","type-page","status-publish","hentry"],"acf":[],"rttpg_featured_image_url":null,"rttpg_author":{"display_name":"Pipe Aliaga","author_link":"https:\/\/www.ing.uc.cl\/mineria\/author\/fealiaga\/"},"rttpg_comment":0,"rttpg_category":null,"rttpg_excerpt":"Educaci\u00f3n Profesional Diplomado en Desarrollo Sostenible en la Industria Minera Diplomado en Desarrollo Sostenible en la Industria Minera Implementa pol\u00edticas y estrategias de gesti\u00f3n y cumplimiento ambiental, desarrollo de proyectos sostenibles, an\u00e1lisis de ciclo de vida, manejo de residuos y emisiones, planes de cierre de minas, econom\u00eda circular, relaciones comunitarias y con autoridades, dise\u00f1o de&hellip;","_links":{"self":[{"href":"https:\/\/www.ing.uc.cl\/mineria\/wp-json\/wp\/v2\/pages\/10961","targetHints":{"allow":["GET"]}}],"collection":[{"href":"https:\/\/www.ing.uc.cl\/mineria\/wp-json\/wp\/v2\/pages"}],"about":[{"href":"https:\/\/www.ing.uc.cl\/mineria\/wp-json\/wp\/v2\/types\/page"}],"author":[{"embeddable":true,"href":"https:\/\/www.ing.uc.cl\/mineria\/wp-json\/wp\/v2\/users\/5"}],"replies":[{"embeddable":true,"href":"https:\/\/www.ing.uc.cl\/mineria\/wp-json\/wp\/v2\/comments?post=10961"}],"version-history":[{"count":11,"href":"https:\/\/www.ing.uc.cl\/mineria\/wp-json\/wp\/v2\/pages\/10961\/revisions"}],"predecessor-version":[{"id":11416,"href":"https:\/\/www.ing.uc.cl\/mineria\/wp-json\/wp\/v2\/pages\/10961\/revisions\/11416"}],"wp:attachment":[{"href":"https:\/\/www.ing.uc.cl\/mineria\/wp-json\/wp\/v2\/media?parent=10961"}],"curies":[{"name":"wp","href":"https:\/\/api.w.org\/{rel}","templated":true}]}}