{"id":2,"date":"2020-01-26T01:26:52","date_gmt":"2020-01-26T04:26:52","guid":{"rendered":"http:\/\/localhost\/deg-r.ing.uc.cl\/?page_id=2"},"modified":"2021-04-12T19:17:46","modified_gmt":"2021-04-12T22:17:46","slug":"departamento","status":"publish","type":"page","link":"https:\/\/www.ing.uc.cl\/quimica-y-bioprocesos\/departamento\/","title":{"rendered":"Departamento"},"content":{"rendered":"<p>Aqu\u00ed podr\u00e1n encontrar informaci\u00f3n detallada sobre los programas de estudio de esta \u00e1rea de especializaci\u00f3n, as\u00ed como de nuestras actividades de investigaci\u00f3n y vinculaci\u00f3n con el medio.<\/p>\n<p>Esperamos entregarles en este espacio informaci\u00f3n \u00fatil que les permita descubrir las enormes oportunidades que ofrece el \u00e1rea para desarrollarse como ingenieros e ingenieras civiles capaces de promover el desarrollo integral del pa\u00eds y decidan ser parte de nuestra comunidad.<\/p>\n","protected":false},"excerpt":{"rendered":"<p>\u00a1Bienvenidos al sitio web del Departamento de Ingenier\u00eda Qu\u00edmica y Bioprocesos UC (DIBQ)!<\/p>\n","protected":false},"author":3,"featured_media":196,"parent":0,"menu_order":1,"comment_status":"closed","ping_status":"closed","template":"","meta":{"_acf_changed":false,"footnotes":""},"class_list":["post-2","page","type-page","status-publish","has-post-thumbnail","hentry","post","post-with-thumbnail","post-with-thumbnail-large"],"acf":[],"_links":{"self":[{"href":"https:\/\/www.ing.uc.cl\/quimica-y-bioprocesos\/wp-json\/wp\/v2\/pages\/2","targetHints":{"allow":["GET"]}}],"collection":[{"href":"https:\/\/www.ing.uc.cl\/quimica-y-bioprocesos\/wp-json\/wp\/v2\/pages"}],"about":[{"href":"https:\/\/www.ing.uc.cl\/quimica-y-bioprocesos\/wp-json\/wp\/v2\/types\/page"}],"author":[{"embeddable":true,"href":"https:\/\/www.ing.uc.cl\/quimica-y-bioprocesos\/wp-json\/wp\/v2\/users\/3"}],"replies":[{"embeddable":true,"href":"https:\/\/www.ing.uc.cl\/quimica-y-bioprocesos\/wp-json\/wp\/v2\/comments?post=2"}],"version-history":[{"count":14,"href":"https:\/\/www.ing.uc.cl\/quimica-y-bioprocesos\/wp-json\/wp\/v2\/pages\/2\/revisions"}],"predecessor-version":[{"id":292,"href":"https:\/\/www.ing.uc.cl\/quimica-y-bioprocesos\/wp-json\/wp\/v2\/pages\/2\/revisions\/292"}],"wp:featuredmedia":[{"embeddable":true,"href":"https:\/\/www.ing.uc.cl\/quimica-y-bioprocesos\/wp-json\/wp\/v2\/media\/196"}],"wp:attachment":[{"href":"https:\/\/www.ing.uc.cl\/quimica-y-bioprocesos\/wp-json\/wp\/v2\/media?parent=2"}],"curies":[{"name":"wp","href":"https:\/\/api.w.org\/{rel}","templated":true}]}}