{"id":223,"date":"2021-04-09T17:06:43","date_gmt":"2021-04-09T20:06:43","guid":{"rendered":"https:\/\/www.ing.uc.cl\/quimica-y-bioprocesos\/?page_id=223"},"modified":"2021-04-13T10:40:30","modified_gmt":"2021-04-13T13:40:30","slug":"pregrado","status":"publish","type":"page","link":"https:\/\/www.ing.uc.cl\/quimica-y-bioprocesos\/programas\/pregrado\/","title":{"rendered":"Pregrado"},"content":{"rendered":"<p>El DIQB busca la formaci\u00f3n de hombres y mujeres verdaderamente competentes que inspirados en los principios cristianos est\u00e9n motivados y dispuestos a vivir su ejercicio profesional en una dimensi\u00f3n moral de servicio a las personas y la sociedad.<\/p>\n<p>Se busca que nuestros egresados sean profesionales con s\u00f3lidos conocimientos, agentes de cambio y l\u00edderes en un mundo global, motivados por la b\u00fasqueda incesante de progreso intelectual y perfeccionamiento t\u00e9cnico, capaces de concebir dise\u00f1os y desarrollar soluciones innovadoras y creativas que traigan crecimiento y bienestar al conjunto de la sociedad.<\/p>\n<p>Al formar parte de una comunidad acad\u00e9mica que lidera activamente proyectos de investigaci\u00f3n cient\u00edfica y tecnol\u00f3gica fundamental y aplicada, los estudiantes de pregrado del DIQB cuentan con diversas instancias para desarrollar competencias de investigaci\u00f3n que estimulan la innovaci\u00f3n y el emprendimiento.<\/p>\n<p>Junto con ello, nuestras instalaciones y equipamiento hacen del DIQB un moderno centro de ense\u00f1anza apto para idear e implementar soluciones en un entorno similar al utilizado en la industria, permitiendo a nuestros estudiantes el aprendizaje activo de la ingenier\u00eda en qu\u00edmica y bioprocesos.<\/p>\n<p>&nbsp;<\/p>\n<p>&nbsp;<\/p>\n<p>&nbsp;<\/p>\n","protected":false},"excerpt":{"rendered":"<p>La formaci\u00f3n de pregrado en el \u00e1rea de Ingenier\u00eda Qu\u00edmica y Bioprocesos enfatiza la interconexi\u00f3n entre los conocimientos cient\u00edficos b\u00e1sicos y aplicados en qu\u00edmica, biolog\u00eda, matem\u00e1ticas y f\u00edsica. <\/p>\n","protected":false},"author":4,"featured_media":225,"parent":79,"menu_order":11,"comment_status":"closed","ping_status":"closed","template":"","meta":{"_acf_changed":false,"footnotes":""},"class_list":["post-223","page","type-page","status-publish","has-post-thumbnail","hentry","post","post-with-thumbnail","post-with-thumbnail-large"],"acf":[],"_links":{"self":[{"href":"https:\/\/www.ing.uc.cl\/quimica-y-bioprocesos\/wp-json\/wp\/v2\/pages\/223","targetHints":{"allow":["GET"]}}],"collection":[{"href":"https:\/\/www.ing.uc.cl\/quimica-y-bioprocesos\/wp-json\/wp\/v2\/pages"}],"about":[{"href":"https:\/\/www.ing.uc.cl\/quimica-y-bioprocesos\/wp-json\/wp\/v2\/types\/page"}],"author":[{"embeddable":true,"href":"https:\/\/www.ing.uc.cl\/quimica-y-bioprocesos\/wp-json\/wp\/v2\/users\/4"}],"replies":[{"embeddable":true,"href":"https:\/\/www.ing.uc.cl\/quimica-y-bioprocesos\/wp-json\/wp\/v2\/comments?post=223"}],"version-history":[{"count":2,"href":"https:\/\/www.ing.uc.cl\/quimica-y-bioprocesos\/wp-json\/wp\/v2\/pages\/223\/revisions"}],"predecessor-version":[{"id":306,"href":"https:\/\/www.ing.uc.cl\/quimica-y-bioprocesos\/wp-json\/wp\/v2\/pages\/223\/revisions\/306"}],"up":[{"embeddable":true,"href":"https:\/\/www.ing.uc.cl\/quimica-y-bioprocesos\/wp-json\/wp\/v2\/pages\/79"}],"wp:featuredmedia":[{"embeddable":true,"href":"https:\/\/www.ing.uc.cl\/quimica-y-bioprocesos\/wp-json\/wp\/v2\/media\/225"}],"wp:attachment":[{"href":"https:\/\/www.ing.uc.cl\/quimica-y-bioprocesos\/wp-json\/wp\/v2\/media?parent=223"}],"curies":[{"name":"wp","href":"https:\/\/api.w.org\/{rel}","templated":true}]}}