{"id":230,"date":"2021-04-09T17:13:10","date_gmt":"2021-04-09T20:13:10","guid":{"rendered":"https:\/\/www.ing.uc.cl\/quimica-y-bioprocesos\/?page_id=230"},"modified":"2021-07-23T15:48:33","modified_gmt":"2021-07-23T18:48:33","slug":"educacion-profesional","status":"publish","type":"page","link":"https:\/\/www.ing.uc.cl\/quimica-y-bioprocesos\/programas\/educacion-profesional\/","title":{"rendered":"Educaci\u00f3n Profesional"},"content":{"rendered":"<p><strong>Diplomados<\/strong><\/p>\n<p><a href=\"https:\/\/educacionprofesional.ing.uc.cl\/?diplomado=diplomado-de-innovacion-en-alimentos-desafios-y-oportunidades-para-la-industria\">Diplomado de Innovaci\u00f3n en Alimentos: Desaf\u00edos y Oportunidades<\/a><\/p>\n<p><a href=\"https:\/\/educacionprofesional.ing.uc.cl\/?diplomado=diplomado-en-automatica-e-informatica-industrial\">Diplomado en Autom\u00e1tica e Inform\u00e1tica Industrial<\/a><\/p>\n<p><a href=\"https:\/\/educacionprofesional.ing.uc.cl\/?diplomado=diplomado-bioenergia-combustibles-sinteticos\">Diplomado en Bioenerg\u00eda y Combustibles Sint\u00e9ticos<\/a><\/p>\n<p><a href=\"https:\/\/educacionprofesional.ing.uc.cl\/?diplomado=diplomado-en-biocombustibles-mie\">Diplomado en Biocombustibles (MIE)<\/a><\/p>\n<p><strong>Cursos<\/strong><\/p>\n<p><a href=\"https:\/\/educacionprofesional.ing.uc.cl\/?curso=ingredientes-para-la-innovacion-en-alimentos\">Ingredientes para la Innovaci\u00f3n en Alimentos<\/a><\/p>\n<p><a href=\"https:\/\/educacionprofesional.ing.uc.cl\/?curso=metodologias-para-abordar-los-desafios-de-la-innovacion-en-alimentos\">Metodolog\u00edas para abordar los desaf\u00edos de la Innovaci\u00f3n en Alimentos<\/a><\/p>\n<p><a href=\"https:\/\/educacionprofesional.ing.uc.cl\/?curso=politicas-publicas-y-regulacion-en-alimentos\">Pol\u00edticas P\u00fablicas y Regulaci\u00f3n en Alimentos<\/a><\/p>\n<p><a href=\"https:\/\/educacionprofesional.ing.uc.cl\/?curso=aplicacion-de-tecnologias-emergentes-para-la-innovacion-en-alimentos-2\">Tecnolog\u00edas para la Innovaci\u00f3n en Alimentos<\/a><\/p>\n","protected":false},"excerpt":{"rendered":"<p>El DIQB ofrece a profesionales de la industria o del \u00e1mbito de las pol\u00edticas p\u00fablicas la oportunidad de cursar los siguientes diplomados y cursos UC a trav\u00e9s de los cuales podr\u00e1n profundizar sus conocimientos en favor de sus organizaciones o progresar en sus carreras.<\/p>\n","protected":false},"author":4,"featured_media":231,"parent":79,"menu_order":18,"comment_status":"closed","ping_status":"closed","template":"","meta":{"_acf_changed":false,"footnotes":""},"class_list":["post-230","page","type-page","status-publish","has-post-thumbnail","hentry","post","post-with-thumbnail","post-with-thumbnail-large"],"acf":[],"_links":{"self":[{"href":"https:\/\/www.ing.uc.cl\/quimica-y-bioprocesos\/wp-json\/wp\/v2\/pages\/230","targetHints":{"allow":["GET"]}}],"collection":[{"href":"https:\/\/www.ing.uc.cl\/quimica-y-bioprocesos\/wp-json\/wp\/v2\/pages"}],"about":[{"href":"https:\/\/www.ing.uc.cl\/quimica-y-bioprocesos\/wp-json\/wp\/v2\/types\/page"}],"author":[{"embeddable":true,"href":"https:\/\/www.ing.uc.cl\/quimica-y-bioprocesos\/wp-json\/wp\/v2\/users\/4"}],"replies":[{"embeddable":true,"href":"https:\/\/www.ing.uc.cl\/quimica-y-bioprocesos\/wp-json\/wp\/v2\/comments?post=230"}],"version-history":[{"count":10,"href":"https:\/\/www.ing.uc.cl\/quimica-y-bioprocesos\/wp-json\/wp\/v2\/pages\/230\/revisions"}],"predecessor-version":[{"id":1439,"href":"https:\/\/www.ing.uc.cl\/quimica-y-bioprocesos\/wp-json\/wp\/v2\/pages\/230\/revisions\/1439"}],"up":[{"embeddable":true,"href":"https:\/\/www.ing.uc.cl\/quimica-y-bioprocesos\/wp-json\/wp\/v2\/pages\/79"}],"wp:featuredmedia":[{"embeddable":true,"href":"https:\/\/www.ing.uc.cl\/quimica-y-bioprocesos\/wp-json\/wp\/v2\/media\/231"}],"wp:attachment":[{"href":"https:\/\/www.ing.uc.cl\/quimica-y-bioprocesos\/wp-json\/wp\/v2\/media?parent=230"}],"curies":[{"name":"wp","href":"https:\/\/api.w.org\/{rel}","templated":true}]}}