{"id":238,"date":"2021-04-09T17:20:57","date_gmt":"2021-04-09T20:20:57","guid":{"rendered":"https:\/\/www.ing.uc.cl\/quimica-y-bioprocesos\/?page_id=238"},"modified":"2021-05-26T16:28:46","modified_gmt":"2021-05-26T19:28:46","slug":"titulos-y-diplomas","status":"publish","type":"page","link":"https:\/\/www.ing.uc.cl\/quimica-y-bioprocesos\/programas\/pregrado\/titulos-y-diplomas\/","title":{"rendered":"T\u00edtulos y Diplomas"},"content":{"rendered":"<p>El Departamento de Ingenier\u00eda Qu\u00edmica y Bioprocesos ofrece el programa de Ingenier\u00eda Civil de Biotecnolog\u00eda y dos diplomas en Ingenier\u00eda Civil de Industrias conducentes a t\u00edtulo profesional.<\/p>\n<p><strong>Ingeniero Civil de Biotecnolog\u00eda <\/strong><br \/>\nLos egresados de la carrera de Ingeniero Civil de Biotecnolog\u00eda son capaces de dise\u00f1ar y evaluar sistemas y componentes aplicando conocimientos de la ingenier\u00eda y biolog\u00eda. Asimismo, son capaces de operar y controlar experimentos, analizando e interpretando datos, como tambi\u00e9n son capaces de formular y resolver problemas complejos y abiertos de Biotecnolog\u00eda, cumpliendo con las especificaciones t\u00e9cnicas y legales demandadas por el contexto. Adem\u00e1s, los egresados de esta carrera son capaces de reconocer e incorporar las demandas del contexto en la concepci\u00f3n, dise\u00f1o, implementaci\u00f3n, operaci\u00f3n y control de procesos biotecnol\u00f3gicos como tambi\u00e9n, son capaces de dominar t\u00e9cnicas y herramientas para dimensionar procesos.<br \/>\nLas combinaciones recomendadas para obtener el t\u00edtulo son las siguientes:<\/p>\n<div id=\"footable_parent_1014\"\n         class=\" footable_parent ninja_table_wrapper loading_ninja_table wp_table_data_press_parent semantic_ui \">\n                <table data-ninja_table_instance=\"ninja_table_instance_0\" data-footable_id=\"1014\" data-filter-delay=\"1000\" aria-label=\"Ingeniero Civil de Biotecnolog\u00eda (Ambiental)\"            id=\"footable_1014\"\n           data-unique_identifier=\"ninja_table_unique_id_2172268782_1014\"\n           class=\" foo-table ninja_footable foo_table_1014 ninja_table_unique_id_2172268782_1014 ui table  nt_type_ajax_table selectable striped compact  footable-paging-right ninja_table_search_disabled\">\n                <colgroup>\n                            <col class=\"ninja_column_0 \">\n                    <\/colgroup>\n            <\/table>\n    \n    \n    \n<\/div>\n\n<p>&nbsp;<\/p>\n<p>Para m\u00e1s detalles ver <a style=\"color: #0563c1; text-decoration-line: underline;\" href=\"https:\/\/drive.google.com\/file\/d\/1ICEXA4o62QPNhlgV4FMYFqBoh0cn34FS\/view\">\u00a0Plan de Continuidad<\/a><\/p>\n<div id=\"footable_parent_1015\"\n         class=\" footable_parent ninja_table_wrapper loading_ninja_table wp_table_data_press_parent semantic_ui \">\n                <table data-ninja_table_instance=\"ninja_table_instance_1\" data-footable_id=\"1015\" data-filter-delay=\"1000\" aria-label=\"Ingeniero Civil de Biotecnolog\u00eda (Procesos)\"            id=\"footable_1015\"\n           data-unique_identifier=\"ninja_table_unique_id_609639627_1015\"\n           class=\" foo-table ninja_footable foo_table_1015 ninja_table_unique_id_609639627_1015 ui table  nt_type_ajax_table selectable striped compact  footable-paging-right ninja_table_search_disabled\">\n                <colgroup>\n                            <col class=\"ninja_column_0 \">\n                    <\/colgroup>\n            <\/table>\n    \n    \n    \n<\/div>\n\n<p>&nbsp;<\/p>\n<p>Para m\u00e1s detalles ver <a href=\"https:\/\/drive.google.com\/file\/d\/1GlWf0n3RbF1GeH501thsnCJT3eY2sNbg\/view\">Plan de Continuidad<\/a><\/p>\n<p><strong>Ingeniero Civil de Industrias con diploma en Ingenier\u00eda de Bioprocesos <\/strong><\/p>\n<p>Los cursos del \u00e1rea de Ingenier\u00eda de Bioprocesos preparar\u00e1n un profesional que privilegia la aplicaci\u00f3n de los principios de la Ingenier\u00eda Qu\u00edmica a procesamiento de alimentos y a otras industrias que operan con materiales biol\u00f3gicos, enfatizando la formaci\u00f3n en Bioqu\u00edmica, Transporte de Fluidos, Transferencia de Calor y Transferencia de Masa.<\/p>\n<p>Los alumnos del Diploma en Ingenier\u00eda de Bioprocesos pueden especializarse en Alimentos. Para especializarse en Alimentos se sugiere cursar Bioqu\u00edmica de Alimentos, Procesamiento de Alimentos y Avances en Tecnolog\u00eda de Alimentos. Con esta formaci\u00f3n el estudiante se capacita para intervenir en el dise\u00f1o y gesti\u00f3n de procesos en industrias de distinta naturaleza, donde se destacan el sector alimentos y medio ambiente, entre otros. La formaci\u00f3n se completa con cursos optativos orientados a aquellas \u00e1reas de inter\u00e9s nacional.<\/p>\n<p>Las combinaciones recomendadas para obtener el t\u00edtulo son las siguientes:<\/p>\n<div id=\"footable_parent_1016\"\n         class=\" footable_parent ninja_table_wrapper loading_ninja_table wp_table_data_press_parent semantic_ui \">\n                <table data-ninja_table_instance=\"ninja_table_instance_2\" data-footable_id=\"1016\" data-filter-delay=\"1000\" aria-label=\"Ingeniero Civil Industrial Diploma Bioprocesos\"            id=\"footable_1016\"\n           data-unique_identifier=\"ninja_table_unique_id_2835930732_1016\"\n           class=\" foo-table ninja_footable foo_table_1016 ninja_table_unique_id_2835930732_1016 ui table  nt_type_ajax_table selectable striped compact  footable-paging-right ninja_table_search_disabled\">\n                <colgroup>\n                            <col class=\"ninja_column_0 \">\n                    <\/colgroup>\n            <\/table>\n    \n    \n    \n<\/div>\n\n<p>&nbsp;<\/p>\n<p>Para m\u00e1s detalles ver <a href=\"https:\/\/drive.google.com\/file\/d\/1fEaWxCvLg-gU-QJfLCjer14yPGhBHPoL\/view\">Plan de Continuidad<\/a><\/p>\n<p><strong>Ingeniero Civil de Industrias con diploma en Ingenier\u00eda Qu\u00edmica <\/strong><\/p>\n<p>Los cursos del \u00e1rea de Ingenier\u00eda Qu\u00edmica tienen por objetivo complementar la formaci\u00f3n b\u00e1sica en aquellos aspectos que dicen relaci\u00f3n con el dise\u00f1o, control y operaci\u00f3n de procesos productivos donde ocurren transformaciones f\u00edsicas y qu\u00edmicas de los materiales. El \u00e9nfasis se centra en las \u00e1reas de procesos de transferencia (calor, masa y momento), fen\u00f3menos cin\u00e9ticos y control de procesos. Con esta formaci\u00f3n el estudiante se capacita para intervenir en el dise\u00f1o y gesti\u00f3n de procesos productivos en industrias de distinta naturaleza donde se destacan el sector hidrocarburos y derivados, producci\u00f3n y transformaci\u00f3n industrializada de alimentos, recursos forestales y recursos marinos. La formaci\u00f3n se completa con cursos optativos orientados a aquellas \u00e1reas de inter\u00e9s nacional como son los recursos renovables, la biotecnolog\u00eda y recursos energ\u00e9ticos no convencionales.<\/p>\n<p>Las combinaciones recomendadas para obtener el t\u00edtulo son las siguientes:<\/p>\n<div id=\"footable_parent_1017\"\n         class=\" footable_parent ninja_table_wrapper loading_ninja_table wp_table_data_press_parent semantic_ui \">\n                <table data-ninja_table_instance=\"ninja_table_instance_3\" data-footable_id=\"1017\" data-filter-delay=\"1000\" aria-label=\"Ingeniero Civil Industrial Diploma Qu\u00edmica\"            id=\"footable_1017\"\n           data-unique_identifier=\"ninja_table_unique_id_2931009318_1017\"\n           class=\" foo-table ninja_footable foo_table_1017 ninja_table_unique_id_2931009318_1017 ui table  nt_type_ajax_table selectable striped compact  footable-paging-right ninja_table_search_disabled\">\n                <colgroup>\n                            <col class=\"ninja_column_0 \">\n                    <\/colgroup>\n            <\/table>\n    \n    \n    \n<\/div>\n\n<p>&nbsp;<\/p>\n<p>Para m\u00e1s detalles ver <a href=\"https:\/\/drive.google.com\/file\/d\/17gX6yaSL0zK9ybeJu4zyhGIWro-ghMhY\/view\">Plan de Continuidad<\/a><\/p>\n","protected":false},"excerpt":{"rendered":"<p>Nuestros t\u00edtulos y diplomas forman estudiantes capaces de intervenir en el dise\u00f1o, gesti\u00f3n y control de procesos productivos en distintos tipos de industrias.<\/p>\n","protected":false},"author":4,"featured_media":239,"parent":223,"menu_order":13,"comment_status":"closed","ping_status":"closed","template":"","meta":{"_acf_changed":false,"footnotes":""},"class_list":["post-238","page","type-page","status-publish","has-post-thumbnail","hentry","post","post-with-thumbnail","post-with-thumbnail-large"],"acf":[],"_links":{"self":[{"href":"https:\/\/www.ing.uc.cl\/quimica-y-bioprocesos\/wp-json\/wp\/v2\/pages\/238","targetHints":{"allow":["GET"]}}],"collection":[{"href":"https:\/\/www.ing.uc.cl\/quimica-y-bioprocesos\/wp-json\/wp\/v2\/pages"}],"about":[{"href":"https:\/\/www.ing.uc.cl\/quimica-y-bioprocesos\/wp-json\/wp\/v2\/types\/page"}],"author":[{"embeddable":true,"href":"https:\/\/www.ing.uc.cl\/quimica-y-bioprocesos\/wp-json\/wp\/v2\/users\/4"}],"replies":[{"embeddable":true,"href":"https:\/\/www.ing.uc.cl\/quimica-y-bioprocesos\/wp-json\/wp\/v2\/comments?post=238"}],"version-history":[{"count":33,"href":"https:\/\/www.ing.uc.cl\/quimica-y-bioprocesos\/wp-json\/wp\/v2\/pages\/238\/revisions"}],"predecessor-version":[{"id":1018,"href":"https:\/\/www.ing.uc.cl\/quimica-y-bioprocesos\/wp-json\/wp\/v2\/pages\/238\/revisions\/1018"}],"up":[{"embeddable":true,"href":"https:\/\/www.ing.uc.cl\/quimica-y-bioprocesos\/wp-json\/wp\/v2\/pages\/223"}],"wp:featuredmedia":[{"embeddable":true,"href":"https:\/\/www.ing.uc.cl\/quimica-y-bioprocesos\/wp-json\/wp\/v2\/media\/239"}],"wp:attachment":[{"href":"https:\/\/www.ing.uc.cl\/quimica-y-bioprocesos\/wp-json\/wp\/v2\/media?parent=238"}],"curies":[{"name":"wp","href":"https:\/\/api.w.org\/{rel}","templated":true}]}}