{"id":273,"date":"2021-04-09T17:59:44","date_gmt":"2021-04-09T20:59:44","guid":{"rendered":"https:\/\/www.ing.uc.cl\/quimica-y-bioprocesos\/?page_id=273"},"modified":"2023-04-12T10:55:14","modified_gmt":"2023-04-12T13:55:14","slug":"magister","status":"publish","type":"page","link":"https:\/\/www.ing.uc.cl\/quimica-y-bioprocesos\/programas\/postgrado\/magister\/","title":{"rendered":"Mag\u00edster"},"content":{"rendered":"<p><strong>Mag\u00edster en Ciencias de la Ingenier\u00eda, \u00e1rea Ingenier\u00eda Qu\u00edmica y Bioprocesos<\/strong><\/p>\n<p>Los graduados del Mag\u00edster en Ciencias de la Ingenier\u00eda, \u00e1rea Ingenier\u00eda Qu\u00edmica y Bioprocesos poseer\u00e1n las capacidades para desarrollar soluciones ingenieriles a problemas relevantes del pa\u00eds desde la frontera del conocimiento, en las \u00e1reas de alimentos, biotecnolog\u00eda y medio ambiente, as\u00ed como difundir conocimiento cient\u00edfico-tecnol\u00f3gico, modelar situaciones complejas y proponer soluciones innovadoras que los faculten para desempe\u00f1arse exitosamente, idealmente con esp\u00edritu emprendedor, pero sin dudas con capacidad inquisitiva y anal\u00edtica en empresas e instituciones p\u00fablicas y privadas, incluyendo el \u00e1mbito acad\u00e9mico y de investigaci\u00f3n aplicada. Podr\u00e1n plantear y discutir sus resultados a la luz de la literatura especializada relevante y derivar las principales conclusiones, sujeto a est\u00e1ndares internacionales de presentaci\u00f3n, tanto en forma oral como escrita.<\/p>\n<p><strong>L\u00edneas de investigaci\u00f3n<\/strong><\/p>\n<ul>\n<li>L\u00ednea Biotecnolog\u00eda: Ingenier\u00eda metab\u00f3lica y fermentaciones, ingenier\u00eda de prote\u00ednas y biocat\u00e1lisis, bioseparaciones, biomateriales y bioinform\u00e1tica.<\/li>\n<li>L\u00ednea Ingenier\u00eda de Alimentos: Propiedades f\u00edsicas y microestructurales de alimentos, procesamiento de alimentos y microbiolog\u00eda de alimentos.<\/li>\n<li>L\u00ednea Din\u00e1mica y Modelaci\u00f3n de Procesos Qu\u00edmicos y Ambientales: Ciencia y tecnolog\u00eda ambiental, termodin\u00e1mica experimental y modelaci\u00f3n, cat\u00e1lisis heterog\u00e9nea, biorremediaci\u00f3n de suelos y biocombustibles.<\/li>\n<\/ul>\n<p><a href=\"https:\/\/www.ing.uc.cl\/programas-de-estudio\/postgrado\/magister-ciencias-la-ingenieria\/requisitos-y-postulacion\/\">Requisitos y Postulaci\u00f3n<\/a><\/p>\n<p><a href=\"https:\/\/www.ing.uc.cl\/programas-de-estudio\/postgrado\/magister-ciencias-la-ingenieria\/costos-y-becas\/\">Costos y Becas<\/a><\/p>\n<p><a href=\"https:\/\/www.ing.uc.cl\/programas-de-estudio\/postgrado\/magister-ciencias-la-ingenieria\/plan-de-estudios\/\">Plan de estudios y reglamentos<\/a><\/p>\n<p><a href=\"https:\/\/drive.google.com\/file\/d\/1VzBEIVE3oRf1T0E4VUVmeFUBOy2WZvDr\/view?usp=share_link\">Perfil de Egreso y Claustro<\/a><\/p>\n<p><strong>Jefe de \u00e1rea<\/strong>: <a href=\"https:\/\/www.ing.uc.cl\/academicos-e-investigadores\/wendy-veronica-franco-melazzini\/\">Wendy Franco<\/a><\/p>\n","protected":false},"excerpt":{"rendered":"<p>El programa de Mag\u00edster en Ciencias de la Ingenier\u00eda, \u00e1rea Ingenier\u00eda Qu\u00edmica y Bioprocesos en tiene una duraci\u00f3n de cuatro semestres y se dicta en forma presencial en el Campus San Joaqu\u00edn UC.<\/p>\n","protected":false},"author":4,"featured_media":274,"parent":227,"menu_order":15,"comment_status":"closed","ping_status":"closed","template":"","meta":{"_acf_changed":false,"footnotes":""},"class_list":["post-273","page","type-page","status-publish","has-post-thumbnail","hentry","post","post-with-thumbnail","post-with-thumbnail-large"],"acf":[],"_links":{"self":[{"href":"https:\/\/www.ing.uc.cl\/quimica-y-bioprocesos\/wp-json\/wp\/v2\/pages\/273","targetHints":{"allow":["GET"]}}],"collection":[{"href":"https:\/\/www.ing.uc.cl\/quimica-y-bioprocesos\/wp-json\/wp\/v2\/pages"}],"about":[{"href":"https:\/\/www.ing.uc.cl\/quimica-y-bioprocesos\/wp-json\/wp\/v2\/types\/page"}],"author":[{"embeddable":true,"href":"https:\/\/www.ing.uc.cl\/quimica-y-bioprocesos\/wp-json\/wp\/v2\/users\/4"}],"replies":[{"embeddable":true,"href":"https:\/\/www.ing.uc.cl\/quimica-y-bioprocesos\/wp-json\/wp\/v2\/comments?post=273"}],"version-history":[{"count":7,"href":"https:\/\/www.ing.uc.cl\/quimica-y-bioprocesos\/wp-json\/wp\/v2\/pages\/273\/revisions"}],"predecessor-version":[{"id":1594,"href":"https:\/\/www.ing.uc.cl\/quimica-y-bioprocesos\/wp-json\/wp\/v2\/pages\/273\/revisions\/1594"}],"up":[{"embeddable":true,"href":"https:\/\/www.ing.uc.cl\/quimica-y-bioprocesos\/wp-json\/wp\/v2\/pages\/227"}],"wp:featuredmedia":[{"embeddable":true,"href":"https:\/\/www.ing.uc.cl\/quimica-y-bioprocesos\/wp-json\/wp\/v2\/media\/274"}],"wp:attachment":[{"href":"https:\/\/www.ing.uc.cl\/quimica-y-bioprocesos\/wp-json\/wp\/v2\/media?parent=273"}],"curies":[{"name":"wp","href":"https:\/\/api.w.org\/{rel}","templated":true}]}}