{"id":608,"date":"2021-04-22T11:38:41","date_gmt":"2021-04-22T14:38:41","guid":{"rendered":"https:\/\/www.ing.uc.cl\/quimica-y-bioprocesos\/?page_id=608"},"modified":"2021-05-26T18:54:25","modified_gmt":"2021-05-26T21:54:25","slug":"laboratorio-de-materiales-cataliticos","status":"publish","type":"page","link":"https:\/\/www.ing.uc.cl\/quimica-y-bioprocesos\/investigacion\/laboratorios\/laboratorio-de-materiales-cataliticos\/","title":{"rendered":"Laboratorio de Materiales Catal\u00edticos"},"content":{"rendered":"<p>El objetivo del laboratorio es dise\u00f1ar y sintetizar nuevos materiales catal\u00edticos para la producci\u00f3n de productos qu\u00edmicos estrat\u00e9gicos a partir de derivados de biomasa, utilizando diversos procesos catal\u00edticos.<\/p>\n<p>El equipo es liderado por el profesor N\u00e9stor Escalona, el cual es director del N\u00facleo Milenio en Procesos Catal\u00edticos hacia la Qu\u00edmica Austentable (<a href=\"https:\/\/quimicasustentable.cl\/\">N\u00facleo Milenio CSC<\/a>), adem\u00e1s de ser investigador asociado del Centro de Investigaci\u00f3n en Nanotecnolog\u00eda y Materiales Avanzados (<a href=\"http:\/\/www.fis.puc.cl\/~cienuc\/\">CIEN-UC<\/a>) y presidente de la divisi\u00f3n de cat\u00e1lisis y adsorci\u00f3n de la Sociedad Chilena de Qu\u00edmica (<a href=\"https:\/\/www.schq.cl\/\">SCHQ<\/a>).<\/p>\n<p>Las \u00e1reas que se desarrollan son las siguientes:<\/p>\n<ul>\n<li>S\u00edntesis de materiales.<\/li>\n<li>Medidas de actividad catal\u00edtica en r\u00e9gimen bach y continuo en fase gas a presi\u00f3n atmosf\u00e9rica.<\/li>\n<li>Caracterizaci\u00f3n textural y superficial de materiales, mediante adsorci\u00f3n \u00a0y desorci\u00f3n de Nitr\u00f3geno y Di\u00f3xido de carbono.<\/li>\n<li>Caracterizaci\u00f3n de las propiedades \u00e1cidas y b\u00e1sicas de los materiales mediante DTP-NH3, desorci\u00f3n de CO2 y TPRec de metanol.<\/li>\n<li>Determinaci\u00f3n de la dispersi\u00f3n met\u00e1lica mediante quimisorci\u00f3n de Hidr\u00f3geno y CO2.<\/li>\n<li>S\u00edntesis de Jet-Fuel mediante condensaci\u00f3n ald\u00f3lica<\/li>\n<li>Producci\u00f3n de hidr\u00f3geno de fuentes renovables (etanol, acido f\u00f3rmico)<\/li>\n<li>Almacenamiento de hidr\u00f3geno en materiales porosos.<\/li>\n<li>Eliminaci\u00f3n de contaminantes gaseoso mediante fotocat\u00e1lisis.<\/li>\n<\/ul>\n<p><strong>Para mayor informaci\u00f3n visitar:<\/strong><\/p>\n<p><a href=\"https:\/\/labcatalisis.ing.puc.cl\/\">https:\/\/labcatalisis.ing.puc.cl\/<\/a><\/p>\n<p><strong>Contacto<\/strong>: N\u00e9stor Escalona B. (<a href=\"mailto:neescalona@ing.puc.cl\">neescalona@ing.puc.cl<\/a>)<\/p>\n","protected":false},"excerpt":{"rendered":"<p>__________<\/p>\n","protected":false},"author":4,"featured_media":609,"parent":493,"menu_order":37,"comment_status":"closed","ping_status":"closed","template":"","meta":{"_acf_changed":false,"footnotes":""},"class_list":["post-608","page","type-page","status-publish","has-post-thumbnail","hentry","post","post-with-thumbnail","post-with-thumbnail-large"],"acf":[],"_links":{"self":[{"href":"https:\/\/www.ing.uc.cl\/quimica-y-bioprocesos\/wp-json\/wp\/v2\/pages\/608","targetHints":{"allow":["GET"]}}],"collection":[{"href":"https:\/\/www.ing.uc.cl\/quimica-y-bioprocesos\/wp-json\/wp\/v2\/pages"}],"about":[{"href":"https:\/\/www.ing.uc.cl\/quimica-y-bioprocesos\/wp-json\/wp\/v2\/types\/page"}],"author":[{"embeddable":true,"href":"https:\/\/www.ing.uc.cl\/quimica-y-bioprocesos\/wp-json\/wp\/v2\/users\/4"}],"replies":[{"embeddable":true,"href":"https:\/\/www.ing.uc.cl\/quimica-y-bioprocesos\/wp-json\/wp\/v2\/comments?post=608"}],"version-history":[{"count":2,"href":"https:\/\/www.ing.uc.cl\/quimica-y-bioprocesos\/wp-json\/wp\/v2\/pages\/608\/revisions"}],"predecessor-version":[{"id":1272,"href":"https:\/\/www.ing.uc.cl\/quimica-y-bioprocesos\/wp-json\/wp\/v2\/pages\/608\/revisions\/1272"}],"up":[{"embeddable":true,"href":"https:\/\/www.ing.uc.cl\/quimica-y-bioprocesos\/wp-json\/wp\/v2\/pages\/493"}],"wp:featuredmedia":[{"embeddable":true,"href":"https:\/\/www.ing.uc.cl\/quimica-y-bioprocesos\/wp-json\/wp\/v2\/media\/609"}],"wp:attachment":[{"href":"https:\/\/www.ing.uc.cl\/quimica-y-bioprocesos\/wp-json\/wp\/v2\/media?parent=608"}],"curies":[{"name":"wp","href":"https:\/\/api.w.org\/{rel}","templated":true}]}}