{"id":618,"date":"2021-04-22T11:43:37","date_gmt":"2021-04-22T14:43:37","guid":{"rendered":"https:\/\/www.ing.uc.cl\/quimica-y-bioprocesos\/?page_id=618"},"modified":"2021-06-03T11:11:04","modified_gmt":"2021-06-03T14:11:04","slug":"laboratorio-de-ciencia-e-ingenieria-a-altas-presiones","status":"publish","type":"page","link":"https:\/\/www.ing.uc.cl\/quimica-y-bioprocesos\/investigacion\/laboratorios\/laboratorio-de-ciencia-e-ingenieria-a-altas-presiones\/","title":{"rendered":"Laboratorio de Ciencia e Ingenier\u00eda a Altas Presiones"},"content":{"rendered":"<p>El objetivo del laboratorio es el dise\u00f1o de procesos de extracci\u00f3n de compuestos de alto valor desde sustratos vegetales. Se estudia como solvente principal el CO<sub>2<\/sub>\u00a0supercr\u00edtico desde el estudio termodin\u00e1mico y cin\u00e9tico, la optimizaci\u00f3n de las condiciones de operaci\u00f3n, la modelaci\u00f3n de isotermas de adsorci\u00f3n, fen\u00f3menos de transferencia de calor y masa, y la optimizaci\u00f3n del escalamiento de una planta a nivel industrial.<\/p>\n<p>El equipo es liderado por el profesor Jos\u00e9 Manuel del Valle, quien es vicepresidente de la International Society for the Advancement\u00a0of Supercritical Fluids (<a href=\"https:\/\/supercriticalfluidsociety.net\/\">ISASF<\/a>). Adem\u00e1s, el profesor del Valle fue Co-Chairman de ProSCiba 2016 importante conferencia en el \u00e1rea y dirige el laboratorio de ciencia e ingenier\u00eda a altas presiones y planta de bioseparaciones. Mantiene importantes colaboraciones a nivel nacional con investigadores en la USM y la UFRO y a nivel internacional con profesores en M\u00e9xico y Alemania.<\/p>\n<p>Las \u00e1reas que se desarrollan son las siguientes:<\/p>\n<ul>\n<li>Medici\u00f3n del equilibrio de partici\u00f3n de solutos entre matriz s\u00f3lida y CO<sub>2<\/sub>supercr\u00edtico.<\/li>\n<li>Optimizaci\u00f3n de condiciones de extracci\u00f3n (temperatura, presi\u00f3n, velocidad superficial del CO<sub>2<\/sub>)<\/li>\n<li>Pretratamiento de sustratos s\u00f3lidos (pre-prensado, peletizaci\u00f3n)<\/li>\n<li>Modelamiento de la extracci\u00f3n supercr\u00edtica para determinar par\u00e1metros de transferencia de masa<\/li>\n<li>Simulaci\u00f3n de plantas industriales de extracci\u00f3n con CO<sub>2<\/sub>supercr\u00edtico<\/li>\n<\/ul>\n<p><strong>Contacto<\/strong>: Jos\u00e9 Manuel del Valle (<a href=\"mailto:delvalle@ing.puc.cl\">delvalle@ing.puc.cl<\/a>)<\/p>\n<p>&nbsp;<\/p>\n","protected":false},"excerpt":{"rendered":"<p>__________<\/p>\n","protected":false},"author":4,"featured_media":619,"parent":493,"menu_order":31,"comment_status":"closed","ping_status":"closed","template":"","meta":{"_acf_changed":false,"footnotes":""},"class_list":["post-618","page","type-page","status-publish","has-post-thumbnail","hentry","post","post-with-thumbnail","post-with-thumbnail-large"],"acf":[],"_links":{"self":[{"href":"https:\/\/www.ing.uc.cl\/quimica-y-bioprocesos\/wp-json\/wp\/v2\/pages\/618","targetHints":{"allow":["GET"]}}],"collection":[{"href":"https:\/\/www.ing.uc.cl\/quimica-y-bioprocesos\/wp-json\/wp\/v2\/pages"}],"about":[{"href":"https:\/\/www.ing.uc.cl\/quimica-y-bioprocesos\/wp-json\/wp\/v2\/types\/page"}],"author":[{"embeddable":true,"href":"https:\/\/www.ing.uc.cl\/quimica-y-bioprocesos\/wp-json\/wp\/v2\/users\/4"}],"replies":[{"embeddable":true,"href":"https:\/\/www.ing.uc.cl\/quimica-y-bioprocesos\/wp-json\/wp\/v2\/comments?post=618"}],"version-history":[{"count":6,"href":"https:\/\/www.ing.uc.cl\/quimica-y-bioprocesos\/wp-json\/wp\/v2\/pages\/618\/revisions"}],"predecessor-version":[{"id":1385,"href":"https:\/\/www.ing.uc.cl\/quimica-y-bioprocesos\/wp-json\/wp\/v2\/pages\/618\/revisions\/1385"}],"up":[{"embeddable":true,"href":"https:\/\/www.ing.uc.cl\/quimica-y-bioprocesos\/wp-json\/wp\/v2\/pages\/493"}],"wp:featuredmedia":[{"embeddable":true,"href":"https:\/\/www.ing.uc.cl\/quimica-y-bioprocesos\/wp-json\/wp\/v2\/media\/619"}],"wp:attachment":[{"href":"https:\/\/www.ing.uc.cl\/quimica-y-bioprocesos\/wp-json\/wp\/v2\/media?parent=618"}],"curies":[{"name":"wp","href":"https:\/\/api.w.org\/{rel}","templated":true}]}}