{"id":624,"date":"2021-04-22T11:48:12","date_gmt":"2021-04-22T14:48:12","guid":{"rendered":"https:\/\/www.ing.uc.cl\/quimica-y-bioprocesos\/?page_id=624"},"modified":"2021-06-03T11:12:57","modified_gmt":"2021-06-03T14:12:57","slug":"laboratorio-de-energias-renovables-y-residuos","status":"publish","type":"page","link":"https:\/\/www.ing.uc.cl\/quimica-y-bioprocesos\/investigacion\/laboratorios\/laboratorio-de-energias-renovables-y-residuos\/","title":{"rendered":"Laboratorio de Energ\u00edas Renovables y Residuos"},"content":{"rendered":"<p>El objetivo principal del Laboratorio de Energ\u00edas Renovables y Residuos, LERR-UC, es desarrollar proyectos de investigaci\u00f3n y desarrollo, I&amp;D, en la l\u00ednea de Procesos Sustentables, con \u00e9nfasis en el desarrollo de aplicaciones tecnol\u00f3gicas (patentes). Las sub-l\u00edneas\u00a0de\u00a0I&amp;D del LERR-UC, son las siguientes:<\/p>\n<p><strong>Valorizaci\u00f3n de residuos:<\/strong><\/p>\n<ul>\n<li><strong>Producci\u00f3n de combustibles derivados de biomasa. <\/strong>Sistemas de producci\u00f3n de biodiesel, biog\u00e1s y biohidr\u00f3geno<strong>.<\/strong><\/li>\n<li><strong>Producci\u00f3n de hidr\u00f3geno y <\/strong><strong>portadores de hidr\u00f3geno v\u00eda electrofotoqu\u00edmica.<\/strong> Reactores de electrofotocat\u00e1lisis, dise\u00f1o de electrofotocatalizadores empleando nanomateriales. Dise\u00f1o y prueba de fotoreactores que emplean mol\u00e9culas contaminantes, gases de efecto invernadero o compuestos de escaso valor. Modelaci\u00f3n y simulaci\u00f3n de procesos.<\/li>\n<li><strong>Valorizaci\u00f3n de residuos industriales y urbanos. <\/strong>Gesti\u00f3n de RSU, residuos de la industria l\u00e1ctea y lechera, residuos de salmonicultura.<\/li>\n<li><strong>Vitrificaci\u00f3n superficial de relaves mineros y <\/strong>formadores de vidrio residuales empleando l\u00e1ser de potencia.<\/li>\n<\/ul>\n<p><strong>Cultivos de microorganismos fotosintetizadores (microalgas):\u00a0<\/strong>Cultivos no pat\u00f3genos autotr\u00f3ficos o mixotr\u00f3ficos. Modelaci\u00f3n y simulaci\u00f3n de procesos. Dise\u00f1o de fotobioreactores, producci\u00f3n de biomasa de microalgas y metabolitos, aplicaciones a la valorizaci\u00f3n de residuos y procesos de descontaminaci\u00f3n, sistemas tipo biorefiner\u00edas con biog\u00e1s.<\/p>\n<p><strong>Biorremediaci\u00f3n de suelos, lodos y aguas contaminados con derivados del petr\u00f3leo y compuestos xenobi\u00f3ticos. <\/strong>Utilizaci\u00f3n de cultivos microbianos biodegradadores de compuestos org\u00e1nicos recalcitrantes. Utilizaci\u00f3n de hongos y bacterias degradadoras no pat\u00f3genas.<\/p>\n<p><strong>Contacto<\/strong>: Dr. Leonardo Rodr\u00edguez (<a href=\"mailto:larodrig@ing.puc.cl\">larodrig@ing.puc.cl<\/a>)<\/p>\n<p>&nbsp;<\/p>\n","protected":false},"excerpt":{"rendered":"<p>__________<\/p>\n","protected":false},"author":4,"featured_media":625,"parent":493,"menu_order":33,"comment_status":"closed","ping_status":"closed","template":"","meta":{"_acf_changed":false,"footnotes":""},"class_list":["post-624","page","type-page","status-publish","has-post-thumbnail","hentry","post","post-with-thumbnail","post-with-thumbnail-large"],"acf":[],"_links":{"self":[{"href":"https:\/\/www.ing.uc.cl\/quimica-y-bioprocesos\/wp-json\/wp\/v2\/pages\/624","targetHints":{"allow":["GET"]}}],"collection":[{"href":"https:\/\/www.ing.uc.cl\/quimica-y-bioprocesos\/wp-json\/wp\/v2\/pages"}],"about":[{"href":"https:\/\/www.ing.uc.cl\/quimica-y-bioprocesos\/wp-json\/wp\/v2\/types\/page"}],"author":[{"embeddable":true,"href":"https:\/\/www.ing.uc.cl\/quimica-y-bioprocesos\/wp-json\/wp\/v2\/users\/4"}],"replies":[{"embeddable":true,"href":"https:\/\/www.ing.uc.cl\/quimica-y-bioprocesos\/wp-json\/wp\/v2\/comments?post=624"}],"version-history":[{"count":6,"href":"https:\/\/www.ing.uc.cl\/quimica-y-bioprocesos\/wp-json\/wp\/v2\/pages\/624\/revisions"}],"predecessor-version":[{"id":1387,"href":"https:\/\/www.ing.uc.cl\/quimica-y-bioprocesos\/wp-json\/wp\/v2\/pages\/624\/revisions\/1387"}],"up":[{"embeddable":true,"href":"https:\/\/www.ing.uc.cl\/quimica-y-bioprocesos\/wp-json\/wp\/v2\/pages\/493"}],"wp:featuredmedia":[{"embeddable":true,"href":"https:\/\/www.ing.uc.cl\/quimica-y-bioprocesos\/wp-json\/wp\/v2\/media\/625"}],"wp:attachment":[{"href":"https:\/\/www.ing.uc.cl\/quimica-y-bioprocesos\/wp-json\/wp\/v2\/media?parent=624"}],"curies":[{"name":"wp","href":"https:\/\/api.w.org\/{rel}","templated":true}]}}