{"id":630,"date":"2021-04-22T11:51:11","date_gmt":"2021-04-22T14:51:11","guid":{"rendered":"https:\/\/www.ing.uc.cl\/quimica-y-bioprocesos\/?page_id=630"},"modified":"2021-06-03T11:10:25","modified_gmt":"2021-06-03T14:10:25","slug":"laboratorio-de-calidad-del-aire","status":"publish","type":"page","link":"https:\/\/www.ing.uc.cl\/quimica-y-bioprocesos\/investigacion\/laboratorios\/laboratorio-de-calidad-del-aire\/","title":{"rendered":"Laboratorio de Calidad del Aire"},"content":{"rendered":"<p>El objetivo del laboratorio es apoyar la realizaci\u00f3n de campa\u00f1as de monitoreo de calidad del aire, tanto en interior como en exteriores, para empresas privadas, organismos p\u00fablicos u ONG, con el fin de caracterizar los niveles de concentraciones de material particulado respirable, su especiaci\u00f3n qu\u00edmica y las principales fuentes que aportan a las concentraciones ambientales (veh\u00edculos, industria, residenciales, naturales).<\/p>\n<p>En la actualidad se colabora con el proyecto FONDAP <a href=\"https:\/\/www.accdis.cl\/\">ACCDIS<\/a> (U. Chile \u2013 U. Cat\u00f3lica) caracterizando la exposici\u00f3n de la cohorte de Molina a distintos contaminantes atmosf\u00e9ricos. Tambi\u00e9n se colabora con el Anillo ARIES (Pediatr\u00eda UC) para caracterizar exposiciones intramuros a contaminantes atmosf\u00e9ricas antes y despu\u00e9s del parto, con posteriores seguimientos peri\u00f3dicos a una cohorte de familias.<\/p>\n<p>Las actividades que se desarrollan son las siguientes:<\/p>\n<ul>\n<li>Gravimetr\u00eda de filtros y muestras ambientales mediante microbalanza (1 mg de resoluci\u00f3n) en sala de pesaje climatizada.<\/li>\n<li>Monitoreo de calidad del aire en ambientes interiores y exteriores, para las fracciones MP<sub>5<\/sub>y MP<sub>10<\/sub>\u00a0del material particulado respirable.<\/li>\n<li>An\u00e1lisis de la composici\u00f3n qu\u00edmica del material particulado (en colaboraci\u00f3n con el Wisconsin State Laboratory of Hygiene, University of Wisconsin, Madison, EEUU).<\/li>\n<li>Aplicaci\u00f3n de modelos de receptor para el reparto de fuentes del material particulado.<\/li>\n<li>Monitoreo de\u00a0<em>black carbon<\/em>(holl\u00edn) y\u00a0<em>brown carbon<\/em>\u00a0en ambientes interiores y exteriores.<\/li>\n<li>Monitoreo de endotoxinas en ambientes interiores y exteriores (en conjunto con la profesora Ana Mar\u00eda Edwards, Facultad de Qu\u00edmica UC).<\/li>\n<li>Monitoreo de material particulado sedimentable.<\/li>\n<li>Modelaci\u00f3n de calidad del aire a escala local (calles), urbana y regional, empleando modelos state-of-the-science como WRF-Chem y HYSPLIT.<\/li>\n<\/ul>\n<p><strong>Contacto<\/strong>: H\u00e9ctor Jorquera (<a href=\"mailto:jorquera@ing.puc.cl\">jorquera@ing.puc.cl<\/a>)<\/p>\n<p>&nbsp;<\/p>\n","protected":false},"excerpt":{"rendered":"<p>__________<\/p>\n","protected":false},"author":4,"featured_media":0,"parent":493,"menu_order":30,"comment_status":"closed","ping_status":"closed","template":"","meta":{"_acf_changed":false,"footnotes":""},"class_list":["post-630","page","type-page","status-publish","hentry","post"],"acf":[],"_links":{"self":[{"href":"https:\/\/www.ing.uc.cl\/quimica-y-bioprocesos\/wp-json\/wp\/v2\/pages\/630","targetHints":{"allow":["GET"]}}],"collection":[{"href":"https:\/\/www.ing.uc.cl\/quimica-y-bioprocesos\/wp-json\/wp\/v2\/pages"}],"about":[{"href":"https:\/\/www.ing.uc.cl\/quimica-y-bioprocesos\/wp-json\/wp\/v2\/types\/page"}],"author":[{"embeddable":true,"href":"https:\/\/www.ing.uc.cl\/quimica-y-bioprocesos\/wp-json\/wp\/v2\/users\/4"}],"replies":[{"embeddable":true,"href":"https:\/\/www.ing.uc.cl\/quimica-y-bioprocesos\/wp-json\/wp\/v2\/comments?post=630"}],"version-history":[{"count":3,"href":"https:\/\/www.ing.uc.cl\/quimica-y-bioprocesos\/wp-json\/wp\/v2\/pages\/630\/revisions"}],"predecessor-version":[{"id":1384,"href":"https:\/\/www.ing.uc.cl\/quimica-y-bioprocesos\/wp-json\/wp\/v2\/pages\/630\/revisions\/1384"}],"up":[{"embeddable":true,"href":"https:\/\/www.ing.uc.cl\/quimica-y-bioprocesos\/wp-json\/wp\/v2\/pages\/493"}],"wp:attachment":[{"href":"https:\/\/www.ing.uc.cl\/quimica-y-bioprocesos\/wp-json\/wp\/v2\/media?parent=630"}],"curies":[{"name":"wp","href":"https:\/\/api.w.org\/{rel}","templated":true}]}}