{"id":641,"date":"2021-04-22T11:58:52","date_gmt":"2021-04-22T14:58:52","guid":{"rendered":"https:\/\/www.ing.uc.cl\/quimica-y-bioprocesos\/?page_id=641"},"modified":"2022-09-09T21:24:58","modified_gmt":"2022-09-10T00:24:58","slug":"laboratorio-de-fluidodinamica-computacional","status":"publish","type":"page","link":"https:\/\/www.ing.uc.cl\/quimica-y-bioprocesos\/investigacion\/laboratorios\/laboratorio-de-fluidodinamica-computacional\/","title":{"rendered":"Laboratorio de Fluidodin\u00e1mica Computacional"},"content":{"rendered":"<p><strong>Modelamiento de fen\u00f3menos de transporte complejos en unidades de proceso utilizando <\/strong><strong>fluidodin\u00e1mica computacional (CFD) como herramienta de validaci\u00f3n<\/strong><\/p>\n<p>Las nuevas unidades de proceso desarrolladas en respuesta a innovaci\u00f3n tecnol\u00f3gica en la industria de energ\u00eda, alimentos, aeroespacial y m\u00e9dica se han vuelto m\u00e1s complejas. En estas unidades, la transferencia de calor, masa y momentum ocurren de manera acoplada en m\u00faltiples fases, dificultando su modelamiento y posterior optimizaci\u00f3n. Por una parte, los modelos simples de par\u00e1metros agrupados desprecian fen\u00f3menos f\u00edsicos cruciales y carecen de poder predictivo para estos nuevos sistemas. Por otra, los modelos complejos de CFD requieren muchos par\u00e1metros dif\u00edciles de obtener y un costo computacional que hace no factible su aplicaci\u00f3n pr\u00e1ctica.<\/p>\n<p>Esta l\u00ednea plantea el desarrollo de modelos de transporte realistas no-estacionarios capaces de capturar los fen\u00f3menos f\u00edsicos fundamentales y simult\u00e1neamente disminuir el tiempo de simulaci\u00f3n 3 a 6 \u00f3rdenes de magnitud en comparaci\u00f3n a CFD. Para verificar supuestos de los modelos, CFD se utiliza como herramienta para validar aspectos en que datos experimentales no existen, son insuficientes o son impracticables de recolectar. Los modelos realistas ayudan a entender el sistema de manera m\u00e1s clara que modelos m\u00e1s complejos, y se pueden implementar en simuladores de procesos para optimizar su dise\u00f1o y operaci\u00f3n.<\/p>\n<p>Las aplicaciones actuales se centran en modelar el almacenamiento de (i) energ\u00eda mediante gas natural licuado, hidr\u00f3geno l\u00edquido y otros l\u00edquidos criog\u00e9nicos como combustibles directos o vectores energ\u00e9ticos y (ii) energ\u00eda renovable mediante bater\u00edas de flujo de \u00f3xido reducci\u00f3n.<\/p>\n<p>&nbsp;<\/p>\n<p><strong>Investigador principal:<\/strong> Felipe Huerta (<a href=\"mailto:fnhuerta@ing.puc.cl\">fnhuerta@ing.puc.cl<\/a>)<\/p>\n<p>\u00c1rea mayor: DIN\u00c1MICA Y MODELACI\u00d3N DE PROCESOS QU\u00cdMICOS Y AMBIENTALES<\/p>\n","protected":false},"excerpt":{"rendered":"<p>__________<\/p>\n","protected":false},"author":4,"featured_media":642,"parent":493,"menu_order":27,"comment_status":"closed","ping_status":"closed","template":"","meta":{"_acf_changed":false,"footnotes":""},"class_list":["post-641","page","type-page","status-publish","has-post-thumbnail","hentry","post","post-with-thumbnail","post-with-thumbnail-large"],"acf":[],"_links":{"self":[{"href":"https:\/\/www.ing.uc.cl\/quimica-y-bioprocesos\/wp-json\/wp\/v2\/pages\/641","targetHints":{"allow":["GET"]}}],"collection":[{"href":"https:\/\/www.ing.uc.cl\/quimica-y-bioprocesos\/wp-json\/wp\/v2\/pages"}],"about":[{"href":"https:\/\/www.ing.uc.cl\/quimica-y-bioprocesos\/wp-json\/wp\/v2\/types\/page"}],"author":[{"embeddable":true,"href":"https:\/\/www.ing.uc.cl\/quimica-y-bioprocesos\/wp-json\/wp\/v2\/users\/4"}],"replies":[{"embeddable":true,"href":"https:\/\/www.ing.uc.cl\/quimica-y-bioprocesos\/wp-json\/wp\/v2\/comments?post=641"}],"version-history":[{"count":5,"href":"https:\/\/www.ing.uc.cl\/quimica-y-bioprocesos\/wp-json\/wp\/v2\/pages\/641\/revisions"}],"predecessor-version":[{"id":1544,"href":"https:\/\/www.ing.uc.cl\/quimica-y-bioprocesos\/wp-json\/wp\/v2\/pages\/641\/revisions\/1544"}],"up":[{"embeddable":true,"href":"https:\/\/www.ing.uc.cl\/quimica-y-bioprocesos\/wp-json\/wp\/v2\/pages\/493"}],"wp:featuredmedia":[{"embeddable":true,"href":"https:\/\/www.ing.uc.cl\/quimica-y-bioprocesos\/wp-json\/wp\/v2\/media\/642"}],"wp:attachment":[{"href":"https:\/\/www.ing.uc.cl\/quimica-y-bioprocesos\/wp-json\/wp\/v2\/media?parent=641"}],"curies":[{"name":"wp","href":"https:\/\/api.w.org\/{rel}","templated":true}]}}