{"id":644,"date":"2021-04-22T12:00:27","date_gmt":"2021-04-22T15:00:27","guid":{"rendered":"https:\/\/www.ing.uc.cl\/quimica-y-bioprocesos\/?page_id=644"},"modified":"2021-06-03T10:58:58","modified_gmt":"2021-06-03T13:58:58","slug":"laboratorio-de-bioingenieria-de-sistemas","status":"publish","type":"page","link":"https:\/\/www.ing.uc.cl\/quimica-y-bioprocesos\/investigacion\/laboratorios\/laboratorio-de-bioingenieria-de-sistemas\/","title":{"rendered":"Laboratorio de Bioingenier\u00eda de Sistemas"},"content":{"rendered":"<p>El objetivo principal de nuestro laboratorio es desarrollar m\u00e9todos y herramientas computacionales para re-dise\u00f1ar, analizar y optimizar el metabolismo celular con el objeto de desarrollar nuevos procesos biotecnol\u00f3gicos m\u00e1s sustentables.<\/p>\n<p>El equipo es liderado por el profesor Pedro Saa, quien es Ingeniero Civil de Biotecnolog\u00eda de la Pontificia Universidad Cat\u00f3lica de Chile, Mag\u00edster en Ciencias de la Ingenier\u00eda de la misma casa de estudios, y Doctor en Biolog\u00eda de Sistemas de la Universidad de Queensland, Australia.<\/p>\n<p>Los principales intereses del laboratorio incluyen la reconstrucci\u00f3n y an\u00e1lisis de redes metab\u00f3licas, dise\u00f1o <em>in silico<\/em> de v\u00edas metab\u00f3licas (retros\u00edntesis), modelamiento cin\u00e9tico del metabolismo celular, simulaci\u00f3n y optimizaci\u00f3n de procesos biotecnol\u00f3gicos, y m\u00e9todos bioinform\u00e1ticos para la integraci\u00f3n de datos \u00f3micos (metaboloma, transcriptoma, proteoma, fluxoma y kinetoma). Adem\u00e1s, nuestro laboratorio recientemente est\u00e1 incursionado en el an\u00e1lisis estad\u00edstico de datos psicom\u00e9tricos y sensometabol\u00f3micos para el diagn\u00f3stico temprano de enfermedades.<\/p>\n<p>Proyectos en curso y futuros:<\/p>\n<ul>\n<li>FONDECYT Regular No. 321153 (2021-2024). Sustainable production of mealybug pheromones using engineered biological systems. <strong>Investigador Asociado.<\/strong><\/li>\n<li>Open Seed Fund UC (2020-2021). Metabolic Engineering of <em>Halomonas<\/em> for PHA production. <strong>Investigador Asociado.<\/strong><\/li>\n<li>Fondo de Adopci\u00f3n Tecnol\u00f3gica SiEmpre (CPC) &amp; SOFOFA Hub (CORFO) (2020) Q-test, Test Olfativo R\u00e1pido para detecci\u00f3n de sospechosos de Covid-19 asintom\u00e1ticos. <strong>Investigador Asociado.<\/strong><\/li>\n<li>FONDECYT Iniciaci\u00f3n (ANID) No. 11190871 (2019-2022). A general Bayesian framework for leveraging existing kinetic data and thermodynamic constraints for constructing accurate models of cellular metabolism. <strong>Investigador Principal.<\/strong><\/li>\n<li>FONDECYT Regular (ANID) No. 321153 ANID (2019-2022). Identification and modeling of cross-feeding interactions in the gut microbiome for designing microbial communities. <strong>Investigador Asociado.<\/strong><\/li>\n<\/ul>\n<p>Para m\u00e1s detalle acerca de las \u00e1reas tem\u00e1ticas, publicaciones y oportunidades de investigaci\u00f3n visitar la p\u00e1gina <a href=\"https:\/\/sysbioengineeringlab.ing.puc.cl\/\">https:\/\/sysbioengineeringlab.ing.puc.cl\/<\/a> o contactar al Prof. Saa a <a href=\"mailto:pnsaa@ing.puc.cl\">pnsaa@ing.puc.cl<\/a>.<\/p>\n<p>&nbsp;<\/p>\n<p>&nbsp;<\/p>\n","protected":false},"excerpt":{"rendered":"<p>__________<\/p>\n","protected":false},"author":4,"featured_media":645,"parent":493,"menu_order":26,"comment_status":"closed","ping_status":"closed","template":"","meta":{"_acf_changed":false,"footnotes":""},"class_list":["post-644","page","type-page","status-publish","has-post-thumbnail","hentry","post","post-with-thumbnail","post-with-thumbnail-large"],"acf":[],"_links":{"self":[{"href":"https:\/\/www.ing.uc.cl\/quimica-y-bioprocesos\/wp-json\/wp\/v2\/pages\/644","targetHints":{"allow":["GET"]}}],"collection":[{"href":"https:\/\/www.ing.uc.cl\/quimica-y-bioprocesos\/wp-json\/wp\/v2\/pages"}],"about":[{"href":"https:\/\/www.ing.uc.cl\/quimica-y-bioprocesos\/wp-json\/wp\/v2\/types\/page"}],"author":[{"embeddable":true,"href":"https:\/\/www.ing.uc.cl\/quimica-y-bioprocesos\/wp-json\/wp\/v2\/users\/4"}],"replies":[{"embeddable":true,"href":"https:\/\/www.ing.uc.cl\/quimica-y-bioprocesos\/wp-json\/wp\/v2\/comments?post=644"}],"version-history":[{"count":4,"href":"https:\/\/www.ing.uc.cl\/quimica-y-bioprocesos\/wp-json\/wp\/v2\/pages\/644\/revisions"}],"predecessor-version":[{"id":1380,"href":"https:\/\/www.ing.uc.cl\/quimica-y-bioprocesos\/wp-json\/wp\/v2\/pages\/644\/revisions\/1380"}],"up":[{"embeddable":true,"href":"https:\/\/www.ing.uc.cl\/quimica-y-bioprocesos\/wp-json\/wp\/v2\/pages\/493"}],"wp:featuredmedia":[{"embeddable":true,"href":"https:\/\/www.ing.uc.cl\/quimica-y-bioprocesos\/wp-json\/wp\/v2\/media\/645"}],"wp:attachment":[{"href":"https:\/\/www.ing.uc.cl\/quimica-y-bioprocesos\/wp-json\/wp\/v2\/media?parent=644"}],"curies":[{"name":"wp","href":"https:\/\/api.w.org\/{rel}","templated":true}]}}