{"id":82,"date":"2020-01-28T16:00:49","date_gmt":"2020-01-28T19:00:49","guid":{"rendered":"http:\/\/localhost\/deg-r.ing.uc.cl\/?page_id=82"},"modified":"2021-04-13T13:06:47","modified_gmt":"2021-04-13T16:06:47","slug":"investigacion","status":"publish","type":"page","link":"https:\/\/www.ing.uc.cl\/quimica-y-bioprocesos\/investigacion\/","title":{"rendered":"Investigaci\u00f3n"},"content":{"rendered":"<p>Las \u00e1reas de investigaci\u00f3n del DIQB son la biotecnolog\u00eda, la ingenier\u00eda de alimentos y la din\u00e1mica y modelaci\u00f3n de procesos qu\u00edmicos y ambientales.<\/p>\n<p>El Departamento es reconocido por la activa participaci\u00f3n de sus acad\u00e9micos en proyectos de investigaci\u00f3n cient\u00edfica y tecnol\u00f3gica fundamental y aplicada, as\u00ed como en la producci\u00f3n de publicaciones WOS.<\/p>\n<p>Parte de sus actividades de investigaci\u00f3n son realizadas en colaboraci\u00f3n con equipos interdisciplinarios del Centro de Desarrollo Urbano Sustentable (<a href=\"https:\/\/www.cedeus.cl\/\">CEDEUS<\/a>) y\u00a0Centro de Nanotecnolog\u00eda y Materiales Avanzados (<a href=\"http:\/\/www.fis.puc.cl\/~cienuc\/index.htm\">CIEN-UC<\/a>).<\/p>\n<p>Desde el a\u00f1o 2018 el Departamento alberga el N\u00facleo Milenio en Procesos Catal\u00edticos hacia la Qu\u00edmica Sustentable (<a href=\"https:\/\/quimicasustentable.cl\/\">N\u00facleo Milenio CSC<\/a>).<\/p>\n","protected":false},"excerpt":{"rendered":"<p>Las actividades de investigaci\u00f3n del Departamento buscan impactar en la industria de los alimentos y solucionar problem\u00e1ticas energ\u00e9ticas y medioambientales. <\/p>\n","protected":false},"author":3,"featured_media":321,"parent":0,"menu_order":19,"comment_status":"closed","ping_status":"closed","template":"","meta":{"_acf_changed":false,"footnotes":""},"class_list":["post-82","page","type-page","status-publish","has-post-thumbnail","hentry","post","post-with-thumbnail","post-with-thumbnail-large"],"acf":[],"_links":{"self":[{"href":"https:\/\/www.ing.uc.cl\/quimica-y-bioprocesos\/wp-json\/wp\/v2\/pages\/82","targetHints":{"allow":["GET"]}}],"collection":[{"href":"https:\/\/www.ing.uc.cl\/quimica-y-bioprocesos\/wp-json\/wp\/v2\/pages"}],"about":[{"href":"https:\/\/www.ing.uc.cl\/quimica-y-bioprocesos\/wp-json\/wp\/v2\/types\/page"}],"author":[{"embeddable":true,"href":"https:\/\/www.ing.uc.cl\/quimica-y-bioprocesos\/wp-json\/wp\/v2\/users\/3"}],"replies":[{"embeddable":true,"href":"https:\/\/www.ing.uc.cl\/quimica-y-bioprocesos\/wp-json\/wp\/v2\/comments?post=82"}],"version-history":[{"count":16,"href":"https:\/\/www.ing.uc.cl\/quimica-y-bioprocesos\/wp-json\/wp\/v2\/pages\/82\/revisions"}],"predecessor-version":[{"id":322,"href":"https:\/\/www.ing.uc.cl\/quimica-y-bioprocesos\/wp-json\/wp\/v2\/pages\/82\/revisions\/322"}],"wp:featuredmedia":[{"embeddable":true,"href":"https:\/\/www.ing.uc.cl\/quimica-y-bioprocesos\/wp-json\/wp\/v2\/media\/321"}],"wp:attachment":[{"href":"https:\/\/www.ing.uc.cl\/quimica-y-bioprocesos\/wp-json\/wp\/v2\/media?parent=82"}],"curies":[{"name":"wp","href":"https:\/\/api.w.org\/{rel}","templated":true}]}}