{"id":851,"date":"2021-04-27T17:58:11","date_gmt":"2021-04-27T20:58:11","guid":{"rendered":"https:\/\/www.ing.uc.cl\/quimica-y-bioprocesos\/?page_id=851"},"modified":"2021-04-27T17:58:11","modified_gmt":"2021-04-27T20:58:11","slug":"mission-vision","status":"publish","type":"page","link":"https:\/\/www.ing.uc.cl\/quimica-y-bioprocesos\/en\/about\/mission-vision\/","title":{"rendered":"Mission &#038; Vision"},"content":{"rendered":"<h3>MISI\u00d3N<\/h3>\n<p>La misi\u00f3n del Departamento de Ingenier\u00eda Qu\u00edmica y Bioprocesos (DIQB) comprende tres \u00e1reas fundamentales:<\/p>\n<p><strong>Educaci\u00f3n<\/strong><br \/>\nFormar profesionales creativos, vers\u00e1tiles, flexibles e innovadores con s\u00f3lidos valores \u00e9ticos y conocimientos en Ingenier\u00eda de Procesos capaces de desarrollar soluciones ingenieriles a los problemas que se generan en una sociedad cada vez m\u00e1s globalizada y din\u00e1mica.<\/p>\n<p>La docencia de pregrado, responsabilidad fundamental del DIQB, se centra en los principios b\u00e1sicos de la Ingenier\u00eda Qu\u00edmica aplicados principalmente a materiales biol\u00f3gicos y en su integraci\u00f3n con la Ingenier\u00eda Industrial.<\/p>\n<p>El Postgrado proporciona a alumnos de Chile y Latinoam\u00e9rica un enfoque cient\u00edfico y tecnol\u00f3gico de primer nivel en las \u00e1reas de Biotecnolog\u00eda, Alimentos y Medio Ambiente.<\/p>\n<p><strong>Investigaci\u00f3n<\/strong><br \/>\nGenerar y difundir conocimiento cient\u00edfico-tecnol\u00f3gico de excelencia en las \u00e1reas de Biotecnolog\u00eda, Alimentos y Medio Ambiente que ayuden a solucionar problemas relevantes para el Pa\u00eds.<\/p>\n<p><strong>Vinculaci\u00f3n con el medio<\/strong><br \/>\nProporcionar servicios especializados a la Industria chilena que permitan generar soluciones innovadoras en las \u00e1reas de Biotecnolog\u00eda, Alimentos y Medio Ambiente.<\/p>\n<p>El DIQB mantiene una estrecha relaci\u00f3n con empresas relevantes del sector productivo de la regi\u00f3n, a trav\u00e9s del desarrollo conjunto de nuevas tecnolog\u00edas y productos industriales, as\u00ed como de servicios proporcionados por laboratorios de \u00faltima generaci\u00f3n.<\/p>\n<h3>VISI\u00d3N<\/h3>\n<p>El DIQB busca ser una unidad de excelencia para servir mejor a Chile, que sea l\u00edder dentro de nuestro pa\u00eds y Am\u00e9rica Latina, que est\u00e9 continuamente marcando el rumbo en la creaci\u00f3n de nuevo conocimiento, innovaci\u00f3n curricular y formaci\u00f3n \u00e9tica de personas capacitadas para solucionar los problemas de una sociedad chilena cada vez m\u00e1s globalizada y cambiante.<\/p>\n<p>Queremos un Departamento que sirva como referente y modelo por sus altos est\u00e1ndares de calidad y buenas pr\u00e1cticas para otros departamentos de ingenier\u00eda qu\u00edmica de universidades chilenas y extranjeras, que permita atraer a los mejores alumnos de ingenier\u00eda qu\u00edmica del pa\u00eds.<\/p>\n<p>Queremos un departamento abierto al mundo con fuertes lazos internacionales, con centros de investigaci\u00f3n e innovaci\u00f3n que dialoguen y colaboren con sus pares internacionales para generar investigaci\u00f3n de primer nivel y traducir parte de esta en la generaci\u00f3n de soluciones innovadoras que el pa\u00eds necesita. Finalmente, queremos un DIQB que se consolide como el mejor en Latinoam\u00e9rica y que se convierta en un centro de atracci\u00f3n de estudiantes de pregrado y postgrado de otros pa\u00edses.<\/p>\n","protected":false},"excerpt":{"rendered":"<p>__________<\/p>\n","protected":false},"author":4,"featured_media":175,"parent":849,"menu_order":49,"comment_status":"closed","ping_status":"closed","template":"","meta":{"_acf_changed":false,"footnotes":""},"class_list":["post-851","page","type-page","status-publish","has-post-thumbnail","hentry","post","post-with-thumbnail","post-with-thumbnail-large"],"acf":[],"_links":{"self":[{"href":"https:\/\/www.ing.uc.cl\/quimica-y-bioprocesos\/wp-json\/wp\/v2\/pages\/851","targetHints":{"allow":["GET"]}}],"collection":[{"href":"https:\/\/www.ing.uc.cl\/quimica-y-bioprocesos\/wp-json\/wp\/v2\/pages"}],"about":[{"href":"https:\/\/www.ing.uc.cl\/quimica-y-bioprocesos\/wp-json\/wp\/v2\/types\/page"}],"author":[{"embeddable":true,"href":"https:\/\/www.ing.uc.cl\/quimica-y-bioprocesos\/wp-json\/wp\/v2\/users\/4"}],"replies":[{"embeddable":true,"href":"https:\/\/www.ing.uc.cl\/quimica-y-bioprocesos\/wp-json\/wp\/v2\/comments?post=851"}],"version-history":[{"count":1,"href":"https:\/\/www.ing.uc.cl\/quimica-y-bioprocesos\/wp-json\/wp\/v2\/pages\/851\/revisions"}],"predecessor-version":[{"id":852,"href":"https:\/\/www.ing.uc.cl\/quimica-y-bioprocesos\/wp-json\/wp\/v2\/pages\/851\/revisions\/852"}],"up":[{"embeddable":true,"href":"https:\/\/www.ing.uc.cl\/quimica-y-bioprocesos\/wp-json\/wp\/v2\/pages\/849"}],"wp:featuredmedia":[{"embeddable":true,"href":"https:\/\/www.ing.uc.cl\/quimica-y-bioprocesos\/wp-json\/wp\/v2\/media\/175"}],"wp:attachment":[{"href":"https:\/\/www.ing.uc.cl\/quimica-y-bioprocesos\/wp-json\/wp\/v2\/media?parent=851"}],"curies":[{"name":"wp","href":"https:\/\/api.w.org\/{rel}","templated":true}]}}