{"id":857,"date":"2021-04-27T18:07:26","date_gmt":"2021-04-27T21:07:26","guid":{"rendered":"https:\/\/www.ing.uc.cl\/quimica-y-bioprocesos\/?page_id=857"},"modified":"2021-06-03T10:16:50","modified_gmt":"2021-06-03T13:16:50","slug":"infrastructure","status":"publish","type":"page","link":"https:\/\/www.ing.uc.cl\/quimica-y-bioprocesos\/en\/about\/infrastructure\/","title":{"rendered":"Infrastructure"},"content":{"rendered":"<p>Las instalaciones cuentan con suministro de redes de vapor, aire comprimido, electricidad trif\u00e1sica y ductos de ventilaci\u00f3n adecuados como tambi\u00e9n de una altura interior adecuada para la operaci\u00f3n de equipos afines con la especialidad.<\/p>\n<p>Los principales equipos son:<\/p>\n<ul>\n<li>Evaporador de doble efecto<\/li>\n<li>Intercambiador de Calor de tubos conc\u00e9ntricos<\/li>\n<li>Intercambiador de Calor de Placas<\/li>\n<li>Columna de destilaci\u00f3n<\/li>\n<li>Torre de enfriamiento de Agua<\/li>\n<li>Secador de Bandejas<\/li>\n<li>Banco de prueba de bombas<\/li>\n<li>Filtros de Placas<\/li>\n<li>Caldera pirotubular<\/li>\n<\/ul>\n<p>En ellos se pueden realizar ensayos orientados a contextualizar contenidos de cursos de las especialidades impartidas, abordando temas de transferencia de calor, transferencia de masa, transporte de fluidos, combusti\u00f3n, procesos de separaci\u00f3n, etc.<\/p>\n<p>Adem\u00e1s, se cuenta con un conjunto de equipos de medici\u00f3n y tratamiento dentro de los cuales se encuentran: sensores de pH, Temperatura, Presi\u00f3n, Refract\u00f3metros, Microscopios, c\u00e1maras digitales para microscopios, material de vidrio, etc.<\/p>\n<p>Nuestros laboratorios poseen adem\u00e1s sistemas de control y adquisici\u00f3n de datos, entre ellos, un moderno Sistema de Control Distribuido PCS7 (Siemens) que opera con instrumentaci\u00f3n y accionamientos inteligentes, lo cual convierte nuestras instalaciones en un moderno centro de ense\u00f1anza equipado para implementar soluciones de automatizaci\u00f3n y control de caracter\u00edsticas homologables a las utilizadas en la industria, permitiendo a nuestros estudiantes contar con un entorno de aprendizaje inmersivo.<\/p>\n","protected":false},"excerpt":{"rendered":"<p>El DIQB cuenta con una planta piloto de 120 metros cuadrados para actividades docentes de pregrado y postgrado.<\/p>\n","protected":false},"author":4,"featured_media":209,"parent":849,"menu_order":52,"comment_status":"closed","ping_status":"closed","template":"","meta":{"_acf_changed":false,"footnotes":""},"class_list":["post-857","page","type-page","status-publish","has-post-thumbnail","hentry","post","post-with-thumbnail","post-with-thumbnail-large"],"acf":[],"_links":{"self":[{"href":"https:\/\/www.ing.uc.cl\/quimica-y-bioprocesos\/wp-json\/wp\/v2\/pages\/857","targetHints":{"allow":["GET"]}}],"collection":[{"href":"https:\/\/www.ing.uc.cl\/quimica-y-bioprocesos\/wp-json\/wp\/v2\/pages"}],"about":[{"href":"https:\/\/www.ing.uc.cl\/quimica-y-bioprocesos\/wp-json\/wp\/v2\/types\/page"}],"author":[{"embeddable":true,"href":"https:\/\/www.ing.uc.cl\/quimica-y-bioprocesos\/wp-json\/wp\/v2\/users\/4"}],"replies":[{"embeddable":true,"href":"https:\/\/www.ing.uc.cl\/quimica-y-bioprocesos\/wp-json\/wp\/v2\/comments?post=857"}],"version-history":[{"count":2,"href":"https:\/\/www.ing.uc.cl\/quimica-y-bioprocesos\/wp-json\/wp\/v2\/pages\/857\/revisions"}],"predecessor-version":[{"id":1375,"href":"https:\/\/www.ing.uc.cl\/quimica-y-bioprocesos\/wp-json\/wp\/v2\/pages\/857\/revisions\/1375"}],"up":[{"embeddable":true,"href":"https:\/\/www.ing.uc.cl\/quimica-y-bioprocesos\/wp-json\/wp\/v2\/pages\/849"}],"wp:featuredmedia":[{"embeddable":true,"href":"https:\/\/www.ing.uc.cl\/quimica-y-bioprocesos\/wp-json\/wp\/v2\/media\/209"}],"wp:attachment":[{"href":"https:\/\/www.ing.uc.cl\/quimica-y-bioprocesos\/wp-json\/wp\/v2\/media?parent=857"}],"curies":[{"name":"wp","href":"https:\/\/api.w.org\/{rel}","templated":true}]}}