{"id":889,"date":"2021-04-27T18:35:56","date_gmt":"2021-04-27T21:35:56","guid":{"rendered":"https:\/\/www.ing.uc.cl\/quimica-y-bioprocesos\/?page_id=889"},"modified":"2021-04-27T18:35:56","modified_gmt":"2021-04-27T21:35:56","slug":"majors-minors","status":"publish","type":"page","link":"https:\/\/www.ing.uc.cl\/quimica-y-bioprocesos\/en\/academics\/undergraduate-programs\/majors-minors\/","title":{"rendered":"Majors &#038; Minors"},"content":{"rendered":"<p>El DIQB ofrece el Major en Ingenier\u00eda Qu\u00edmica de car\u00e1cter disciplinario, y el Major en Ingenier\u00eda Biol\u00f3gica de car\u00e1cter interdisciplinario, ambos conducentes al grado de Licenciado en Ciencias de la Ingenier\u00eda.<\/p>\n<p>Los Majors corresponden a una concentraci\u00f3n de cursos equivalentes a 60 SCT Chile y permiten profundizar en t\u00f3picos de car\u00e1cter disciplinario o interdisciplinario.<\/p>\n<p>El Departamento de Ingenier\u00eda Qu\u00edmica y Bioprocesos ofrece dos Majors:<\/p>\n<p><a href=\"https:\/\/www.ing.uc.cl\/programas-de-estudio\/plan-estudios\/cuales-los-majors-los-minors-ingenieria-uc\/major-ingenieria-quimica\/\">Major en Ingenier\u00eda Qu\u00edmica<\/a><\/p>\n<p><a href=\"https:\/\/www.ing.uc.cl\/programas-de-estudio\/plan-estudios\/cuales-los-majors-los-minors-ingenieria-uc\/major-ingenieria-biologica\/\">Major en Ingenier\u00eda Biol\u00f3gica<\/a><\/p>\n<p>Los Minors corresponden a una concentraci\u00f3n de cursos equivalentes a 30 SCT Chile y conforman un programa coherente en una determinada disciplina y se pueden considerar de AMPLITUD o PROFUNDIZACI\u00d3N.<\/p>\n<p>Los Minors de AMPLITUD, buscan que los alumnos desarrollen habilidades y obtengan conocimientos dentro de una disciplina distinta a las de su Major.<\/p>\n<p>Los Minors de PROFUNDIZACI\u00d3N en cambio, buscan profundizar en t\u00f3picos propios de las disciplinas del Major que el alumno haya elegido.<\/p>\n<p>El Major en Ingenier\u00eda Qu\u00edmica ofrece los siguientes Minors de PROFUNDIZACI\u00d3N asociados<\/p>\n<p><a href=\"https:\/\/www.ing.uc.cl\/programas-de-estudio\/plan-estudios\/cuales-los-majors-los-minors-ingenieria-uc\/ingenieria-de-alimentos\/\">Minor en Ingenier\u00eda de Procesos<\/a><\/p>\n<p><a href=\"https:\/\/www.ing.uc.cl\/programas-de-estudio\/plan-estudios\/cuales-los-majors-los-minors-ingenieria-uc\/ingenieria-de-alimentos\/\">Minor en Ingenier\u00eda de Alimentos<\/a><\/p>\n<p>El Major en Ingenier\u00eda Biol\u00f3gica ofrece el siguiente Minor de PROFUNDIZACI\u00d3N asociado<\/p>\n<p><a href=\"https:\/\/www.ing.uc.cl\/programas-de-estudio\/plan-estudios\/cuales-los-majors-los-minors-ingenieria-uc\/minor-en-bioingenieria\/\">Minor en Bioingenier\u00eda<\/a><\/p>\n<p>Los estudiantes inscritos en un programa diferente a los Majors en Ingenier\u00eda Qu\u00edmica e Ingenier\u00eda Biol\u00f3gica pueden cursar el siguiente Minor de AMPLITUD.<\/p>\n<p><a href=\"https:\/\/www.ing.uc.cl\/programas-de-estudio\/plan-estudios\/cuales-los-majors-los-minors-ingenieria-uc\/minor-ingenieria-quimica\/\">Minor en Ingenier\u00eda Qu\u00edmica<\/a><\/p>\n<p>&nbsp;<\/p>\n","protected":false},"excerpt":{"rendered":"<p>El DIQB ofrece dos Majors conducentes al grado de Licenciado en Ciencias de la Ingenier\u00eda.<\/p>\n","protected":false},"author":4,"featured_media":234,"parent":887,"menu_order":59,"comment_status":"closed","ping_status":"closed","template":"","meta":{"_acf_changed":false,"footnotes":""},"class_list":["post-889","page","type-page","status-publish","has-post-thumbnail","hentry","post","post-with-thumbnail","post-with-thumbnail-large"],"acf":[],"_links":{"self":[{"href":"https:\/\/www.ing.uc.cl\/quimica-y-bioprocesos\/wp-json\/wp\/v2\/pages\/889","targetHints":{"allow":["GET"]}}],"collection":[{"href":"https:\/\/www.ing.uc.cl\/quimica-y-bioprocesos\/wp-json\/wp\/v2\/pages"}],"about":[{"href":"https:\/\/www.ing.uc.cl\/quimica-y-bioprocesos\/wp-json\/wp\/v2\/types\/page"}],"author":[{"embeddable":true,"href":"https:\/\/www.ing.uc.cl\/quimica-y-bioprocesos\/wp-json\/wp\/v2\/users\/4"}],"replies":[{"embeddable":true,"href":"https:\/\/www.ing.uc.cl\/quimica-y-bioprocesos\/wp-json\/wp\/v2\/comments?post=889"}],"version-history":[{"count":1,"href":"https:\/\/www.ing.uc.cl\/quimica-y-bioprocesos\/wp-json\/wp\/v2\/pages\/889\/revisions"}],"predecessor-version":[{"id":890,"href":"https:\/\/www.ing.uc.cl\/quimica-y-bioprocesos\/wp-json\/wp\/v2\/pages\/889\/revisions\/890"}],"up":[{"embeddable":true,"href":"https:\/\/www.ing.uc.cl\/quimica-y-bioprocesos\/wp-json\/wp\/v2\/pages\/887"}],"wp:featuredmedia":[{"embeddable":true,"href":"https:\/\/www.ing.uc.cl\/quimica-y-bioprocesos\/wp-json\/wp\/v2\/media\/234"}],"wp:attachment":[{"href":"https:\/\/www.ing.uc.cl\/quimica-y-bioprocesos\/wp-json\/wp\/v2\/media?parent=889"}],"curies":[{"name":"wp","href":"https:\/\/api.w.org\/{rel}","templated":true}]}}