{"id":894,"date":"2021-04-27T18:40:37","date_gmt":"2021-04-27T21:40:37","guid":{"rendered":"https:\/\/www.ing.uc.cl\/quimica-y-bioprocesos\/?page_id=894"},"modified":"2021-04-27T18:41:01","modified_gmt":"2021-04-27T21:41:01","slug":"graduate-programs","status":"publish","type":"page","link":"https:\/\/www.ing.uc.cl\/quimica-y-bioprocesos\/en\/academics\/graduate-programs\/","title":{"rendered":"Graduate Programs"},"content":{"rendered":"<p>El \u00e1rea de especializaci\u00f3n en Ingenier\u00eda Qu\u00edmica y Bioprocesos a nivel de Magister ofrece la oportunidad de adquirir conocimiento avanzado para desarrollar soluciones ingenieriles a problemas relevantes para el pa\u00eds, desempe\u00f1\u00e1ndose en empresas e instituciones p\u00fablicas y privadas.<\/p>\n<p>A nivel de Doctorado, el \u00e1rea ofrece la oportunidad de realizar investigaci\u00f3n original e independiente en las diversas \u00e1reas de los acad\u00e9micos del programa, quienes lideran proyectos de investigaci\u00f3n cient\u00edfica y tecnol\u00f3gica con financiamiento externo.<\/p>\n<p>Las postulaciones para ambos programas se abren todos los semestres. Adem\u00e1s existen facilidades adicionales para que los estudiantes de pregrado de la Escuela de Ingenier\u00eda UC puedan en sus \u00faltimos a\u00f1os de pregrado articular la docencia de manera que puedan adelantar sus estudios en el programa de postgrado que les interese.<\/p>\n","protected":false},"excerpt":{"rendered":"<p>Los programas de postgrado del DIQB est\u00e1n dise\u00f1ados para ayudar a los estudiantes a desarrollar el conocimiento y capacidades que se necesitan para contribuir al desarrollo cient\u00edfico-tecnol\u00f3gico del pa\u00eds en las \u00e1reas de biotecnolog\u00eda, alimentos y procesos qu\u00edmicos y ambientales.<\/p>\n","protected":false},"author":4,"featured_media":228,"parent":885,"menu_order":60,"comment_status":"closed","ping_status":"closed","template":"","meta":{"_acf_changed":false,"footnotes":""},"class_list":["post-894","page","type-page","status-publish","has-post-thumbnail","hentry","post","post-with-thumbnail","post-with-thumbnail-large"],"acf":[],"_links":{"self":[{"href":"https:\/\/www.ing.uc.cl\/quimica-y-bioprocesos\/wp-json\/wp\/v2\/pages\/894","targetHints":{"allow":["GET"]}}],"collection":[{"href":"https:\/\/www.ing.uc.cl\/quimica-y-bioprocesos\/wp-json\/wp\/v2\/pages"}],"about":[{"href":"https:\/\/www.ing.uc.cl\/quimica-y-bioprocesos\/wp-json\/wp\/v2\/types\/page"}],"author":[{"embeddable":true,"href":"https:\/\/www.ing.uc.cl\/quimica-y-bioprocesos\/wp-json\/wp\/v2\/users\/4"}],"replies":[{"embeddable":true,"href":"https:\/\/www.ing.uc.cl\/quimica-y-bioprocesos\/wp-json\/wp\/v2\/comments?post=894"}],"version-history":[{"count":2,"href":"https:\/\/www.ing.uc.cl\/quimica-y-bioprocesos\/wp-json\/wp\/v2\/pages\/894\/revisions"}],"predecessor-version":[{"id":896,"href":"https:\/\/www.ing.uc.cl\/quimica-y-bioprocesos\/wp-json\/wp\/v2\/pages\/894\/revisions\/896"}],"up":[{"embeddable":true,"href":"https:\/\/www.ing.uc.cl\/quimica-y-bioprocesos\/wp-json\/wp\/v2\/pages\/885"}],"wp:featuredmedia":[{"embeddable":true,"href":"https:\/\/www.ing.uc.cl\/quimica-y-bioprocesos\/wp-json\/wp\/v2\/media\/228"}],"wp:attachment":[{"href":"https:\/\/www.ing.uc.cl\/quimica-y-bioprocesos\/wp-json\/wp\/v2\/media?parent=894"}],"curies":[{"name":"wp","href":"https:\/\/api.w.org\/{rel}","templated":true}]}}