{"id":899,"date":"2021-04-27T18:45:24","date_gmt":"2021-04-27T21:45:24","guid":{"rendered":"https:\/\/www.ing.uc.cl\/quimica-y-bioprocesos\/?page_id=899"},"modified":"2021-04-27T18:45:24","modified_gmt":"2021-04-27T21:45:24","slug":"ph-d-program","status":"publish","type":"page","link":"https:\/\/www.ing.uc.cl\/quimica-y-bioprocesos\/en\/academics\/graduate-programs\/ph-d-program\/","title":{"rendered":"Ph.D. Program"},"content":{"rendered":"<p><strong>Doctorado en Ciencias de la Ingenier\u00eda, \u00e1rea Ingenier\u00eda Qu\u00edmica y Bioprocesos<\/strong><\/p>\n<p>El programa de Doctorado en Ciencias de la Ingenier\u00eda, \u00e1rea Ingenier\u00eda Qu\u00edmica y Bioprocesos, tiene por objetivo formar investigadores con una s\u00f3lida orientaci\u00f3n cient\u00edfico-tecnol\u00f3gica, capaces de realizar investigaci\u00f3n en forma original e independiente en la frontera del conocimiento, para contribuir al desarrollo cient\u00edfico-tecnol\u00f3gico en las \u00e1reas de biotecnolog\u00eda, alimentos y procesos qu\u00edmicos y ambientales.<\/p>\n<p>Durante la investigaci\u00f3n los estudiantes deben efectuar nuevos aportes al conocimiento, capacit\u00e1ndose para su posterior desempe\u00f1o como investigador con creatividad, liderazgo y originalidad. La base \u00faltima para el otorgamiento del grado de doctor es la capacidad desarrollada por el candidato para dominar un campo amplio de su \u00e1rea de estudios y su capacidad de hacer investigaci\u00f3n en forma independiente.<\/p>\n<p><strong>L\u00edneas de investigaci\u00f3n o creaci\u00f3n<\/strong><\/p>\n<p>Las actividades que se desarrollan en el DIQB se orientan a la investigaci\u00f3n y aplicaci\u00f3n en tres grandes t\u00f3picos: Biotecnolog\u00eda, Ingenier\u00eda de Alimentos y Din\u00e1mica y Modelaci\u00f3n de Procesos Qu\u00edmicos y Ambientales.<\/p>\n<p><strong>Biotecnolog\u00eda<\/strong><\/p>\n<p>Esta l\u00ednea se enfoca en el estudio de dos grandes subl\u00edneas. La primera es la de ingenier\u00eda metab\u00f3lica, que incluye la optimizaci\u00f3n de redes metab\u00f3licas, ingenier\u00eda gen\u00e9tica, bios\u00edntesis de compuesto de alto valor y bioseparaciones. Por su parte, la segunda es sobre biotecnolog\u00eda a nivel celular, la cual incluye la gen\u00f3mica, microbioma, ingenier\u00eda de tejidos y biolog\u00eda sint\u00e9tica.<\/p>\n<p><strong>Ingenier\u00eda de Alimentos<\/strong><\/p>\n<p>Esta l\u00ednea se enfoca en el estudio de los alimentos desde la perspectiva de la tecnolog\u00eda e ingenier\u00eda, con atenci\u00f3n a las oportunidades y desarrollos innovadores en dise\u00f1o racional de alimentos y su microestructura, efectos en la inocuidad microbiol\u00f3gica y qu\u00edmica, la utilizaci\u00f3n de materias primas aut\u00f3ctonas, y el an\u00e1lisis y modelamiento de tecnolog\u00edas emergentes.<\/p>\n<p><strong>Din\u00e1mica y Modelaci\u00f3n de Procesos Qu\u00edmicos y Ambientales<\/strong><\/p>\n<p>Esta l\u00ednea se enfoca en el estudio de procesos qu\u00edmicos industriales. El enfoque considera cat\u00e1lisis heterog\u00e9nea; caracterizaci\u00f3n fisicoqu\u00edmica de materiales; equilibrios termodin\u00e1micos; modelaci\u00f3n y caracterizaci\u00f3n de nuevos solventes para procesos de separaci\u00f3n; cin\u00e9tica de reactores para biorremediaci\u00f3n; an\u00e1lisis de biodegradabilidad y modelaci\u00f3n de fen\u00f3menos de transporte para comprender conceptos de contaminaci\u00f3n atmosf\u00e9rica; t\u00e9cnicas avanzadas de extracci\u00f3n para la obtenci\u00f3n de nutrace\u00faticos; y modelaci\u00f3n computacional de control de procesos.<\/p>\n<p><a href=\"https:\/\/www.ing.uc.cl\/programas-de-estudio\/postgrado\/doctorado-ciencias-la-ingenieria\/requisitos-y-postulacion-2\/\">Requisitos y postulaci\u00f3n<\/a><\/p>\n<p><a href=\"https:\/\/www.ing.uc.cl\/programas-de-estudio\/postgrado\/doctorado-ciencias-la-ingenieria\/50004-2\/\">Costos y becas<\/a><\/p>\n<p><a href=\"https:\/\/www.ing.uc.cl\/programas-de-estudio\/postgrado\/doctorado-ciencias-la-ingenieria\/plan-de-estudios-2\/\">Plan de estudios y reglamento<\/a><\/p>\n<p><strong>Jefe de \u00e1rea<\/strong>: <a href=\"https:\/\/www.ing.uc.cl\/academicos-e-investigadores\/nestor-guillermo-escalona-burgos\/\">N\u00e9stor Escalona Burgos<\/a><\/p>\n<p>&nbsp;<\/p>\n","protected":false},"excerpt":{"rendered":"<p>El Doctorado en Ciencias de la Ingenier\u00eda, \u00e1rea Ingenier\u00eda Qu\u00edmica y Bioprocesos puede ser completado en 4 a\u00f1os e incluye entre sus actividades una pasant\u00eda internacional y publicaci\u00f3n de al menos un art\u00edculo en una revista cient\u00edfica WoS.<\/p>\n","protected":false},"author":4,"featured_media":277,"parent":894,"menu_order":62,"comment_status":"closed","ping_status":"closed","template":"","meta":{"_acf_changed":false,"footnotes":""},"class_list":["post-899","page","type-page","status-publish","has-post-thumbnail","hentry","post","post-with-thumbnail","post-with-thumbnail-large"],"acf":[],"_links":{"self":[{"href":"https:\/\/www.ing.uc.cl\/quimica-y-bioprocesos\/wp-json\/wp\/v2\/pages\/899","targetHints":{"allow":["GET"]}}],"collection":[{"href":"https:\/\/www.ing.uc.cl\/quimica-y-bioprocesos\/wp-json\/wp\/v2\/pages"}],"about":[{"href":"https:\/\/www.ing.uc.cl\/quimica-y-bioprocesos\/wp-json\/wp\/v2\/types\/page"}],"author":[{"embeddable":true,"href":"https:\/\/www.ing.uc.cl\/quimica-y-bioprocesos\/wp-json\/wp\/v2\/users\/4"}],"replies":[{"embeddable":true,"href":"https:\/\/www.ing.uc.cl\/quimica-y-bioprocesos\/wp-json\/wp\/v2\/comments?post=899"}],"version-history":[{"count":1,"href":"https:\/\/www.ing.uc.cl\/quimica-y-bioprocesos\/wp-json\/wp\/v2\/pages\/899\/revisions"}],"predecessor-version":[{"id":900,"href":"https:\/\/www.ing.uc.cl\/quimica-y-bioprocesos\/wp-json\/wp\/v2\/pages\/899\/revisions\/900"}],"up":[{"embeddable":true,"href":"https:\/\/www.ing.uc.cl\/quimica-y-bioprocesos\/wp-json\/wp\/v2\/pages\/894"}],"wp:featuredmedia":[{"embeddable":true,"href":"https:\/\/www.ing.uc.cl\/quimica-y-bioprocesos\/wp-json\/wp\/v2\/media\/277"}],"wp:attachment":[{"href":"https:\/\/www.ing.uc.cl\/quimica-y-bioprocesos\/wp-json\/wp\/v2\/media?parent=899"}],"curies":[{"name":"wp","href":"https:\/\/api.w.org\/{rel}","templated":true}]}}