{"id":950,"date":"2021-04-27T21:18:25","date_gmt":"2021-04-28T00:18:25","guid":{"rendered":"https:\/\/www.ing.uc.cl\/quimica-y-bioprocesos\/?page_id=950"},"modified":"2021-04-27T21:18:25","modified_gmt":"2021-04-28T00:18:25","slug":"accreditation","status":"publish","type":"page","link":"https:\/\/www.ing.uc.cl\/quimica-y-bioprocesos\/en\/academics\/accreditation\/","title":{"rendered":"Accreditation"},"content":{"rendered":"<p><strong>Pregrado<\/strong><\/p>\n<p>Acreditaci\u00f3n Nacional<\/p>\n<p>De acuerdo a la Ley N\u00b0 21.091 del a\u00f1o 2018 sobre Educaci\u00f3n Superior, las carreras de pregrado cuya acreditaci\u00f3n no es obligatoria, como es el caso de Ingenier\u00eda, s\u00f3lo podr\u00e1n volver a acreditarse a partir de 2025.<\/p>\n<p>En el \u00faltimo proceso de acreditaci\u00f3n nacional de los t\u00edtulos profesionales realizado por la Agencia acreditadora de Chile A&amp;C el a\u00f1o 2013, fueron acreditados los siguientes t\u00edtulos profesionales del \u00e1rea de Ingenier\u00eda Qu\u00edmica y Bioprocesos:<\/p>\n<p>Ingenier\u00eda Civil Industrial con diploma en Ingenier\u00eda en Bioprocesos<\/p>\n<ul>\n<li>Per\u00edodo de acreditaci\u00f3n: 7 a\u00f1os<\/li>\n<li>Vigencia de acreditaci\u00f3n: hasta agosto 2020<\/li>\n<li>Modalidad: presencial<\/li>\n<li>Sede: campus San Joaqu\u00edn, Santiago<\/li>\n<li>Jornada: diurna<\/li>\n<li>Nombre de la Agencia Acreditadora: Agencia acreditadora de Chile A&amp;C<\/li>\n<\/ul>\n<p>Ingenier\u00eda Civil Industrial con diploma en Ingenier\u00eda Qu\u00edmica<\/p>\n<ul>\n<li>Per\u00edodo de acreditaci\u00f3n: 7 a\u00f1os<\/li>\n<li>Vigencia de acreditaci\u00f3n: hasta agosto 2020<\/li>\n<li>Modalidad: presencial<\/li>\n<li>Sede: campus San Joaqu\u00edn, Santiago<\/li>\n<li>Jornada: diurna<\/li>\n<li>Nombre de la Agencia Acreditadora: Agencia acreditadora de Chile A&amp;C<\/li>\n<\/ul>\n<p>Ingenier\u00eda Civil de Biotecnolog\u00eda<\/p>\n<ul>\n<li>Per\u00edodo de acreditaci\u00f3n: 6 a\u00f1os<\/li>\n<li>Vigencia de acreditaci\u00f3n: hasta agosto 2019<\/li>\n<li>Modalidad: presencial<\/li>\n<li>Sede: campus San Joaqu\u00edn, Santiago<\/li>\n<li>Jornada: diurna<\/li>\n<li>Nombre de la Agencia Acreditadora: Agencia acreditadora de Chile A&amp;C<\/li>\n<\/ul>\n<p>Acreditaci\u00f3n Internacional<\/p>\n<p>Ingenier\u00eda Civil de Industrias diploma en Ingenier\u00eda Qu\u00edmica<\/p>\n<p>Acreditado: desde 1 de octubre 2007 a la fecha<\/p>\n<p>Sede: campus San Joaqu\u00edn, Santiago<\/p>\n<p>Fecha del pr\u00f3ximo proceso de evaluaci\u00f3n: 2020\u20132021<\/p>\n<p>Nombre de la Agencia Acreditadora: Engineering Accreditation Commission of ABET (Estados Unidos)<\/p>\n<p><strong>Postgrado<\/strong><\/p>\n<p>Acreditaci\u00f3n Nacional<\/p>\n<p>Mag\u00edster en Ciencias de la Ingenier\u00eda \u00e1rea Ingenier\u00eda Qu\u00edmica y Bioprocesos<\/p>\n<ul>\n<li>Per\u00edodo de acreditaci\u00f3n: 6 a\u00f1os<\/li>\n<li>Vigencia de acreditaci\u00f3n: hasta diciembre 2020<\/li>\n<li>Modalidad: presencial<\/li>\n<li>Sede: campus San Joaqu\u00edn, Santiago<\/li>\n<li>Jornada: diurna<\/li>\n<li>Nombre de la Agencia Acreditadora: Agencia Acreditadora Colegio de Ingenieros de Chile S.A.<\/li>\n<\/ul>\n<p>Doctorado en Ciencias de la Ingenier\u00eda \u00e1rea Ingenier\u00eda Qu\u00edmica y Bioprocesos<\/p>\n<ul>\n<li>Per\u00edodo de acreditaci\u00f3n: 5 a\u00f1os<\/li>\n<li>Vigencia de acreditaci\u00f3n: hasta diciembre 2020<\/li>\n<li>Modalidad: presencial<\/li>\n<li>Sede: campus San Joaqu\u00edn, Santiago<\/li>\n<li>Jornada: diurna<\/li>\n<li>Nombre de la Agencia Acreditadora: Comisi\u00f3n Nacional de Acreditaci\u00f3n de Chile (CNA-Chile)<\/li>\n<\/ul>\n","protected":false},"excerpt":{"rendered":"<p>Estado de acreditaci\u00f3n de los programas del Departamento de Ingenier\u00eda Qu\u00edmica y Bioprocesos UC<\/p>\n","protected":false},"author":4,"featured_media":314,"parent":885,"menu_order":63,"comment_status":"closed","ping_status":"closed","template":"","meta":{"_acf_changed":false,"footnotes":""},"class_list":["post-950","page","type-page","status-publish","has-post-thumbnail","hentry","post","post-with-thumbnail","post-with-thumbnail-large"],"acf":[],"_links":{"self":[{"href":"https:\/\/www.ing.uc.cl\/quimica-y-bioprocesos\/wp-json\/wp\/v2\/pages\/950","targetHints":{"allow":["GET"]}}],"collection":[{"href":"https:\/\/www.ing.uc.cl\/quimica-y-bioprocesos\/wp-json\/wp\/v2\/pages"}],"about":[{"href":"https:\/\/www.ing.uc.cl\/quimica-y-bioprocesos\/wp-json\/wp\/v2\/types\/page"}],"author":[{"embeddable":true,"href":"https:\/\/www.ing.uc.cl\/quimica-y-bioprocesos\/wp-json\/wp\/v2\/users\/4"}],"replies":[{"embeddable":true,"href":"https:\/\/www.ing.uc.cl\/quimica-y-bioprocesos\/wp-json\/wp\/v2\/comments?post=950"}],"version-history":[{"count":1,"href":"https:\/\/www.ing.uc.cl\/quimica-y-bioprocesos\/wp-json\/wp\/v2\/pages\/950\/revisions"}],"predecessor-version":[{"id":951,"href":"https:\/\/www.ing.uc.cl\/quimica-y-bioprocesos\/wp-json\/wp\/v2\/pages\/950\/revisions\/951"}],"up":[{"embeddable":true,"href":"https:\/\/www.ing.uc.cl\/quimica-y-bioprocesos\/wp-json\/wp\/v2\/pages\/885"}],"wp:featuredmedia":[{"embeddable":true,"href":"https:\/\/www.ing.uc.cl\/quimica-y-bioprocesos\/wp-json\/wp\/v2\/media\/314"}],"wp:attachment":[{"href":"https:\/\/www.ing.uc.cl\/quimica-y-bioprocesos\/wp-json\/wp\/v2\/media?parent=950"}],"curies":[{"name":"wp","href":"https:\/\/api.w.org\/{rel}","templated":true}]}}