{"id":12228,"date":"2024-05-27T17:43:22","date_gmt":"2024-05-27T20:43:22","guid":{"rendered":"https:\/\/www.ing.uc.cl\/transporte-y-logistica\/?page_id=12228"},"modified":"2026-04-10T10:37:30","modified_gmt":"2026-04-10T13:37:30","slug":"cifras","status":"publish","type":"page","link":"https:\/\/www.ing.uc.cl\/transporte-y-logistica\/departamento\/cifras\/","title":{"rendered":"DITL en cifras &#8211; 2025"},"content":{"rendered":"\t\t<div data-elementor-type=\"wp-page\" data-elementor-id=\"12228\" class=\"elementor elementor-12228\">\n\t\t\t\t\t\t<section class=\"elementor-section elementor-top-section elementor-element elementor-element-f5a53a5 elementor-section-boxed elementor-section-height-default elementor-section-height-default\" data-id=\"f5a53a5\" data-element_type=\"section\" data-e-type=\"section\">\n\t\t\t\t\t\t<div class=\"elementor-container elementor-column-gap-default\">\n\t\t\t\t\t<div class=\"elementor-column elementor-col-100 elementor-top-column elementor-element elementor-element-9fca0f5\" data-id=\"9fca0f5\" data-element_type=\"column\" data-e-type=\"column\">\n\t\t\t<div class=\"elementor-widget-wrap elementor-element-populated\">\n\t\t\t\t\t\t<div class=\"elementor-element elementor-element-98add4c elementor-widget elementor-widget-text-editor\" data-id=\"98add4c\" data-element_type=\"widget\" data-e-type=\"widget\" data-widget_type=\"text-editor.default\">\n\t\t\t\t<div class=\"elementor-widget-container\">\n\t\t\t\t\t\t\t\t\t<p class=\"_04xlpA direction-ltr align-justify para-style-body\">En esta secci\u00f3n podr\u00e1s revisar de manera genera las cifras m\u00e1s relevantes del Departamento de Ingenier\u00eda de Transporte y Log\u00edstica durante el 2025.<\/p><p class=\"_04xlpA direction-ltr align-justify para-style-body\">Si quieres conocer en detalle el quehacer del Departamento, puedes revisar la <a href=\"https:\/\/drive.google.com\/file\/d\/1-ASLez7DY1fok6JTvEeGwYjivnYoUcPz\/view\">MEMORIA 2025.<\/a>\u00a0<\/p><p class=\"_04xlpA direction-ltr align-justify para-style-body\">\u00a0<\/p>\t\t\t\t\t\t\t\t<\/div>\n\t\t\t\t<\/div>\n\t\t\t\t<div class=\"elementor-element elementor-element-25d042f elementor-widget elementor-widget-eael-adv-accordion\" data-id=\"25d042f\" data-element_type=\"widget\" data-e-type=\"widget\" data-widget_type=\"eael-adv-accordion.default\">\n\t\t\t\t<div class=\"elementor-widget-container\">\n\t\t\t\t\t            <div class=\"eael-adv-accordion\" id=\"eael-adv-accordion-25d042f\" data-scroll-on-click=\"no\" data-scroll-speed=\"300\" data-accordion-id=\"25d042f\" data-accordion-type=\"accordion\" data-toogle-speed=\"300\">\n            <div class=\"eael-accordion-list\">\n\t\t\t\t\t<div id=\"departamento\" class=\"elementor-tab-title eael-accordion-header\" tabindex=\"0\" data-tab=\"1\" aria-controls=\"elementor-tab-content-3961\"><span class=\"eael-advanced-accordion-icon-closed\"><i aria-hidden=\"true\" class=\"fa-accordion-icon fas fa-plus\"><\/i><\/span><span class=\"eael-advanced-accordion-icon-opened\"><i aria-hidden=\"true\" class=\"fa-accordion-icon fas fa-minus\"><\/i><\/span><span class=\"eael-accordion-tab-title\">Departamento<\/span><i aria-hidden=\"true\" class=\"fa-toggle fas fa-angle-right\"><\/i><\/div><div id=\"elementor-tab-content-3961\" class=\"eael-accordion-content clearfix\" data-tab=\"1\" aria-labelledby=\"departamento\"><p><span style=\"font-size: 34px\"><a href=\"https:\/\/www.ing.uc.cl\/transporte-y-logistica\/wp-content\/uploads\/2026\/04\/Nuestro-Departamento.png\"><img fetchpriority=\"high\" decoding=\"async\" class=\"aligncenter wp-image-13945 size-large\" src=\"https:\/\/www.ing.uc.cl\/transporte-y-logistica\/wp-content\/uploads\/2026\/04\/Nuestro-Departamento-1024x931.png\" alt=\"\" width=\"720\" height=\"655\" srcset=\"https:\/\/www.ing.uc.cl\/transporte-y-logistica\/wp-content\/uploads\/2026\/04\/Nuestro-Departamento-1024x931.png 1024w, https:\/\/www.ing.uc.cl\/transporte-y-logistica\/wp-content\/uploads\/2026\/04\/Nuestro-Departamento-300x273.png 300w, https:\/\/www.ing.uc.cl\/transporte-y-logistica\/wp-content\/uploads\/2026\/04\/Nuestro-Departamento-768x699.png 768w, https:\/\/www.ing.uc.cl\/transporte-y-logistica\/wp-content\/uploads\/2026\/04\/Nuestro-Departamento-400x364.png 400w, https:\/\/www.ing.uc.cl\/transporte-y-logistica\/wp-content\/uploads\/2026\/04\/Nuestro-Departamento.png 1315w\" sizes=\"(max-width: 720px) 100vw, 720px\" \/><\/a><\/span><\/p><\/div>\n\t\t\t\t\t<\/div><div class=\"eael-accordion-list\">\n\t\t\t\t\t<div id=\"pregrado\" class=\"elementor-tab-title eael-accordion-header\" tabindex=\"0\" data-tab=\"2\" aria-controls=\"elementor-tab-content-3962\"><span class=\"eael-advanced-accordion-icon-closed\"><i aria-hidden=\"true\" class=\"fa-accordion-icon fas fa-plus\"><\/i><\/span><span class=\"eael-advanced-accordion-icon-opened\"><i aria-hidden=\"true\" class=\"fa-accordion-icon fas fa-minus\"><\/i><\/span><span class=\"eael-accordion-tab-title\">Pregrado<\/span><i aria-hidden=\"true\" class=\"fa-toggle fas fa-angle-right\"><\/i><\/div><div id=\"elementor-tab-content-3962\" class=\"eael-accordion-content clearfix\" data-tab=\"2\" aria-labelledby=\"pregrado\"><p><a href=\"https:\/\/www.ing.uc.cl\/transporte-y-logistica\/wp-content\/uploads\/2026\/04\/Nuestro-Pregrado.png\"><img decoding=\"async\" class=\"aligncenter wp-image-13947 size-large\" src=\"https:\/\/www.ing.uc.cl\/transporte-y-logistica\/wp-content\/uploads\/2026\/04\/Nuestro-Pregrado-1024x931.png\" alt=\"\" width=\"720\" height=\"655\" srcset=\"https:\/\/www.ing.uc.cl\/transporte-y-logistica\/wp-content\/uploads\/2026\/04\/Nuestro-Pregrado-1024x931.png 1024w, https:\/\/www.ing.uc.cl\/transporte-y-logistica\/wp-content\/uploads\/2026\/04\/Nuestro-Pregrado-300x273.png 300w, https:\/\/www.ing.uc.cl\/transporte-y-logistica\/wp-content\/uploads\/2026\/04\/Nuestro-Pregrado-768x699.png 768w, https:\/\/www.ing.uc.cl\/transporte-y-logistica\/wp-content\/uploads\/2026\/04\/Nuestro-Pregrado-400x364.png 400w, https:\/\/www.ing.uc.cl\/transporte-y-logistica\/wp-content\/uploads\/2026\/04\/Nuestro-Pregrado.png 1315w\" sizes=\"(max-width: 720px) 100vw, 720px\" \/><\/a><\/p><\/div>\n\t\t\t\t\t<\/div><div class=\"eael-accordion-list\">\n\t\t\t\t\t<div id=\"postgrado\" class=\"elementor-tab-title eael-accordion-header\" tabindex=\"0\" data-tab=\"3\" aria-controls=\"elementor-tab-content-3963\"><span class=\"eael-advanced-accordion-icon-closed\"><i aria-hidden=\"true\" class=\"fa-accordion-icon fas fa-plus\"><\/i><\/span><span class=\"eael-advanced-accordion-icon-opened\"><i aria-hidden=\"true\" class=\"fa-accordion-icon fas fa-minus\"><\/i><\/span><span class=\"eael-accordion-tab-title\">Postgrado<\/span><i aria-hidden=\"true\" class=\"fa-toggle fas fa-angle-right\"><\/i><\/div><div id=\"elementor-tab-content-3963\" class=\"eael-accordion-content clearfix\" data-tab=\"3\" aria-labelledby=\"postgrado\"><p><a href=\"https:\/\/www.ing.uc.cl\/transporte-y-logistica\/wp-content\/uploads\/2026\/04\/Nuestro-Postgrado.png\"><img decoding=\"async\" class=\"aligncenter wp-image-13946 size-large\" src=\"https:\/\/www.ing.uc.cl\/transporte-y-logistica\/wp-content\/uploads\/2026\/04\/Nuestro-Postgrado-1024x931.png\" alt=\"\" width=\"720\" height=\"655\" srcset=\"https:\/\/www.ing.uc.cl\/transporte-y-logistica\/wp-content\/uploads\/2026\/04\/Nuestro-Postgrado-1024x931.png 1024w, https:\/\/www.ing.uc.cl\/transporte-y-logistica\/wp-content\/uploads\/2026\/04\/Nuestro-Postgrado-300x273.png 300w, https:\/\/www.ing.uc.cl\/transporte-y-logistica\/wp-content\/uploads\/2026\/04\/Nuestro-Postgrado-768x699.png 768w, https:\/\/www.ing.uc.cl\/transporte-y-logistica\/wp-content\/uploads\/2026\/04\/Nuestro-Postgrado-400x364.png 400w, https:\/\/www.ing.uc.cl\/transporte-y-logistica\/wp-content\/uploads\/2026\/04\/Nuestro-Postgrado.png 1315w\" sizes=\"(max-width: 720px) 100vw, 720px\" \/><\/a><\/p><\/div>\n\t\t\t\t\t<\/div><div class=\"eael-accordion-list\">\n\t\t\t\t\t<div id=\"investigacin\" class=\"elementor-tab-title eael-accordion-header\" tabindex=\"0\" data-tab=\"4\" aria-controls=\"elementor-tab-content-3964\"><span class=\"eael-advanced-accordion-icon-closed\"><i aria-hidden=\"true\" class=\"fa-accordion-icon fas fa-plus\"><\/i><\/span><span class=\"eael-advanced-accordion-icon-opened\"><i aria-hidden=\"true\" class=\"fa-accordion-icon fas fa-minus\"><\/i><\/span><span class=\"eael-accordion-tab-title\">Investigaci\u00f3n<\/span><i aria-hidden=\"true\" class=\"fa-toggle fas fa-angle-right\"><\/i><\/div><div id=\"elementor-tab-content-3964\" class=\"eael-accordion-content clearfix\" data-tab=\"4\" aria-labelledby=\"investigacin\"><p><a href=\"https:\/\/www.ing.uc.cl\/transporte-y-logistica\/wp-content\/uploads\/2026\/04\/Nuestra-Investigacion.png\"><img loading=\"lazy\" decoding=\"async\" class=\"aligncenter wp-image-13944 size-large\" src=\"https:\/\/www.ing.uc.cl\/transporte-y-logistica\/wp-content\/uploads\/2026\/04\/Nuestra-Investigacion-1024x931.png\" alt=\"\" width=\"720\" height=\"655\" srcset=\"https:\/\/www.ing.uc.cl\/transporte-y-logistica\/wp-content\/uploads\/2026\/04\/Nuestra-Investigacion-1024x931.png 1024w, https:\/\/www.ing.uc.cl\/transporte-y-logistica\/wp-content\/uploads\/2026\/04\/Nuestra-Investigacion-300x273.png 300w, https:\/\/www.ing.uc.cl\/transporte-y-logistica\/wp-content\/uploads\/2026\/04\/Nuestra-Investigacion-768x699.png 768w, https:\/\/www.ing.uc.cl\/transporte-y-logistica\/wp-content\/uploads\/2026\/04\/Nuestra-Investigacion-400x364.png 400w, https:\/\/www.ing.uc.cl\/transporte-y-logistica\/wp-content\/uploads\/2026\/04\/Nuestra-Investigacion.png 1315w\" sizes=\"(max-width: 720px) 100vw, 720px\" \/><\/a><\/p><\/div>\n\t\t\t\t\t<\/div><div class=\"eael-accordion-list\">\n\t\t\t\t\t<div id=\"extensin\" class=\"elementor-tab-title eael-accordion-header\" tabindex=\"0\" data-tab=\"5\" aria-controls=\"elementor-tab-content-3965\"><span class=\"eael-advanced-accordion-icon-closed\"><i aria-hidden=\"true\" class=\"fa-accordion-icon fas fa-plus\"><\/i><\/span><span class=\"eael-advanced-accordion-icon-opened\"><i aria-hidden=\"true\" class=\"fa-accordion-icon fas fa-minus\"><\/i><\/span><span class=\"eael-accordion-tab-title\">Extensi\u00f3n<\/span><i aria-hidden=\"true\" class=\"fa-toggle fas fa-angle-right\"><\/i><\/div><div id=\"elementor-tab-content-3965\" class=\"eael-accordion-content clearfix\" data-tab=\"5\" aria-labelledby=\"extensin\"><p><a href=\"https:\/\/www.ing.uc.cl\/transporte-y-logistica\/wp-content\/uploads\/2026\/04\/Nuestra-Extension.png\"><img loading=\"lazy\" decoding=\"async\" class=\"aligncenter wp-image-13943 size-large\" src=\"https:\/\/www.ing.uc.cl\/transporte-y-logistica\/wp-content\/uploads\/2026\/04\/Nuestra-Extension-1024x931.png\" alt=\"\" width=\"720\" height=\"655\" srcset=\"https:\/\/www.ing.uc.cl\/transporte-y-logistica\/wp-content\/uploads\/2026\/04\/Nuestra-Extension-1024x931.png 1024w, https:\/\/www.ing.uc.cl\/transporte-y-logistica\/wp-content\/uploads\/2026\/04\/Nuestra-Extension-300x273.png 300w, https:\/\/www.ing.uc.cl\/transporte-y-logistica\/wp-content\/uploads\/2026\/04\/Nuestra-Extension-768x699.png 768w, https:\/\/www.ing.uc.cl\/transporte-y-logistica\/wp-content\/uploads\/2026\/04\/Nuestra-Extension-400x364.png 400w, https:\/\/www.ing.uc.cl\/transporte-y-logistica\/wp-content\/uploads\/2026\/04\/Nuestra-Extension.png 1315w\" sizes=\"(max-width: 720px) 100vw, 720px\" \/><\/a><\/p><\/div>\n\t\t\t\t\t<\/div><\/div>\t\t\t\t<\/div>\n\t\t\t\t<\/div>\n\t\t\t\t\t<\/div>\n\t\t<\/div>\n\t\t\t\t\t<\/div>\n\t\t<\/section>\n\t\t\t\t<section class=\"elementor-section elementor-top-section elementor-element elementor-element-e71b543 elementor-section-boxed elementor-section-height-default elementor-section-height-default\" data-id=\"e71b543\" data-element_type=\"section\" data-e-type=\"section\">\n\t\t\t\t\t\t<div class=\"elementor-container elementor-column-gap-default\">\n\t\t\t\t\t<div class=\"elementor-column elementor-col-100 elementor-top-column elementor-element elementor-element-f1edacb\" data-id=\"f1edacb\" data-element_type=\"column\" data-e-type=\"column\">\n\t\t\t<div class=\"elementor-widget-wrap elementor-element-populated\">\n\t\t\t\t\t\t<section class=\"elementor-section elementor-inner-section elementor-element elementor-element-c785f84 elementor-section-boxed elementor-section-height-default elementor-section-height-default\" data-id=\"c785f84\" data-element_type=\"section\" data-e-type=\"section\">\n\t\t\t\t\t\t<div class=\"elementor-container elementor-column-gap-default\">\n\t\t\t\t\t<div class=\"elementor-column elementor-col-50 elementor-inner-column elementor-element elementor-element-d90ed21\" data-id=\"d90ed21\" data-element_type=\"column\" data-e-type=\"column\">\n\t\t\t<div class=\"elementor-widget-wrap\">\n\t\t\t\t\t\t\t<\/div>\n\t\t<\/div>\n\t\t\t\t<div class=\"elementor-column elementor-col-50 elementor-inner-column elementor-element elementor-element-f343a42\" data-id=\"f343a42\" data-element_type=\"column\" data-e-type=\"column\">\n\t\t\t<div class=\"elementor-widget-wrap\">\n\t\t\t\t\t\t\t<\/div>\n\t\t<\/div>\n\t\t\t\t\t<\/div>\n\t\t<\/section>\n\t\t\t\t\t<\/div>\n\t\t<\/div>\n\t\t\t\t\t<\/div>\n\t\t<\/section>\n\t\t\t\t<\/div>\n\t\t","protected":false},"excerpt":{"rendered":"<p>En esta secci\u00f3n podr\u00e1s revisar de manera genera las cifras m\u00e1s relevantes del Departamento de Ingenier\u00eda de Transporte y Log\u00edstica durante el 2025. Si quieres conocer en detalle el quehacer del Departamento, puedes revisar la MEMORIA 2025.\u00a0 \u00a0 Departamento Pregrado Postgrado Investigaci\u00f3n Extensi\u00f3n<\/p>\n","protected":false},"author":7,"featured_media":0,"parent":2,"menu_order":10,"comment_status":"closed","ping_status":"closed","template":"","meta":{"_acf_changed":false,"footnotes":""},"class_list":["post-12228","page","type-page","status-publish","hentry","post"],"acf":[],"yoast_head":"<!-- This site is optimized with the Yoast SEO plugin v27.4 - https:\/\/yoast.com\/product\/yoast-seo-wordpress\/ -->\n<title>DITL en cifras - 2025 - Departamento de Ingenier\u00eda de Transporte y Log\u00edstica<\/title>\n<meta name=\"robots\" content=\"index, follow, max-snippet:-1, max-image-preview:large, max-video-preview:-1\" \/>\n<link rel=\"canonical\" href=\"https:\/\/www.ing.uc.cl\/transporte-y-logistica\/departamento\/cifras\/\" \/>\n<meta property=\"og:locale\" content=\"es_ES\" \/>\n<meta property=\"og:type\" content=\"article\" \/>\n<meta property=\"og:title\" content=\"DITL en cifras - 2025 - Departamento de Ingenier\u00eda de Transporte y Log\u00edstica\" \/>\n<meta property=\"og:description\" content=\"En esta secci\u00f3n podr\u00e1s revisar de manera genera las cifras m\u00e1s relevantes del Departamento de Ingenier\u00eda de Transporte y Log\u00edstica durante el 2025. Si quieres conocer en detalle el quehacer del Departamento, puedes revisar la MEMORIA 2025.\u00a0 \u00a0 Departamento Pregrado Postgrado Investigaci\u00f3n Extensi\u00f3n\" \/>\n<meta property=\"og:url\" content=\"https:\/\/www.ing.uc.cl\/transporte-y-logistica\/departamento\/cifras\/\" \/>\n<meta property=\"og:site_name\" content=\"Departamento de Ingenier\u00eda de Transporte y Log\u00edstica\" \/>\n<meta property=\"article:modified_time\" content=\"2026-04-10T13:37:30+00:00\" \/>\n<meta property=\"og:image\" content=\"https:\/\/www.ing.uc.cl\/transporte-y-logistica\/wp-content\/uploads\/2026\/04\/Nuestro-Departamento-1024x931.png\" \/>\n<meta name=\"twitter:card\" content=\"summary_large_image\" \/>\n<meta name=\"twitter:label1\" content=\"Tiempo de lectura\" \/>\n\t<meta name=\"twitter:data1\" content=\"2 minutos\" \/>\n<script type=\"application\/ld+json\" class=\"yoast-schema-graph\">{\"@context\":\"https:\\\/\\\/schema.org\",\"@graph\":[{\"@type\":\"WebPage\",\"@id\":\"https:\\\/\\\/www.ing.uc.cl\\\/transporte-y-logistica\\\/departamento\\\/cifras\\\/\",\"url\":\"https:\\\/\\\/www.ing.uc.cl\\\/transporte-y-logistica\\\/departamento\\\/cifras\\\/\",\"name\":\"DITL en cifras - 2025 - Departamento de Ingenier\u00eda de Transporte y Log\u00edstica\",\"isPartOf\":{\"@id\":\"https:\\\/\\\/www.ing.uc.cl\\\/transporte-y-logistica\\\/#website\"},\"primaryImageOfPage\":{\"@id\":\"https:\\\/\\\/www.ing.uc.cl\\\/transporte-y-logistica\\\/departamento\\\/cifras\\\/#primaryimage\"},\"image\":{\"@id\":\"https:\\\/\\\/www.ing.uc.cl\\\/transporte-y-logistica\\\/departamento\\\/cifras\\\/#primaryimage\"},\"thumbnailUrl\":\"https:\\\/\\\/www.ing.uc.cl\\\/transporte-y-logistica\\\/wp-content\\\/uploads\\\/2026\\\/04\\\/Nuestro-Departamento-1024x931.png\",\"datePublished\":\"2024-05-27T20:43:22+00:00\",\"dateModified\":\"2026-04-10T13:37:30+00:00\",\"breadcrumb\":{\"@id\":\"https:\\\/\\\/www.ing.uc.cl\\\/transporte-y-logistica\\\/departamento\\\/cifras\\\/#breadcrumb\"},\"inLanguage\":\"es\",\"potentialAction\":[{\"@type\":\"ReadAction\",\"target\":[\"https:\\\/\\\/www.ing.uc.cl\\\/transporte-y-logistica\\\/departamento\\\/cifras\\\/\"]}]},{\"@type\":\"ImageObject\",\"inLanguage\":\"es\",\"@id\":\"https:\\\/\\\/www.ing.uc.cl\\\/transporte-y-logistica\\\/departamento\\\/cifras\\\/#primaryimage\",\"url\":\"https:\\\/\\\/www.ing.uc.cl\\\/transporte-y-logistica\\\/wp-content\\\/uploads\\\/2026\\\/04\\\/Nuestro-Departamento.png\",\"contentUrl\":\"https:\\\/\\\/www.ing.uc.cl\\\/transporte-y-logistica\\\/wp-content\\\/uploads\\\/2026\\\/04\\\/Nuestro-Departamento.png\",\"width\":1315,\"height\":1196},{\"@type\":\"BreadcrumbList\",\"@id\":\"https:\\\/\\\/www.ing.uc.cl\\\/transporte-y-logistica\\\/departamento\\\/cifras\\\/#breadcrumb\",\"itemListElement\":[{\"@type\":\"ListItem\",\"position\":1,\"name\":\"Portada\",\"item\":\"https:\\\/\\\/www.ing.uc.cl\\\/transporte-y-logistica\\\/\"},{\"@type\":\"ListItem\",\"position\":2,\"name\":\"Departamento\",\"item\":\"https:\\\/\\\/www.ing.uc.cl\\\/transporte-y-logistica\\\/departamento\\\/\"},{\"@type\":\"ListItem\",\"position\":3,\"name\":\"DITL en cifras &#8211; 2025\"}]},{\"@type\":\"WebSite\",\"@id\":\"https:\\\/\\\/www.ing.uc.cl\\\/transporte-y-logistica\\\/#website\",\"url\":\"https:\\\/\\\/www.ing.uc.cl\\\/transporte-y-logistica\\\/\",\"name\":\"Departamento de Ingenier\u00eda de Transporte y Log\u00edstica\",\"description\":\"DITL\",\"potentialAction\":[{\"@type\":\"SearchAction\",\"target\":{\"@type\":\"EntryPoint\",\"urlTemplate\":\"https:\\\/\\\/www.ing.uc.cl\\\/transporte-y-logistica\\\/?s={search_term_string}\"},\"query-input\":{\"@type\":\"PropertyValueSpecification\",\"valueRequired\":true,\"valueName\":\"search_term_string\"}}],\"inLanguage\":\"es\"}]}<\/script>\n<!-- \/ Yoast SEO plugin. -->","yoast_head_json":{"title":"DITL en cifras - 2025 - Departamento de Ingenier\u00eda de Transporte y Log\u00edstica","robots":{"index":"index","follow":"follow","max-snippet":"max-snippet:-1","max-image-preview":"max-image-preview:large","max-video-preview":"max-video-preview:-1"},"canonical":"https:\/\/www.ing.uc.cl\/transporte-y-logistica\/departamento\/cifras\/","og_locale":"es_ES","og_type":"article","og_title":"DITL en cifras - 2025 - Departamento de Ingenier\u00eda de Transporte y Log\u00edstica","og_description":"En esta secci\u00f3n podr\u00e1s revisar de manera genera las cifras m\u00e1s relevantes del Departamento de Ingenier\u00eda de Transporte y Log\u00edstica durante el 2025. Si quieres conocer en detalle el quehacer del Departamento, puedes revisar la MEMORIA 2025.\u00a0 \u00a0 Departamento Pregrado Postgrado Investigaci\u00f3n Extensi\u00f3n","og_url":"https:\/\/www.ing.uc.cl\/transporte-y-logistica\/departamento\/cifras\/","og_site_name":"Departamento de Ingenier\u00eda de Transporte y Log\u00edstica","article_modified_time":"2026-04-10T13:37:30+00:00","og_image":[{"url":"https:\/\/www.ing.uc.cl\/transporte-y-logistica\/wp-content\/uploads\/2026\/04\/Nuestro-Departamento-1024x931.png","type":"","width":"","height":""}],"twitter_card":"summary_large_image","twitter_misc":{"Tiempo de lectura":"2 minutos"},"schema":{"@context":"https:\/\/schema.org","@graph":[{"@type":"WebPage","@id":"https:\/\/www.ing.uc.cl\/transporte-y-logistica\/departamento\/cifras\/","url":"https:\/\/www.ing.uc.cl\/transporte-y-logistica\/departamento\/cifras\/","name":"DITL en cifras - 2025 - Departamento de Ingenier\u00eda de Transporte y Log\u00edstica","isPartOf":{"@id":"https:\/\/www.ing.uc.cl\/transporte-y-logistica\/#website"},"primaryImageOfPage":{"@id":"https:\/\/www.ing.uc.cl\/transporte-y-logistica\/departamento\/cifras\/#primaryimage"},"image":{"@id":"https:\/\/www.ing.uc.cl\/transporte-y-logistica\/departamento\/cifras\/#primaryimage"},"thumbnailUrl":"https:\/\/www.ing.uc.cl\/transporte-y-logistica\/wp-content\/uploads\/2026\/04\/Nuestro-Departamento-1024x931.png","datePublished":"2024-05-27T20:43:22+00:00","dateModified":"2026-04-10T13:37:30+00:00","breadcrumb":{"@id":"https:\/\/www.ing.uc.cl\/transporte-y-logistica\/departamento\/cifras\/#breadcrumb"},"inLanguage":"es","potentialAction":[{"@type":"ReadAction","target":["https:\/\/www.ing.uc.cl\/transporte-y-logistica\/departamento\/cifras\/"]}]},{"@type":"ImageObject","inLanguage":"es","@id":"https:\/\/www.ing.uc.cl\/transporte-y-logistica\/departamento\/cifras\/#primaryimage","url":"https:\/\/www.ing.uc.cl\/transporte-y-logistica\/wp-content\/uploads\/2026\/04\/Nuestro-Departamento.png","contentUrl":"https:\/\/www.ing.uc.cl\/transporte-y-logistica\/wp-content\/uploads\/2026\/04\/Nuestro-Departamento.png","width":1315,"height":1196},{"@type":"BreadcrumbList","@id":"https:\/\/www.ing.uc.cl\/transporte-y-logistica\/departamento\/cifras\/#breadcrumb","itemListElement":[{"@type":"ListItem","position":1,"name":"Portada","item":"https:\/\/www.ing.uc.cl\/transporte-y-logistica\/"},{"@type":"ListItem","position":2,"name":"Departamento","item":"https:\/\/www.ing.uc.cl\/transporte-y-logistica\/departamento\/"},{"@type":"ListItem","position":3,"name":"DITL en cifras &#8211; 2025"}]},{"@type":"WebSite","@id":"https:\/\/www.ing.uc.cl\/transporte-y-logistica\/#website","url":"https:\/\/www.ing.uc.cl\/transporte-y-logistica\/","name":"Departamento de Ingenier\u00eda de Transporte y Log\u00edstica","description":"DITL","potentialAction":[{"@type":"SearchAction","target":{"@type":"EntryPoint","urlTemplate":"https:\/\/www.ing.uc.cl\/transporte-y-logistica\/?s={search_term_string}"},"query-input":{"@type":"PropertyValueSpecification","valueRequired":true,"valueName":"search_term_string"}}],"inLanguage":"es"}]}},"_links":{"self":[{"href":"https:\/\/www.ing.uc.cl\/transporte-y-logistica\/wp-json\/wp\/v2\/pages\/12228","targetHints":{"allow":["GET"]}}],"collection":[{"href":"https:\/\/www.ing.uc.cl\/transporte-y-logistica\/wp-json\/wp\/v2\/pages"}],"about":[{"href":"https:\/\/www.ing.uc.cl\/transporte-y-logistica\/wp-json\/wp\/v2\/types\/page"}],"author":[{"embeddable":true,"href":"https:\/\/www.ing.uc.cl\/transporte-y-logistica\/wp-json\/wp\/v2\/users\/7"}],"replies":[{"embeddable":true,"href":"https:\/\/www.ing.uc.cl\/transporte-y-logistica\/wp-json\/wp\/v2\/comments?post=12228"}],"version-history":[{"count":37,"href":"https:\/\/www.ing.uc.cl\/transporte-y-logistica\/wp-json\/wp\/v2\/pages\/12228\/revisions"}],"predecessor-version":[{"id":13963,"href":"https:\/\/www.ing.uc.cl\/transporte-y-logistica\/wp-json\/wp\/v2\/pages\/12228\/revisions\/13963"}],"up":[{"embeddable":true,"href":"https:\/\/www.ing.uc.cl\/transporte-y-logistica\/wp-json\/wp\/v2\/pages\/2"}],"wp:attachment":[{"href":"https:\/\/www.ing.uc.cl\/transporte-y-logistica\/wp-json\/wp\/v2\/media?parent=12228"}],"curies":[{"name":"wp","href":"https:\/\/api.w.org\/{rel}","templated":true}]}}