{"id":1567,"date":"2022-10-20T16:38:30","date_gmt":"2022-10-20T19:38:30","guid":{"rendered":"https:\/\/www.ing.uc.cl\/transporte-y-logistica\/?page_id=1567"},"modified":"2025-01-06T14:42:30","modified_gmt":"2025-01-06T17:42:30","slug":"mensaje-del-director","status":"publish","type":"page","link":"https:\/\/www.ing.uc.cl\/transporte-y-logistica\/departamento\/mensaje-del-director\/","title":{"rendered":"Mensaje del Director"},"content":{"rendered":"\t\t<div data-elementor-type=\"wp-page\" data-elementor-id=\"1567\" class=\"elementor elementor-1567\">\n\t\t\t\t\t\t<section class=\"elementor-section elementor-top-section elementor-element elementor-element-ee6c571 elementor-section-boxed elementor-section-height-default elementor-section-height-default\" data-id=\"ee6c571\" data-element_type=\"section\" data-e-type=\"section\">\n\t\t\t\t\t\t<div class=\"elementor-container elementor-column-gap-default\">\n\t\t\t\t\t<div class=\"elementor-column elementor-col-50 elementor-top-column elementor-element elementor-element-f8133db\" data-id=\"f8133db\" data-element_type=\"column\" data-e-type=\"column\">\n\t\t\t<div class=\"elementor-widget-wrap elementor-element-populated\">\n\t\t\t\t\t\t<div class=\"elementor-element elementor-element-437345d elementor-widget elementor-widget-text-editor\" data-id=\"437345d\" data-element_type=\"widget\" data-e-type=\"widget\" data-widget_type=\"text-editor.default\">\n\t\t\t\t<div class=\"elementor-widget-container\">\n\t\t\t\t\t\t\t\t\t<p>Desde su creaci\u00f3n, la misi\u00f3n central de nuestro departamento ha sido entregar una educaci\u00f3n de excelencia en pre y postgrado.\u00a0<\/p>\n<p>Tambi\u00e9n continuamos fomentando la formaci\u00f3n profesional mediante la activa participaci\u00f3n de estudiantes en nuestros diplomados, cursos ejecutivos y MOOCs.\u00a0<\/p>\n<p>Hemos sido actores relevante en el progreso de nuestra disciplina, contribuyendo desde diversas \u00e1reas. Durante el 2024 celebramos el lanzamiento de la quinta edici\u00f3n del libro \u201cModelling Transport\u201d del profesor <a href=\"https:\/\/www.ing.uc.cl\/academicos-e-investigadores\/juan-de-dios-ortuzar-salas\/\">Juan de Dios Ort\u00fazar.<\/a> Este libro ha vendido m\u00e1s de 20.000 ejemplares desde su primera edici\u00f3n y ha sido traducido al italiano y al espa\u00f1ol, lo que destaca su impacto internacional. Asimismo los acad\u00e9micos de nuestro departamento <a href=\"https:\/\/www.ing.uc.cl\/academicos-e-investigadores\/ricardo-daniel-hurtubia-gonzalez\/\">Ricardo Hurtubia<\/a>, <a href=\"https:\/\/www.ing.uc.cl\/academicos-e-investigadores\/homero-larrain-izquierdo\/\">Homero Larrain<\/a> y <a href=\"https:\/\/www.ing.uc.cl\/academicos-e-investigadores\/sebastian-raveau-feliu\/\">Sebasti\u00e1n Raveau<\/a> lanzaron <a href=\"https:\/\/www.ciclo-p.cl\/es\/\">Ciclo-P<\/a> una innovadora herramienta que permitir\u00e1 a autoridades facilitar la planificaci\u00f3n y proyecci\u00f3n de infraestructura ciclista en nuestras ciudades. La profesora <a href=\"https:\/\/www.ing.uc.cl\/academicos-e-investigadores\/camila-balbontin-tanhnuz\/\">Camila Balbontin<\/a> asumi\u00f3 como presidente la Sociedad Chilena de Ingenier\u00eda de Transporte, mientras que otros dos profesores de nuestro departamento fueron electos directores. Destacamos tambi\u00e9n la labor del profesor <a href=\"https:\/\/www.ing.uc.cl\/academicos-e-investigadores\/juan-carlos-herrera-maldonado\/\">Juan Carlos Herrera<\/a>, quien asumi\u00f3 la presidencia del directorio de DICTUC, fortaleciendo los v\u00ednculos entre academia, investigaci\u00f3n y sociedad.<\/p>\n<p>Nuestra comunidad es un pilar distintivo del departamento, y este a\u00f1o realizamos diversas actividades para consolidarla. Celebramos nuestro 55\u00ba aniversario con una gran cena que reuni\u00f3 a profesores, funcionarios, egresados y representantes del Cap\u00edtulo Estudiantil. Adem\u00e1s, concluimos el a\u00f1o con un tradicional asado de camarader\u00eda con nuestros estudiantes.<\/p>\n<p>Quiero expresar mi m\u00e1s profundo agradecimiento a todos los que forman parte del DITL. Su compromiso y dedicaci\u00f3n hacen posible que sigamos cumpliendo nuestra misi\u00f3n con excelencia y nos enfrentemos a los desaf\u00edos futuros con confianza y ambici\u00f3n.<\/p>\t\t\t\t\t\t\t\t<\/div>\n\t\t\t\t<\/div>\n\t\t\t\t\t<\/div>\n\t\t<\/div>\n\t\t\t\t<div class=\"elementor-column elementor-col-50 elementor-top-column elementor-element elementor-element-8aa22cb\" data-id=\"8aa22cb\" data-element_type=\"column\" data-e-type=\"column\">\n\t\t\t<div class=\"elementor-widget-wrap elementor-element-populated\">\n\t\t\t\t\t\t<div class=\"elementor-element elementor-element-f1eb01b imgazul elementor-widget elementor-widget-image\" data-id=\"f1eb01b\" data-element_type=\"widget\" data-e-type=\"widget\" data-widget_type=\"image.default\">\n\t\t\t\t<div class=\"elementor-widget-container\">\n\t\t\t\t\t\t\t\t\t\t\t\t<figure class=\"wp-caption\">\n\t\t\t\t\t\t\t\t\t\t<img fetchpriority=\"high\" decoding=\"async\" width=\"720\" height=\"779\" src=\"https:\/\/www.ing.uc.cl\/transporte-y-logistica\/wp-content\/uploads\/2024\/07\/Felipe-Delgado-scaled-e1721827878476-946x1024.jpg\" class=\"attachment-large size-large wp-image-12312\" alt=\"\" srcset=\"https:\/\/www.ing.uc.cl\/transporte-y-logistica\/wp-content\/uploads\/2024\/07\/Felipe-Delgado-scaled-e1721827878476-946x1024.jpg 946w, https:\/\/www.ing.uc.cl\/transporte-y-logistica\/wp-content\/uploads\/2024\/07\/Felipe-Delgado-scaled-e1721827878476-277x300.jpg 277w, https:\/\/www.ing.uc.cl\/transporte-y-logistica\/wp-content\/uploads\/2024\/07\/Felipe-Delgado-scaled-e1721827878476-768x831.jpg 768w, https:\/\/www.ing.uc.cl\/transporte-y-logistica\/wp-content\/uploads\/2024\/07\/Felipe-Delgado-scaled-e1721827878476-1419x1536.jpg 1419w, https:\/\/www.ing.uc.cl\/transporte-y-logistica\/wp-content\/uploads\/2024\/07\/Felipe-Delgado-scaled-e1721827878476-400x433.jpg 400w, https:\/\/www.ing.uc.cl\/transporte-y-logistica\/wp-content\/uploads\/2024\/07\/Felipe-Delgado-scaled-e1721827878476.jpg 1557w\" sizes=\"(max-width: 720px) 100vw, 720px\" \/>\t\t\t\t\t\t\t\t\t\t\t<figcaption class=\"widget-image-caption wp-caption-text\">Felipe Delgado  - Director DITL<\/figcaption>\n\t\t\t\t\t\t\t\t\t\t<\/figure>\n\t\t\t\t\t\t\t\t\t<\/div>\n\t\t\t\t<\/div>\n\t\t\t\t\t<\/div>\n\t\t<\/div>\n\t\t\t\t\t<\/div>\n\t\t<\/section>\n\t\t\t\t<\/div>\n\t\t","protected":false},"excerpt":{"rendered":"<p>Ricardo Giesen &#8211; Director<\/p>\n","protected":false},"author":6,"featured_media":0,"parent":2,"menu_order":8,"comment_status":"closed","ping_status":"closed","template":"","meta":{"_acf_changed":false,"footnotes":""},"class_list":["post-1567","page","type-page","status-publish","hentry","post"],"acf":[],"yoast_head":"<!-- This site is optimized with the Yoast SEO plugin v27.4 - https:\/\/yoast.com\/product\/yoast-seo-wordpress\/ -->\n<title>Mensaje del Director - Departamento de Ingenier\u00eda de Transporte y Log\u00edstica<\/title>\n<meta name=\"robots\" content=\"index, follow, max-snippet:-1, max-image-preview:large, max-video-preview:-1\" \/>\n<link rel=\"canonical\" href=\"https:\/\/www.ing.uc.cl\/transporte-y-logistica\/departamento\/mensaje-del-director\/\" \/>\n<meta property=\"og:locale\" content=\"es_ES\" \/>\n<meta property=\"og:type\" content=\"article\" \/>\n<meta property=\"og:title\" content=\"Mensaje del Director - Departamento de Ingenier\u00eda de Transporte y Log\u00edstica\" \/>\n<meta property=\"og:description\" content=\"Ricardo Giesen - Director\" \/>\n<meta property=\"og:url\" content=\"https:\/\/www.ing.uc.cl\/transporte-y-logistica\/departamento\/mensaje-del-director\/\" \/>\n<meta property=\"og:site_name\" content=\"Departamento de Ingenier\u00eda de Transporte y Log\u00edstica\" \/>\n<meta property=\"article:modified_time\" content=\"2025-01-06T17:42:30+00:00\" \/>\n<meta property=\"og:image\" content=\"https:\/\/www.ing.uc.cl\/transporte-y-logistica\/wp-content\/uploads\/2024\/07\/Felipe-Delgado-scaled-e1721827878476-946x1024.jpg\" \/>\n<meta name=\"twitter:card\" content=\"summary_large_image\" \/>\n<meta name=\"twitter:label1\" content=\"Tiempo de lectura\" \/>\n\t<meta name=\"twitter:data1\" content=\"2 minutos\" \/>\n<script type=\"application\/ld+json\" class=\"yoast-schema-graph\">{\"@context\":\"https:\\\/\\\/schema.org\",\"@graph\":[{\"@type\":\"WebPage\",\"@id\":\"https:\\\/\\\/www.ing.uc.cl\\\/transporte-y-logistica\\\/departamento\\\/mensaje-del-director\\\/\",\"url\":\"https:\\\/\\\/www.ing.uc.cl\\\/transporte-y-logistica\\\/departamento\\\/mensaje-del-director\\\/\",\"name\":\"Mensaje del Director - Departamento de Ingenier\u00eda de Transporte y Log\u00edstica\",\"isPartOf\":{\"@id\":\"https:\\\/\\\/www.ing.uc.cl\\\/transporte-y-logistica\\\/#website\"},\"primaryImageOfPage\":{\"@id\":\"https:\\\/\\\/www.ing.uc.cl\\\/transporte-y-logistica\\\/departamento\\\/mensaje-del-director\\\/#primaryimage\"},\"image\":{\"@id\":\"https:\\\/\\\/www.ing.uc.cl\\\/transporte-y-logistica\\\/departamento\\\/mensaje-del-director\\\/#primaryimage\"},\"thumbnailUrl\":\"https:\\\/\\\/www.ing.uc.cl\\\/transporte-y-logistica\\\/wp-content\\\/uploads\\\/2024\\\/07\\\/Felipe-Delgado-scaled-e1721827878476-946x1024.jpg\",\"datePublished\":\"2022-10-20T19:38:30+00:00\",\"dateModified\":\"2025-01-06T17:42:30+00:00\",\"breadcrumb\":{\"@id\":\"https:\\\/\\\/www.ing.uc.cl\\\/transporte-y-logistica\\\/departamento\\\/mensaje-del-director\\\/#breadcrumb\"},\"inLanguage\":\"es\",\"potentialAction\":[{\"@type\":\"ReadAction\",\"target\":[\"https:\\\/\\\/www.ing.uc.cl\\\/transporte-y-logistica\\\/departamento\\\/mensaje-del-director\\\/\"]}]},{\"@type\":\"ImageObject\",\"inLanguage\":\"es\",\"@id\":\"https:\\\/\\\/www.ing.uc.cl\\\/transporte-y-logistica\\\/departamento\\\/mensaje-del-director\\\/#primaryimage\",\"url\":\"https:\\\/\\\/www.ing.uc.cl\\\/transporte-y-logistica\\\/wp-content\\\/uploads\\\/2024\\\/07\\\/Felipe-Delgado-scaled-e1721827878476.jpg\",\"contentUrl\":\"https:\\\/\\\/www.ing.uc.cl\\\/transporte-y-logistica\\\/wp-content\\\/uploads\\\/2024\\\/07\\\/Felipe-Delgado-scaled-e1721827878476.jpg\",\"width\":1557,\"height\":1685},{\"@type\":\"BreadcrumbList\",\"@id\":\"https:\\\/\\\/www.ing.uc.cl\\\/transporte-y-logistica\\\/departamento\\\/mensaje-del-director\\\/#breadcrumb\",\"itemListElement\":[{\"@type\":\"ListItem\",\"position\":1,\"name\":\"Portada\",\"item\":\"https:\\\/\\\/www.ing.uc.cl\\\/transporte-y-logistica\\\/\"},{\"@type\":\"ListItem\",\"position\":2,\"name\":\"Departamento\",\"item\":\"https:\\\/\\\/www.ing.uc.cl\\\/transporte-y-logistica\\\/departamento\\\/\"},{\"@type\":\"ListItem\",\"position\":3,\"name\":\"Mensaje del Director\"}]},{\"@type\":\"WebSite\",\"@id\":\"https:\\\/\\\/www.ing.uc.cl\\\/transporte-y-logistica\\\/#website\",\"url\":\"https:\\\/\\\/www.ing.uc.cl\\\/transporte-y-logistica\\\/\",\"name\":\"Departamento de Ingenier\u00eda de Transporte y Log\u00edstica\",\"description\":\"DITL\",\"potentialAction\":[{\"@type\":\"SearchAction\",\"target\":{\"@type\":\"EntryPoint\",\"urlTemplate\":\"https:\\\/\\\/www.ing.uc.cl\\\/transporte-y-logistica\\\/?s={search_term_string}\"},\"query-input\":{\"@type\":\"PropertyValueSpecification\",\"valueRequired\":true,\"valueName\":\"search_term_string\"}}],\"inLanguage\":\"es\"}]}<\/script>\n<!-- \/ Yoast SEO plugin. -->","yoast_head_json":{"title":"Mensaje del Director - Departamento de Ingenier\u00eda de Transporte y Log\u00edstica","robots":{"index":"index","follow":"follow","max-snippet":"max-snippet:-1","max-image-preview":"max-image-preview:large","max-video-preview":"max-video-preview:-1"},"canonical":"https:\/\/www.ing.uc.cl\/transporte-y-logistica\/departamento\/mensaje-del-director\/","og_locale":"es_ES","og_type":"article","og_title":"Mensaje del Director - Departamento de Ingenier\u00eda de Transporte y Log\u00edstica","og_description":"Ricardo Giesen - Director","og_url":"https:\/\/www.ing.uc.cl\/transporte-y-logistica\/departamento\/mensaje-del-director\/","og_site_name":"Departamento de Ingenier\u00eda de Transporte y Log\u00edstica","article_modified_time":"2025-01-06T17:42:30+00:00","og_image":[{"url":"https:\/\/www.ing.uc.cl\/transporte-y-logistica\/wp-content\/uploads\/2024\/07\/Felipe-Delgado-scaled-e1721827878476-946x1024.jpg","type":"","width":"","height":""}],"twitter_card":"summary_large_image","twitter_misc":{"Tiempo de lectura":"2 minutos"},"schema":{"@context":"https:\/\/schema.org","@graph":[{"@type":"WebPage","@id":"https:\/\/www.ing.uc.cl\/transporte-y-logistica\/departamento\/mensaje-del-director\/","url":"https:\/\/www.ing.uc.cl\/transporte-y-logistica\/departamento\/mensaje-del-director\/","name":"Mensaje del Director - Departamento de Ingenier\u00eda de Transporte y Log\u00edstica","isPartOf":{"@id":"https:\/\/www.ing.uc.cl\/transporte-y-logistica\/#website"},"primaryImageOfPage":{"@id":"https:\/\/www.ing.uc.cl\/transporte-y-logistica\/departamento\/mensaje-del-director\/#primaryimage"},"image":{"@id":"https:\/\/www.ing.uc.cl\/transporte-y-logistica\/departamento\/mensaje-del-director\/#primaryimage"},"thumbnailUrl":"https:\/\/www.ing.uc.cl\/transporte-y-logistica\/wp-content\/uploads\/2024\/07\/Felipe-Delgado-scaled-e1721827878476-946x1024.jpg","datePublished":"2022-10-20T19:38:30+00:00","dateModified":"2025-01-06T17:42:30+00:00","breadcrumb":{"@id":"https:\/\/www.ing.uc.cl\/transporte-y-logistica\/departamento\/mensaje-del-director\/#breadcrumb"},"inLanguage":"es","potentialAction":[{"@type":"ReadAction","target":["https:\/\/www.ing.uc.cl\/transporte-y-logistica\/departamento\/mensaje-del-director\/"]}]},{"@type":"ImageObject","inLanguage":"es","@id":"https:\/\/www.ing.uc.cl\/transporte-y-logistica\/departamento\/mensaje-del-director\/#primaryimage","url":"https:\/\/www.ing.uc.cl\/transporte-y-logistica\/wp-content\/uploads\/2024\/07\/Felipe-Delgado-scaled-e1721827878476.jpg","contentUrl":"https:\/\/www.ing.uc.cl\/transporte-y-logistica\/wp-content\/uploads\/2024\/07\/Felipe-Delgado-scaled-e1721827878476.jpg","width":1557,"height":1685},{"@type":"BreadcrumbList","@id":"https:\/\/www.ing.uc.cl\/transporte-y-logistica\/departamento\/mensaje-del-director\/#breadcrumb","itemListElement":[{"@type":"ListItem","position":1,"name":"Portada","item":"https:\/\/www.ing.uc.cl\/transporte-y-logistica\/"},{"@type":"ListItem","position":2,"name":"Departamento","item":"https:\/\/www.ing.uc.cl\/transporte-y-logistica\/departamento\/"},{"@type":"ListItem","position":3,"name":"Mensaje del Director"}]},{"@type":"WebSite","@id":"https:\/\/www.ing.uc.cl\/transporte-y-logistica\/#website","url":"https:\/\/www.ing.uc.cl\/transporte-y-logistica\/","name":"Departamento de Ingenier\u00eda de Transporte y Log\u00edstica","description":"DITL","potentialAction":[{"@type":"SearchAction","target":{"@type":"EntryPoint","urlTemplate":"https:\/\/www.ing.uc.cl\/transporte-y-logistica\/?s={search_term_string}"},"query-input":{"@type":"PropertyValueSpecification","valueRequired":true,"valueName":"search_term_string"}}],"inLanguage":"es"}]}},"_links":{"self":[{"href":"https:\/\/www.ing.uc.cl\/transporte-y-logistica\/wp-json\/wp\/v2\/pages\/1567","targetHints":{"allow":["GET"]}}],"collection":[{"href":"https:\/\/www.ing.uc.cl\/transporte-y-logistica\/wp-json\/wp\/v2\/pages"}],"about":[{"href":"https:\/\/www.ing.uc.cl\/transporte-y-logistica\/wp-json\/wp\/v2\/types\/page"}],"author":[{"embeddable":true,"href":"https:\/\/www.ing.uc.cl\/transporte-y-logistica\/wp-json\/wp\/v2\/users\/6"}],"replies":[{"embeddable":true,"href":"https:\/\/www.ing.uc.cl\/transporte-y-logistica\/wp-json\/wp\/v2\/comments?post=1567"}],"version-history":[{"count":22,"href":"https:\/\/www.ing.uc.cl\/transporte-y-logistica\/wp-json\/wp\/v2\/pages\/1567\/revisions"}],"predecessor-version":[{"id":12809,"href":"https:\/\/www.ing.uc.cl\/transporte-y-logistica\/wp-json\/wp\/v2\/pages\/1567\/revisions\/12809"}],"up":[{"embeddable":true,"href":"https:\/\/www.ing.uc.cl\/transporte-y-logistica\/wp-json\/wp\/v2\/pages\/2"}],"wp:attachment":[{"href":"https:\/\/www.ing.uc.cl\/transporte-y-logistica\/wp-json\/wp\/v2\/media?parent=1567"}],"curies":[{"name":"wp","href":"https:\/\/api.w.org\/{rel}","templated":true}]}}