{"id":1804,"date":"2023-07-07T10:16:59","date_gmt":"2023-07-07T13:16:59","guid":{"rendered":"https:\/\/www.ing.uc.cl\/transporte-y-logistica\/?page_id=1804"},"modified":"2025-08-27T16:57:31","modified_gmt":"2025-08-27T19:57:31","slug":"acreditacion","status":"publish","type":"page","link":"https:\/\/www.ing.uc.cl\/transporte-y-logistica\/postgrado\/acreditacion\/","title":{"rendered":"Beneficios y Acreditaciones"},"content":{"rendered":"\t\t<div data-elementor-type=\"wp-page\" data-elementor-id=\"1804\" class=\"elementor elementor-1804\">\n\t\t\t\t\t\t<section class=\"elementor-section elementor-top-section elementor-element elementor-element-1f21718 elementor-section-boxed elementor-section-height-default elementor-section-height-default\" data-id=\"1f21718\" data-element_type=\"section\" data-e-type=\"section\">\n\t\t\t\t\t\t<div class=\"elementor-container elementor-column-gap-default\">\n\t\t\t\t\t<div class=\"elementor-column elementor-col-100 elementor-top-column elementor-element elementor-element-aa229fc\" data-id=\"aa229fc\" data-element_type=\"column\" data-e-type=\"column\">\n\t\t\t<div class=\"elementor-widget-wrap elementor-element-populated\">\n\t\t\t\t\t\t<div class=\"elementor-element elementor-element-dbcea31 imgazul elementor-widget elementor-widget-image\" data-id=\"dbcea31\" data-element_type=\"widget\" data-e-type=\"widget\" data-widget_type=\"image.default\">\n\t\t\t\t<div class=\"elementor-widget-container\">\n\t\t\t\t\t\t\t\t\t\t\t\t\t\t\t<img fetchpriority=\"high\" decoding=\"async\" width=\"1998\" height=\"990\" src=\"https:\/\/www.ing.uc.cl\/transporte-y-logistica\/wp-content\/uploads\/2023\/09\/banneracreditacion.png\" class=\"attachment-full size-full wp-image-3263\" alt=\"\" srcset=\"https:\/\/www.ing.uc.cl\/transporte-y-logistica\/wp-content\/uploads\/2023\/09\/banneracreditacion.png 1998w, https:\/\/www.ing.uc.cl\/transporte-y-logistica\/wp-content\/uploads\/2023\/09\/banneracreditacion-300x149.png 300w, https:\/\/www.ing.uc.cl\/transporte-y-logistica\/wp-content\/uploads\/2023\/09\/banneracreditacion-1024x507.png 1024w, https:\/\/www.ing.uc.cl\/transporte-y-logistica\/wp-content\/uploads\/2023\/09\/banneracreditacion-768x381.png 768w, https:\/\/www.ing.uc.cl\/transporte-y-logistica\/wp-content\/uploads\/2023\/09\/banneracreditacion-1536x761.png 1536w, https:\/\/www.ing.uc.cl\/transporte-y-logistica\/wp-content\/uploads\/2023\/09\/banneracreditacion-400x198.png 400w\" sizes=\"(max-width: 1998px) 100vw, 1998px\" \/>\t\t\t\t\t\t\t\t\t\t\t\t\t\t\t<\/div>\n\t\t\t\t<\/div>\n\t\t\t\t<div class=\"elementor-element elementor-element-8ba6e3e elementor-widget elementor-widget-eael-adv-accordion\" data-id=\"8ba6e3e\" data-element_type=\"widget\" data-e-type=\"widget\" data-widget_type=\"eael-adv-accordion.default\">\n\t\t\t\t<div class=\"elementor-widget-container\">\n\t\t\t\t\t            <div class=\"eael-adv-accordion\" id=\"eael-adv-accordion-8ba6e3e\" data-scroll-on-click=\"no\" data-scroll-speed=\"300\" data-accordion-id=\"8ba6e3e\" data-accordion-type=\"accordion\" data-toogle-speed=\"300\">\n            <div class=\"eael-accordion-list\">\n\t\t\t\t\t<div id=\"beneficios\" class=\"elementor-tab-title eael-accordion-header\" tabindex=\"0\" data-tab=\"1\" aria-controls=\"elementor-tab-content-1461\"><span class=\"eael-advanced-accordion-icon-closed\"><i aria-hidden=\"true\" class=\"fa-accordion-icon fas fa-plus\"><\/i><\/span><span class=\"eael-advanced-accordion-icon-opened\"><i aria-hidden=\"true\" class=\"fa-accordion-icon fas fa-minus\"><\/i><\/span><span class=\"eael-accordion-tab-title\">Beneficios<\/span><i aria-hidden=\"true\" class=\"fa-toggle fas fa-angle-right\"><\/i><\/div><div id=\"elementor-tab-content-1461\" class=\"eael-accordion-content clearfix\" data-tab=\"1\" aria-labelledby=\"beneficios\"><p>Los estudiantes del programa de Doctorado cuentan con un beneficio para asistencia a congresos.<\/p><p>Con el fin de complementar los recursos obtenidos por otras fuentes (becas, proyectos de investigaci\u00f3n, etc.), y para incentivar la participaci\u00f3n de estudiantes de doctorado en conferencias cient\u00edficas, se entregar\u00e1 un beneficio de $800.000 a quienes hayan aprobado su examen de candidatura. Este es un beneficio que se activa autom\u00e1ticamente una vez aprobada la candidatura y, por lo tanto, no requiere una postulaci\u00f3n. El beneficio expira al t\u00e9rmino del octavo semestre en el programa de doctorado, independiente de la fecha de aprobaci\u00f3n de la candidatura. Para hacer uso del beneficio, es necesario ser estudiante regular y vigente del programa.<\/p><p>Cada estudiante, en conjunto con su(s) profesor(es) supervisor(es), definir\u00e1 en qu\u00e9 conferencia(s) y para qu\u00e9 fin(es) utilizar\u00e1 el monto asignado. Sin embargo, deben ser conferencias en las cuales el\/la estudiante es autor(a) y presente, ya sea mediante un p\u00f3ster o una charla, un trabajo relativo a su tesis de doctorado.<\/p><\/div>\n\t\t\t\t\t<\/div><div class=\"eael-accordion-list\">\n\t\t\t\t\t<div id=\"acreditacin-postgrado\" class=\"elementor-tab-title eael-accordion-header\" tabindex=\"0\" data-tab=\"2\" aria-controls=\"elementor-tab-content-1462\"><span class=\"eael-advanced-accordion-icon-closed\"><i aria-hidden=\"true\" class=\"fa-accordion-icon fas fa-plus\"><\/i><\/span><span class=\"eael-advanced-accordion-icon-opened\"><i aria-hidden=\"true\" class=\"fa-accordion-icon fas fa-minus\"><\/i><\/span><span class=\"eael-accordion-tab-title\">Acreditaci\u00f3n Postgrado<\/span><i aria-hidden=\"true\" class=\"fa-toggle fas fa-angle-right\"><\/i><\/div><div id=\"elementor-tab-content-1462\" class=\"eael-accordion-content clearfix\" data-tab=\"2\" aria-labelledby=\"acreditacin-postgrado\"><ul><li>Mag\u00edster en Ciencias de la Ingenier\u00eda, menci\u00f3n Ingenier\u00eda de Transporte y Log\u00edstica, acreditado por 8 a\u00f1os (desde 2025 hasta 2033)<\/li><li>Doctorado en Ciencias de la Ingenier\u00eda, \u00e1rea Ingenier\u00eda Industrial y de Transporte, acreditado por 4 a\u00f1os (desde 12\/10\/2016 hasta 12\/10\/2020)<\/li><\/ul><\/div>\n\t\t\t\t\t<\/div><\/div>\t\t\t\t<\/div>\n\t\t\t\t<\/div>\n\t\t\t\t\t<\/div>\n\t\t<\/div>\n\t\t\t\t\t<\/div>\n\t\t<\/section>\n\t\t\t\t<\/div>\n\t\t","protected":false},"excerpt":{"rendered":"<p>Beneficios Los estudiantes del programa de Doctorado cuentan con un beneficio para asistencia a congresos. Con el fin de complementar los recursos obtenidos por otras fuentes (becas, proyectos de investigaci\u00f3n, etc.), y para incentivar la participaci\u00f3n de estudiantes de doctorado en conferencias cient\u00edficas, se entregar\u00e1 un beneficio de $800.000 a quienes hayan aprobado su examen [&hellip;]<\/p>\n","protected":false},"author":3,"featured_media":3263,"parent":1816,"menu_order":37,"comment_status":"closed","ping_status":"closed","template":"","meta":{"_acf_changed":false,"footnotes":""},"class_list":["post-1804","page","type-page","status-publish","has-post-thumbnail","hentry","post","post-with-thumbnail","post-with-thumbnail-large"],"acf":[],"yoast_head":"<!-- This site is optimized with the Yoast SEO plugin v27.4 - https:\/\/yoast.com\/product\/yoast-seo-wordpress\/ -->\n<title>Beneficios y Acreditaciones - Departamento de Ingenier\u00eda de Transporte y Log\u00edstica<\/title>\n<meta name=\"robots\" content=\"index, follow, max-snippet:-1, max-image-preview:large, max-video-preview:-1\" \/>\n<link rel=\"canonical\" href=\"https:\/\/www.ing.uc.cl\/transporte-y-logistica\/postgrado\/acreditacion\/\" \/>\n<meta property=\"og:locale\" content=\"es_ES\" \/>\n<meta property=\"og:type\" content=\"article\" \/>\n<meta property=\"og:title\" content=\"Beneficios y Acreditaciones - Departamento de Ingenier\u00eda de Transporte y Log\u00edstica\" \/>\n<meta property=\"og:description\" content=\"Beneficios Los estudiantes del programa de Doctorado cuentan con un beneficio para asistencia a congresos. Con el fin de complementar los recursos obtenidos por otras fuentes (becas, proyectos de investigaci\u00f3n, etc.), y para incentivar la participaci\u00f3n de estudiantes de doctorado en conferencias cient\u00edficas, se entregar\u00e1 un beneficio de $800.000 a quienes hayan aprobado su examen [&hellip;]\" \/>\n<meta property=\"og:url\" content=\"https:\/\/www.ing.uc.cl\/transporte-y-logistica\/postgrado\/acreditacion\/\" \/>\n<meta property=\"og:site_name\" content=\"Departamento de Ingenier\u00eda de Transporte y Log\u00edstica\" \/>\n<meta property=\"article:modified_time\" content=\"2025-08-27T19:57:31+00:00\" \/>\n<meta property=\"og:image\" content=\"https:\/\/www.ing.uc.cl\/transporte-y-logistica\/wp-content\/uploads\/2023\/09\/banneracreditacion-1024x507.png\" \/>\n\t<meta property=\"og:image:width\" content=\"1024\" \/>\n\t<meta property=\"og:image:height\" content=\"507\" \/>\n\t<meta property=\"og:image:type\" content=\"image\/png\" \/>\n<meta name=\"twitter:card\" content=\"summary_large_image\" \/>\n<meta name=\"twitter:label1\" content=\"Tiempo de lectura\" \/>\n\t<meta name=\"twitter:data1\" content=\"2 minutos\" \/>\n<script type=\"application\/ld+json\" class=\"yoast-schema-graph\">{\"@context\":\"https:\\\/\\\/schema.org\",\"@graph\":[{\"@type\":\"WebPage\",\"@id\":\"https:\\\/\\\/www.ing.uc.cl\\\/transporte-y-logistica\\\/postgrado\\\/acreditacion\\\/\",\"url\":\"https:\\\/\\\/www.ing.uc.cl\\\/transporte-y-logistica\\\/postgrado\\\/acreditacion\\\/\",\"name\":\"Beneficios y Acreditaciones - Departamento de Ingenier\u00eda de Transporte y Log\u00edstica\",\"isPartOf\":{\"@id\":\"https:\\\/\\\/www.ing.uc.cl\\\/transporte-y-logistica\\\/#website\"},\"primaryImageOfPage\":{\"@id\":\"https:\\\/\\\/www.ing.uc.cl\\\/transporte-y-logistica\\\/postgrado\\\/acreditacion\\\/#primaryimage\"},\"image\":{\"@id\":\"https:\\\/\\\/www.ing.uc.cl\\\/transporte-y-logistica\\\/postgrado\\\/acreditacion\\\/#primaryimage\"},\"thumbnailUrl\":\"https:\\\/\\\/www.ing.uc.cl\\\/transporte-y-logistica\\\/wp-content\\\/uploads\\\/2023\\\/09\\\/banneracreditacion.png\",\"datePublished\":\"2023-07-07T13:16:59+00:00\",\"dateModified\":\"2025-08-27T19:57:31+00:00\",\"breadcrumb\":{\"@id\":\"https:\\\/\\\/www.ing.uc.cl\\\/transporte-y-logistica\\\/postgrado\\\/acreditacion\\\/#breadcrumb\"},\"inLanguage\":\"es\",\"potentialAction\":[{\"@type\":\"ReadAction\",\"target\":[\"https:\\\/\\\/www.ing.uc.cl\\\/transporte-y-logistica\\\/postgrado\\\/acreditacion\\\/\"]}]},{\"@type\":\"ImageObject\",\"inLanguage\":\"es\",\"@id\":\"https:\\\/\\\/www.ing.uc.cl\\\/transporte-y-logistica\\\/postgrado\\\/acreditacion\\\/#primaryimage\",\"url\":\"https:\\\/\\\/www.ing.uc.cl\\\/transporte-y-logistica\\\/wp-content\\\/uploads\\\/2023\\\/09\\\/banneracreditacion.png\",\"contentUrl\":\"https:\\\/\\\/www.ing.uc.cl\\\/transporte-y-logistica\\\/wp-content\\\/uploads\\\/2023\\\/09\\\/banneracreditacion.png\",\"width\":1998,\"height\":990},{\"@type\":\"BreadcrumbList\",\"@id\":\"https:\\\/\\\/www.ing.uc.cl\\\/transporte-y-logistica\\\/postgrado\\\/acreditacion\\\/#breadcrumb\",\"itemListElement\":[{\"@type\":\"ListItem\",\"position\":1,\"name\":\"Portada\",\"item\":\"https:\\\/\\\/www.ing.uc.cl\\\/transporte-y-logistica\\\/\"},{\"@type\":\"ListItem\",\"position\":2,\"name\":\"Postgrado\",\"item\":\"https:\\\/\\\/www.ing.uc.cl\\\/transporte-y-logistica\\\/postgrado\\\/\"},{\"@type\":\"ListItem\",\"position\":3,\"name\":\"Beneficios y Acreditaciones\"}]},{\"@type\":\"WebSite\",\"@id\":\"https:\\\/\\\/www.ing.uc.cl\\\/transporte-y-logistica\\\/#website\",\"url\":\"https:\\\/\\\/www.ing.uc.cl\\\/transporte-y-logistica\\\/\",\"name\":\"Departamento de Ingenier\u00eda de Transporte y Log\u00edstica\",\"description\":\"DITL\",\"potentialAction\":[{\"@type\":\"SearchAction\",\"target\":{\"@type\":\"EntryPoint\",\"urlTemplate\":\"https:\\\/\\\/www.ing.uc.cl\\\/transporte-y-logistica\\\/?s={search_term_string}\"},\"query-input\":{\"@type\":\"PropertyValueSpecification\",\"valueRequired\":true,\"valueName\":\"search_term_string\"}}],\"inLanguage\":\"es\"}]}<\/script>\n<!-- \/ Yoast SEO plugin. -->","yoast_head_json":{"title":"Beneficios y Acreditaciones - Departamento de Ingenier\u00eda de Transporte y Log\u00edstica","robots":{"index":"index","follow":"follow","max-snippet":"max-snippet:-1","max-image-preview":"max-image-preview:large","max-video-preview":"max-video-preview:-1"},"canonical":"https:\/\/www.ing.uc.cl\/transporte-y-logistica\/postgrado\/acreditacion\/","og_locale":"es_ES","og_type":"article","og_title":"Beneficios y Acreditaciones - Departamento de Ingenier\u00eda de Transporte y Log\u00edstica","og_description":"Beneficios Los estudiantes del programa de Doctorado cuentan con un beneficio para asistencia a congresos. Con el fin de complementar los recursos obtenidos por otras fuentes (becas, proyectos de investigaci\u00f3n, etc.), y para incentivar la participaci\u00f3n de estudiantes de doctorado en conferencias cient\u00edficas, se entregar\u00e1 un beneficio de $800.000 a quienes hayan aprobado su examen [&hellip;]","og_url":"https:\/\/www.ing.uc.cl\/transporte-y-logistica\/postgrado\/acreditacion\/","og_site_name":"Departamento de Ingenier\u00eda de Transporte y Log\u00edstica","article_modified_time":"2025-08-27T19:57:31+00:00","og_image":[{"width":1024,"height":507,"url":"https:\/\/www.ing.uc.cl\/transporte-y-logistica\/wp-content\/uploads\/2023\/09\/banneracreditacion-1024x507.png","type":"image\/png"}],"twitter_card":"summary_large_image","twitter_misc":{"Tiempo de lectura":"2 minutos"},"schema":{"@context":"https:\/\/schema.org","@graph":[{"@type":"WebPage","@id":"https:\/\/www.ing.uc.cl\/transporte-y-logistica\/postgrado\/acreditacion\/","url":"https:\/\/www.ing.uc.cl\/transporte-y-logistica\/postgrado\/acreditacion\/","name":"Beneficios y Acreditaciones - Departamento de Ingenier\u00eda de Transporte y Log\u00edstica","isPartOf":{"@id":"https:\/\/www.ing.uc.cl\/transporte-y-logistica\/#website"},"primaryImageOfPage":{"@id":"https:\/\/www.ing.uc.cl\/transporte-y-logistica\/postgrado\/acreditacion\/#primaryimage"},"image":{"@id":"https:\/\/www.ing.uc.cl\/transporte-y-logistica\/postgrado\/acreditacion\/#primaryimage"},"thumbnailUrl":"https:\/\/www.ing.uc.cl\/transporte-y-logistica\/wp-content\/uploads\/2023\/09\/banneracreditacion.png","datePublished":"2023-07-07T13:16:59+00:00","dateModified":"2025-08-27T19:57:31+00:00","breadcrumb":{"@id":"https:\/\/www.ing.uc.cl\/transporte-y-logistica\/postgrado\/acreditacion\/#breadcrumb"},"inLanguage":"es","potentialAction":[{"@type":"ReadAction","target":["https:\/\/www.ing.uc.cl\/transporte-y-logistica\/postgrado\/acreditacion\/"]}]},{"@type":"ImageObject","inLanguage":"es","@id":"https:\/\/www.ing.uc.cl\/transporte-y-logistica\/postgrado\/acreditacion\/#primaryimage","url":"https:\/\/www.ing.uc.cl\/transporte-y-logistica\/wp-content\/uploads\/2023\/09\/banneracreditacion.png","contentUrl":"https:\/\/www.ing.uc.cl\/transporte-y-logistica\/wp-content\/uploads\/2023\/09\/banneracreditacion.png","width":1998,"height":990},{"@type":"BreadcrumbList","@id":"https:\/\/www.ing.uc.cl\/transporte-y-logistica\/postgrado\/acreditacion\/#breadcrumb","itemListElement":[{"@type":"ListItem","position":1,"name":"Portada","item":"https:\/\/www.ing.uc.cl\/transporte-y-logistica\/"},{"@type":"ListItem","position":2,"name":"Postgrado","item":"https:\/\/www.ing.uc.cl\/transporte-y-logistica\/postgrado\/"},{"@type":"ListItem","position":3,"name":"Beneficios y Acreditaciones"}]},{"@type":"WebSite","@id":"https:\/\/www.ing.uc.cl\/transporte-y-logistica\/#website","url":"https:\/\/www.ing.uc.cl\/transporte-y-logistica\/","name":"Departamento de Ingenier\u00eda de Transporte y Log\u00edstica","description":"DITL","potentialAction":[{"@type":"SearchAction","target":{"@type":"EntryPoint","urlTemplate":"https:\/\/www.ing.uc.cl\/transporte-y-logistica\/?s={search_term_string}"},"query-input":{"@type":"PropertyValueSpecification","valueRequired":true,"valueName":"search_term_string"}}],"inLanguage":"es"}]}},"_links":{"self":[{"href":"https:\/\/www.ing.uc.cl\/transporte-y-logistica\/wp-json\/wp\/v2\/pages\/1804","targetHints":{"allow":["GET"]}}],"collection":[{"href":"https:\/\/www.ing.uc.cl\/transporte-y-logistica\/wp-json\/wp\/v2\/pages"}],"about":[{"href":"https:\/\/www.ing.uc.cl\/transporte-y-logistica\/wp-json\/wp\/v2\/types\/page"}],"author":[{"embeddable":true,"href":"https:\/\/www.ing.uc.cl\/transporte-y-logistica\/wp-json\/wp\/v2\/users\/3"}],"replies":[{"embeddable":true,"href":"https:\/\/www.ing.uc.cl\/transporte-y-logistica\/wp-json\/wp\/v2\/comments?post=1804"}],"version-history":[{"count":29,"href":"https:\/\/www.ing.uc.cl\/transporte-y-logistica\/wp-json\/wp\/v2\/pages\/1804\/revisions"}],"predecessor-version":[{"id":13468,"href":"https:\/\/www.ing.uc.cl\/transporte-y-logistica\/wp-json\/wp\/v2\/pages\/1804\/revisions\/13468"}],"up":[{"embeddable":true,"href":"https:\/\/www.ing.uc.cl\/transporte-y-logistica\/wp-json\/wp\/v2\/pages\/1816"}],"wp:featuredmedia":[{"embeddable":true,"href":"https:\/\/www.ing.uc.cl\/transporte-y-logistica\/wp-json\/wp\/v2\/media\/3263"}],"wp:attachment":[{"href":"https:\/\/www.ing.uc.cl\/transporte-y-logistica\/wp-json\/wp\/v2\/media?parent=1804"}],"curies":[{"name":"wp","href":"https:\/\/api.w.org\/{rel}","templated":true}]}}