{"id":230,"date":"2021-04-09T17:13:10","date_gmt":"2021-04-09T20:13:10","guid":{"rendered":"https:\/\/www.ing.uc.cl\/transporte-y-logistica\/?page_id=230"},"modified":"2023-09-26T16:57:10","modified_gmt":"2023-09-26T19:57:10","slug":"egresados-destacados","status":"publish","type":"page","link":"https:\/\/www.ing.uc.cl\/transporte-y-logistica\/pregrado\/egresados-destacados\/","title":{"rendered":"Egresados Destacados"},"content":{"rendered":"\t\t<div data-elementor-type=\"wp-page\" data-elementor-id=\"230\" class=\"elementor elementor-230\">\n\t\t\t\t\t\t<section class=\"elementor-section elementor-top-section elementor-element elementor-element-c18487c elementor-section-boxed elementor-section-height-default elementor-section-height-default\" data-id=\"c18487c\" data-element_type=\"section\" data-e-type=\"section\">\n\t\t\t\t\t\t<div class=\"elementor-container elementor-column-gap-default\">\n\t\t\t\t\t<div class=\"elementor-column elementor-col-100 elementor-top-column elementor-element elementor-element-e5d3d9f\" data-id=\"e5d3d9f\" data-element_type=\"column\" data-e-type=\"column\">\n\t\t\t<div class=\"elementor-widget-wrap elementor-element-populated\">\n\t\t\t\t\t\t<div class=\"elementor-element elementor-element-967a4e6 imgazul elementor-widget elementor-widget-image\" data-id=\"967a4e6\" data-element_type=\"widget\" data-e-type=\"widget\" data-widget_type=\"image.default\">\n\t\t\t\t<div class=\"elementor-widget-container\">\n\t\t\t\t\t\t\t\t\t\t\t\t\t\t\t<img fetchpriority=\"high\" decoding=\"async\" width=\"1998\" height=\"990\" src=\"https:\/\/www.ing.uc.cl\/transporte-y-logistica\/wp-content\/uploads\/2023\/09\/bannermagister.png\" class=\"attachment-full size-full wp-image-3216\" alt=\"\" srcset=\"https:\/\/www.ing.uc.cl\/transporte-y-logistica\/wp-content\/uploads\/2023\/09\/bannermagister.png 1998w, https:\/\/www.ing.uc.cl\/transporte-y-logistica\/wp-content\/uploads\/2023\/09\/bannermagister-300x149.png 300w, https:\/\/www.ing.uc.cl\/transporte-y-logistica\/wp-content\/uploads\/2023\/09\/bannermagister-1024x507.png 1024w, https:\/\/www.ing.uc.cl\/transporte-y-logistica\/wp-content\/uploads\/2023\/09\/bannermagister-768x381.png 768w, https:\/\/www.ing.uc.cl\/transporte-y-logistica\/wp-content\/uploads\/2023\/09\/bannermagister-1536x761.png 1536w, https:\/\/www.ing.uc.cl\/transporte-y-logistica\/wp-content\/uploads\/2023\/09\/bannermagister-400x198.png 400w\" sizes=\"(max-width: 1998px) 100vw, 1998px\" \/>\t\t\t\t\t\t\t\t\t\t\t\t\t\t\t<\/div>\n\t\t\t\t<\/div>\n\t\t\t\t<div class=\"elementor-element elementor-element-ffcd558 elementor-widget elementor-widget-text-editor\" data-id=\"ffcd558\" data-element_type=\"widget\" data-e-type=\"widget\" data-widget_type=\"text-editor.default\">\n\t\t\t\t<div class=\"elementor-widget-container\">\n\t\t\t\t\t\t\t\t\t<p>Este espacio tiene como objetivo visibilizar a egresados destacados del Departamento y dar una visi\u00f3n sobre el futuro laboral a nuestros alumnos. Publicaremos entrevistas de forma mensual, en las cuales podr\u00e1s conocer el paso de estos profesionales por la universidad y saber a qu\u00e9 se dedican actualmente<\/p>\t\t\t\t\t\t\t\t<\/div>\n\t\t\t\t<\/div>\n\t\t\t\t<div class=\"elementor-element elementor-element-3375bb6 elementor-widget elementor-widget-eael-adv-accordion\" data-id=\"3375bb6\" data-element_type=\"widget\" data-e-type=\"widget\" data-widget_type=\"eael-adv-accordion.default\">\n\t\t\t\t<div class=\"elementor-widget-container\">\n\t\t\t\t\t            <div class=\"eael-adv-accordion\" id=\"eael-adv-accordion-3375bb6\" data-scroll-on-click=\"no\" data-scroll-speed=\"300\" data-accordion-id=\"3375bb6\" data-accordion-type=\"accordion\" data-toogle-speed=\"300\">\n            <div class=\"eael-accordion-list\">\n\t\t\t\t\t<div id=\"carolina-simonetti\" class=\"elementor-tab-title eael-accordion-header\" tabindex=\"0\" data-tab=\"1\" aria-controls=\"elementor-tab-content-5391\"><span class=\"eael-advanced-accordion-icon-closed\"><i aria-hidden=\"true\" class=\"fa-accordion-icon fas fa-plus\"><\/i><\/span><span class=\"eael-advanced-accordion-icon-opened\"><i aria-hidden=\"true\" class=\"fa-accordion-icon fas fa-minus\"><\/i><\/span><span class=\"eael-accordion-tab-title\">Carolina Simonetti<\/span><i aria-hidden=\"true\" class=\"fa-toggle fas fa-angle-right\"><\/i><\/div><div id=\"elementor-tab-content-5391\" class=\"eael-accordion-content clearfix\" data-tab=\"1\" aria-labelledby=\"carolina-simonetti\"><p><strong>Carolina Simonetti<\/strong> es Ingeniera Civil Industrial y Mag\u00edster en Ciencias de la Ingenier\u00eda UC. Carolina fue parte del Directorio de Transporte P\u00fablico Metropolitano y actualmente se encuentra desempe\u00f1ando el puesto de Jefa de Asesores Gabinete Ministerial en Ministerio de Transportes y Telecomunicaciones.<\/p><p><iframe title=\"Entrevista Egresados Destacados -  Carolina Simonetti\" width=\"720\" height=\"405\" src=\"https:\/\/www.youtube.com\/embed\/MX4nu4Ydyy0?feature=oembed\" frameborder=\"0\" allow=\"accelerometer; autoplay; clipboard-write; encrypted-media; gyroscope; picture-in-picture; web-share\" allowfullscreen><\/iframe><\/p><\/div>\n\t\t\t\t\t<\/div><div class=\"eael-accordion-list\">\n\t\t\t\t\t<div id=\"patricio-prez\" class=\"elementor-tab-title eael-accordion-header\" tabindex=\"0\" data-tab=\"2\" aria-controls=\"elementor-tab-content-5392\"><span class=\"eael-advanced-accordion-icon-closed\"><i aria-hidden=\"true\" class=\"fa-accordion-icon fas fa-plus\"><\/i><\/span><span class=\"eael-advanced-accordion-icon-opened\"><i aria-hidden=\"true\" class=\"fa-accordion-icon fas fa-minus\"><\/i><\/span><span class=\"eael-accordion-tab-title\">Patricio P\u00e9rez<\/span><i aria-hidden=\"true\" class=\"fa-toggle fas fa-angle-right\"><\/i><\/div><div id=\"elementor-tab-content-5392\" class=\"eael-accordion-content clearfix\" data-tab=\"2\" aria-labelledby=\"patricio-prez\"><p><strong>Patricio P\u00e9rez<\/strong> es Ingeniero Civil Industrial y Mag\u00edster en Ciencias de la Ingenier\u00eda UC. Adem\u00e1s posee un MBA en la Universidad Adolfo Iba\u00f1ez. Patricio fue parte del Directorio de Transporte P\u00fablico Metropolitano y Asesor Ministerial. Actualmente se encuentra desempe\u00f1ando el puesto de gerente general en la Empresa de Ferrocarriles del Estado.<\/p><p><iframe title=\"Entrevista Egresados Destacados - Patricio P\u00e9rez\" width=\"720\" height=\"405\" src=\"https:\/\/www.youtube.com\/embed\/VvM0jQPiOQc?feature=oembed\" frameborder=\"0\" allow=\"accelerometer; autoplay; clipboard-write; encrypted-media; gyroscope; picture-in-picture; web-share\" allowfullscreen><\/iframe><\/p><\/div>\n\t\t\t\t\t<\/div><div class=\"eael-accordion-list\">\n\t\t\t\t\t<div id=\"vernica-cabezas\" class=\"elementor-tab-title eael-accordion-header\" tabindex=\"0\" data-tab=\"3\" aria-controls=\"elementor-tab-content-5393\"><span class=\"eael-advanced-accordion-icon-closed\"><i aria-hidden=\"true\" class=\"fa-accordion-icon fas fa-plus\"><\/i><\/span><span class=\"eael-advanced-accordion-icon-opened\"><i aria-hidden=\"true\" class=\"fa-accordion-icon fas fa-minus\"><\/i><\/span><span class=\"eael-accordion-tab-title\">Ver\u00f3nica Cabezas<\/span><i aria-hidden=\"true\" class=\"fa-toggle fas fa-angle-right\"><\/i><\/div><div id=\"elementor-tab-content-5393\" class=\"eael-accordion-content clearfix\" data-tab=\"3\" aria-labelledby=\"vernica-cabezas\"><p><strong>Ver\u00f3nica Cabezas<\/strong> es Ingeniera Civil Industrial UC, Mag\u00edster en Pol\u00edtica Educativa y Ph.D en Econom\u00eda de la Educaci\u00f3n (Universidad de Columbia). Actualmente es docente de la Facultad de Educaci\u00f3n UC, adem\u00e1s de ser Co-fundadora de la Fundaci\u00f3n Ense\u00f1a Chile y de la iniciativa Elige Educar.<\/p><p><iframe title=\"Entrevista Egresados Destacados - Ver\u00f3nica Cabezas\" width=\"720\" height=\"405\" src=\"https:\/\/www.youtube.com\/embed\/8eoKZeOq7qA?feature=oembed\" frameborder=\"0\" allow=\"accelerometer; autoplay; clipboard-write; encrypted-media; gyroscope; picture-in-picture; web-share\" allowfullscreen><\/iframe><\/p><\/div>\n\t\t\t\t\t<\/div><div class=\"eael-accordion-list\">\n\t\t\t\t\t<div id=\"gisle-labarthe\" class=\"elementor-tab-title eael-accordion-header\" tabindex=\"0\" data-tab=\"4\" aria-controls=\"elementor-tab-content-5394\"><span class=\"eael-advanced-accordion-icon-closed\"><i aria-hidden=\"true\" class=\"fa-accordion-icon fas fa-plus\"><\/i><\/span><span class=\"eael-advanced-accordion-icon-opened\"><i aria-hidden=\"true\" class=\"fa-accordion-icon fas fa-minus\"><\/i><\/span><span class=\"eael-accordion-tab-title\">Gis\u00e8le Labarthe<\/span><i aria-hidden=\"true\" class=\"fa-toggle fas fa-angle-right\"><\/i><\/div><div id=\"elementor-tab-content-5394\" class=\"eael-accordion-content clearfix\" data-tab=\"4\" aria-labelledby=\"gisle-labarthe\"><p><strong>Gis\u00e8le Labarthe<\/strong> es Ingeniera Civil en Transporte y Mag\u00edster en Ciencias de la Ingenier\u00eda UC. Actualmente es Secretaria Ejecutiva de Sectra y Representante de la Industria en el Comit\u00e9 de Major de Ingenier\u00eda en Transporte UC.<\/p><p><iframe title=\"Entrevista Egresados Destacados - Gis\u00e8le Labarthe\" width=\"720\" height=\"405\" src=\"https:\/\/www.youtube.com\/embed\/chsZEHlXJC0?feature=oembed\" frameborder=\"0\" allow=\"accelerometer; autoplay; clipboard-write; encrypted-media; gyroscope; picture-in-picture; web-share\" allowfullscreen><\/iframe><\/p><\/div>\n\t\t\t\t\t<\/div><div class=\"eael-accordion-list\">\n\t\t\t\t\t<div id=\"justin-siegel\" class=\"elementor-tab-title eael-accordion-header\" tabindex=\"0\" data-tab=\"5\" aria-controls=\"elementor-tab-content-5395\"><span class=\"eael-advanced-accordion-icon-closed\"><i aria-hidden=\"true\" class=\"fa-accordion-icon fas fa-plus\"><\/i><\/span><span class=\"eael-advanced-accordion-icon-opened\"><i aria-hidden=\"true\" class=\"fa-accordion-icon fas fa-minus\"><\/i><\/span><span class=\"eael-accordion-tab-title\">Justin Siegel<\/span><i aria-hidden=\"true\" class=\"fa-toggle fas fa-angle-right\"><\/i><\/div><div id=\"elementor-tab-content-5395\" class=\"eael-accordion-content clearfix\" data-tab=\"5\" aria-labelledby=\"justin-siegel\"><p><strong>Justin Siegel<\/strong> es Ingeniero Civil Industrial y Mag\u00edster en Ciencias de la Ingenier\u00eda de la UC. es Gerente de Planificaci\u00f3n y Gesti\u00f3n Corporativo en Sigdo Koppers ICSK y miembro del Consejo Asesor Empresarial de del DITL.<\/p><p><iframe title=\"Entrevista Egresados Destacados - Justin Siegel\" width=\"720\" height=\"405\" src=\"https:\/\/www.youtube.com\/embed\/3VE1bzO_aLs?feature=oembed\" frameborder=\"0\" allow=\"accelerometer; autoplay; clipboard-write; encrypted-media; gyroscope; picture-in-picture; web-share\" allowfullscreen><\/iframe><\/p><\/div>\n\t\t\t\t\t<\/div><div class=\"eael-accordion-list\">\n\t\t\t\t\t<div id=\"pedro-jaramillo\" class=\"elementor-tab-title eael-accordion-header\" tabindex=\"0\" data-tab=\"6\" aria-controls=\"elementor-tab-content-5396\"><span class=\"eael-advanced-accordion-icon-closed\"><i aria-hidden=\"true\" class=\"fa-accordion-icon fas fa-plus\"><\/i><\/span><span class=\"eael-advanced-accordion-icon-opened\"><i aria-hidden=\"true\" class=\"fa-accordion-icon fas fa-minus\"><\/i><\/span><span class=\"eael-accordion-tab-title\">Pedro Jaramillo<\/span><i aria-hidden=\"true\" class=\"fa-toggle fas fa-angle-right\"><\/i><\/div><div id=\"elementor-tab-content-5396\" class=\"eael-accordion-content clearfix\" data-tab=\"6\" aria-labelledby=\"pedro-jaramillo\"><p><strong>Pedro Jaramillo<\/strong> es Ingeniero Civil Industrial de la UC. Tiene un MBA en UCLA. Actualmente es Gerente General de San Jos\u00e9 Farms y miembro del Consejo Asesor Empresarial del DITL. Adem\u00e1s, pertenece al Directorio de Complejo Portuario Mejillones y es mentor en Mentores de Impacto.<\/p><p><iframe title=\"Entrevista Egresados Destacados - Pedro Jaramillo\" width=\"720\" height=\"405\" src=\"https:\/\/www.youtube.com\/embed\/Y0tBg1OGrW0?feature=oembed\" frameborder=\"0\" allow=\"accelerometer; autoplay; clipboard-write; encrypted-media; gyroscope; picture-in-picture; web-share\" allowfullscreen><\/iframe><\/p><\/div>\n\t\t\t\t\t<\/div><div class=\"eael-accordion-list\">\n\t\t\t\t\t<div id=\"mara-francisca-yez\" class=\"elementor-tab-title eael-accordion-header\" tabindex=\"0\" data-tab=\"7\" aria-controls=\"elementor-tab-content-5397\"><span class=\"eael-advanced-accordion-icon-closed\"><i aria-hidden=\"true\" class=\"fa-accordion-icon fas fa-plus\"><\/i><\/span><span class=\"eael-advanced-accordion-icon-opened\"><i aria-hidden=\"true\" class=\"fa-accordion-icon fas fa-minus\"><\/i><\/span><span class=\"eael-accordion-tab-title\">Mar\u00eda Francisca Y\u00e1\u00f1ez<\/span><i aria-hidden=\"true\" class=\"fa-toggle fas fa-angle-right\"><\/i><\/div><div id=\"elementor-tab-content-5397\" class=\"eael-accordion-content clearfix\" data-tab=\"7\" aria-labelledby=\"mara-francisca-yez\"><p><strong>Mar\u00eda Francisca<\/strong> es ingeniera civil industrial. Realiz\u00f3 un doctorado en el Departamento con el profesor Juan de Dios Ort\u00fazar, especializ\u00e1ndose en modelos de elecci\u00f3n discreta. Tiene numerosas publicaciones en libros y revistas internacionales en materias de movilidad, seguridad vial, log\u00edstica y transporte. Trabaj\u00f3 en el Ministerio de Transportes y Telecomunicaciones, y actualmente es Senior Manager en la consultora multinacional Accentura y preside el directorio de Puerto Chacabuco.<\/p><p><iframe title=\"Entrevista Egresados Destacados - Francisca Ya\u00f1ez\" width=\"720\" height=\"405\" src=\"https:\/\/www.youtube.com\/embed\/tuFm5TJ1Qog?feature=oembed\" frameborder=\"0\" allow=\"accelerometer; autoplay; clipboard-write; encrypted-media; gyroscope; picture-in-picture; web-share\" allowfullscreen><\/iframe><\/p><\/div>\n\t\t\t\t\t<\/div><\/div>\t\t\t\t<\/div>\n\t\t\t\t<\/div>\n\t\t\t\t\t<\/div>\n\t\t<\/div>\n\t\t\t\t\t<\/div>\n\t\t<\/section>\n\t\t\t\t<\/div>\n\t\t","protected":false},"excerpt":{"rendered":"<p>Este espacio tiene como objetivo visibilizar a egresados destacados del Departamento y dar una visi\u00f3n sobre el futuro laboral a nuestros alumnos. Publicaremos entrevistas de forma mensual, en las cuales podr\u00e1s conocer el paso de estos profesionales por la universidad y saber a qu\u00e9 se dedican actualmente Carolina Simonetti Carolina Simonetti es Ingeniera Civil Industrial [&hellip;]<\/p>\n","protected":false},"author":6,"featured_media":3216,"parent":79,"menu_order":34,"comment_status":"closed","ping_status":"closed","template":"","meta":{"_acf_changed":false,"footnotes":""},"class_list":["post-230","page","type-page","status-publish","has-post-thumbnail","hentry","post","post-with-thumbnail","post-with-thumbnail-large"],"acf":[],"yoast_head":"<!-- This site is optimized with the Yoast SEO plugin v27.6 - https:\/\/yoast.com\/product\/yoast-seo-wordpress\/ -->\n<title>Egresados Destacados - Departamento de Ingenier\u00eda de Transporte y Log\u00edstica<\/title>\n<meta name=\"robots\" content=\"index, follow, max-snippet:-1, max-image-preview:large, max-video-preview:-1\" \/>\n<link rel=\"canonical\" href=\"https:\/\/www.ing.uc.cl\/transporte-y-logistica\/pregrado\/egresados-destacados\/\" \/>\n<meta property=\"og:locale\" content=\"es_ES\" \/>\n<meta property=\"og:type\" content=\"article\" \/>\n<meta property=\"og:title\" content=\"Egresados Destacados - Departamento de Ingenier\u00eda de Transporte y Log\u00edstica\" \/>\n<meta property=\"og:description\" content=\"Este espacio tiene como objetivo visibilizar a egresados destacados del Departamento y dar una visi\u00f3n sobre el futuro laboral a nuestros alumnos. Publicaremos entrevistas de forma mensual, en las cuales podr\u00e1s conocer el paso de estos profesionales por la universidad y saber a qu\u00e9 se dedican actualmente Carolina Simonetti Carolina Simonetti es Ingeniera Civil Industrial [&hellip;]\" \/>\n<meta property=\"og:url\" content=\"https:\/\/www.ing.uc.cl\/transporte-y-logistica\/pregrado\/egresados-destacados\/\" \/>\n<meta property=\"og:site_name\" content=\"Departamento de Ingenier\u00eda de Transporte y Log\u00edstica\" \/>\n<meta property=\"article:modified_time\" content=\"2023-09-26T19:57:10+00:00\" \/>\n<meta property=\"og:image\" content=\"https:\/\/www.ing.uc.cl\/transporte-y-logistica\/wp-content\/uploads\/2023\/09\/bannermagister.png\" \/>\n\t<meta property=\"og:image:width\" content=\"1998\" \/>\n\t<meta property=\"og:image:height\" content=\"990\" \/>\n\t<meta property=\"og:image:type\" content=\"image\/png\" \/>\n<meta name=\"twitter:card\" content=\"summary_large_image\" \/>\n<meta name=\"twitter:label1\" content=\"Tiempo de lectura\" \/>\n\t<meta name=\"twitter:data1\" content=\"2 minutos\" \/>\n<script type=\"application\/ld+json\" class=\"yoast-schema-graph\">{\"@context\":\"https:\\\/\\\/schema.org\",\"@graph\":[{\"@type\":\"WebPage\",\"@id\":\"https:\\\/\\\/www.ing.uc.cl\\\/transporte-y-logistica\\\/pregrado\\\/egresados-destacados\\\/\",\"url\":\"https:\\\/\\\/www.ing.uc.cl\\\/transporte-y-logistica\\\/pregrado\\\/egresados-destacados\\\/\",\"name\":\"Egresados Destacados - Departamento de Ingenier\u00eda de Transporte y Log\u00edstica\",\"isPartOf\":{\"@id\":\"https:\\\/\\\/www.ing.uc.cl\\\/transporte-y-logistica\\\/#website\"},\"primaryImageOfPage\":{\"@id\":\"https:\\\/\\\/www.ing.uc.cl\\\/transporte-y-logistica\\\/pregrado\\\/egresados-destacados\\\/#primaryimage\"},\"image\":{\"@id\":\"https:\\\/\\\/www.ing.uc.cl\\\/transporte-y-logistica\\\/pregrado\\\/egresados-destacados\\\/#primaryimage\"},\"thumbnailUrl\":\"https:\\\/\\\/www.ing.uc.cl\\\/transporte-y-logistica\\\/wp-content\\\/uploads\\\/2023\\\/09\\\/bannermagister.png\",\"datePublished\":\"2021-04-09T20:13:10+00:00\",\"dateModified\":\"2023-09-26T19:57:10+00:00\",\"breadcrumb\":{\"@id\":\"https:\\\/\\\/www.ing.uc.cl\\\/transporte-y-logistica\\\/pregrado\\\/egresados-destacados\\\/#breadcrumb\"},\"inLanguage\":\"es\",\"potentialAction\":[{\"@type\":\"ReadAction\",\"target\":[\"https:\\\/\\\/www.ing.uc.cl\\\/transporte-y-logistica\\\/pregrado\\\/egresados-destacados\\\/\"]}]},{\"@type\":\"ImageObject\",\"inLanguage\":\"es\",\"@id\":\"https:\\\/\\\/www.ing.uc.cl\\\/transporte-y-logistica\\\/pregrado\\\/egresados-destacados\\\/#primaryimage\",\"url\":\"https:\\\/\\\/www.ing.uc.cl\\\/transporte-y-logistica\\\/wp-content\\\/uploads\\\/2023\\\/09\\\/bannermagister.png\",\"contentUrl\":\"https:\\\/\\\/www.ing.uc.cl\\\/transporte-y-logistica\\\/wp-content\\\/uploads\\\/2023\\\/09\\\/bannermagister.png\",\"width\":1998,\"height\":990},{\"@type\":\"BreadcrumbList\",\"@id\":\"https:\\\/\\\/www.ing.uc.cl\\\/transporte-y-logistica\\\/pregrado\\\/egresados-destacados\\\/#breadcrumb\",\"itemListElement\":[{\"@type\":\"ListItem\",\"position\":1,\"name\":\"Portada\",\"item\":\"https:\\\/\\\/www.ing.uc.cl\\\/transporte-y-logistica\\\/\"},{\"@type\":\"ListItem\",\"position\":2,\"name\":\"Pregrado\",\"item\":\"https:\\\/\\\/www.ing.uc.cl\\\/transporte-y-logistica\\\/pregrado\\\/\"},{\"@type\":\"ListItem\",\"position\":3,\"name\":\"Egresados Destacados\"}]},{\"@type\":\"WebSite\",\"@id\":\"https:\\\/\\\/www.ing.uc.cl\\\/transporte-y-logistica\\\/#website\",\"url\":\"https:\\\/\\\/www.ing.uc.cl\\\/transporte-y-logistica\\\/\",\"name\":\"Departamento de Ingenier\u00eda de Transporte y Log\u00edstica\",\"description\":\"DITL\",\"potentialAction\":[{\"@type\":\"SearchAction\",\"target\":{\"@type\":\"EntryPoint\",\"urlTemplate\":\"https:\\\/\\\/www.ing.uc.cl\\\/transporte-y-logistica\\\/?s={search_term_string}\"},\"query-input\":{\"@type\":\"PropertyValueSpecification\",\"valueRequired\":true,\"valueName\":\"search_term_string\"}}],\"inLanguage\":\"es\"}]}<\/script>\n<!-- \/ Yoast SEO plugin. -->","yoast_head_json":{"title":"Egresados Destacados - Departamento de Ingenier\u00eda de Transporte y Log\u00edstica","robots":{"index":"index","follow":"follow","max-snippet":"max-snippet:-1","max-image-preview":"max-image-preview:large","max-video-preview":"max-video-preview:-1"},"canonical":"https:\/\/www.ing.uc.cl\/transporte-y-logistica\/pregrado\/egresados-destacados\/","og_locale":"es_ES","og_type":"article","og_title":"Egresados Destacados - Departamento de Ingenier\u00eda de Transporte y Log\u00edstica","og_description":"Este espacio tiene como objetivo visibilizar a egresados destacados del Departamento y dar una visi\u00f3n sobre el futuro laboral a nuestros alumnos. Publicaremos entrevistas de forma mensual, en las cuales podr\u00e1s conocer el paso de estos profesionales por la universidad y saber a qu\u00e9 se dedican actualmente Carolina Simonetti Carolina Simonetti es Ingeniera Civil Industrial [&hellip;]","og_url":"https:\/\/www.ing.uc.cl\/transporte-y-logistica\/pregrado\/egresados-destacados\/","og_site_name":"Departamento de Ingenier\u00eda de Transporte y Log\u00edstica","article_modified_time":"2023-09-26T19:57:10+00:00","og_image":[{"width":1998,"height":990,"url":"https:\/\/www.ing.uc.cl\/transporte-y-logistica\/wp-content\/uploads\/2023\/09\/bannermagister.png","type":"image\/png"}],"twitter_card":"summary_large_image","twitter_misc":{"Tiempo de lectura":"2 minutos"},"schema":{"@context":"https:\/\/schema.org","@graph":[{"@type":"WebPage","@id":"https:\/\/www.ing.uc.cl\/transporte-y-logistica\/pregrado\/egresados-destacados\/","url":"https:\/\/www.ing.uc.cl\/transporte-y-logistica\/pregrado\/egresados-destacados\/","name":"Egresados Destacados - Departamento de Ingenier\u00eda de Transporte y Log\u00edstica","isPartOf":{"@id":"https:\/\/www.ing.uc.cl\/transporte-y-logistica\/#website"},"primaryImageOfPage":{"@id":"https:\/\/www.ing.uc.cl\/transporte-y-logistica\/pregrado\/egresados-destacados\/#primaryimage"},"image":{"@id":"https:\/\/www.ing.uc.cl\/transporte-y-logistica\/pregrado\/egresados-destacados\/#primaryimage"},"thumbnailUrl":"https:\/\/www.ing.uc.cl\/transporte-y-logistica\/wp-content\/uploads\/2023\/09\/bannermagister.png","datePublished":"2021-04-09T20:13:10+00:00","dateModified":"2023-09-26T19:57:10+00:00","breadcrumb":{"@id":"https:\/\/www.ing.uc.cl\/transporte-y-logistica\/pregrado\/egresados-destacados\/#breadcrumb"},"inLanguage":"es","potentialAction":[{"@type":"ReadAction","target":["https:\/\/www.ing.uc.cl\/transporte-y-logistica\/pregrado\/egresados-destacados\/"]}]},{"@type":"ImageObject","inLanguage":"es","@id":"https:\/\/www.ing.uc.cl\/transporte-y-logistica\/pregrado\/egresados-destacados\/#primaryimage","url":"https:\/\/www.ing.uc.cl\/transporte-y-logistica\/wp-content\/uploads\/2023\/09\/bannermagister.png","contentUrl":"https:\/\/www.ing.uc.cl\/transporte-y-logistica\/wp-content\/uploads\/2023\/09\/bannermagister.png","width":1998,"height":990},{"@type":"BreadcrumbList","@id":"https:\/\/www.ing.uc.cl\/transporte-y-logistica\/pregrado\/egresados-destacados\/#breadcrumb","itemListElement":[{"@type":"ListItem","position":1,"name":"Portada","item":"https:\/\/www.ing.uc.cl\/transporte-y-logistica\/"},{"@type":"ListItem","position":2,"name":"Pregrado","item":"https:\/\/www.ing.uc.cl\/transporte-y-logistica\/pregrado\/"},{"@type":"ListItem","position":3,"name":"Egresados Destacados"}]},{"@type":"WebSite","@id":"https:\/\/www.ing.uc.cl\/transporte-y-logistica\/#website","url":"https:\/\/www.ing.uc.cl\/transporte-y-logistica\/","name":"Departamento de Ingenier\u00eda de Transporte y Log\u00edstica","description":"DITL","potentialAction":[{"@type":"SearchAction","target":{"@type":"EntryPoint","urlTemplate":"https:\/\/www.ing.uc.cl\/transporte-y-logistica\/?s={search_term_string}"},"query-input":{"@type":"PropertyValueSpecification","valueRequired":true,"valueName":"search_term_string"}}],"inLanguage":"es"}]}},"_links":{"self":[{"href":"https:\/\/www.ing.uc.cl\/transporte-y-logistica\/wp-json\/wp\/v2\/pages\/230","targetHints":{"allow":["GET"]}}],"collection":[{"href":"https:\/\/www.ing.uc.cl\/transporte-y-logistica\/wp-json\/wp\/v2\/pages"}],"about":[{"href":"https:\/\/www.ing.uc.cl\/transporte-y-logistica\/wp-json\/wp\/v2\/types\/page"}],"author":[{"embeddable":true,"href":"https:\/\/www.ing.uc.cl\/transporte-y-logistica\/wp-json\/wp\/v2\/users\/6"}],"replies":[{"embeddable":true,"href":"https:\/\/www.ing.uc.cl\/transporte-y-logistica\/wp-json\/wp\/v2\/comments?post=230"}],"version-history":[{"count":67,"href":"https:\/\/www.ing.uc.cl\/transporte-y-logistica\/wp-json\/wp\/v2\/pages\/230\/revisions"}],"predecessor-version":[{"id":3285,"href":"https:\/\/www.ing.uc.cl\/transporte-y-logistica\/wp-json\/wp\/v2\/pages\/230\/revisions\/3285"}],"up":[{"embeddable":true,"href":"https:\/\/www.ing.uc.cl\/transporte-y-logistica\/wp-json\/wp\/v2\/pages\/79"}],"wp:featuredmedia":[{"embeddable":true,"href":"https:\/\/www.ing.uc.cl\/transporte-y-logistica\/wp-json\/wp\/v2\/media\/3216"}],"wp:attachment":[{"href":"https:\/\/www.ing.uc.cl\/transporte-y-logistica\/wp-json\/wp\/v2\/media?parent=230"}],"curies":[{"name":"wp","href":"https:\/\/api.w.org\/{rel}","templated":true}]}}