{"id":2537,"date":"2023-09-14T15:59:01","date_gmt":"2023-09-14T18:59:01","guid":{"rendered":"https:\/\/www.ing.uc.cl\/transporte-y-logistica\/?page_id=2537"},"modified":"2023-09-26T13:43:34","modified_gmt":"2023-09-26T16:43:34","slug":"cuerpo-docente","status":"publish","type":"page","link":"https:\/\/www.ing.uc.cl\/transporte-y-logistica\/departamento\/cuerpo-docente\/","title":{"rendered":"Cuerpo Docente"},"content":{"rendered":"<div class='rt-container-fluid rt-team-container rt-pos-r rt-team-container-3235' id='rt-team-container-3832147822'  data-layout='layout2' data-desktop-col='1'  data-tab-col='3'  data-mobile-col='1' data-sc-id='3235' data-popup-bg=''><div data-title='Loading ...' class='rt-row rt-content-loader layout2 ttp-even ttp-pre-loader'><div class=\"rt-col-md-12 rt-col-sm-4 rt-col-xs-12  even-grid-item rt-grid-item\" data-id=\"3251\"><div class=\"single-team-area\"><div class=\"img-area rt-col-sm-3 rt-col-xs-4 \"><figure><img fetchpriority=\"high\" decoding=\"async\" width=\"400\" height=\"400\" src=\"https:\/\/www.ing.uc.cl\/transporte-y-logistica\/wp-content\/uploads\/2023\/09\/Alexandria-Soto.png\" class=\"img-responsive rt-team-img\" alt=\"Alexandra Soto\" \/><\/figure><\/div><div class=\"rttm-content-area rt-col-sm-9 rt-col-xs-8 \"><h3><span class=\"team-name\">Alexandra Soto<\/span><\/h3><div class=\"short-bio\"><p><b>Profesora Adjunta<\/b><\/p>\n<p>Ingeniera Civil de Industrias con diploma en Computaci\u00f3n, Pontificia Universidad Cat\u00f3lica de Chile.<br \/>\nMag\u00edster en Ciencias de la Ingenier\u00eda, Pontificia Universidad Cat\u00f3lica de Chile.<\/p>\n<p><b>\u00daltimos cursos dictados:<\/b><br \/>\n[ICT3984] Planificaci\u00f3n de Sistemas de Transporte Urbano<\/p>\n<p><\/p>\n<\/div><\/div><\/div><\/div><div class=\"rt-col-md-12 rt-col-sm-4 rt-col-xs-12  even-grid-item rt-grid-item\" data-id=\"3247\"><div class=\"single-team-area\"><div class=\"img-area rt-col-sm-3 rt-col-xs-4 \"><figure><img decoding=\"async\" width=\"400\" height=\"400\" src=\"https:\/\/www.ing.uc.cl\/transporte-y-logistica\/wp-content\/uploads\/2023\/09\/AngelBendek.png\" class=\"img-responsive rt-team-img\" alt=\"Angel Bendek\" \/><\/figure><\/div><div class=\"rttm-content-area rt-col-sm-9 rt-col-xs-8 \"><h3><span class=\"team-name\">Angel Bendek<\/span><\/h3><div class=\"short-bio\"><p><b>Profesor Adjunto<\/b><\/p>\n<p>Ingeniero Civil de Industrias con diploma en Mec\u00e1nica, Pontificia Universidad Cat\u00f3lica de Chile.<br \/>\nMaster in Business Administration, Pontificia Universidad Cat\u00f3lica de Chile.<\/p>\n<p><b>\u00daltimos cursos dictados:<\/b><br \/>\n[ICT2303] Tecnolog\u00eda de Medios de Transporte<\/p>\n<p><\/p>\n<\/div><\/div><\/div><\/div><div class=\"rt-col-md-12 rt-col-sm-4 rt-col-xs-12  even-grid-item rt-grid-item\" data-id=\"3241\"><div class=\"single-team-area\"><div class=\"img-area rt-col-sm-3 rt-col-xs-4 \"><figure><img decoding=\"async\" width=\"400\" height=\"400\" src=\"https:\/\/www.ing.uc.cl\/transporte-y-logistica\/wp-content\/uploads\/2023\/09\/Angelo-Cherubini.png\" class=\"img-responsive rt-team-img\" alt=\"Angelo Cherubini\" \/><\/figure><\/div><div class=\"rttm-content-area rt-col-sm-9 rt-col-xs-8 \"><h3><span class=\"team-name\">Angelo Cherubini<\/span><\/h3><div class=\"short-bio\"><p><b>Profesor Adjunto<\/b><\/p>\n<p>Ingeniero Civil de Industrias con diploma en Transporte, Pontificia Universidad Cat\u00f3lica de Chile.<br \/>\nDiplomado en Responsabilidad Social Corporativa, Universidad Alberto Hurtado.<br \/>\nDiplomado en Preparaci\u00f3n y Evaluaci\u00f3n Social de Proyectos, Universidad de Chile.<br \/>\nDiplomado en Instrumentos de Planificaci\u00f3n Territorial, Pontificia Universidad Cat\u00f3lica de Chile.<\/p>\n<p><b>\u00daltimos cursos dictados:<\/b><br \/>\n[ICT3113] Evaluaci\u00f3n Social de Proyectos<br \/>\n[ICT3114] Proyecto de T\u00edtulo Industrial Transporte<\/p>\n<p><\/p>\n<\/div><\/div><\/div><\/div><div class=\"rt-col-md-12 rt-col-sm-4 rt-col-xs-12  even-grid-item rt-grid-item\" data-id=\"3245\"><div class=\"single-team-area\"><div class=\"img-area rt-col-sm-3 rt-col-xs-4 \"><figure><img loading=\"lazy\" decoding=\"async\" width=\"400\" height=\"400\" src=\"https:\/\/www.ing.uc.cl\/transporte-y-logistica\/wp-content\/uploads\/2023\/09\/Eduardo-Koffman.png\" class=\"img-responsive rt-team-img\" alt=\"Eduardo Koffmann\" \/><\/figure><\/div><div class=\"rttm-content-area rt-col-sm-9 rt-col-xs-8 \"><h3><span class=\"team-name\">Eduardo Koffmann<\/span><\/h3><div class=\"short-bio\"><p><b>Profesor Adjunto<\/b><\/p>\n<p>Ingeniero Civil de Industrias con diploma en Transporte, Pontificia Universidad Cat\u00f3lica de Chile.<br \/>\nMag\u00edster en Ciencias de la Ingenier\u00eda, Pontificia Universidad Cat\u00f3lica de Chile.<br \/>\nPost\u00edtulo en Econom\u00eda y Evaluaci\u00f3n de proyectos, Universidad de Chile.<br \/>\nPost\u00edtulo en Proyectos APP y An\u00e1lisis de Riesgo, Queens University.<br \/>\nPost\u00edtulo en Gesti\u00f3n de Proyectos, Universidad Adolfo Iba\u00f1ez.<\/p>\n<p><b>\u00daltimos cursos dictados:<\/b><br \/>\n[ICT3113] Evaluaci\u00f3n Social de Proyectos<br \/>\n[ICT3114] Proyecto de T\u00edtulo Industrial Transporte<br \/><\/p>\n<\/div><\/div><\/div><\/div><div class=\"rt-col-md-12 rt-col-sm-4 rt-col-xs-12  even-grid-item rt-grid-item\" data-id=\"3249\"><div class=\"single-team-area\"><div class=\"img-area rt-col-sm-3 rt-col-xs-4 \"><figure><img loading=\"lazy\" decoding=\"async\" width=\"400\" height=\"400\" src=\"https:\/\/www.ing.uc.cl\/transporte-y-logistica\/wp-content\/uploads\/2023\/09\/FranciscoGodoy.png\" class=\"img-responsive rt-team-img\" alt=\"Francisco Godoy\" \/><\/figure><\/div><div class=\"rttm-content-area rt-col-sm-9 rt-col-xs-8 \"><h3><span class=\"team-name\">Francisco Godoy<\/span><\/h3><div class=\"short-bio\"><p><b>Profesor Adjunto<\/b><\/p>\n<p>Ingeniero Civil de Industrias con diploma en Transporte, Pontificia Universidad Cat\u00f3lica de Chile.<br \/>\nMag\u00edster en Ingenier\u00eda de la Energ\u00eda, Pontificia Universidad Cat\u00f3lica de Chile.<\/p>\n<p><b>\u00daltimos cursos dictados:<\/b><br \/>\n[ICT2303] Tecnolog\u00eda de Medios de Transporte<\/p>\n<p><\/p>\n<\/div><\/div><\/div><\/div><div class=\"rt-col-md-12 rt-col-sm-4 rt-col-xs-12  even-grid-item rt-grid-item\" data-id=\"12175\"><div class=\"single-team-area\"><div class=\"img-area rt-col-sm-3 rt-col-xs-4 \"><figure><img loading=\"lazy\" decoding=\"async\" width=\"400\" height=\"400\" src=\"https:\/\/www.ing.uc.cl\/transporte-y-logistica\/wp-content\/uploads\/2024\/05\/Jose-Manuel-Fernandez-Nalda-400x400.jpg\" class=\"img-responsive rt-team-img\" alt=\"Jos\u00e9 Manuel Fern\u00e1ndez\" \/><\/figure><\/div><div class=\"rttm-content-area rt-col-sm-9 rt-col-xs-8 \"><h3><span class=\"team-name\">Jos\u00e9 Manuel Fern\u00e1ndez<\/span><\/h3><div class=\"short-bio\"><p><b>Profesor Adjunto<\/b><\/p>\n<p>Ingeniero Civil de Industrias con menci\u00f3n<br \/>\nen Mec\u00e1nica, PUC.<br \/>\nMag\u00edster en Ciencias de la Ingenier\u00eda, PUC.<br \/>\nMag\u00edster en Ingenier\u00eda Industrial, PUC.<\/p>\n<p><b>\u00daltimos cursos dictados: <\/b><br \/>\n[ICT3440] Gesti\u00f3n Portuaria<\/p>\n<\/div><\/div><\/div><\/div><div class=\"rt-col-md-12 rt-col-sm-4 rt-col-xs-12  even-grid-item rt-grid-item\" data-id=\"3237\"><div class=\"single-team-area\"><div class=\"img-area rt-col-sm-3 rt-col-xs-4 \"><figure><img loading=\"lazy\" decoding=\"async\" width=\"400\" height=\"400\" src=\"https:\/\/www.ing.uc.cl\/transporte-y-logistica\/wp-content\/uploads\/2023\/09\/Julio-Briones.png\" class=\"img-responsive rt-team-img\" alt=\"Julio Briones\" \/><\/figure><\/div><div class=\"rttm-content-area rt-col-sm-9 rt-col-xs-8 \"><h3><span class=\"team-name\">Julio Briones<\/span><\/h3><div class=\"short-bio\"><p><b>Profesor Adjunto<\/b><\/p>\n<p>Ingeniero Civil de Industrias con diploma en Transporte, Pontificia Universidad Cat\u00f3lica de Chile.<br \/>\nMag\u00edster en Ciencias de la Ingenier\u00eda, Pontificia Universidad Cat\u00f3lica de Chile.<br \/>\nDiploma en Pol\u00edticas P\u00fablicas, Pontificia Universidad Cat\u00f3lica de Chile<br \/>\nMaster of Public Administration (MPA), London School of Economics.<\/p>\n<p><b>\u00daltimos cursos dictados: <\/b><br \/>\n[ICT3255] Pol\u00edticas de Transporte Urbano<br \/>\n[ICT3256] Pol\u00edticas de Transporte para Problemas Econ\u00f3micos y de Equidad<\/p>\n<p><\/p>\n<\/div><\/div><\/div><\/div><div class=\"rt-col-md-12 rt-col-sm-4 rt-col-xs-12  even-grid-item rt-grid-item\" data-id=\"3243\"><div class=\"single-team-area\"><div class=\"img-area rt-col-sm-3 rt-col-xs-4 \"><figure><img loading=\"lazy\" decoding=\"async\" width=\"400\" height=\"400\" src=\"https:\/\/www.ing.uc.cl\/transporte-y-logistica\/wp-content\/uploads\/2023\/09\/PabloSomariva.png\" class=\"img-responsive rt-team-img\" alt=\"Pablo Sommariva\" \/><\/figure><\/div><div class=\"rttm-content-area rt-col-sm-9 rt-col-xs-8 \"><h3><span class=\"team-name\">Pablo Sommariva<\/span><\/h3><div class=\"short-bio\"><p><b>Profesor Instructor Adjunto<\/b><\/p>\n<p>Ingeniero Civil con diploma en Transporte, Pontificia Universidad Cat\u00f3lica de Chile.<\/p>\n<p><b>\u00daltimos cursos dictados:<\/b><br \/>\n[ICT3273] Modelos Avanzados de Tr\u00e1fico<\/p>\n<p><\/p>\n<\/div><\/div><\/div><\/div><div class=\"rt-loading-overlay\"><\/div><div class=\"rt-loading rt-ball-clip-rotate\"><div><\/div><\/div><\/div><\/div>\n","protected":false},"excerpt":{"rendered":"","protected":false},"author":3,"featured_media":0,"parent":2,"menu_order":15,"comment_status":"closed","ping_status":"closed","template":"","meta":{"_acf_changed":false,"footnotes":""},"class_list":["post-2537","page","type-page","status-publish","hentry","post","post-with-thumbnail","post-with-thumbnail-large"],"acf":[],"yoast_head":"<!-- This site is optimized with the Yoast SEO plugin v27.6 - https:\/\/yoast.com\/product\/yoast-seo-wordpress\/ -->\n<title>Cuerpo Docente - Departamento de Ingenier\u00eda de Transporte y Log\u00edstica<\/title>\n<meta name=\"robots\" content=\"index, follow, max-snippet:-1, max-image-preview:large, max-video-preview:-1\" \/>\n<link rel=\"canonical\" href=\"https:\/\/www.ing.uc.cl\/transporte-y-logistica\/departamento\/cuerpo-docente\/\" \/>\n<meta property=\"og:locale\" content=\"es_ES\" \/>\n<meta property=\"og:type\" content=\"article\" \/>\n<meta property=\"og:title\" content=\"Cuerpo Docente - Departamento de Ingenier\u00eda de Transporte y Log\u00edstica\" \/>\n<meta property=\"og:url\" content=\"https:\/\/www.ing.uc.cl\/transporte-y-logistica\/departamento\/cuerpo-docente\/\" \/>\n<meta property=\"og:site_name\" content=\"Departamento de Ingenier\u00eda de Transporte y Log\u00edstica\" \/>\n<meta property=\"article:modified_time\" content=\"2023-09-26T16:43:34+00:00\" \/>\n<meta name=\"twitter:card\" content=\"summary_large_image\" \/>\n<meta name=\"twitter:label1\" content=\"Tiempo de lectura\" \/>\n\t<meta name=\"twitter:data1\" content=\"1 minuto\" \/>\n<script type=\"application\/ld+json\" class=\"yoast-schema-graph\">{\"@context\":\"https:\\\/\\\/schema.org\",\"@graph\":[{\"@type\":\"WebPage\",\"@id\":\"https:\\\/\\\/www.ing.uc.cl\\\/transporte-y-logistica\\\/departamento\\\/cuerpo-docente\\\/\",\"url\":\"https:\\\/\\\/www.ing.uc.cl\\\/transporte-y-logistica\\\/departamento\\\/cuerpo-docente\\\/\",\"name\":\"Cuerpo Docente - Departamento de Ingenier\u00eda de Transporte y Log\u00edstica\",\"isPartOf\":{\"@id\":\"https:\\\/\\\/www.ing.uc.cl\\\/transporte-y-logistica\\\/#website\"},\"datePublished\":\"2023-09-14T18:59:01+00:00\",\"dateModified\":\"2023-09-26T16:43:34+00:00\",\"breadcrumb\":{\"@id\":\"https:\\\/\\\/www.ing.uc.cl\\\/transporte-y-logistica\\\/departamento\\\/cuerpo-docente\\\/#breadcrumb\"},\"inLanguage\":\"es\",\"potentialAction\":[{\"@type\":\"ReadAction\",\"target\":[\"https:\\\/\\\/www.ing.uc.cl\\\/transporte-y-logistica\\\/departamento\\\/cuerpo-docente\\\/\"]}]},{\"@type\":\"BreadcrumbList\",\"@id\":\"https:\\\/\\\/www.ing.uc.cl\\\/transporte-y-logistica\\\/departamento\\\/cuerpo-docente\\\/#breadcrumb\",\"itemListElement\":[{\"@type\":\"ListItem\",\"position\":1,\"name\":\"Portada\",\"item\":\"https:\\\/\\\/www.ing.uc.cl\\\/transporte-y-logistica\\\/\"},{\"@type\":\"ListItem\",\"position\":2,\"name\":\"Departamento\",\"item\":\"https:\\\/\\\/www.ing.uc.cl\\\/transporte-y-logistica\\\/departamento\\\/\"},{\"@type\":\"ListItem\",\"position\":3,\"name\":\"Cuerpo Docente\"}]},{\"@type\":\"WebSite\",\"@id\":\"https:\\\/\\\/www.ing.uc.cl\\\/transporte-y-logistica\\\/#website\",\"url\":\"https:\\\/\\\/www.ing.uc.cl\\\/transporte-y-logistica\\\/\",\"name\":\"Departamento de Ingenier\u00eda de Transporte y Log\u00edstica\",\"description\":\"DITL\",\"potentialAction\":[{\"@type\":\"SearchAction\",\"target\":{\"@type\":\"EntryPoint\",\"urlTemplate\":\"https:\\\/\\\/www.ing.uc.cl\\\/transporte-y-logistica\\\/?s={search_term_string}\"},\"query-input\":{\"@type\":\"PropertyValueSpecification\",\"valueRequired\":true,\"valueName\":\"search_term_string\"}}],\"inLanguage\":\"es\"}]}<\/script>\n<!-- \/ Yoast SEO plugin. -->","yoast_head_json":{"title":"Cuerpo Docente - Departamento de Ingenier\u00eda de Transporte y Log\u00edstica","robots":{"index":"index","follow":"follow","max-snippet":"max-snippet:-1","max-image-preview":"max-image-preview:large","max-video-preview":"max-video-preview:-1"},"canonical":"https:\/\/www.ing.uc.cl\/transporte-y-logistica\/departamento\/cuerpo-docente\/","og_locale":"es_ES","og_type":"article","og_title":"Cuerpo Docente - Departamento de Ingenier\u00eda de Transporte y Log\u00edstica","og_url":"https:\/\/www.ing.uc.cl\/transporte-y-logistica\/departamento\/cuerpo-docente\/","og_site_name":"Departamento de Ingenier\u00eda de Transporte y Log\u00edstica","article_modified_time":"2023-09-26T16:43:34+00:00","twitter_card":"summary_large_image","twitter_misc":{"Tiempo de lectura":"1 minuto"},"schema":{"@context":"https:\/\/schema.org","@graph":[{"@type":"WebPage","@id":"https:\/\/www.ing.uc.cl\/transporte-y-logistica\/departamento\/cuerpo-docente\/","url":"https:\/\/www.ing.uc.cl\/transporte-y-logistica\/departamento\/cuerpo-docente\/","name":"Cuerpo Docente - Departamento de Ingenier\u00eda de Transporte y Log\u00edstica","isPartOf":{"@id":"https:\/\/www.ing.uc.cl\/transporte-y-logistica\/#website"},"datePublished":"2023-09-14T18:59:01+00:00","dateModified":"2023-09-26T16:43:34+00:00","breadcrumb":{"@id":"https:\/\/www.ing.uc.cl\/transporte-y-logistica\/departamento\/cuerpo-docente\/#breadcrumb"},"inLanguage":"es","potentialAction":[{"@type":"ReadAction","target":["https:\/\/www.ing.uc.cl\/transporte-y-logistica\/departamento\/cuerpo-docente\/"]}]},{"@type":"BreadcrumbList","@id":"https:\/\/www.ing.uc.cl\/transporte-y-logistica\/departamento\/cuerpo-docente\/#breadcrumb","itemListElement":[{"@type":"ListItem","position":1,"name":"Portada","item":"https:\/\/www.ing.uc.cl\/transporte-y-logistica\/"},{"@type":"ListItem","position":2,"name":"Departamento","item":"https:\/\/www.ing.uc.cl\/transporte-y-logistica\/departamento\/"},{"@type":"ListItem","position":3,"name":"Cuerpo Docente"}]},{"@type":"WebSite","@id":"https:\/\/www.ing.uc.cl\/transporte-y-logistica\/#website","url":"https:\/\/www.ing.uc.cl\/transporte-y-logistica\/","name":"Departamento de Ingenier\u00eda de Transporte y Log\u00edstica","description":"DITL","potentialAction":[{"@type":"SearchAction","target":{"@type":"EntryPoint","urlTemplate":"https:\/\/www.ing.uc.cl\/transporte-y-logistica\/?s={search_term_string}"},"query-input":{"@type":"PropertyValueSpecification","valueRequired":true,"valueName":"search_term_string"}}],"inLanguage":"es"}]}},"_links":{"self":[{"href":"https:\/\/www.ing.uc.cl\/transporte-y-logistica\/wp-json\/wp\/v2\/pages\/2537","targetHints":{"allow":["GET"]}}],"collection":[{"href":"https:\/\/www.ing.uc.cl\/transporte-y-logistica\/wp-json\/wp\/v2\/pages"}],"about":[{"href":"https:\/\/www.ing.uc.cl\/transporte-y-logistica\/wp-json\/wp\/v2\/types\/page"}],"author":[{"embeddable":true,"href":"https:\/\/www.ing.uc.cl\/transporte-y-logistica\/wp-json\/wp\/v2\/users\/3"}],"replies":[{"embeddable":true,"href":"https:\/\/www.ing.uc.cl\/transporte-y-logistica\/wp-json\/wp\/v2\/comments?post=2537"}],"version-history":[{"count":2,"href":"https:\/\/www.ing.uc.cl\/transporte-y-logistica\/wp-json\/wp\/v2\/pages\/2537\/revisions"}],"predecessor-version":[{"id":3236,"href":"https:\/\/www.ing.uc.cl\/transporte-y-logistica\/wp-json\/wp\/v2\/pages\/2537\/revisions\/3236"}],"up":[{"embeddable":true,"href":"https:\/\/www.ing.uc.cl\/transporte-y-logistica\/wp-json\/wp\/v2\/pages\/2"}],"wp:attachment":[{"href":"https:\/\/www.ing.uc.cl\/transporte-y-logistica\/wp-json\/wp\/v2\/media?parent=2537"}],"curies":[{"name":"wp","href":"https:\/\/api.w.org\/{rel}","templated":true}]}}