{"id":273,"date":"2021-04-09T17:59:44","date_gmt":"2021-04-09T20:59:44","guid":{"rendered":"https:\/\/www.ing.uc.cl\/transporte-y-logistica\/?page_id=273"},"modified":"2025-08-12T13:49:58","modified_gmt":"2025-08-12T16:49:58","slug":"magister","status":"publish","type":"page","link":"https:\/\/www.ing.uc.cl\/transporte-y-logistica\/postgrado\/magister\/","title":{"rendered":"Mag\u00edster"},"content":{"rendered":"\t\t<div data-elementor-type=\"wp-page\" data-elementor-id=\"273\" class=\"elementor elementor-273\">\n\t\t\t\t\t\t<section class=\"elementor-section elementor-top-section elementor-element elementor-element-007e676 elementor-section-boxed elementor-section-height-default elementor-section-height-default\" data-id=\"007e676\" data-element_type=\"section\" data-e-type=\"section\">\n\t\t\t\t\t\t<div class=\"elementor-container elementor-column-gap-default\">\n\t\t\t\t\t<div class=\"elementor-column elementor-col-100 elementor-top-column elementor-element elementor-element-9171e01\" data-id=\"9171e01\" data-element_type=\"column\" data-e-type=\"column\">\n\t\t\t<div class=\"elementor-widget-wrap elementor-element-populated\">\n\t\t\t\t\t\t<div class=\"elementor-element elementor-element-ba85a77 elementor-widget elementor-widget-video\" data-id=\"ba85a77\" data-element_type=\"widget\" data-e-type=\"widget\" data-settings=\"{&quot;youtube_url&quot;:&quot;https:\\\/\\\/youtu.be\\\/0GLY32PAMsI&quot;,&quot;video_type&quot;:&quot;youtube&quot;,&quot;controls&quot;:&quot;yes&quot;}\" data-widget_type=\"video.default\">\n\t\t\t\t<div class=\"elementor-widget-container\">\n\t\t\t\t\t\t\t<div class=\"elementor-wrapper elementor-open-inline\">\n\t\t\t<div class=\"elementor-video\"><\/div>\t\t<\/div>\n\t\t\t\t\t\t<\/div>\n\t\t\t\t<\/div>\n\t\t\t\t<div class=\"elementor-element elementor-element-3f4695d imgazul elementor-widget elementor-widget-image\" data-id=\"3f4695d\" data-element_type=\"widget\" data-e-type=\"widget\" data-widget_type=\"image.default\">\n\t\t\t\t<div class=\"elementor-widget-container\">\n\t\t\t\t\t\t\t\t\t\t\t\t\t\t\t\t<a href=\"https:\/\/youtu.be\/0GLY32PAMsI\">\n\t\t\t\t\t\t\t<img decoding=\"async\" src=\"https:\/\/youtu.be\/0GLY32PAMsI\" title=\"\" alt=\"\" loading=\"lazy\" \/>\t\t\t\t\t\t\t\t<\/a>\n\t\t\t\t\t\t\t\t\t\t\t\t\t\t\t<\/div>\n\t\t\t\t<\/div>\n\t\t\t\t<div class=\"elementor-element elementor-element-574d1c2 elementor-widget elementor-widget-text-editor\" data-id=\"574d1c2\" data-element_type=\"widget\" data-e-type=\"widget\" data-widget_type=\"text-editor.default\">\n\t\t\t\t<div class=\"elementor-widget-container\">\n\t\t\t\t\t\t\t\t\t<p class=\"MsoNormal\"><o:p><\/o:p><\/p>\n<p class=\"MsoNormal\"><span style=\"font-size: 10.5pt; line-height: 107%; font-family: Georgia, serif; background-image: initial; background-position: initial; background-size: initial; background-repeat: initial; background-attachment: initial; background-origin: initial; background-clip: initial;\">El&nbsp;programa de Mag\u00edster en Ciencias de la Ingenier\u00eda tiene&nbsp;<\/span><span style=\"font-size: 10.5pt; line-height: 107%; font-family: Georgia, serif;\"><span style=\"background-image: initial; background-position: initial; background-size: initial; background-repeat: initial; background-attachment: initial; background-origin: initial; background-clip: initial;\"><span style=\"font-variant-ligatures: normal; font-variant-caps: normal;\">por objetivo iniciar en la formaci\u00f3n en&nbsp;investigaci\u00f3n en ciencias y tecnolog\u00edas&nbsp;<\/span><\/span><span style=\"background-image: initial; background-position: initial; background-size: initial; background-repeat: initial; background-attachment: initial; background-origin: initial; background-clip: initial;\"><span style=\"font-variant-ligatures: normal; font-variant-caps: normal;\">a profesionales para capacitarlos en la resoluci\u00f3n&nbsp;de problemas de relevancia&nbsp;<\/span><\/span><span style=\"background-image: initial; background-position: initial; background-size: initial; background-repeat: initial; background-attachment: initial; background-origin: initial; background-clip: initial;\"><span style=\"font-variant-ligatures: normal; font-variant-caps: normal;\">en alguna de las l\u00edneas de investigaci\u00f3n que&nbsp;desarrollan los acad\u00e9micos del&nbsp;<\/span><\/span><span style=\"background-image: initial; background-position: initial; background-size: initial; background-repeat: initial; background-attachment: initial; background-origin: initial; background-clip: initial;\"><span style=\"font-variant-ligatures: normal; font-variant-caps: normal;\">programa. Sus egresados son capaces de ejecutar&nbsp; actividades relacionadas a&nbsp;<\/span><\/span><span style=\"background-image: initial; background-position: initial; background-size: initial; background-repeat: initial; background-attachment: initial; background-origin: initial; background-clip: initial;\"><span style=\"font-variant-ligatures: normal; font-variant-caps: normal;\">investigaci\u00f3n en los \u00e1mbitos de la Ingenier\u00eda,&nbsp;incluso su realizaci\u00f3n, gesti\u00f3n&nbsp;<\/span><\/span><span style=\"background-image: initial; background-position: initial; background-size: initial; background-repeat: initial; background-attachment: initial; background-origin: initial; background-clip: initial;\"><span style=\"font-variant-ligatures: normal; font-variant-caps: normal;\">y supervisi\u00f3n, tanto en el ambiente acad\u00e9mico como&nbsp;industrial privado y&nbsp;<\/span><\/span><span style=\"background-image: initial; background-position: initial; background-size: initial; background-repeat: initial; background-attachment: initial; background-origin: initial; background-clip: initial;\"><span style=\"font-variant-ligatures: normal; font-variant-caps: normal;\">p\u00fablico. Poseen las capacidades para desarrollarse&nbsp; profesionalmente en la&nbsp;<\/span><\/span><span style=\"background-image: initial; background-position: initial; background-size: initial; background-repeat: initial; background-attachment: initial; background-origin: initial; background-clip: initial;\"><span style=\"font-variant-ligatures: normal; font-variant-caps: normal;\">industria, continuar sus estudios en un doctorado,&nbsp;o generar emprendimientos&nbsp;<\/span><\/span><span style=\"background-image: initial; background-position: initial; background-size: initial; background-repeat: initial; background-attachment: initial; background-origin: initial; background-clip: initial;\"><span style=\"font-variant-ligatures: normal; font-variant-caps: normal;\">independientes, creando empresas de car\u00e1cter&nbsp;tecnol\u00f3gico e innovador.<\/span><\/span><\/span><o:p><\/o:p><\/p>\n<p>El perfil de egreso del Programa considera que los egresados esten capacitados para analizar problemas de transporte y log\u00edstica en diversos \u00e1mbitos, modelar situaciones complejas y proponer soluciones innovadoras, que los faculten para desempe\u00f1arse exitosamente en empresas e instituciones p\u00fablicas y privadas, incluyendo el \u00e1mbito acad\u00e9mico y de investigaci\u00f3n. Tambi\u00e9n se espera que potencien su esp\u00edritu emprendedor y sean capaces de desarrollar metodolog\u00edas, herramientas y procesos novedosos en los \u00e1mbitos de su competencia.&nbsp;<\/p>\n<p>El Programa proporciona al estudiante conocimientos avanzados en el \u00e1rea de Ingenier\u00eda de Transporte y Log\u00edstica, a trav\u00e9s de la aprobaci\u00f3n de un conjunto de cursos de especializaci\u00f3n en la disciplina, acordado con su supervisor de tesis, y el desarrollo de una investigaci\u00f3n que demuestre su conocimiento sobre el estado del arte en la disciplina.<\/p>\t\t\t\t\t\t\t\t<\/div>\n\t\t\t\t<\/div>\n\t\t\t\t<div class=\"elementor-element elementor-element-5902f90 elementor-widget elementor-widget-eael-adv-accordion\" data-id=\"5902f90\" data-element_type=\"widget\" data-e-type=\"widget\" data-widget_type=\"eael-adv-accordion.default\">\n\t\t\t\t<div class=\"elementor-widget-container\">\n\t\t\t\t\t            <div class=\"eael-adv-accordion\" id=\"eael-adv-accordion-5902f90\" data-scroll-on-click=\"no\" data-scroll-speed=\"300\" data-accordion-id=\"5902f90\" data-accordion-type=\"accordion\" data-toogle-speed=\"300\">\n            <div class=\"eael-accordion-list\">\n\t\t\t\t\t<div id=\"a-quines-les-recomendaras-el-magster-en-ciencias-de-la-ingeniera-en-el-ditl\" class=\"elementor-tab-title eael-accordion-header\" tabindex=\"0\" data-tab=\"1\" aria-controls=\"elementor-tab-content-9331\"><span class=\"eael-advanced-accordion-icon-closed\"><i aria-hidden=\"true\" class=\"fa-accordion-icon fas fa-plus\"><\/i><\/span><span class=\"eael-advanced-accordion-icon-opened\"><i aria-hidden=\"true\" class=\"fa-accordion-icon fas fa-minus\"><\/i><\/span><span class=\"eael-accordion-tab-title\">\u00bfA qui\u00e9nes les recomendar\u00edas el Mag\u00edster en Ciencias de la Ingenier\u00eda en el DITL?<\/span><i aria-hidden=\"true\" class=\"fa-toggle fas fa-angle-right\"><\/i><\/div><div id=\"elementor-tab-content-9331\" class=\"eael-accordion-content clearfix\" data-tab=\"1\" aria-labelledby=\"a-quines-les-recomendaras-el-magster-en-ciencias-de-la-ingeniera-en-el-ditl\"><p><iframe title=\"\u00bfA qui\u00e9nes les recomendar\u00edas el Mag\u00edster en Ciencias de la Ingenier\u00eda en el DITL?\" width=\"720\" height=\"405\" src=\"https:\/\/www.youtube.com\/embed\/lClCkq1clfk?feature=oembed\" frameborder=\"0\" allow=\"accelerometer; autoplay; clipboard-write; encrypted-media; gyroscope; picture-in-picture; web-share\" referrerpolicy=\"strict-origin-when-cross-origin\" allowfullscreen><\/iframe><\/p><\/div>\n\t\t\t\t\t<\/div><div class=\"eael-accordion-list\">\n\t\t\t\t\t<div id=\"cul-es-el-valor-agregado-que-me-entreg-el-magster-como-profesional\" class=\"elementor-tab-title eael-accordion-header\" tabindex=\"0\" data-tab=\"2\" aria-controls=\"elementor-tab-content-9332\"><span class=\"eael-advanced-accordion-icon-closed\"><i aria-hidden=\"true\" class=\"fa-accordion-icon fas fa-plus\"><\/i><\/span><span class=\"eael-advanced-accordion-icon-opened\"><i aria-hidden=\"true\" class=\"fa-accordion-icon fas fa-minus\"><\/i><\/span><span class=\"eael-accordion-tab-title\">\u00bfCu\u00e1l es el valor agregado que me entreg\u00f3 el Mag\u00edster como profesional?<\/span><i aria-hidden=\"true\" class=\"fa-toggle fas fa-angle-right\"><\/i><\/div><div id=\"elementor-tab-content-9332\" class=\"eael-accordion-content clearfix\" data-tab=\"2\" aria-labelledby=\"cul-es-el-valor-agregado-que-me-entreg-el-magster-como-profesional\"><p><iframe title=\"\u00bfCu\u00e1l es el valor agregado que me entreg\u00f3 el Mag\u00edster como profesional?\" width=\"720\" height=\"405\" src=\"https:\/\/www.youtube.com\/embed\/VVySyP9tEa8?feature=oembed\" frameborder=\"0\" allow=\"accelerometer; autoplay; clipboard-write; encrypted-media; gyroscope; picture-in-picture; web-share\" referrerpolicy=\"strict-origin-when-cross-origin\" allowfullscreen><\/iframe><\/p><\/div>\n\t\t\t\t\t<\/div><div class=\"eael-accordion-list\">\n\t\t\t\t\t<div id=\"qu-es-lo-que-ms-valoro-del-magster-en-ciencias-de-la-ingeniera-en-el-ditl\" class=\"elementor-tab-title eael-accordion-header\" tabindex=\"0\" data-tab=\"3\" aria-controls=\"elementor-tab-content-9333\"><span class=\"eael-advanced-accordion-icon-closed\"><i aria-hidden=\"true\" class=\"fa-accordion-icon fas fa-plus\"><\/i><\/span><span class=\"eael-advanced-accordion-icon-opened\"><i aria-hidden=\"true\" class=\"fa-accordion-icon fas fa-minus\"><\/i><\/span><span class=\"eael-accordion-tab-title\">\u00bfQu\u00e9 es lo que m\u00e1s valoro del Mag\u00edster en Ciencias de la Ingenier\u00eda en el DITL?<\/span><i aria-hidden=\"true\" class=\"fa-toggle fas fa-angle-right\"><\/i><\/div><div id=\"elementor-tab-content-9333\" class=\"eael-accordion-content clearfix\" data-tab=\"3\" aria-labelledby=\"qu-es-lo-que-ms-valoro-del-magster-en-ciencias-de-la-ingeniera-en-el-ditl\"><p><iframe title=\"\u00bfQu\u00e9 es lo que m\u00e1s valoro del Mag\u00edster en Ciencias de la Ingenier\u00eda en el DITL?\" width=\"720\" height=\"405\" src=\"https:\/\/www.youtube.com\/embed\/H5oXaGysHWY?feature=oembed\" frameborder=\"0\" allow=\"accelerometer; autoplay; clipboard-write; encrypted-media; gyroscope; picture-in-picture; web-share\" referrerpolicy=\"strict-origin-when-cross-origin\" allowfullscreen><\/iframe><\/p><\/div>\n\t\t\t\t\t<\/div><div class=\"eael-accordion-list\">\n\t\t\t\t\t<div id=\"volveras-a-hacer-el-magster-en-ciencias-de-la-ingeniera-en-el-ditl\" class=\"elementor-tab-title eael-accordion-header\" tabindex=\"0\" data-tab=\"4\" aria-controls=\"elementor-tab-content-9334\"><span class=\"eael-advanced-accordion-icon-closed\"><i aria-hidden=\"true\" class=\"fa-accordion-icon fas fa-plus\"><\/i><\/span><span class=\"eael-advanced-accordion-icon-opened\"><i aria-hidden=\"true\" class=\"fa-accordion-icon fas fa-minus\"><\/i><\/span><span class=\"eael-accordion-tab-title\">\u00bfVolver\u00edas a hacer el Mag\u00edster en Ciencias de la Ingenier\u00eda en el DITL?<\/span><i aria-hidden=\"true\" class=\"fa-toggle fas fa-angle-right\"><\/i><\/div><div id=\"elementor-tab-content-9334\" class=\"eael-accordion-content clearfix\" data-tab=\"4\" aria-labelledby=\"volveras-a-hacer-el-magster-en-ciencias-de-la-ingeniera-en-el-ditl\"><p><iframe title=\"\u00bfVolver\u00edas a hacer el Mag\u00edster en Ciencias de la Ingenier\u00eda en el DITL?\" width=\"720\" height=\"405\" src=\"https:\/\/www.youtube.com\/embed\/wSC_HX7aoZM?feature=oembed\" frameborder=\"0\" allow=\"accelerometer; autoplay; clipboard-write; encrypted-media; gyroscope; picture-in-picture; web-share\" referrerpolicy=\"strict-origin-when-cross-origin\" allowfullscreen><\/iframe><\/p><\/div>\n\t\t\t\t\t<\/div><\/div>\t\t\t\t<\/div>\n\t\t\t\t<\/div>\n\t\t\t\t<div class=\"elementor-element elementor-element-940848d elementor-widget elementor-widget-text-editor\" data-id=\"940848d\" data-element_type=\"widget\" data-e-type=\"widget\" data-widget_type=\"text-editor.default\">\n\t\t\t\t<div class=\"elementor-widget-container\">\n\t\t\t\t\t\t\t\t\t<p><strong>Jefe del programa de Mag\u00edster: <\/strong>Juan Carlos Herrera<strong>&nbsp;\u2013 <font color=\"#2f7ee1\">jch@uc.cl<\/font><\/strong><\/p>\n<p>M\u00e1s informaci\u00f3n del&nbsp;<a href=\"https:\/\/www.ing.uc.cl\/seccion\/magister-ciencias-la-ingenieria\/\" target=\"_blank\" rel=\"noopener noreferrer\">Plan de Estudios, Admisi\u00f3n, Convenios, etc. aqu\u00ed.<\/a><\/p>\t\t\t\t\t\t\t\t<\/div>\n\t\t\t\t<\/div>\n\t\t\t\t\t<\/div>\n\t\t<\/div>\n\t\t\t\t\t<\/div>\n\t\t<\/section>\n\t\t\t\t<\/div>\n\t\t","protected":false},"excerpt":{"rendered":"<p>El&nbsp;programa de Mag\u00edster en Ciencias de la Ingenier\u00eda tiene&nbsp;por objetivo iniciar en la formaci\u00f3n en&nbsp;investigaci\u00f3n en ciencias y tecnolog\u00edas&nbsp;a profesionales para capacitarlos en la resoluci\u00f3n&nbsp;de problemas de relevancia&nbsp;en alguna de las l\u00edneas de investigaci\u00f3n que&nbsp;desarrollan los acad\u00e9micos del&nbsp;programa. Sus egresados son capaces de ejecutar&nbsp; actividades relacionadas a&nbsp;investigaci\u00f3n en los \u00e1mbitos de la Ingenier\u00eda,&nbsp;incluso su realizaci\u00f3n, [&hellip;]<\/p>\n","protected":false},"author":6,"featured_media":13346,"parent":1816,"menu_order":30,"comment_status":"closed","ping_status":"closed","template":"","meta":{"_acf_changed":false,"footnotes":""},"class_list":["post-273","page","type-page","status-publish","has-post-thumbnail","hentry","post","post-with-thumbnail","post-with-thumbnail-large"],"acf":[],"yoast_head":"<!-- This site is optimized with the Yoast SEO plugin v27.3 - https:\/\/yoast.com\/product\/yoast-seo-wordpress\/ -->\n<title>Mag\u00edster - Departamento de Ingenier\u00eda de Transporte y Log\u00edstica<\/title>\n<meta name=\"robots\" content=\"index, follow, max-snippet:-1, max-image-preview:large, max-video-preview:-1\" \/>\n<link rel=\"canonical\" href=\"https:\/\/www.ing.uc.cl\/transporte-y-logistica\/postgrado\/magister\/\" \/>\n<meta property=\"og:locale\" content=\"es_ES\" \/>\n<meta property=\"og:type\" content=\"article\" \/>\n<meta property=\"og:title\" content=\"Mag\u00edster - Departamento de Ingenier\u00eda de Transporte y Log\u00edstica\" \/>\n<meta property=\"og:description\" content=\"El&nbsp;programa de Mag\u00edster en Ciencias de la Ingenier\u00eda tiene&nbsp;por objetivo iniciar en la formaci\u00f3n en&nbsp;investigaci\u00f3n en ciencias y tecnolog\u00edas&nbsp;a profesionales para capacitarlos en la resoluci\u00f3n&nbsp;de problemas de relevancia&nbsp;en alguna de las l\u00edneas de investigaci\u00f3n que&nbsp;desarrollan los acad\u00e9micos del&nbsp;programa. Sus egresados son capaces de ejecutar&nbsp; actividades relacionadas a&nbsp;investigaci\u00f3n en los \u00e1mbitos de la Ingenier\u00eda,&nbsp;incluso su realizaci\u00f3n, [&hellip;]\" \/>\n<meta property=\"og:url\" content=\"https:\/\/www.ing.uc.cl\/transporte-y-logistica\/postgrado\/magister\/\" \/>\n<meta property=\"og:site_name\" content=\"Departamento de Ingenier\u00eda de Transporte y Log\u00edstica\" \/>\n<meta property=\"article:modified_time\" content=\"2025-08-12T16:49:58+00:00\" \/>\n<meta property=\"og:image\" content=\"https:\/\/www.ing.uc.cl\/transporte-y-logistica\/wp-content\/uploads\/2025\/08\/IMG_2033-Mejorado-NR-scaled.jpg\" \/>\n\t<meta property=\"og:image:width\" content=\"2560\" \/>\n\t<meta property=\"og:image:height\" content=\"1922\" \/>\n\t<meta property=\"og:image:type\" content=\"image\/jpeg\" \/>\n<meta name=\"twitter:card\" content=\"summary_large_image\" \/>\n<meta name=\"twitter:label1\" content=\"Tiempo de lectura\" \/>\n\t<meta name=\"twitter:data1\" content=\"2 minutos\" \/>\n<script type=\"application\/ld+json\" class=\"yoast-schema-graph\">{\"@context\":\"https:\\\/\\\/schema.org\",\"@graph\":[{\"@type\":\"WebPage\",\"@id\":\"https:\\\/\\\/www.ing.uc.cl\\\/transporte-y-logistica\\\/postgrado\\\/magister\\\/\",\"url\":\"https:\\\/\\\/www.ing.uc.cl\\\/transporte-y-logistica\\\/postgrado\\\/magister\\\/\",\"name\":\"Mag\u00edster - Departamento de Ingenier\u00eda de Transporte y Log\u00edstica\",\"isPartOf\":{\"@id\":\"https:\\\/\\\/www.ing.uc.cl\\\/transporte-y-logistica\\\/#website\"},\"primaryImageOfPage\":{\"@id\":\"https:\\\/\\\/www.ing.uc.cl\\\/transporte-y-logistica\\\/postgrado\\\/magister\\\/#primaryimage\"},\"image\":{\"@id\":\"https:\\\/\\\/www.ing.uc.cl\\\/transporte-y-logistica\\\/postgrado\\\/magister\\\/#primaryimage\"},\"thumbnailUrl\":\"https:\\\/\\\/www.ing.uc.cl\\\/transporte-y-logistica\\\/wp-content\\\/uploads\\\/2025\\\/08\\\/IMG_2033-Mejorado-NR-scaled.jpg\",\"datePublished\":\"2021-04-09T20:59:44+00:00\",\"dateModified\":\"2025-08-12T16:49:58+00:00\",\"breadcrumb\":{\"@id\":\"https:\\\/\\\/www.ing.uc.cl\\\/transporte-y-logistica\\\/postgrado\\\/magister\\\/#breadcrumb\"},\"inLanguage\":\"es\",\"potentialAction\":[{\"@type\":\"ReadAction\",\"target\":[\"https:\\\/\\\/www.ing.uc.cl\\\/transporte-y-logistica\\\/postgrado\\\/magister\\\/\"]}]},{\"@type\":\"ImageObject\",\"inLanguage\":\"es\",\"@id\":\"https:\\\/\\\/www.ing.uc.cl\\\/transporte-y-logistica\\\/postgrado\\\/magister\\\/#primaryimage\",\"url\":\"https:\\\/\\\/www.ing.uc.cl\\\/transporte-y-logistica\\\/wp-content\\\/uploads\\\/2025\\\/08\\\/IMG_2033-Mejorado-NR-scaled.jpg\",\"contentUrl\":\"https:\\\/\\\/www.ing.uc.cl\\\/transporte-y-logistica\\\/wp-content\\\/uploads\\\/2025\\\/08\\\/IMG_2033-Mejorado-NR-scaled.jpg\",\"width\":2560,\"height\":1922},{\"@type\":\"BreadcrumbList\",\"@id\":\"https:\\\/\\\/www.ing.uc.cl\\\/transporte-y-logistica\\\/postgrado\\\/magister\\\/#breadcrumb\",\"itemListElement\":[{\"@type\":\"ListItem\",\"position\":1,\"name\":\"Portada\",\"item\":\"https:\\\/\\\/www.ing.uc.cl\\\/transporte-y-logistica\\\/\"},{\"@type\":\"ListItem\",\"position\":2,\"name\":\"Postgrado\",\"item\":\"https:\\\/\\\/www.ing.uc.cl\\\/transporte-y-logistica\\\/postgrado\\\/\"},{\"@type\":\"ListItem\",\"position\":3,\"name\":\"Mag\u00edster\"}]},{\"@type\":\"WebSite\",\"@id\":\"https:\\\/\\\/www.ing.uc.cl\\\/transporte-y-logistica\\\/#website\",\"url\":\"https:\\\/\\\/www.ing.uc.cl\\\/transporte-y-logistica\\\/\",\"name\":\"Departamento de Ingenier\u00eda de Transporte y Log\u00edstica\",\"description\":\"DITL\",\"potentialAction\":[{\"@type\":\"SearchAction\",\"target\":{\"@type\":\"EntryPoint\",\"urlTemplate\":\"https:\\\/\\\/www.ing.uc.cl\\\/transporte-y-logistica\\\/?s={search_term_string}\"},\"query-input\":{\"@type\":\"PropertyValueSpecification\",\"valueRequired\":true,\"valueName\":\"search_term_string\"}}],\"inLanguage\":\"es\"}]}<\/script>\n<!-- \/ Yoast SEO plugin. -->","yoast_head_json":{"title":"Mag\u00edster - Departamento de Ingenier\u00eda de Transporte y Log\u00edstica","robots":{"index":"index","follow":"follow","max-snippet":"max-snippet:-1","max-image-preview":"max-image-preview:large","max-video-preview":"max-video-preview:-1"},"canonical":"https:\/\/www.ing.uc.cl\/transporte-y-logistica\/postgrado\/magister\/","og_locale":"es_ES","og_type":"article","og_title":"Mag\u00edster - Departamento de Ingenier\u00eda de Transporte y Log\u00edstica","og_description":"El&nbsp;programa de Mag\u00edster en Ciencias de la Ingenier\u00eda tiene&nbsp;por objetivo iniciar en la formaci\u00f3n en&nbsp;investigaci\u00f3n en ciencias y tecnolog\u00edas&nbsp;a profesionales para capacitarlos en la resoluci\u00f3n&nbsp;de problemas de relevancia&nbsp;en alguna de las l\u00edneas de investigaci\u00f3n que&nbsp;desarrollan los acad\u00e9micos del&nbsp;programa. Sus egresados son capaces de ejecutar&nbsp; actividades relacionadas a&nbsp;investigaci\u00f3n en los \u00e1mbitos de la Ingenier\u00eda,&nbsp;incluso su realizaci\u00f3n, [&hellip;]","og_url":"https:\/\/www.ing.uc.cl\/transporte-y-logistica\/postgrado\/magister\/","og_site_name":"Departamento de Ingenier\u00eda de Transporte y Log\u00edstica","article_modified_time":"2025-08-12T16:49:58+00:00","og_image":[{"width":2560,"height":1922,"url":"https:\/\/www.ing.uc.cl\/transporte-y-logistica\/wp-content\/uploads\/2025\/08\/IMG_2033-Mejorado-NR-scaled.jpg","type":"image\/jpeg"}],"twitter_card":"summary_large_image","twitter_misc":{"Tiempo de lectura":"2 minutos"},"schema":{"@context":"https:\/\/schema.org","@graph":[{"@type":"WebPage","@id":"https:\/\/www.ing.uc.cl\/transporte-y-logistica\/postgrado\/magister\/","url":"https:\/\/www.ing.uc.cl\/transporte-y-logistica\/postgrado\/magister\/","name":"Mag\u00edster - Departamento de Ingenier\u00eda de Transporte y Log\u00edstica","isPartOf":{"@id":"https:\/\/www.ing.uc.cl\/transporte-y-logistica\/#website"},"primaryImageOfPage":{"@id":"https:\/\/www.ing.uc.cl\/transporte-y-logistica\/postgrado\/magister\/#primaryimage"},"image":{"@id":"https:\/\/www.ing.uc.cl\/transporte-y-logistica\/postgrado\/magister\/#primaryimage"},"thumbnailUrl":"https:\/\/www.ing.uc.cl\/transporte-y-logistica\/wp-content\/uploads\/2025\/08\/IMG_2033-Mejorado-NR-scaled.jpg","datePublished":"2021-04-09T20:59:44+00:00","dateModified":"2025-08-12T16:49:58+00:00","breadcrumb":{"@id":"https:\/\/www.ing.uc.cl\/transporte-y-logistica\/postgrado\/magister\/#breadcrumb"},"inLanguage":"es","potentialAction":[{"@type":"ReadAction","target":["https:\/\/www.ing.uc.cl\/transporte-y-logistica\/postgrado\/magister\/"]}]},{"@type":"ImageObject","inLanguage":"es","@id":"https:\/\/www.ing.uc.cl\/transporte-y-logistica\/postgrado\/magister\/#primaryimage","url":"https:\/\/www.ing.uc.cl\/transporte-y-logistica\/wp-content\/uploads\/2025\/08\/IMG_2033-Mejorado-NR-scaled.jpg","contentUrl":"https:\/\/www.ing.uc.cl\/transporte-y-logistica\/wp-content\/uploads\/2025\/08\/IMG_2033-Mejorado-NR-scaled.jpg","width":2560,"height":1922},{"@type":"BreadcrumbList","@id":"https:\/\/www.ing.uc.cl\/transporte-y-logistica\/postgrado\/magister\/#breadcrumb","itemListElement":[{"@type":"ListItem","position":1,"name":"Portada","item":"https:\/\/www.ing.uc.cl\/transporte-y-logistica\/"},{"@type":"ListItem","position":2,"name":"Postgrado","item":"https:\/\/www.ing.uc.cl\/transporte-y-logistica\/postgrado\/"},{"@type":"ListItem","position":3,"name":"Mag\u00edster"}]},{"@type":"WebSite","@id":"https:\/\/www.ing.uc.cl\/transporte-y-logistica\/#website","url":"https:\/\/www.ing.uc.cl\/transporte-y-logistica\/","name":"Departamento de Ingenier\u00eda de Transporte y Log\u00edstica","description":"DITL","potentialAction":[{"@type":"SearchAction","target":{"@type":"EntryPoint","urlTemplate":"https:\/\/www.ing.uc.cl\/transporte-y-logistica\/?s={search_term_string}"},"query-input":{"@type":"PropertyValueSpecification","valueRequired":true,"valueName":"search_term_string"}}],"inLanguage":"es"}]}},"_links":{"self":[{"href":"https:\/\/www.ing.uc.cl\/transporte-y-logistica\/wp-json\/wp\/v2\/pages\/273","targetHints":{"allow":["GET"]}}],"collection":[{"href":"https:\/\/www.ing.uc.cl\/transporte-y-logistica\/wp-json\/wp\/v2\/pages"}],"about":[{"href":"https:\/\/www.ing.uc.cl\/transporte-y-logistica\/wp-json\/wp\/v2\/types\/page"}],"author":[{"embeddable":true,"href":"https:\/\/www.ing.uc.cl\/transporte-y-logistica\/wp-json\/wp\/v2\/users\/6"}],"replies":[{"embeddable":true,"href":"https:\/\/www.ing.uc.cl\/transporte-y-logistica\/wp-json\/wp\/v2\/comments?post=273"}],"version-history":[{"count":62,"href":"https:\/\/www.ing.uc.cl\/transporte-y-logistica\/wp-json\/wp\/v2\/pages\/273\/revisions"}],"predecessor-version":[{"id":13329,"href":"https:\/\/www.ing.uc.cl\/transporte-y-logistica\/wp-json\/wp\/v2\/pages\/273\/revisions\/13329"}],"up":[{"embeddable":true,"href":"https:\/\/www.ing.uc.cl\/transporte-y-logistica\/wp-json\/wp\/v2\/pages\/1816"}],"wp:featuredmedia":[{"embeddable":true,"href":"https:\/\/www.ing.uc.cl\/transporte-y-logistica\/wp-json\/wp\/v2\/media\/13346"}],"wp:attachment":[{"href":"https:\/\/www.ing.uc.cl\/transporte-y-logistica\/wp-json\/wp\/v2\/media?parent=273"}],"curies":[{"name":"wp","href":"https:\/\/api.w.org\/{rel}","templated":true}]}}